{"id":83834,"date":"2023-12-17T23:17:20","date_gmt":"2023-12-17T22:17:20","guid":{"rendered":"https:\/\/www.soanam.de\/?post_type=product&#038;p=83834"},"modified":"2023-12-17T23:19:38","modified_gmt":"2023-12-17T22:19:38","slug":"murimage-fototapete-abstrakt-tunnel-3d-kugeln-366-x-254cm-8-tlg","status":"publish","type":"product","link":"https:\/\/www.soanam.de\/ru\/produkt\/murimage-fototapete-abstrakt-tunnel-3d-kugeln-366-x-254cm-8-tlg\/","title":{"rendered":"\u041e\u0431\u043e\u0438 \u043c\u0443\u0440\u0438\u043c\u0430\u0436 \u0430\u0431\u0441\u0442\u0440\u0430\u043a\u0442\u043d\u044b\u0439 \u0442\u0443\u043d\u043d\u0435\u043b\u044c 3D \u0441\u0444\u0435\u0440\u044b, 366 \u0445 254 \u0441\u043c, 8 \u0448\u0442."},"content":{"rendered":"<div>Zum Verkauf steht hier eine wundersch\u00f6ne, zeitlose murimage Fototapete in der Gr\u00f6\u00dfe XXL - Model \"Abstrakt Tunnel 3D Kugeln\".<\/div>\n<div>\u0414\u0432\u0435\u0440\u0438, \u0441\u0442\u0435\u043d\u044b \u0438\u043b\u0438 \u0434\u0435\u0442\u0430\u043b\u0438 \u043c\u0435\u0431\u0435\u043b\u0438 - \u0441\u043e\u0437\u0434\u0430\u0439\u0442\u0435 \u0441\u0432\u043e\u0439 \u0438\u043d\u0442\u0435\u0440\u044c\u0435\u0440 \u0442\u0430\u043a, \u043a\u0430\u043a \u0432\u0430\u043c \u043d\u0440\u0430\u0432\u0438\u0442\u0441\u044f.<\/div>\n<div><\/div>\n<div>\u042d\u0442\u0438 \u0432\u044b\u0441\u043e\u043a\u043e\u043a\u0430\u0447\u0435\u0441\u0442\u0432\u0435\u043d\u043d\u044b\u0435 \u0444\u043e\u0442\u043e\u043e\u0431\u043e\u0438 murimage \u0441\u0434\u0435\u043b\u0430\u043d\u044b \u0432 \u0413\u0435\u0440\u043c\u0430\u043d\u0438\u0438.<\/div>\n<div>\u042f\u0440\u043a\u0438\u0435 \u0446\u0432\u0435\u0442\u0430, \u0441\u0432\u0435\u0442\u043e\u0441\u0442\u043e\u0439\u043a\u043e\u0441\u0442\u044c \u0438 \u043e\u0442\u0441\u0443\u0442\u0441\u0442\u0432\u0438\u0435 \u0437\u0430\u043f\u0430\u0445\u0430 \u0434\u0435\u043b\u0430\u044e\u0442 \u0438\u0445 100% \u043f\u043e\u0434\u0445\u043e\u0434\u044f\u0449\u0438\u043c\u0438 \u0434\u043b\u044f \u0432\u0430\u0448\u0435\u0433\u043e \u0436\u0438\u043b\u043e\u0433\u043e \u043f\u0440\u043e\u0441\u0442\u0440\u0430\u043d\u0441\u0442\u0432\u0430.<\/div>\n<div>\u041b\u0435\u0433\u043a\u043e \u0443\u0441\u0442\u0430\u043d\u0430\u0432\u043b\u0438\u0432\u0430\u0435\u0442\u0441\u044f \u0441 \u043f\u043e\u043c\u043e\u0449\u044c\u044e \u043f\u0440\u0438\u043b\u0430\u0433\u0430\u0435\u043c\u043e\u0439 \u043f\u0430\u0441\u0442\u044b.<\/div>\n<div><\/div>\n<div>Sie erhalten diese Fototapete in den Ma\u00dfen 366 x 254 cm in 8 Einzelteilen zu je 127 x 92 cm (Breite x H\u00f6he) inklusive Kleister zum Verkleben, sowie eine Montageanleitung in der das Tapezieren Schritt f\u00fcr Schritt erkl\u00e4rt wird.<\/div>\n<div><\/div>\n<div>\u041b\u0438\u0441\u0442\u044b \u043d\u0430\u0440\u0435\u0437\u0430\u043d\u044b \u0442\u0430\u043a\u0438\u043c \u043e\u0431\u0440\u0430\u0437\u043e\u043c, \u0447\u0442\u043e \u0434\u0432\u0435 \u0447\u0430\u0441\u0442\u0438 \u0432\u0441\u0435\u0433\u0434\u0430 \u043d\u0430\u043a\u043b\u0430\u0434\u044b\u0432\u0430\u044e\u0442\u0441\u044f \u0434\u0440\u0443\u0433 \u043d\u0430 \u0434\u0440\u0443\u0433\u0430 \u043d\u0430 5 \u043c\u043c.<br \/>\n\u041f\u0440\u0438 \u0441\u043a\u043b\u0435\u0438\u0432\u0430\u043d\u0438\u0438 \u044d\u043b\u0435\u043c\u0435\u043d\u0442\u044b \u0440\u0430\u0437\u0431\u0443\u0445\u0430\u044e\u0442 \u043d\u0430 \u043d\u0435\u0441\u043a\u043e\u043b\u044c\u043a\u043e \u043c\u0438\u043b\u043b\u0438\u043c\u0435\u0442\u0440\u043e\u0432.<br \/>\n\u0414\u043b\u044f \u0434\u043e\u0441\u0442\u0438\u0436\u0435\u043d\u0438\u044f \u0438\u0434\u0435\u0430\u043b\u044c\u043d\u043e\u0433\u043e \u0440\u0435\u0437\u0443\u043b\u044c\u0442\u0430\u0442\u0430 \u043e\u0441\u0442\u0430\u0432\u044c\u0442\u0435 \u043a\u0430\u0436\u0434\u044b\u0439 \u043b\u0438\u0441\u0442 \u043d\u0430 5 \u043c\u0438\u043d\u0443\u0442 \u0434\u043b\u044f \u043f\u0440\u043e\u043f\u0438\u0442\u043a\u0438.<br \/>\n\u0412\u043d\u0438\u043c\u0430\u043d\u0438\u0435: \u041e\u0442\u0441\u043e\u0440\u0442\u0438\u0440\u0443\u0439\u0442\u0435 \u043e\u0442\u0434\u0435\u043b\u044c\u043d\u044b\u0435 \u0447\u0430\u0441\u0442\u0438 \u043f\u0435\u0440\u0435\u0434 \u0443\u0441\u0442\u0430\u043d\u043e\u0432\u043a\u043e\u0439! \u041e\u0442\u0434\u0435\u043b\u044c\u043d\u044b\u0435 \u0434\u0435\u0442\u0430\u043b\u0438 \u043f\u0440\u043e\u043d\u0443\u043c\u0435\u0440\u043e\u0432\u0430\u043d\u044b \u0432 \u043f\u0440\u0430\u0432\u043e\u0439 \u043d\u0438\u0436\u043d\u0435\u0439 \u0447\u0430\u0441\u0442\u0438 \u043f\u0435\u0440\u0435\u0434\u043d\u0435\u0439 \u043f\u0430\u043d\u0435\u043b\u0438.<br \/>\n\u041d\u0443\u043c\u0435\u0440\u0430\u0446\u0438\u044f \u0437\u0430\u043a\u0440\u044b\u0442\u0430 5 \u043c\u043c \u043d\u0430\u0445\u043b\u0435\u0441\u0442\u043e\u043c \u043f\u0440\u0438 \u0441\u043a\u043b\u0435\u0438\u0432\u0430\u043d\u0438\u0438 \u0438 \u043f\u043e\u044d\u0442\u043e\u043c\u0443 \u043d\u0435 \u0432\u0438\u0434\u043d\u0430 \u0432 \u043a\u043e\u043d\u0446\u0435.<br \/>\n\u0414\u043b\u044f \u0443\u0441\u0442\u0430\u043d\u043e\u0432\u043a\u0438 \u0440\u0435\u043a\u043e\u043c\u0435\u043d\u0434\u0443\u0435\u0442\u0441\u044f \u0438\u0441\u043f\u043e\u043b\u044c\u0437\u043e\u0432\u0430\u0442\u044c \u0441\u043b\u0435\u0434\u0443\u044e\u0449\u0438\u0435 \u0430\u043a\u0441\u0435\u0441\u0441\u0443\u0430\u0440\u044b:<br \/>\n\u041a\u0438\u0441\u0442\u044c \u0434\u043b\u044f \u043e\u0431\u043e\u0435\u0432, \u0432\u0430\u043b\u0438\u043a \u0434\u043b\u044f \u043e\u0431\u043e\u0435\u0432, \u0432\u0435\u0434\u0440\u043e \u0438 \u0432\u043e\u0434\u0430 \u0434\u043b\u044f \u0441\u043c\u0435\u0448\u0438\u0432\u0430\u043d\u0438\u044f \u043f\u0430\u0441\u0442\u044b<br \/>\n\u0421\u043a\u043b\u0430\u0434\u043d\u043e\u0435 \u043f\u0440\u0430\u0432\u0438\u043b\u043e, \u043a\u0430\u0440\u0430\u043d\u0434\u0430\u0448 \u0438 \u0441\u043f\u0438\u0440\u0442\u043e\u0432\u043e\u0439 \u0443\u0440\u043e\u0432\u0435\u043d\u044c, \u0440\u0435\u0437\u0430\u043a, \u0437\u0430\u0449\u0438\u0442\u0430 \u0434\u043b\u044f \u043f\u043e\u043b\u0430<\/div>","protected":false},"excerpt":{"rendered":"<div class=\"ux-layout-section-evo__row\">\n<div class=\"ux-layout-section-evo__col\">\n<div class=\"ux-labels-values__labels\">\n<div class=\"ux-labels-values__labels-content\">\n<div><span class=\"ux-textspans\">Produktart: <\/span>Fototapete<\/div>\n<\/div>\n<\/div>\n<\/div>\n<div class=\"ux-layout-section-evo__col\">\n<div class=\"ux-labels-values__labels\">\n<div class=\"ux-labels-values__labels-content\">\n<div><span class=\"ux-textspans\">\u041c\u0430\u0442\u0435\u0440\u0438\u0430\u043b: <\/span>Papier<\/div>\n<\/div>\n<\/div>\n<\/div>\n<\/div>\n<div class=\"ux-layout-section-evo__row\">\n<div class=\"ux-layout-section-evo__col\">\n<div class=\"ux-labels-values__labels\">\n<div class=\"ux-labels-values__labels-content\">\n<div><span class=\"ux-textspans\">Besonderheiten: <\/span>3D, XXL<\/div>\n<\/div>\n<\/div>\n<\/div>\n<div class=\"ux-layout-section-evo__col\">\n<div class=\"ux-labels-values__labels\">\n<div class=\"ux-labels-values__labels-content\">\n<div><span class=\"ux-textspans\">Zimmer: <\/span>Geeignet f\u00fcr alle Zimmer<\/div>\n<\/div>\n<\/div>\n<\/div>\n<\/div>\n<div class=\"ux-layout-section-evo__row\">\n<div class=\"ux-layout-section-evo__col\">\n<div class=\"ux-labels-values__labels\">\n<div class=\"ux-labels-values__labels-content\">\n<div><span class=\"ux-textspans\">Stil: <\/span>Modern<\/div>\n<\/div>\n<\/div>\n<\/div>\n<div class=\"ux-layout-section-evo__col\">\n<div class=\"ux-labels-values__labels\">\n<div class=\"ux-labels-values__labels-content\">\n<div><span class=\"ux-textspans\">Finish: <\/span>Fototapete<\/div>\n<\/div>\n<\/div>\n<\/div>\n<\/div>\n<div class=\"ux-layout-section-evo__row\">\n<div class=\"ux-layout-section-evo__col\">\n<div class=\"ux-labels-values__labels\">\n<div class=\"ux-labels-values__labels-content\">\n<div><span class=\"ux-textspans\">Herstellungsland und -region: <\/span>\u0413\u0435\u0440\u043c\u0430\u043d\u0438\u044f<\/div>\n<\/div>\n<\/div>\n<\/div>\n<\/div>\n<div class=\"ux-layout-section-evo__row\">\n<div class=\"ux-layout-section-evo__col\">\n<div class=\"ux-labels-values__labels\">\n<div class=\"ux-labels-values__labels-content\">\n<div><span class=\"ux-textspans\">Marke: <\/span>murimage\u00ae<\/div>\n<\/div>\n<\/div>\n<\/div>\n<\/div>","protected":false},"featured_media":83865,"comment_status":"open","ping_status":"closed","template":"","meta":{"_seopress_robots_primary_cat":"","_seopress_titles_title":"","_seopress_titles_desc":"","_seopress_robots_index":""},"product_brand":[],"product_cat":[1400,1420],"product_tag":[],"class_list":{"0":"post-83834","1":"product","2":"type-product","3":"status-publish","4":"has-post-thumbnail","6":"product_cat-wohnzubehoer","7":"product_cat-wohndekoration","8":"product_shipping_class-standard-versand","10":"first","11":"instock","12":"sale","13":"taxable","14":"shipping-taxable","15":"purchasable","16":"product-type-simple"},"_links":{"self":[{"href":"https:\/\/www.soanam.de\/ru\/wp-json\/wp\/v2\/product\/83834","targetHints":{"allow":["GET"]}}],"collection":[{"href":"https:\/\/www.soanam.de\/ru\/wp-json\/wp\/v2\/product"}],"about":[{"href":"https:\/\/www.soanam.de\/ru\/wp-json\/wp\/v2\/types\/product"}],"replies":[{"embeddable":true,"href":"https:\/\/www.soanam.de\/ru\/wp-json\/wp\/v2\/comments?post=83834"}],"wp:featuredmedia":[{"embeddable":true,"href":"https:\/\/www.soanam.de\/ru\/wp-json\/wp\/v2\/media\/83865"}],"wp:attachment":[{"href":"https:\/\/www.soanam.de\/ru\/wp-json\/wp\/v2\/media?parent=83834"}],"wp:term":[{"taxonomy":"product_brand","embeddable":true,"href":"https:\/\/www.soanam.de\/ru\/wp-json\/wp\/v2\/product_brand?post=83834"},{"taxonomy":"product_cat","embeddable":true,"href":"https:\/\/www.soanam.de\/ru\/wp-json\/wp\/v2\/product_cat?post=83834"},{"taxonomy":"product_tag","embeddable":true,"href":"https:\/\/www.soanam.de\/ru\/wp-json\/wp\/v2\/product_tag?post=83834"}],"curies":[{"name":"wp","href":"https:\/\/api.w.org\/{rel}","templated":true}]}}