{"id":83624,"date":"2023-12-17T02:02:08","date_gmt":"2023-12-17T01:02:08","guid":{"rendered":"https:\/\/www.soanam.de\/?post_type=product&#038;p=83624"},"modified":"2023-12-17T02:39:54","modified_gmt":"2023-12-17T01:39:54","slug":"%d0%bf%d0%b5%d0%bd%d1%8c%d1%8e%d0%b0%d1%80-%d0%b1%d0%b0%d0%b1%d0%b8%d0%b4%d0%be%d0%bb%d0%bb-%d1%81-%d0%bc%d0%b8%d0%bd%d0%b8-%d1%81%d1%82%d1%80%d0%b8%d0%bd%d0%b3%d0%b0%d0%bc%d0%b8-%d0%b2-%d0%be%d0%b3","status":"publish","type":"product","link":"https:\/\/www.soanam.de\/ru\/produkt\/neglige-babydoll-mit-mini-string-in-feuerrot-schwarz-gr-38\/","title":{"rendered":"\u041f\u0435\u043d\u044c\u044e\u0430\u0440-\u0431\u0430\u0431\u0438\u0434\u043e\u043b\u043b \u0441 \u043c\u0438\u043d\u0438-\u0441\u0442\u0440\u0438\u043d\u0433\u0430\u043c\u0438, \u043e\u0433\u043d\u0435\u043d\u043d\u043e-\u043a\u0440\u0430\u0441\u043d\u044b\u0439, \u0447\u0435\u0440\u043d\u044b\u0439, \u0440\u0430\u0437\u043c\u0435\u0440 38"},"content":{"rendered":"<p>Auff\u00e4lliges Negligee<br \/>\nMit Spitzenbesatz<br \/>\n\u0420\u0435\u0433\u0443\u043b\u0438\u0440\u0443\u0435\u043c\u044b\u0435 \u0440\u0435\u043c\u043d\u0438<br \/>\nAngen\u00e4hte, verstellbare Strapshalter<br \/>\ninkl. Mini-String<\/p>\n<p>Babydoll in rot mit schwarzer Spitze und verstellbaren Tr\u00e4gern.<br \/>\nDie festgen\u00e4hten Strapshalter sind verstellbar. Inklusive Mini-String, ohne Str\u00fcmpfe.<\/p>\n<p>Material: 95% Polyester, 5% Elasthan<br \/>\n\u0420\u0435\u043a\u043e\u043c\u0435\u043d\u0434\u0430\u0446\u0438\u0438 \u043f\u043e \u0443\u0445\u043e\u0434\u0443: \u0420\u0443\u0447\u043d\u0430\u044f \u0441\u0442\u0438\u0440\u043a\u0430<\/p>\n<p>Farbe: rot, schwarz<br \/>\nMuster: Spitze<br \/>\n\u0420\u0430\u0437\u043c\u0435\u0440: 38<\/p>","protected":false},"excerpt":{"rendered":"<table class=\"dv_characteristicsTable\">\n<tbody>\n<tr>\n<td class=\"left\">\u0420\u0430\u0437\u043c\u0435\u0440<\/td>\n<td>38<\/td>\n<\/tr>\n<\/tbody>\n<\/table>\n<table class=\"dv_characteristicsTable\">\n<tbody>\n<tr>\n<td class=\"left\">K\u00f6rbchengr\u00f6\u00dfe<\/td>\n<td>Cup B<\/td>\n<\/tr>\n<\/tbody>\n<\/table>\n<table class=\"dv_characteristicsTable\">\n<tbody>\n<tr>\n<td class=\"left\">\u0426\u0432\u0435\u0442<\/td>\n<td>rot, schwarz<\/td>\n<\/tr>\n<\/tbody>\n<\/table>\n<table class=\"dv_characteristicsTable\">\n<tbody>\n<tr>\n<td class=\"left\">\u0421\u043e\u0441\u0442\u0430\u0432 \u043c\u0430\u0442\u0435\u0440\u0438\u0430\u043b\u0430<\/td>\n<td>95% Polyester, 5% Elasthan<\/td>\n<\/tr>\n<tr>\n<td class=\"left\">Materialart<\/td>\n<td>\u0422\u043e\u043f<\/td>\n<\/tr>\n<\/tbody>\n<\/table>\n<table class=\"dv_characteristicsTable\">\n<tbody>\n<tr>\n<td class=\"left\">Optik<\/td>\n<td>uni<\/td>\n<\/tr>\n<tr>\n<td class=\"left\">Stil<\/td>\n<td>sexy<\/td>\n<\/tr>\n<\/tbody>\n<\/table>\n<table class=\"dv_characteristicsTable\">\n<tbody>\n<tr>\n<td class=\"left\">Strapshalter<\/td>\n<td>verstellbar<\/td>\n<\/tr>\n<tr>\n<td class=\"left\">Schnittform L\u00e4nge<\/td>\n<td>kurz<\/td>\n<\/tr>\n<\/tbody>\n<\/table>\n<table class=\"dv_characteristicsTable\">\n<tbody>\n<tr>\n<td class=\"left\">Tr\u00e4ger<\/td>\n<td>mit Tr\u00e4ger<\/td>\n<\/tr>\n<\/tbody>\n<\/table>","protected":false},"featured_media":83687,"comment_status":"open","ping_status":"closed","template":"","meta":{"_seopress_robots_primary_cat":"","_seopress_titles_title":"","_seopress_titles_desc":"","_seopress_robots_index":""},"product_brand":[],"product_cat":[1348,1444,1560],"product_tag":[],"class_list":{"0":"post-83624","1":"product","2":"type-product","3":"status-publish","4":"has-post-thumbnail","6":"product_cat-damen-mode","7":"product_cat-unterwaesche","8":"product_cat-sets","9":"product_shipping_class-standard-versand","11":"first","12":"instock","13":"sale","14":"taxable","15":"shipping-taxable","16":"purchasable","17":"product-type-simple"},"_links":{"self":[{"href":"https:\/\/www.soanam.de\/ru\/wp-json\/wp\/v2\/product\/83624","targetHints":{"allow":["GET"]}}],"collection":[{"href":"https:\/\/www.soanam.de\/ru\/wp-json\/wp\/v2\/product"}],"about":[{"href":"https:\/\/www.soanam.de\/ru\/wp-json\/wp\/v2\/types\/product"}],"replies":[{"embeddable":true,"href":"https:\/\/www.soanam.de\/ru\/wp-json\/wp\/v2\/comments?post=83624"}],"wp:featuredmedia":[{"embeddable":true,"href":"https:\/\/www.soanam.de\/ru\/wp-json\/wp\/v2\/media\/83687"}],"wp:attachment":[{"href":"https:\/\/www.soanam.de\/ru\/wp-json\/wp\/v2\/media?parent=83624"}],"wp:term":[{"taxonomy":"product_brand","embeddable":true,"href":"https:\/\/www.soanam.de\/ru\/wp-json\/wp\/v2\/product_brand?post=83624"},{"taxonomy":"product_cat","embeddable":true,"href":"https:\/\/www.soanam.de\/ru\/wp-json\/wp\/v2\/product_cat?post=83624"},{"taxonomy":"product_tag","embeddable":true,"href":"https:\/\/www.soanam.de\/ru\/wp-json\/wp\/v2\/product_tag?post=83624"}],"curies":[{"name":"wp","href":"https:\/\/api.w.org\/{rel}","templated":true}]}}