{"id":83588,"date":"2023-12-17T01:58:30","date_gmt":"2023-12-17T00:58:30","guid":{"rendered":"https:\/\/www.soanam.de\/?post_type=product&#038;p=83588"},"modified":"2023-12-17T02:07:58","modified_gmt":"2023-12-17T01:07:58","slug":"lascana-%d1%82%d0%b0%d0%bd%d0%ba%d0%b8%d0%bd%d0%b8-%d1%81-%d0%b7%d0%b0%d0%bd%d0%b8%d0%b6%d0%b5%d0%bd%d0%bd%d0%be%d0%b9-%d0%bb%d0%b8%d0%bd%d0%b8%d0%b5%d0%b9-%d1%88%d0%b5%d0%b8-%d0%b2-%d0%bc%d0%be%d1%80","status":"publish","type":"product","link":"https:\/\/www.soanam.de\/ru\/produkt\/lascana-buegel-tankini-neckholder-in-marine-gr-36a\/","title":{"rendered":"\u0422\u0430\u043d\u043a\u0438\u043d\u0438 Lascana \u0441 \u0437\u0430\u043d\u0438\u0436\u0435\u043d\u043d\u043e\u0439 \u0442\u0430\u043b\u0438\u0435\u0439, \u0446\u0432\u0435\u0442\u0430 \u043c\u043e\u0440\u0441\u043a\u043e\u0439 \u0432\u043e\u043b\u043d\u044b, \u0440\u0430\u0437\u043c\u0435\u0440 36A"},"content":{"rendered":"<p>\u0423\u0434\u043e\u0431\u043d\u0430\u044f \u0434\u043b\u044f \u0444\u0438\u0433\u0443\u0440\u044b \u0410-\u043e\u0431\u0440\u0430\u0437\u043d\u0430\u044f \u0444\u043e\u0440\u043c\u0430<br \/>\n\u041f\u043e\u043a\u0440\u044b\u0432\u0430\u0435\u0442 \u0436\u0438\u0432\u043e\u0442<br \/>\n\u041d\u0435 \u043f\u043b\u043e\u0442\u043d\u043e \u043f\u0440\u0438\u043b\u0435\u0433\u0430\u0435\u0442<br \/>\n\u0412\u0441\u0442\u0440\u043e\u0435\u043d\u043d\u043e\u0435 \u0441\u0442\u0440\u0435\u043c\u044f<br \/>\n\u0421\u044a\u0435\u043c\u043d\u044b\u0435 \u0440\u0435\u043c\u043d\u0438<\/p>\n<p>\u0422\u0430\u043d\u043a\u0438\u043d\u0438 \u043e\u0442 Lascana \u0438\u043c\u0435\u0435\u0442 \u0438\u043d\u0442\u0435\u0433\u0440\u0438\u0440\u043e\u0432\u0430\u043d\u043d\u044b\u0435 \u043a\u043e\u0440\u0441\u0435\u0442\u044b \u0438 \u043f\u043e\u044f\u0441 \u0441 \u0434\u0435\u043a\u043e\u0440\u0430\u0442\u0438\u0432\u043d\u043e\u0439 \u0437\u043e\u043b\u043e\u0442\u043e\u0439 \u043f\u043b\u0430\u043d\u043a\u043e\u0439 \u0441\u043f\u0435\u0440\u0435\u0434\u0438.<br \/>\n\u0422\u043e\u043f \u0438\u043c\u0435\u0435\u0442 \u0441\u043b\u0435\u0433\u043a\u0430 \u0440\u0430\u0441\u043a\u043b\u0435\u0448\u0435\u043d\u043d\u044b\u0439 \u0434\u0438\u0437\u0430\u0439\u043d A-line, \u043a\u043e\u0442\u043e\u0440\u044b\u0439 \u0441\u043a\u0440\u044b\u0432\u0430\u0435\u0442 \u0436\u0438\u0432\u043e\u0442\u0438\u043a \u0438 \u043e\u0447\u0430\u0440\u043e\u0432\u0430\u0442\u0435\u043b\u044c\u043d\u043e \u0441\u0433\u043b\u0430\u0436\u0438\u0432\u0430\u0435\u0442 \u043d\u0435\u0431\u043e\u043b\u044c\u0448\u0438\u0435 \u043f\u0440\u043e\u0431\u043b\u0435\u043c\u043d\u044b\u0435 \u0437\u043e\u043d\u044b \u043d\u0430 \u0436\u0438\u0432\u043e\u0442\u0435 \u0438 \u0431\u0435\u0434\u0440\u0430\u0445.<br \/>\n\u0411\u0440\u0435\u0442\u0435\u043b\u0438 \u043c\u043e\u0436\u043d\u043e \u0441\u043d\u044f\u0442\u044c \u0438\u043b\u0438 \u043d\u043e\u0441\u0438\u0442\u044c \u043a\u0430\u043a \u0445\u0430\u043b\u0442\u0435\u0440\u043d\u0435\u043a.<br \/>\n\u0411\u0440\u044e\u043a\u0438 \u043e\u0434\u043d\u043e\u0442\u043e\u043d\u043d\u044b\u0435, \u0441 \u0443\u0434\u043e\u0431\u043d\u043e\u0439 \u043f\u043e\u0441\u0430\u0434\u043a\u043e\u0439.<\/p>\n<p>\u041c\u0430\u0442\u0435\u0440\u0438\u0430\u043b: 86% \u043f\u043e\u043b\u0438\u0430\u043c\u0438\u0434, 14% \u044d\u043b\u0430\u0441\u0442\u0430\u043d, \u043f\u043e\u0434\u043a\u043b\u0430\u0434\u043a\u0430: 100% \u043f\u043e\u043b\u0438\u0430\u043c\u0438\u0434.<br \/>\n\u0420\u0435\u043a\u043e\u043c\u0435\u043d\u0434\u0430\u0446\u0438\u0438 \u043f\u043e \u0443\u0445\u043e\u0434\u0443: \u0420\u0443\u0447\u043d\u0430\u044f \u0441\u0442\u0438\u0440\u043a\u0430<\/p>\n<p>\u0426\u0432\u0435\u0442: \u043c\u043e\u0440\u0441\u043a\u043e\u0439<br \/>\n\u0423\u0437\u043e\u0440: \u0431\u0435\u0437<br \/>\n\u0420\u0430\u0437\u043c\u0435\u0440: 36 \u0420\u0430\u0437\u043c\u0435\u0440 \u0447\u0430\u0448\u043a\u0438 A<\/p>","protected":false},"excerpt":{"rendered":"<table class=\"dv_characteristicsTable\">\n<tbody>\n<tr>\n<td class=\"left\">\u0420\u0430\u0437\u043c\u0435\u0440<\/td>\n<td>36<\/td>\n<\/tr>\n<tr>\n<td class=\"left\">K\u00f6rbchengr\u00f6\u00dfe<\/td>\n<td>Cup A<\/td>\n<\/tr>\n<tr>\n<td class=\"left\">\u0426\u0432\u0435\u0442<\/td>\n<td>\u043c\u043e\u0440\u0441\u043a\u0430\u044f<\/td>\n<\/tr>\n<tr>\n<td class=\"left\">\u0420\u0435\u043a\u043e\u043c\u0435\u043d\u0434\u0430\u0446\u0438\u0438 \u043f\u043e \u0443\u0445\u043e\u0434\u0443<\/td>\n<td>\u0420\u0443\u0447\u043d\u0430\u044f \u0441\u0442\u0438\u0440\u043a\u0430<\/td>\n<\/tr>\n<tr>\n<td class=\"left\">B\u00fcgel<\/td>\n<td>mit B\u00fcgel<\/td>\n<\/tr>\n<tr>\n<td class=\"left\">Details Tr\u00e4ger<\/td>\n<td>abnehmbar<\/td>\n<\/tr>\n<tr>\n<td class=\"left\">\u0424\u0443\u043d\u043a\u0446\u0438\u0438<\/td>\n<td>Top mit Unterbrustband und B\u00fcgel<\/td>\n<\/tr>\n<tr>\n<td class=\"left\">\u041c\u0430\u0442\u0435\u0440\u0438\u0430\u043b<\/td>\n<td>Polyamid<\/td>\n<\/tr>\n<tr>\n<td class=\"left\">\u0421\u043e\u0441\u0442\u0430\u0432 \u043c\u0430\u0442\u0435\u0440\u0438\u0430\u043b\u0430<\/td>\n<td>Obermaterial: 86% Polyamid, 14% Elasthan. Futter: 100% Polyamid<\/td>\n<\/tr>\n<\/tbody>\n<\/table>","protected":false},"featured_media":83656,"comment_status":"open","ping_status":"closed","template":"","meta":{"_seopress_robots_primary_cat":"","_seopress_titles_title":"","_seopress_titles_desc":"","_seopress_robots_index":""},"product_brand":[],"product_cat":[1348,1562,1614],"product_tag":[],"class_list":{"0":"post-83588","1":"product","2":"type-product","3":"status-publish","4":"has-post-thumbnail","6":"product_cat-damen-mode","7":"product_cat-bademode","8":"product_cat-tankini","9":"product_shipping_class-standard-versand","11":"first","12":"instock","13":"sale","14":"taxable","15":"shipping-taxable","16":"purchasable","17":"product-type-simple"},"_links":{"self":[{"href":"https:\/\/www.soanam.de\/ru\/wp-json\/wp\/v2\/product\/83588","targetHints":{"allow":["GET"]}}],"collection":[{"href":"https:\/\/www.soanam.de\/ru\/wp-json\/wp\/v2\/product"}],"about":[{"href":"https:\/\/www.soanam.de\/ru\/wp-json\/wp\/v2\/types\/product"}],"replies":[{"embeddable":true,"href":"https:\/\/www.soanam.de\/ru\/wp-json\/wp\/v2\/comments?post=83588"}],"wp:featuredmedia":[{"embeddable":true,"href":"https:\/\/www.soanam.de\/ru\/wp-json\/wp\/v2\/media\/83656"}],"wp:attachment":[{"href":"https:\/\/www.soanam.de\/ru\/wp-json\/wp\/v2\/media?parent=83588"}],"wp:term":[{"taxonomy":"product_brand","embeddable":true,"href":"https:\/\/www.soanam.de\/ru\/wp-json\/wp\/v2\/product_brand?post=83588"},{"taxonomy":"product_cat","embeddable":true,"href":"https:\/\/www.soanam.de\/ru\/wp-json\/wp\/v2\/product_cat?post=83588"},{"taxonomy":"product_tag","embeddable":true,"href":"https:\/\/www.soanam.de\/ru\/wp-json\/wp\/v2\/product_tag?post=83588"}],"curies":[{"name":"wp","href":"https:\/\/api.w.org\/{rel}","templated":true}]}}