{"id":83182,"date":"2023-12-16T04:58:09","date_gmt":"2023-12-16T03:58:09","guid":{"rendered":"https:\/\/www.soanam.de\/?post_type=product&#038;p=83182"},"modified":"2023-12-17T01:28:20","modified_gmt":"2023-12-17T00:28:20","slug":"%d1%80%d0%b0%d0%b1%d0%be%d1%87%d0%b8%d0%b5-%d0%b1%d1%80%d1%8e%d0%ba%d0%b8-northern-country-%d1%81-%d0%bf%d0%be%d1%8f%d1%81%d0%be%d0%bc-%d0%b8%d0%b7-%d0%ba%d0%be%d1%80%d0%b4%d1%83%d1%80%d1%8b-%d0%b2","status":"publish","type":"product","link":"https:\/\/www.soanam.de\/ru\/produkt\/northern-country-arbeitshose-mit-corduraverstaerkungen-in-schwarz-gr-60\/","title":{"rendered":"\u0420\u0430\u0431\u043e\u0447\u0438\u0435 \u0431\u0440\u044e\u043a\u0438 Northern Country \u0441 \u0443\u0441\u0438\u043b\u0435\u043d\u0438\u044f\u043c\u0438 Cordura\u00ae, \u0447\u0435\u0440\u043d\u044b\u0435, \u0440\u0430\u0437\u043c\u0435\u0440 60"},"content":{"rendered":"<p>\u0420\u0430\u0431\u043e\u0447\u0438\u0435 \u0431\u0440\u044e\u043a\u0438 \u0438\u0437 \u0421\u0435\u0432\u0435\u0440\u043d\u043e\u0439 \u0441\u0442\u0440\u0430\u043d\u044b<br \/>\n\u0423\u0441\u0438\u043b\u0435\u043d\u0438\u044f Cordura\u00ae \u043d\u0430 \u043a\u043e\u043b\u0435\u043d\u044f\u0445<br \/>\n\u041a\u0430\u0440\u043c\u0430\u043d\u044b \u0438\u0437 \u043c\u0430\u0442\u0435\u0440\u0438\u0430\u043b\u0430 Cordura\u00ae \u043d\u0430 \u0437\u0430\u0434\u043d\u0435\u0439 \u0438 \u0431\u043e\u043a\u043e\u0432\u044b\u0445 \u0441\u0442\u0435\u043d\u043a\u0430\u0445, \u0432\u0441\u0435\u0433\u043e 9 \u043a\u0430\u0440\u043c\u0430\u043d\u043e\u0432<br \/>\n\u0422\u0440\u043e\u0439\u043d\u043e\u0439 \u0432\u043d\u0443\u0442\u0440\u0435\u043d\u043d\u0438\u0439 \u0448\u043e\u0432 \u0434\u043b\u044f \u0431\u043e\u043b\u044c\u0448\u0435\u0439 \u043f\u0440\u043e\u0447\u043d\u043e\u0441\u0442\u0438<br \/>\n\u0421 \u043f\u0440\u0430\u043a\u0442\u0438\u0447\u043d\u043e\u0439 \u0432\u0435\u043d\u0442\u0438\u043b\u044f\u0446\u0438\u0435\u0439 \u043d\u0430 \u043c\u043e\u043b\u043d\u0438\u0438<br \/>\n\u041c\u043d\u043e\u0433\u043e \u0442\u043e\u0447\u0435\u043a \u0444\u0438\u043a\u0441\u0430\u0446\u0438\u0438 \u0432 \u043c\u0435\u0441\u0442\u0430\u0445 \u043d\u0430\u0433\u0440\u0443\u0437\u043a\u0438<\/p>\n<p>\u0418\u0437\u043d\u043e\u0441\u043e\u0441\u0442\u043e\u0439\u043a\u0438\u0435 \u043c\u0430\u0442\u0435\u0440\u0438\u0430\u043b\u044b \u0438 \u043f\u0440\u043e\u0434\u0443\u043c\u0430\u043d\u043d\u044b\u0439 \u0434\u0438\u0437\u0430\u0439\u043d - \u044d\u0442\u043e \u0431\u0440\u044e\u043a\u0438 NORTHERN COUNTRY.<br \/>\n\u041e\u043d\u0438 \u0438\u043c\u0435\u044e\u0442 \u0443\u0441\u0438\u043b\u0435\u043d\u0438\u044f \u0438\u0437 \u043c\u0430\u0442\u0435\u0440\u0438\u0430\u043b\u0430 Cordura\u00ae \u0432 \u043e\u0431\u043b\u0430\u0441\u0442\u0438 \u043a\u043e\u043b\u0435\u043d\u0435\u0439, \u043d\u0430 \u0437\u0430\u0434\u043d\u0438\u0445 \u043a\u0430\u0440\u043c\u0430\u043d\u0430\u0445, \u043d\u0430 \u043a\u0430\u0440\u043c\u0430\u043d\u0430\u0445 \u0434\u043b\u044f \u0433\u0440\u0443\u0437\u0430 \u0438 \u043b\u0438\u043d\u0435\u0439\u043a\u0438, \u0430 \u0442\u0430\u043a\u0436\u0435 \u043d\u0430 \u043a\u043e\u043d\u0446\u0430\u0445 \u0448\u0442\u0430\u043d\u0438\u043d.<br \/>\n\u0422\u0440\u043e\u0439\u043d\u043e\u0439 \u0432\u043d\u0443\u0442\u0440\u0435\u043d\u043d\u0438\u0439 \u0448\u043e\u0432 \u043d\u0430 \u043d\u043e\u0433\u0435 \u0438 \u043c\u043d\u043e\u0436\u0435\u0441\u0442\u0432\u043e \u0442\u043e\u0447\u0435\u043a \u0444\u0438\u043a\u0441\u0430\u0446\u0438\u0438 \u0432 \u043c\u0435\u0441\u0442\u0430\u0445 \u043d\u0430\u043f\u0440\u044f\u0436\u0435\u043d\u0438\u044f \u043e\u0431\u0435\u0441\u043f\u0435\u0447\u0438\u0432\u0430\u044e\u0442 \u0431\u043e\u043b\u044c\u0448\u0443\u044e \u043f\u0440\u043e\u0447\u043d\u043e\u0441\u0442\u044c, \u0430 \u044d\u043b\u0430\u0441\u0442\u0438\u0447\u043d\u044b\u0439 \u043f\u043e\u044f\u0441 \u0433\u0430\u0440\u0430\u043d\u0442\u0438\u0440\u0443\u0435\u0442 \u0445\u043e\u0440\u043e\u0448\u0443\u044e \u043f\u043e\u0441\u0430\u0434\u043a\u0443 \u0434\u0430\u0436\u0435 \u043f\u0440\u0438 \u043d\u0430\u043a\u043b\u043e\u043d\u0430\u0445.<br \/>\n\u0411\u043b\u0430\u0433\u043e\u0434\u0430\u0440\u044f \u043f\u0440\u0430\u043a\u0442\u0438\u0447\u043d\u043e\u0439 \u0432\u0435\u043d\u0442\u0438\u043b\u044f\u0446\u0438\u043e\u043d\u043d\u043e\u0439 \u043c\u043e\u043b\u043d\u0438\u0438 \u0432\u044b \u043c\u043e\u0436\u0435\u0442\u0435 \u0441\u0430\u043c\u0438 \u0440\u0435\u0448\u0430\u0442\u044c, \u043a\u043e\u0433\u0434\u0430 \u0441\u0442\u0430\u043d\u0435\u0442 \u043d\u0435\u043c\u043d\u043e\u0433\u043e \u043f\u0440\u043e\u0445\u043b\u0430\u0434\u043d\u0435\u0435.<\/p>\n<p>\u041c\u0430\u0442\u0435\u0440\u0438\u0430\u043b: 65% \u043f\u043e\u043b\u0438\u044d\u0441\u0442\u0435\u0440 \u0438 35% \u0445\u043b\u043e\u043f\u043e\u043a<br \/>\n\u0420\u0435\u043a\u043e\u043c\u0435\u043d\u0434\u0430\u0446\u0438\u0438 \u043f\u043e \u0443\u0445\u043e\u0434\u0443: \u041c\u0430\u0448\u0438\u043d\u043d\u0430\u044f \u0441\u0442\u0438\u0440\u043a\u0430<\/p>\n<p>\u0426\u0432\u0435\u0442: \u0447\u0435\u0440\u043d\u044b\u0439<br \/>\n\u0423\u0437\u043e\u0440: \u0431\u0435\u0437<br \/>\n\u0420\u0430\u0437\u043c\u0435\u0440: 60<\/p>\n<p>\u0420\u0430\u0437\u043c\u0435\u0440 \u0442\u0430\u043b\u0438\u0438: 113 \u0441\u043c<br \/>\n\u0428\u0438\u0440\u0438\u043d\u0430 \u0431\u0435\u0434\u0435\u0440: 1324 \u0441\u043c<br \/>\n\u0414\u043b\u0438\u043d\u0430 \u0441\u0442\u0443\u043f\u0435\u043d\u044c\u043a\u0438: 82 \u0441\u043c<br \/>\n\u041e\u0431\u0449\u0430\u044f \u0434\u043b\u0438\u043d\u0430: 119 \u0441\u043c<\/p>","protected":false},"excerpt":{"rendered":"<table class=\"dv_characteristicsTable\">\n<tbody>\n<tr>\n<td class=\"left\">\u0420\u0430\u0437\u043c\u0435\u0440<\/td>\n<td>60<\/td>\n<\/tr>\n<tr>\n<td class=\"left\">Gr\u00f6\u00dfentyp<\/td>\n<td>Normalgr\u00f6\u00dfen<\/td>\n<\/tr>\n<tr>\n<td class=\"left\">\u0421\u043e\u0441\u0442\u0430\u0432 \u043c\u0430\u0442\u0435\u0440\u0438\u0430\u043b\u0430<\/td>\n<td>Obermaterial: 65% Polyester, 35% Baumwolle<\/td>\n<\/tr>\n<tr>\n<td class=\"left\">Herstellertechnologien<\/td>\n<td>Cordura<\/td>\n<\/tr>\n<tr>\n<td class=\"left\">\u0420\u0435\u043a\u043e\u043c\u0435\u043d\u0434\u0430\u0446\u0438\u0438 \u043f\u043e \u0443\u0445\u043e\u0434\u0443<\/td>\n<td>\u041c\u0430\u0448\u0438\u043d\u043d\u0430\u044f \u0441\u0442\u0438\u0440\u043a\u0430<\/td>\n<\/tr>\n<tr>\n<td class=\"left\">\u0426\u0432\u0435\u0442<\/td>\n<td>schwarz-hellgrau<\/td>\n<\/tr>\n<tr>\n<td class=\"left\">Bundabschluss<\/td>\n<td>elastischer Bund<\/td>\n<\/tr>\n<tr>\n<td class=\"left\">\u0421\u0443\u043c\u043a\u0438<\/td>\n<td>Ges\u00e4\u00dftaschen, Handytasche, Zollstocktasche<\/td>\n<\/tr>\n<tr>\n<td class=\"left\">Verschluss<\/td>\n<td>Knopf, Rei\u00dfverschluss<\/td>\n<\/tr>\n<tr>\n<td class=\"left\">Besondere Merkmale<\/td>\n<td>mit Cordura\u00aeVerst\u00e4rkungen und Rei\u00dfverschlussbel\u00fcftung mit 9 Taschen<\/td>\n<\/tr>\n<\/tbody>\n<\/table>","protected":false},"featured_media":83302,"comment_status":"open","ping_status":"closed","template":"","meta":{"_seopress_robots_primary_cat":"","_seopress_titles_title":"","_seopress_titles_desc":"","_seopress_robots_index":""},"product_brand":[],"product_cat":[1345,1346,1723],"product_tag":[],"class_list":{"0":"post-83182","1":"product","2":"type-product","3":"status-publish","4":"has-post-thumbnail","6":"product_cat-herrenmode","7":"product_cat-hosen","8":"product_cat-arbeitshosen","9":"product_shipping_class-standard-versand","11":"first","12":"instock","13":"taxable","14":"shipping-taxable","15":"purchasable","16":"product-type-simple"},"_links":{"self":[{"href":"https:\/\/www.soanam.de\/ru\/wp-json\/wp\/v2\/product\/83182","targetHints":{"allow":["GET"]}}],"collection":[{"href":"https:\/\/www.soanam.de\/ru\/wp-json\/wp\/v2\/product"}],"about":[{"href":"https:\/\/www.soanam.de\/ru\/wp-json\/wp\/v2\/types\/product"}],"replies":[{"embeddable":true,"href":"https:\/\/www.soanam.de\/ru\/wp-json\/wp\/v2\/comments?post=83182"}],"wp:featuredmedia":[{"embeddable":true,"href":"https:\/\/www.soanam.de\/ru\/wp-json\/wp\/v2\/media\/83302"}],"wp:attachment":[{"href":"https:\/\/www.soanam.de\/ru\/wp-json\/wp\/v2\/media?parent=83182"}],"wp:term":[{"taxonomy":"product_brand","embeddable":true,"href":"https:\/\/www.soanam.de\/ru\/wp-json\/wp\/v2\/product_brand?post=83182"},{"taxonomy":"product_cat","embeddable":true,"href":"https:\/\/www.soanam.de\/ru\/wp-json\/wp\/v2\/product_cat?post=83182"},{"taxonomy":"product_tag","embeddable":true,"href":"https:\/\/www.soanam.de\/ru\/wp-json\/wp\/v2\/product_tag?post=83182"}],"curies":[{"name":"wp","href":"https:\/\/api.w.org\/{rel}","templated":true}]}}