{"id":83080,"date":"2023-12-16T04:48:10","date_gmt":"2023-12-16T03:48:10","guid":{"rendered":"https:\/\/www.soanam.de\/?post_type=product&#038;p=83080"},"modified":"2023-12-16T04:51:48","modified_gmt":"2023-12-16T03:51:48","slug":"%d0%b1%d1%80%d1%8e%d0%ba%d0%b8-%d0%b4%d0%b6%d0%be%d0%b3%d0%b3%d0%b5%d1%80%d1%8b-timberland-tb0a22et-%d0%b2-%d1%86%d0%b2%d0%b5%d1%82%d0%b5-navy-gr-xl","status":"publish","type":"product","link":"https:\/\/www.soanam.de\/ru\/produkt\/timberland-jogger-pants-tb0a22et-in-navy-gr-xl\/","title":{"rendered":"\u0411\u0440\u044e\u043a\u0438-\u0434\u0436\u043e\u0433\u0433\u0435\u0440\u044b Timberland TB0A22ET, \u0446\u0432\u0435\u0442 Navy, \u0440\u0430\u0437\u043c\u0435\u0440 XL"},"content":{"rendered":"<p>Jogger-hose TB0A22ET von Timberland<br \/>\n\u0418\u0437\u0433\u043e\u0442\u043e\u0432\u043b\u0435\u043d \u0438\u0437 \u0432\u044b\u0441\u043e\u043a\u043e\u043a\u0430\u0447\u0435\u0441\u0442\u0432\u0435\u043d\u043d\u043e\u0433\u043e \u044d\u043b\u0430\u0441\u0442\u0438\u0447\u043d\u043e\u0433\u043e \u0442\u043a\u0430\u043d\u043e\u0433\u043e \u043c\u0430\u0442\u0435\u0440\u0438\u0430\u043b\u0430<br \/>\n\u0421\u0432\u043e\u0431\u043e\u0434\u043d\u044b\u0439 \u043a\u0440\u043e\u0439<br \/>\nMit breiten B\u00fcndchen am Beinabschlu\u00df<br \/>\nElastischer Bund mit Bindeband<br \/>\n2 seitliche Eingrifftaschen und 1 Rei\u00dfverschlusstasche hinten<br \/>\nMarkenlogo auf dem Hosenbein<\/p>\n<p>Die 'TB0A22ET im Jogger Style vom Label Timberland ist die perfekte Erg\u00e4nzung f\u00fcr Ihren Casual-Look.<\/p>\n<p>In zeitlosem Navy und typischen Design, wie dem gro\u00dfen Markenloge, dem elastischen Bund mit Bindeband, den elastischen B\u00fcndchen am Beinabschluss und der Rei\u00dfverschlusstasche hinten mit aufgen\u00e4htem Markenlabel,\u00a0 l\u00e4sst sich die bequeme Hose zu zahlreichen, l\u00e4ssigen Looks kombinieren.<\/p>\n<p>Material: 97% Baumwolle, 3% Elasten<br \/>\n\u0420\u0435\u043a\u043e\u043c\u0435\u043d\u0434\u0430\u0446\u0438\u0438 \u043f\u043e \u0443\u0445\u043e\u0434\u0443: \u041c\u0430\u0448\u0438\u043d\u043d\u0430\u044f \u0441\u0442\u0438\u0440\u043a\u0430<\/p>\n<p>\u0426\u0432\u0435\u0442: \u043c\u043e\u0440\u0441\u043a\u043e\u0439<br \/>\n\u0423\u0437\u043e\u0440: \u0431\u0435\u0437<br \/>\n\u0420\u0430\u0437\u043c\u0435\u0440: XL<\/p>\n<p>\u0420\u0430\u0437\u043c\u0435\u0440 \u0442\u0430\u043b\u0438\u0438: 90 \u0441\u043c<br \/>\nH\u00fcftweite: 128cm<br \/>\n\u0414\u043b\u0438\u043d\u0430 \u0441\u0442\u0443\u043f\u0435\u043d\u044c\u043a\u0438: 72 \u0441\u043c<br \/>\n\u041e\u0431\u0449\u0430\u044f \u0434\u043b\u0438\u043d\u0430: 106 \u0441\u043c<\/p>","protected":false},"excerpt":{"rendered":"<table class=\"dv_characteristicsTable\">\n<tbody>\n<tr>\n<td class=\"left\">\u0420\u0430\u0437\u043c\u0435\u0440<\/td>\n<td>XL<\/td>\n<\/tr>\n<tr>\n<td class=\"left\">Hosenl\u00e4nge<\/td>\n<td>106cm<\/td>\n<\/tr>\n<tr>\n<td class=\"left\">\u0421\u043e\u0441\u0442\u0430\u0432 \u043c\u0430\u0442\u0435\u0440\u0438\u0430\u043b\u0430<\/td>\n<td>97% Baumwolle, 3% Elasthan<\/td>\n<\/tr>\n<tr>\n<td class=\"left\">\u0420\u0435\u043a\u043e\u043c\u0435\u043d\u0434\u0430\u0446\u0438\u0438 \u043f\u043e \u0443\u0445\u043e\u0434\u0443<\/td>\n<td>\u041c\u0430\u0448\u0438\u043d\u043d\u0430\u044f \u0441\u0442\u0438\u0440\u043a\u0430<\/td>\n<\/tr>\n<tr>\n<td class=\"left\">Stil<\/td>\n<td>Jogger<\/td>\n<\/tr>\n<tr>\n<td class=\"left\">\u0426\u0432\u0435\u0442<\/td>\n<td>\u0432\u043e\u0435\u043d\u043d\u043e-\u043c\u043e\u0440\u0441\u043a\u043e\u0439 \u0444\u043b\u043e\u0442<\/td>\n<\/tr>\n<tr>\n<td class=\"left\">Leibh\u00f6he<\/td>\n<td>normal<\/td>\n<\/tr>\n<tr>\n<td class=\"left\">Beinform<\/td>\n<td>\u0443\u0437\u043a\u0438\u0439 \u043a\u043e\u043d\u0438\u0447\u0435\u0441\u043a\u0438\u0439<\/td>\n<\/tr>\n<tr>\n<td class=\"left\">Fit<\/td>\n<td>bequem<\/td>\n<\/tr>\n<tr>\n<td class=\"left\">Schnittform L\u00e4nge<\/td>\n<td>lang<\/td>\n<\/tr>\n<tr>\n<td class=\"left\">\u0421\u0443\u043c\u043a\u0438<\/td>\n<td>Eingrifftaschen, Ges\u00e4\u00dftasche<\/td>\n<\/tr>\n<tr>\n<td class=\"left\">Verschluss<\/td>\n<td>elastischer Bund<\/td>\n<\/tr>\n<tr>\n<td class=\"left\">\u043f\u043e\u0434\u0440\u043e\u0431\u043d\u043e\u0441\u0442\u0438<\/td>\n<td>\u0424\u0438\u0440\u043c\u0435\u043d\u043d\u044b\u0439 \u043b\u043e\u0433\u043e\u0442\u0438\u043f<\/td>\n<\/tr>\n<\/tbody>\n<\/table>","protected":false},"featured_media":83115,"comment_status":"open","ping_status":"closed","template":"","meta":{"_seopress_robots_primary_cat":"","_seopress_titles_title":"","_seopress_titles_desc":"","_seopress_robots_index":""},"product_brand":[],"product_cat":[1345,1346,1383],"product_tag":[],"class_list":{"0":"post-83080","1":"product","2":"type-product","3":"status-publish","4":"has-post-thumbnail","6":"product_cat-herrenmode","7":"product_cat-hosen","8":"product_cat-stoffhosen","9":"product_shipping_class-standard-versand","11":"first","12":"instock","13":"sale","14":"taxable","15":"shipping-taxable","16":"purchasable","17":"product-type-simple"},"_links":{"self":[{"href":"https:\/\/www.soanam.de\/ru\/wp-json\/wp\/v2\/product\/83080","targetHints":{"allow":["GET"]}}],"collection":[{"href":"https:\/\/www.soanam.de\/ru\/wp-json\/wp\/v2\/product"}],"about":[{"href":"https:\/\/www.soanam.de\/ru\/wp-json\/wp\/v2\/types\/product"}],"replies":[{"embeddable":true,"href":"https:\/\/www.soanam.de\/ru\/wp-json\/wp\/v2\/comments?post=83080"}],"wp:featuredmedia":[{"embeddable":true,"href":"https:\/\/www.soanam.de\/ru\/wp-json\/wp\/v2\/media\/83115"}],"wp:attachment":[{"href":"https:\/\/www.soanam.de\/ru\/wp-json\/wp\/v2\/media?parent=83080"}],"wp:term":[{"taxonomy":"product_brand","embeddable":true,"href":"https:\/\/www.soanam.de\/ru\/wp-json\/wp\/v2\/product_brand?post=83080"},{"taxonomy":"product_cat","embeddable":true,"href":"https:\/\/www.soanam.de\/ru\/wp-json\/wp\/v2\/product_cat?post=83080"},{"taxonomy":"product_tag","embeddable":true,"href":"https:\/\/www.soanam.de\/ru\/wp-json\/wp\/v2\/product_tag?post=83080"}],"curies":[{"name":"wp","href":"https:\/\/api.w.org\/{rel}","templated":true}]}}