{"id":82804,"date":"2023-12-14T03:07:47","date_gmt":"2023-12-14T02:07:47","guid":{"rendered":"https:\/\/www.soanam.de\/?post_type=product&#038;p=82804"},"modified":"2023-12-14T21:15:54","modified_gmt":"2023-12-14T20:15:54","slug":"esprit-outdoorjacke-3m-thinsulate-in-schwarz-gr-xxl","status":"publish","type":"product","link":"https:\/\/www.soanam.de\/ru\/produkt\/esprit-outdoorjacke-3m-thinsulate-in-schwarz-gr-xxl\/","title":{"rendered":"\u0423\u043b\u0438\u0447\u043d\u0430\u044f \u043a\u0443\u0440\u0442\u043a\u0430 Esprit 3M Thinsulate, \u0447\u0435\u0440\u043d\u043e\u0433\u043e \u0446\u0432\u0435\u0442\u0430, \u0440\u0430\u0437\u043c\u0435\u0440 XXL"},"content":{"rendered":"<p>Outdoorjacke von Esprit<br \/>\nWetterfestes Obermaterial - atmungsaktiv und wasserundurchl\u00e4ssig<br \/>\nHoch zu schlie\u00dfender Stehkragen<br \/>\nVerdeckter Rei\u00dfverschluss und Windblende mit Druckkn\u00f6pfen<br \/>\nZwei Taschen mit Rei\u00dfverschluss auf Brusth\u00f6he<br \/>\nZwei Klappentaschen mit Druckkn\u00f6pfen<br \/>\nEine Zipper-Tasche innen<\/p>\n<p>Esprit hat mit dieser Outdoorjacke ein tolles Teil kreiert, das jedes Wetter mitmacht!<br \/>\nDie gef\u00fctterte Kapuze ist warm und sch\u00fctzend, die gro\u00dfen Patten-\/Eingrifftaschen sind besonders praktisch.<br \/>\nDie Druckkn\u00f6pfe \u00fcber dem Zipper und innen liegende \u00c4rmelb\u00fcndchen sorgen daf\u00fcr, dass K\u00e4lte und Wind drau\u00dfen bleiben. Die 3M Thinsulate Technologie macht die Jacke unentbehrlich bei Ihren Outdooraktivit\u00e4ten.<\/p>\n<p>Weitere Details, n-- wie die die zus\u00e4tzlichen Taschen auf Brusth\u00f6he runden das Design wunderbar ab.<br \/>\n\u0411\u043b\u0430\u0433\u043e\u0434\u0430\u0440\u044f \u0442\u0435\u043f\u043b\u043e\u0439 \u043f\u043e\u0434\u043a\u043b\u0430\u0434\u043a\u0435 \u0438 \u043f\u0440\u043e\u0447\u043d\u043e\u043c\u0443 \u043c\u0430\u0442\u0435\u0440\u0438\u0430\u043b\u0443 \u044d\u0442\u0430 \u043c\u0443\u0436\u0441\u043a\u0430\u044f \u043a\u0443\u0440\u0442\u043a\u0430 \u043e\u0431\u0435\u0441\u043f\u0435\u0447\u0438\u0432\u0430\u0435\u0442 \u043e\u043f\u0442\u0438\u043c\u0430\u043b\u044c\u043d\u044b\u0439 \u043a\u043e\u043c\u0444\u043e\u0440\u0442.<\/p>\n<p>\u041c\u0430\u0442\u0435\u0440\u0438\u0430\u043b: \u043f\u043e\u043b\u0438\u044d\u0441\u0442\u0435\u0440 100%<br \/>\n\u0420\u0435\u043a\u043e\u043c\u0435\u043d\u0434\u0430\u0446\u0438\u0438 \u043f\u043e \u0443\u0445\u043e\u0434\u0443: \u041c\u0430\u0448\u0438\u043d\u043d\u0430\u044f \u0441\u0442\u0438\u0440\u043a\u0430<\/p>\n<p>\u0426\u0432\u0435\u0442: \u0447\u0435\u0440\u043d\u044b\u0439<br \/>\n\u0423\u0437\u043e\u0440: \u0431\u0435\u0437<br \/>\n\u0420\u0430\u0437\u043c\u0435\u0440: XXL<\/p>\n<p>\u0428\u0438\u0440\u0438\u043d\u0430 \u043f\u043b\u0435\u0447: 52 \u0441\u043c<br \/>\n\u0428\u0438\u0440\u0438\u043d\u0430 \u0433\u0440\u0443\u0434\u0438: 144 \u0441\u043c<br \/>\n\u0414\u043b\u0438\u043d\u0430 \u0440\u0443\u043a\u0430\u0432\u0430: 69 \u0441\u043c<br \/>\n\u041e\u0431\u0449\u0430\u044f \u0434\u043b\u0438\u043d\u0430: 90 \u0441\u043c<\/p>","protected":false},"excerpt":{"rendered":"<table class=\"dv_characteristicsTable\">\n<tbody>\n<tr>\n<td class=\"left\">\u0420\u0430\u0437\u043c\u0435\u0440<\/td>\n<td>XXL<\/td>\n<\/tr>\n<tr>\n<td class=\"left\">Gr\u00f6\u00dfentyp<\/td>\n<td>Normalgr\u00f6\u00dfen<\/td>\n<\/tr>\n<tr>\n<td class=\"left\">\u0421\u043e\u0441\u0442\u0430\u0432 \u043c\u0430\u0442\u0435\u0440\u0438\u0430\u043b\u0430<\/td>\n<td>100% \u041f\u043e\u043b\u0438\u044d\u0441\u0442\u0435\u0440<\/td>\n<\/tr>\n<tr>\n<td class=\"left\">Materialart<\/td>\n<td>Softshell<\/td>\n<\/tr>\n<tr>\n<td class=\"left\">Besonderheit<\/td>\n<td>3M Thinsulate<\/td>\n<\/tr>\n<tr>\n<td class=\"left\">Materialeigenschaften<\/td>\n<td>wasserundurchl\u00e4ssig, atmungsaktiv<\/td>\n<\/tr>\n<tr>\n<td class=\"left\">\u0420\u0435\u043a\u043e\u043c\u0435\u043d\u0434\u0430\u0446\u0438\u0438 \u043f\u043e \u0443\u0445\u043e\u0434\u0443<\/td>\n<td>\u041c\u0430\u0448\u0438\u043d\u043d\u0430\u044f \u0441\u0442\u0438\u0440\u043a\u0430<\/td>\n<\/tr>\n<tr>\n<td class=\"left\">Stil<\/td>\n<td>casual<\/td>\n<\/tr>\n<tr>\n<td class=\"left\">\u0426\u0432\u0435\u0442<\/td>\n<td>schwarz<\/td>\n<\/tr>\n<tr>\n<td class=\"left\">Kragen<\/td>\n<td>\u0412\u043e\u0440\u043e\u0442\u043d\u0438\u043a-\u0441\u0442\u043e\u0439\u043a\u0430<\/td>\n<\/tr>\n<tr>\n<td class=\"left\">\u00c4rmel<\/td>\n<td>\u0414\u043b\u0438\u043d\u043d\u044b\u0439 \u0440\u0443\u043a\u0430\u0432<\/td>\n<\/tr>\n<tr>\n<td class=\"left\">\u00c4rmelabschluss<\/td>\n<td>Rippstrickb\u00fcndchen<\/td>\n<\/tr>\n<tr>\n<td class=\"left\">\u00c4rmeldetails<\/td>\n<td>Badge<\/td>\n<\/tr>\n<tr>\n<td class=\"left\">Fit<\/td>\n<td>normal<\/td>\n<\/tr>\n<tr>\n<td class=\"left\">\u041a\u0430\u043f\u044e\u0448\u043e\u043d<\/td>\n<td>mit Kapuze<\/td>\n<\/tr>\n<tr>\n<td class=\"left\">Kapuzendetails<\/td>\n<td>gef\u00fcttert<\/td>\n<\/tr>\n<tr>\n<td class=\"left\">Kapuzenf\u00fctterung<\/td>\n<td>in Jackenfarbe<\/td>\n<\/tr>\n<tr>\n<td class=\"left\">Applikationen<\/td>\n<td>keine<\/td>\n<\/tr>\n<tr>\n<td class=\"left\">\u0421\u0443\u043c\u043a\u0438<\/td>\n<td>Pattentaschen, Eingrifftaschen, Brusttaschen, Innentasche<\/td>\n<\/tr>\n<tr>\n<td class=\"left\">Verschluss<\/td>\n<td>Rei\u00dfverschluss, Druckkn\u00f6pfe<\/td>\n<\/tr>\n<tr>\n<td class=\"left\"><\/td>\n<td><\/td>\n<\/tr>\n<\/tbody>\n<\/table>","protected":false},"featured_media":82940,"comment_status":"open","ping_status":"closed","template":"","meta":{"_seopress_robots_primary_cat":"","_seopress_titles_title":"","_seopress_titles_desc":"","_seopress_robots_index":""},"product_brand":[],"product_cat":[1345,1363,1389],"product_tag":[],"class_list":{"0":"post-82804","1":"product","2":"type-product","3":"status-publish","4":"has-post-thumbnail","6":"product_cat-herrenmode","7":"product_cat-jacken-maentel-herrenmode","8":"product_cat-parkas","9":"product_shipping_class-standard-versand","11":"first","12":"instock","13":"sale","14":"taxable","15":"shipping-taxable","16":"purchasable","17":"product-type-simple"},"_links":{"self":[{"href":"https:\/\/www.soanam.de\/ru\/wp-json\/wp\/v2\/product\/82804","targetHints":{"allow":["GET"]}}],"collection":[{"href":"https:\/\/www.soanam.de\/ru\/wp-json\/wp\/v2\/product"}],"about":[{"href":"https:\/\/www.soanam.de\/ru\/wp-json\/wp\/v2\/types\/product"}],"replies":[{"embeddable":true,"href":"https:\/\/www.soanam.de\/ru\/wp-json\/wp\/v2\/comments?post=82804"}],"wp:featuredmedia":[{"embeddable":true,"href":"https:\/\/www.soanam.de\/ru\/wp-json\/wp\/v2\/media\/82940"}],"wp:attachment":[{"href":"https:\/\/www.soanam.de\/ru\/wp-json\/wp\/v2\/media?parent=82804"}],"wp:term":[{"taxonomy":"product_brand","embeddable":true,"href":"https:\/\/www.soanam.de\/ru\/wp-json\/wp\/v2\/product_brand?post=82804"},{"taxonomy":"product_cat","embeddable":true,"href":"https:\/\/www.soanam.de\/ru\/wp-json\/wp\/v2\/product_cat?post=82804"},{"taxonomy":"product_tag","embeddable":true,"href":"https:\/\/www.soanam.de\/ru\/wp-json\/wp\/v2\/product_tag?post=82804"}],"curies":[{"name":"wp","href":"https:\/\/api.w.org\/{rel}","templated":true}]}}