{"id":82791,"date":"2023-12-14T03:07:09","date_gmt":"2023-12-14T02:07:09","guid":{"rendered":"https:\/\/www.soanam.de\/?post_type=product&#038;p=82791"},"modified":"2023-12-14T21:11:46","modified_gmt":"2023-12-14T20:11:46","slug":"one-boy-wollmix-blazer-mit-goldknoepfen-in-schwarz-gr-3xl","status":"publish","type":"product","link":"https:\/\/www.soanam.de\/ru\/produkt\/one-boy-wollmix-blazer-mit-goldknoepfen-in-schwarz-gr-3xl\/","title":{"rendered":"One Boy Wollmix Blazer mit Goldkn\u00f6pfen, in Schwarz,  Gr. 3XL"},"content":{"rendered":"<p>Winterblazer von One Boy<br \/>\nAus hochwertigem Wollmix<br \/>\nEinreihig mit goldfarbigen Kn\u00f6pfen<br \/>\n3 Taschen au\u00dfen<br \/>\nGef\u00fcttert mit Innentasche<\/p>\n<p>Unkompliziert und bequem sind die Attribute f\u00fcr diesen sch\u00f6nen Herren Blazer von One Boy.<br \/>\nDer Materialmix aus Wolle und Polyester macht den Winterblazer auch in der kalten Jahreszeit tragbar.<br \/>\nDie auff\u00e4lligen goldfarbigen Kn\u00f6pfe mit L\u00f6wenkopf setzen den Tr\u00e4ger gekonnt in Szene.<\/p>\n<p>Material: Obermaterial: Wolle, Polyester, Futter: Polyester<br \/>\n\u0420\u0435\u043a\u043e\u043c\u0435\u043d\u0434\u0430\u0446\u0438\u0438 \u043f\u043e \u0443\u0445\u043e\u0434\u0443: \u0411\u0435\u0440\u0435\u0436\u043d\u0430\u044f \u0441\u0442\u0438\u0440\u043a\u0430<\/p>\n<p>\u0426\u0432\u0435\u0442: \u0447\u0435\u0440\u043d\u044b\u0439<br \/>\n\u0423\u0437\u043e\u0440: \u0431\u0435\u0437<br \/>\n\u0420\u0430\u0437\u043c\u0435\u0440: 3XL<\/p>\n<p>\u0428\u0438\u0440\u0438\u043d\u0430 \u043f\u043b\u0435\u0447: 50 \u0441\u043c<br \/>\n\u0428\u0438\u0440\u0438\u043d\u0430 \u0433\u0440\u0443\u0434\u0438: 126 \u0441\u043c<br \/>\n\u0414\u043b\u0438\u043d\u0430 \u0440\u0443\u043a\u0430\u0432\u0430: 64 \u0441\u043c<br \/>\n\u041e\u0431\u0449\u0430\u044f \u0434\u043b\u0438\u043d\u0430: 84 \u0441\u043c<\/p>","protected":false},"excerpt":{"rendered":"<table class=\"dv_characteristicsTable\">\n<tbody>\n<tr>\n<td class=\"left\">\u0420\u0430\u0437\u043c\u0435\u0440<\/td>\n<td>3XL<\/td>\n<\/tr>\n<tr>\n<td class=\"left\">Gr\u00f6\u00dfentyp<\/td>\n<td>Normalgr\u00f6\u00dfen<\/td>\n<\/tr>\n<tr>\n<td class=\"left\">\u0421\u043e\u0441\u0442\u0430\u0432 \u043c\u0430\u0442\u0435\u0440\u0438\u0430\u043b\u0430<\/td>\n<td>Wolle, Polyester<\/td>\n<\/tr>\n<tr>\n<td class=\"left\">Materialart<\/td>\n<td>Wollmix<\/td>\n<\/tr>\n<tr>\n<td class=\"left\">Materialeigenschaften<\/td>\n<td>w\u00e4rmend<\/td>\n<\/tr>\n<tr>\n<td class=\"left\">\u0420\u0435\u043a\u043e\u043c\u0435\u043d\u0434\u0430\u0446\u0438\u0438 \u043f\u043e \u0443\u0445\u043e\u0434\u0443<\/td>\n<td>30\u00b0 Schonw\u00e4sche<\/td>\n<\/tr>\n<tr>\n<td class=\"left\">Optik<\/td>\n<td>unifarben<\/td>\n<\/tr>\n<tr>\n<td class=\"left\">Stil<\/td>\n<td>casual<\/td>\n<\/tr>\n<tr>\n<td class=\"left\">\u0426\u0432\u0435\u0442<\/td>\n<td>schwarz<\/td>\n<\/tr>\n<tr>\n<td class=\"left\">Merkmal<\/td>\n<td>L\u00f6wenkopfkn\u00f6pfe<\/td>\n<\/tr>\n<tr>\n<td class=\"left\">Kragen<\/td>\n<td>\u0412\u043e\u0440\u043e\u0442\u043d\u0438\u043a \u0441 \u043e\u0442\u0432\u043e\u0440\u043e\u0442\u043e\u043c<\/td>\n<\/tr>\n<tr>\n<td class=\"left\">Fit<\/td>\n<td>comfort fit<\/td>\n<\/tr>\n<\/tbody>\n<\/table>\n<p>&nbsp;<\/p>","protected":false},"featured_media":82900,"comment_status":"open","ping_status":"closed","template":"","meta":{"_seopress_robots_primary_cat":"","_seopress_titles_title":"","_seopress_titles_desc":"","_seopress_robots_index":""},"product_brand":[],"product_cat":[1345,1368,1369],"product_tag":[],"class_list":{"0":"post-82791","1":"product","2":"type-product","3":"status-publish","4":"has-post-thumbnail","6":"product_cat-herrenmode","7":"product_cat-anzuege-anzugsteile","8":"product_cat-sakkos","9":"product_shipping_class-standard-versand","11":"first","12":"instock","13":"taxable","14":"shipping-taxable","15":"purchasable","16":"product-type-simple"},"_links":{"self":[{"href":"https:\/\/www.soanam.de\/ru\/wp-json\/wp\/v2\/product\/82791","targetHints":{"allow":["GET"]}}],"collection":[{"href":"https:\/\/www.soanam.de\/ru\/wp-json\/wp\/v2\/product"}],"about":[{"href":"https:\/\/www.soanam.de\/ru\/wp-json\/wp\/v2\/types\/product"}],"replies":[{"embeddable":true,"href":"https:\/\/www.soanam.de\/ru\/wp-json\/wp\/v2\/comments?post=82791"}],"wp:featuredmedia":[{"embeddable":true,"href":"https:\/\/www.soanam.de\/ru\/wp-json\/wp\/v2\/media\/82900"}],"wp:attachment":[{"href":"https:\/\/www.soanam.de\/ru\/wp-json\/wp\/v2\/media?parent=82791"}],"wp:term":[{"taxonomy":"product_brand","embeddable":true,"href":"https:\/\/www.soanam.de\/ru\/wp-json\/wp\/v2\/product_brand?post=82791"},{"taxonomy":"product_cat","embeddable":true,"href":"https:\/\/www.soanam.de\/ru\/wp-json\/wp\/v2\/product_cat?post=82791"},{"taxonomy":"product_tag","embeddable":true,"href":"https:\/\/www.soanam.de\/ru\/wp-json\/wp\/v2\/product_tag?post=82791"}],"curies":[{"name":"wp","href":"https:\/\/api.w.org\/{rel}","templated":true}]}}