{"id":82524,"date":"2023-12-14T02:26:17","date_gmt":"2023-12-14T01:26:17","guid":{"rendered":"https:\/\/www.soanam.de\/?post_type=product&#038;p=82524"},"modified":"2023-12-14T02:28:22","modified_gmt":"2023-12-14T01:28:22","slug":"fussgut-2-paar-stuetz-stulpen-in-schwarz-entlastet-vitalisiert-und-beugt-vor","status":"publish","type":"product","link":"https:\/\/www.soanam.de\/ru\/produkt\/fussgut-2-paar-stuetz-stulpen-in-schwarz-entlastet-vitalisiert-und-beugt-vor\/","title":{"rendered":"Fu\u00dfgut 2 \u043f\u0430\u0440\u044b \u043f\u043e\u0434\u0434\u0435\u0440\u0436\u0438\u0432\u0430\u044e\u0449\u0438\u0445 \u043c\u0430\u043d\u0436\u0435\u0442 \u0447\u0435\u0440\u043d\u043e\u0433\u043e \u0446\u0432\u0435\u0442\u0430 - \u0441\u043d\u0438\u043c\u0430\u0435\u0442 \u043d\u0430\u043f\u0440\u044f\u0436\u0435\u043d\u0438\u0435, \u0432\u043e\u0441\u0441\u0442\u0430\u043d\u0430\u0432\u043b\u0438\u0432\u0430\u0435\u0442 \u0436\u0438\u0437\u043d\u0435\u043d\u043d\u044b\u0435 \u0441\u0438\u043b\u044b \u0438 \u043f\u0440\u0435\u0434\u043e\u0442\u0432\u0440\u0430\u0449\u0430\u0435\u0442"},"content":{"rendered":"<p>zur Vorbeugung schwerer Beine<br \/>\nanatomisch korrekter Druckverlauf<br \/>\ngeeignet f\u00fcr die t\u00e4gliche Arbeit<br \/>\nkomprimierende Eigenschaft durch elastische F\u00e4den<br \/>\nUniversalgr\u00f6\u00dfe f\u00fcr Damen und Herren<\/p>\n<p>Die St\u00fctz-Stulpen geben Halt und k\u00f6nnen problemlos unter bzw. \u00fcber normalen Str\u00fcmpfen getragen werden.<\/p>\n<p>Ideal zur Vorbeugung schwerer Beine bei langem Stehen und Sitzen, besonders f\u00fcr Reisen oder f\u00fcr die t\u00e4gliche Arbeit geeignet.<\/p>\n<p>Der ausgew\u00e4hlte Materialmix gew\u00e4hrleistet einen perfekten Sitz.<\/p>\n<p>Material: Obermaterial: 60% Baumwolle, 20% Elasthan, 20% Polyamid<br \/>\n\u0420\u0435\u043a\u043e\u043c\u0435\u043d\u0434\u0430\u0446\u0438\u0438 \u043f\u043e \u0443\u0445\u043e\u0434\u0443: \u041c\u0430\u0448\u0438\u043d\u043d\u0430\u044f \u0441\u0442\u0438\u0440\u043a\u0430<\/p>\n<p>\u0426\u0432\u0435\u0442: \u0447\u0435\u0440\u043d\u044b\u0439<br \/>\n\u0420\u0430\u0437\u043c\u0435\u0440: \u043e\u0434\u0438\u043d \u0440\u0430\u0437\u043c\u0435\u0440<\/p>\n<p>&nbsp;<\/p>","protected":false},"excerpt":{"rendered":"<table class=\"dv_characteristicsTable\">\n<tbody>\n<tr>\n<td class=\"left\">\u0426\u0432\u0435\u0442<\/td>\n<td>schwarz<\/td>\n<\/tr>\n<tr>\n<td class=\"left\">\u0421\u043e\u0441\u0442\u0430\u0432 \u043c\u0430\u0442\u0435\u0440\u0438\u0430\u043b\u0430<\/td>\n<td>Obermaterial: 60% Baumwolle, 20% Elasthan, 20% Polyamid<\/td>\n<\/tr>\n<tr>\n<td class=\"left\">\u0420\u0435\u043a\u043e\u043c\u0435\u043d\u0434\u0430\u0446\u0438\u0438 \u043f\u043e \u0443\u0445\u043e\u0434\u0443<\/td>\n<td>\u041c\u0430\u0448\u0438\u043d\u043d\u0430\u044f \u0441\u0442\u0438\u0440\u043a\u0430<\/td>\n<\/tr>\n<tr>\n<td class=\"left\">Besondere Merkmale<\/td>\n<td>entlastet, vitalisiert und beugt vor, 2 Paar<\/td>\n<\/tr>\n<\/tbody>\n<\/table>","protected":false},"featured_media":82621,"comment_status":"open","ping_status":"closed","template":"","meta":{"_seopress_robots_primary_cat":"","_seopress_titles_title":"","_seopress_titles_desc":"","_seopress_robots_index":""},"product_brand":[],"product_cat":[1345,1348,1357,1387,1558,1559],"product_tag":[],"class_list":{"0":"post-82524","1":"product","2":"type-product","3":"status-publish","4":"has-post-thumbnail","6":"product_cat-herrenmode","7":"product_cat-damen-mode","8":"product_cat-accessoires","9":"product_cat-accessoires-herrenmode","10":"product_cat-sonstiges-accessoires","11":"product_cat-sonstiges-accessoires-herrenmode","12":"product_shipping_class-standard-versand","14":"first","15":"instock","16":"sale","17":"taxable","18":"shipping-taxable","19":"purchasable","20":"product-type-simple"},"_links":{"self":[{"href":"https:\/\/www.soanam.de\/ru\/wp-json\/wp\/v2\/product\/82524","targetHints":{"allow":["GET"]}}],"collection":[{"href":"https:\/\/www.soanam.de\/ru\/wp-json\/wp\/v2\/product"}],"about":[{"href":"https:\/\/www.soanam.de\/ru\/wp-json\/wp\/v2\/types\/product"}],"replies":[{"embeddable":true,"href":"https:\/\/www.soanam.de\/ru\/wp-json\/wp\/v2\/comments?post=82524"}],"wp:featuredmedia":[{"embeddable":true,"href":"https:\/\/www.soanam.de\/ru\/wp-json\/wp\/v2\/media\/82621"}],"wp:attachment":[{"href":"https:\/\/www.soanam.de\/ru\/wp-json\/wp\/v2\/media?parent=82524"}],"wp:term":[{"taxonomy":"product_brand","embeddable":true,"href":"https:\/\/www.soanam.de\/ru\/wp-json\/wp\/v2\/product_brand?post=82524"},{"taxonomy":"product_cat","embeddable":true,"href":"https:\/\/www.soanam.de\/ru\/wp-json\/wp\/v2\/product_cat?post=82524"},{"taxonomy":"product_tag","embeddable":true,"href":"https:\/\/www.soanam.de\/ru\/wp-json\/wp\/v2\/product_tag?post=82524"}],"curies":[{"name":"wp","href":"https:\/\/api.w.org\/{rel}","templated":true}]}}