{"id":82502,"date":"2023-12-14T02:25:52","date_gmt":"2023-12-14T01:25:52","guid":{"rendered":"https:\/\/www.soanam.de\/?post_type=product&#038;p=82502"},"modified":"2023-12-14T02:27:47","modified_gmt":"2023-12-14T01:27:47","slug":"home-affaire-raffrollo-gander-1stk-mit-schlaufen-in-weiss-sand-groesse-120cmx140cm","status":"publish","type":"product","link":"https:\/\/www.soanam.de\/ru\/produkt\/home-affaire-raffrollo-gander-1stk-mit-schlaufen-in-weiss-sand-groesse-120cmx140cm\/","title":{"rendered":"Home affaire Raffrollo Gander, 1Stk. mit Schlaufen, in Wei\u00df-Sand, Gr\u00f6\u00dfe 120cmx140cm"},"content":{"rendered":"<p>\u041f\u043e\u043b\u0443\u043f\u0440\u043e\u0437\u0440\u0430\u0447\u043d\u0430\u044f \u0442\u043a\u0430\u043d\u044c<br \/>\n\u0421 \u0446\u0432\u0435\u0442\u043d\u043e\u0439 \u043f\u043b\u0438\u0441\u0441\u0438\u0440\u043e\u0432\u0430\u043d\u043d\u043e\u0439 \u043f\u0430\u043d\u0435\u043b\u044c\u044e<br \/>\n\u041b\u0435\u0433\u043a\u043e\u0435 \u043a\u0430\u0447\u0435\u0441\u0442\u0432\u043e<br \/>\n\u041b\u0435\u0433\u043a\u043e \u0447\u0438\u0441\u0442\u0438\u0442\u044c<br \/>\n\u041c\u043e\u0436\u043d\u043e \u0441\u0442\u0438\u0440\u0430\u0442\u044c \u043f\u0440\u0438 30 \u0433\u0440\u0430\u0434\u0443\u0441\u0430\u0445 \u043d\u0430 \u0434\u0435\u043b\u0438\u043a\u0430\u0442\u043d\u043e\u043c \u0440\u0435\u0436\u0438\u043c\u0435<\/p>\n<p>\u0420\u0438\u043c\u0441\u043a\u0430\u044f \u0448\u0442\u043e\u0440\u0430 Gander \u0438\u0437 \u043a\u043e\u043b\u043b\u0435\u043a\u0446\u0438\u0438 Home affaire - \u044d\u0442\u043e \u044d\u043b\u0435\u0433\u0430\u043d\u0442\u043d\u043e\u0435 \u0434\u043e\u043f\u043e\u043b\u043d\u0435\u043d\u0438\u0435 \u0438 \u0441\u0442\u0438\u043b\u044c\u043d\u043e\u0435 \u0441\u043e\u0447\u0435\u0442\u0430\u043d\u0438\u0435 \u0441 \u0440\u0430\u0437\u043d\u043e\u0446\u0432\u0435\u0442\u043d\u044b\u043c\u0438 \u0441\u043a\u043b\u0430\u0434\u043a\u0430\u043c\u0438.<br \/>\n\u0420\u0443\u043b\u043e\u043d\u043d\u0430\u044f \u0448\u0442\u043e\u0440\u0430 \u043f\u043e\u043b\u0443\u043f\u0440\u043e\u0437\u0440\u0430\u0447\u043d\u0430\u044f, \u0432\u044b\u043f\u043e\u043b\u043d\u0435\u043d\u0430 \u0438\u0437 \u043f\u0440\u043e\u0437\u0440\u0430\u0447\u043d\u043e\u0439 \u0442\u043a\u0430\u043d\u0438 \u0441\u0432\u0435\u0442\u043b\u043e\u0433\u043e \u0446\u0432\u0435\u0442\u0430.<br \/>\n\u0415\u0433\u043e \u043c\u043e\u0436\u043d\u043e \u0441\u043e\u0431\u0440\u0430\u0442\u044c \u0438 \u0437\u0430\u0444\u0438\u043a\u0441\u0438\u0440\u043e\u0432\u0430\u0442\u044c \u043d\u0430 \u043b\u044e\u0431\u043e\u0439 \u0432\u044b\u0441\u043e\u0442\u0435 \u0441 \u043f\u043e\u043c\u043e\u0449\u044c\u044e \u0431\u043e\u043a\u043e\u0432\u043e\u0439 \u0442\u044f\u0433\u0438.<br \/>\n\u0420\u0443\u043b\u043e\u043d\u043d\u0430\u044f \u0448\u0442\u043e\u0440\u0430 \u043b\u0435\u0433\u043a\u043e \u043d\u0430\u0442\u044f\u0433\u0438\u0432\u0430\u0435\u0442\u0441\u044f \u043d\u0430 \u0441\u0443\u0449\u0435\u0441\u0442\u0432\u0443\u044e\u0449\u0438\u0439 \u043a\u0430\u0440\u043d\u0438\u0437 \u0441 \u043f\u043e\u043c\u043e\u0449\u044c\u044e \u043f\u0435\u0442\u0435\u043b\u044c.<br \/>\n\u0417\u0430 \u043d\u0438\u043c \u043b\u0435\u0433\u043a\u043e \u0443\u0445\u0430\u0436\u0438\u0432\u0430\u0442\u044c, \u043f\u0440\u0438 \u043d\u0435\u043e\u0431\u0445\u043e\u0434\u0438\u043c\u043e\u0441\u0442\u0438 \u0435\u0433\u043e \u043c\u043e\u0436\u043d\u043e \u0441\u0442\u0438\u0440\u0430\u0442\u044c \u0432 \u0441\u0442\u0438\u0440\u0430\u043b\u044c\u043d\u043e\u0439 \u043c\u0430\u0448\u0438\u043d\u0435.<\/p>\n<p>\u041c\u0430\u0442\u0435\u0440\u0438\u0430\u043b: \u0412\u0435\u0440\u0445\u043d\u0438\u0439 \u043c\u0430\u0442\u0435\u0440\u0438\u0430\u043b: \u043f\u043e\u043b\u0438\u044d\u0441\u0442\u0435\u0440 100%<br \/>\n\u0420\u0435\u043a\u043e\u043c\u0435\u043d\u0434\u0430\u0446\u0438\u0438 \u043f\u043e \u0443\u0445\u043e\u0434\u0443: \u0411\u0435\u0440\u0435\u0436\u043d\u0430\u044f \u0441\u0442\u0438\u0440\u043a\u0430<\/p>\n<p>\u0426\u0432\u0435\u0442: \u0431\u0435\u043b\u044b\u0439 \u043f\u0435\u0441\u043e\u043a<br \/>\n\u0423\u0437\u043e\u0440: \u0431\u0435\u0437<br \/>\nGr\u00f6\u00dfe: 120cm x 140cm<\/p>\n<p>\u041f\u0440\u0438\u043c\u0435\u0447\u0430\u043d\u0438\u0435: \u0423\u043a\u0430\u0437\u0430\u043d\u043d\u044b\u0435 \u0440\u0430\u0437\u043c\u0435\u0440\u044b - \u044d\u0442\u043e \u0440\u0430\u0437\u043c\u0435\u0440\u044b \u0442\u043a\u0430\u043d\u0438.<\/p>\n<p>\u041f\u043e\u0434\u0432\u0435\u0448\u0438\u0432\u0430\u0435\u0442\u0441\u044f \u0441 \u043f\u043e\u043c\u043e\u0449\u044c\u044e \u043f\u0435\u0442\u0435\u043b\u044c \u043d\u0430 \u043a\u0430\u0440\u043d\u0438\u0437\u0435.<\/p>\n<p>Raffung erfolgt mittels seitlicher Zugschn\u00fcre und kann auf jeder beliebigen H\u00f6he festgestellt werden. Hierzu wird ein Schnurfeststeller mit Schraube und D\u00fcbel in der Wand montiert ( nicht im Lieferumfang enthalten )<\/p>\n<p>\u042d\u0442\u043e\u0442 \u043d\u043e\u0432\u044b\u0439 \u0442\u043e\u0432\u0430\u0440 \u044f\u0432\u043b\u044f\u0435\u0442\u0441\u044f \u0432\u043e\u0437\u0432\u0440\u0430\u0449\u0435\u043d\u043d\u044b\u043c \u043f\u043e\u043a\u0443\u043f\u0430\u0442\u0435\u043b\u0435\u043c \u0431\u0435\u0437 \u044d\u0442\u0438\u043a\u0435\u0442\u043a\u0438.<\/p>","protected":false},"excerpt":{"rendered":"<table class=\"dv_characteristicsTable\">\n<tbody>\n<tr>\n<td class=\"left\">Aufh\u00e4ngung<\/td>\n<td>Schlaufen<\/td>\n<\/tr>\n<tr>\n<td class=\"left\">Raffm\u00f6glichkeiten<\/td>\n<td>Zugschnur wahlweise<\/td>\n<\/tr>\n<tr>\n<td class=\"left\">Abschluss<\/td>\n<td>gerader Abschluss<\/td>\n<\/tr>\n<\/tbody>\n<\/table>\n<table class=\"dv_characteristicsTable\">\n<tbody>\n<tr>\n<td class=\"left\">\u0426\u0432\u0435\u0442<\/td>\n<td>sand<\/td>\n<\/tr>\n<tr>\n<td class=\"left\">Transparenz<\/td>\n<td>halbtransparent<\/td>\n<\/tr>\n<tr>\n<td class=\"left\">Oberfl\u00e4chenstruktur<\/td>\n<td>glatt<\/td>\n<\/tr>\n<\/tbody>\n<\/table>\n<table class=\"dv_characteristicsTable\">\n<tbody>\n<tr>\n<td class=\"left\">\u0421\u043e\u0441\u0442\u0430\u0432 \u043c\u0430\u0442\u0435\u0440\u0438\u0430\u043b\u0430<\/td>\n<td>100% \u041f\u043e\u043b\u0438\u044d\u0441\u0442\u0435\u0440<\/td>\n<\/tr>\n<\/tbody>\n<\/table>\n<table class=\"dv_characteristicsTable\">\n<tbody>\n<tr>\n<td class=\"left\">Breite<\/td>\n<td>120 cm<\/td>\n<\/tr>\n<tr>\n<td class=\"left\">H\u00f6he<\/td>\n<td>140 cm<\/td>\n<\/tr>\n<tr>\n<td class=\"left\">Gewicht<\/td>\n<td>65 g\/m\u00b2<\/td>\n<\/tr>\n<\/tbody>\n<\/table>\n<table class=\"dv_characteristicsTable\">\n<tbody>\n<tr>\n<td class=\"left\">Anzahl Teile<\/td>\n<td>1 St.<\/td>\n<\/tr>\n<tr>\n<td class=\"left\">\u041e\u0431\u044a\u0435\u043c \u043f\u043e\u0441\u0442\u0430\u0432\u043a\u0438<\/td>\n<td>\nBeschwerungsstange<\/td>\n<\/tr>\n<\/tbody>\n<\/table>\n<table class=\"dv_characteristicsTable\">\n<tbody>\n<tr>\n<td class=\"left\">\u0420\u0435\u043a\u043e\u043c\u0435\u043d\u0434\u0430\u0446\u0438\u0438 \u043f\u043e \u0443\u0445\u043e\u0434\u0443<\/td>\n<td>30\u00b0C Schonw\u00e4sche<\/td>\n<\/tr>\n<\/tbody>\n<\/table>\n<p>&nbsp;<\/p>","protected":false},"featured_media":82592,"comment_status":"open","ping_status":"closed","template":"","meta":{"_seopress_robots_primary_cat":"","_seopress_titles_title":"","_seopress_titles_desc":"","_seopress_robots_index":""},"product_brand":[],"product_cat":[1400,1420],"product_tag":[],"class_list":{"0":"post-82502","1":"product","2":"type-product","3":"status-publish","4":"has-post-thumbnail","6":"product_cat-wohnzubehoer","7":"product_cat-wohndekoration","8":"product_shipping_class-standard-versand","10":"first","11":"instock","12":"sale","13":"taxable","14":"shipping-taxable","15":"purchasable","16":"product-type-simple"},"_links":{"self":[{"href":"https:\/\/www.soanam.de\/ru\/wp-json\/wp\/v2\/product\/82502","targetHints":{"allow":["GET"]}}],"collection":[{"href":"https:\/\/www.soanam.de\/ru\/wp-json\/wp\/v2\/product"}],"about":[{"href":"https:\/\/www.soanam.de\/ru\/wp-json\/wp\/v2\/types\/product"}],"replies":[{"embeddable":true,"href":"https:\/\/www.soanam.de\/ru\/wp-json\/wp\/v2\/comments?post=82502"}],"wp:featuredmedia":[{"embeddable":true,"href":"https:\/\/www.soanam.de\/ru\/wp-json\/wp\/v2\/media\/82592"}],"wp:attachment":[{"href":"https:\/\/www.soanam.de\/ru\/wp-json\/wp\/v2\/media?parent=82502"}],"wp:term":[{"taxonomy":"product_brand","embeddable":true,"href":"https:\/\/www.soanam.de\/ru\/wp-json\/wp\/v2\/product_brand?post=82502"},{"taxonomy":"product_cat","embeddable":true,"href":"https:\/\/www.soanam.de\/ru\/wp-json\/wp\/v2\/product_cat?post=82502"},{"taxonomy":"product_tag","embeddable":true,"href":"https:\/\/www.soanam.de\/ru\/wp-json\/wp\/v2\/product_tag?post=82502"}],"curies":[{"name":"wp","href":"https:\/\/api.w.org\/{rel}","templated":true}]}}