{"id":82490,"date":"2023-12-14T02:25:48","date_gmt":"2023-12-14T01:25:48","guid":{"rendered":"https:\/\/www.soanam.de\/?post_type=product&#038;p=82490"},"modified":"2023-12-14T02:26:40","modified_gmt":"2023-12-14T01:26:40","slug":"my-home-fertiggardine-villars-2-stk-mit-raffhalter-in-rot-weiss-groesse-140cmx245cm","status":"publish","type":"product","link":"https:\/\/www.soanam.de\/ru\/produkt\/my-home-fertiggardine-villars-2-stk-mit-raffhalter-in-rot-weiss-groesse-140cmx245cm\/","title":{"rendered":"my home Fertiggardine Villars, 2 Stk, mit Raffhalter, in Rot-Wei\u00df, Gr\u00f6\u00dfe 140cmx245cm"},"content":{"rendered":"<p>\u041f\u0440\u043e\u0437\u0440\u0430\u0447\u043d\u0430\u044f \u0442\u043a\u0430\u043d\u044c<br \/>\n\u041f\u043e\u0434\u043b\u0438\u043d\u043d\u0430\u044f \u0432\u0443\u0430\u043b\u044c<br \/>\n\u041b\u0435\u0433\u043a\u043e\u0435 \u043a\u0430\u0447\u0435\u0441\u0442\u0432\u043e<br \/>\nInklusive 2 Raffb\u00e4ndern<br \/>\n\u0421 \u043b\u044e\u0432\u0435\u0440\u0441\u0430\u043c\u0438<\/p>\n<p>Die Gardine Villars im 2er-Set von my home ist eine ansprechende Bereicherung f\u00fcr Ihr Zuhause.<br \/>\nDer transparente Stoff in leichter Qualit\u00e4t setzt die Fenster ansprechend in Szene.<br \/>\nDer echte Voile ist oben und mittig mit kontrastierenden Voileb\u00e4ndern abgesetzt.<br \/>\nAuf die gew\u00fcnschte Breite drapiert wird der Schal mit einem h\u00fcbschen Schleifenband.<br \/>\nZur Befestigung wird der Store mit Metall\u00f6sen ganz simpel \u00fcber die Gardinenstange gezogen.<br \/>\nBei Bedarf lassen die Gardinenschals sich unkompliziert im Schongang der Waschmaschine bei bis zu 30\u00b0C reinigen.<\/p>\n<p>\u041c\u0430\u0442\u0435\u0440\u0438\u0430\u043b: \u0412\u0435\u0440\u0445\u043d\u0438\u0439 \u043c\u0430\u0442\u0435\u0440\u0438\u0430\u043b: \u043f\u043e\u043b\u0438\u044d\u0441\u0442\u0435\u0440 100%<br \/>\n\u0420\u0435\u043a\u043e\u043c\u0435\u043d\u0434\u0430\u0446\u0438\u0438 \u043f\u043e \u0443\u0445\u043e\u0434\u0443: \u0411\u0435\u0440\u0435\u0436\u043d\u0430\u044f \u0441\u0442\u0438\u0440\u043a\u0430<\/p>\n<p>\u0426\u0432\u0435\u0442: \u043a\u0440\u0430\u0441\u043d\u043e-\u0431\u0435\u043b\u044b\u0439<br \/>\n\u0423\u0437\u043e\u0440: \u0431\u0435\u0437<br \/>\n\u0420\u0430\u0437\u043c\u0435\u0440: \u0448\u0438\u0440\u0438\u043d\u0430 140 \u0441\u043c x \u0434\u043b\u0438\u043d\u0430 245 \u0441\u043c<br \/>\n\u041f\u0440\u0438\u043c\u0435\u0447\u0430\u043d\u0438\u0435: \u0443\u043a\u0430\u0437\u0430\u043d\u043d\u044b\u0435 \u0440\u0430\u0437\u043c\u0435\u0440\u044b - \u044d\u0442\u043e \u0440\u0430\u0437\u043c\u0435\u0440\u044b \u0442\u043a\u0430\u043d\u0438. \u041f\u0440\u0438 \u043f\u043e\u043b\u043d\u043e\u043c \u0434\u0435\u043a\u043e\u0440\u0438\u0440\u043e\u0432\u0430\u043d\u0438\u0438 \u043e\u043a\u043d\u0430 \u0448\u0438\u0440\u0438\u043d\u0430 \u0443\u043c\u0435\u043d\u044c\u0448\u0430\u0435\u0442\u0441\u044f \u043f\u0440\u0438\u043c\u0435\u0440\u043d\u043e \u043d\u0430\u043f\u043e\u043b\u043e\u0432\u0438\u043d\u0443.<\/p>\n<p>\u041f\u043e\u0434\u0432\u0435\u0448\u0438\u0432\u0430\u0435\u0442\u0441\u044f \u0441 \u043f\u043e\u043c\u043e\u0449\u044c\u044e \u043b\u044e\u0432\u0435\u0440\u0441\u043e\u0432 (\u0434\u0438\u0430\u043c\u0435\u0442\u0440 \u043e\u043a. 35 \u043c\u043c) \u043d\u0430 \u043a\u0430\u0440\u043d\u0438\u0437\u0435.<\/p>","protected":false},"excerpt":{"rendered":"<table class=\"dv_characteristicsTable\">\n<tbody>\n<tr>\n<td class=\"left\">Gewicht<\/td>\n<td>50 g\/m\u00b2<\/td>\n<\/tr>\n<tr>\n<td class=\"left\">Breite<\/td>\n<td>140 cm<\/td>\n<\/tr>\n<tr>\n<td class=\"left\">H\u00f6he<\/td>\n<td>245 cm<\/td>\n<\/tr>\n<\/tbody>\n<\/table>\n<table class=\"dv_characteristicsTable\">\n<tbody>\n<tr>\n<td class=\"left\">Aufh\u00e4ngung<\/td>\n<td>\u00d6sen<\/td>\n<\/tr>\n<\/tbody>\n<\/table>\n<table class=\"dv_characteristicsTable\">\n<tbody>\n<tr>\n<td class=\"left\">\u0426\u0432\u0435\u0442<\/td>\n<td>rot<\/td>\n<\/tr>\n<tr>\n<td class=\"left\">Transparenz<\/td>\n<td>transparent<\/td>\n<\/tr>\n<tr>\n<td class=\"left\">Oberfl\u00e4chenstruktur<\/td>\n<td>glatt<\/td>\n<\/tr>\n<\/tbody>\n<\/table>\n<table class=\"dv_characteristicsTable\">\n<tbody>\n<tr>\n<td class=\"left\">Materialart<\/td>\n<td>Voile<\/td>\n<\/tr>\n<tr>\n<td class=\"left\">\u0421\u043e\u0441\u0442\u0430\u0432 \u043c\u0430\u0442\u0435\u0440\u0438\u0430\u043b\u0430<\/td>\n<td>Obermaterial: 100% Polyester<\/td>\n<\/tr>\n<tr>\n<td class=\"left\">\u041c\u0430\u0442\u0435\u0440\u0438\u0430\u043b<\/td>\n<td>\u041f\u043e\u043b\u0438\u044d\u0441\u0442\u0435\u0440<\/td>\n<\/tr>\n<tr>\n<td class=\"left\">Material Aufh\u00e4ngung<\/td>\n<td>\u041c\u0435\u0442\u0430\u043b\u043b<\/td>\n<\/tr>\n<\/tbody>\n<\/table>\n<table class=\"dv_characteristicsTable\">\n<tbody>\n<tr>\n<td class=\"left\">Anzahl Teile<\/td>\n<td>2 St.<\/td>\n<\/tr>\n<tr>\n<td class=\"left\">\u041e\u0431\u044a\u0435\u043c \u043f\u043e\u0441\u0442\u0430\u0432\u043a\u0438<\/td>\n<td>Raffhalter<\/td>\n<\/tr>\n<\/tbody>\n<\/table>\n<table class=\"dv_characteristicsTable\">\n<tbody>\n<tr>\n<td class=\"left\">\u0420\u0435\u043a\u043e\u043c\u0435\u043d\u0434\u0430\u0446\u0438\u0438 \u043f\u043e \u0443\u0445\u043e\u0434\u0443<\/td>\n<td>30\u00b0C Schonw\u00e4sche<\/td>\n<\/tr>\n<\/tbody>\n<\/table>","protected":false},"featured_media":82538,"comment_status":"open","ping_status":"closed","template":"","meta":{"_seopress_robots_primary_cat":"","_seopress_titles_title":"","_seopress_titles_desc":"","_seopress_robots_index":""},"product_brand":[],"product_cat":[1400,1420],"product_tag":[],"class_list":{"0":"post-82490","1":"product","2":"type-product","3":"status-publish","4":"has-post-thumbnail","6":"product_cat-wohnzubehoer","7":"product_cat-wohndekoration","8":"product_shipping_class-standard-versand","10":"first","11":"instock","12":"sale","13":"taxable","14":"shipping-taxable","15":"purchasable","16":"product-type-simple"},"_links":{"self":[{"href":"https:\/\/www.soanam.de\/ru\/wp-json\/wp\/v2\/product\/82490","targetHints":{"allow":["GET"]}}],"collection":[{"href":"https:\/\/www.soanam.de\/ru\/wp-json\/wp\/v2\/product"}],"about":[{"href":"https:\/\/www.soanam.de\/ru\/wp-json\/wp\/v2\/types\/product"}],"replies":[{"embeddable":true,"href":"https:\/\/www.soanam.de\/ru\/wp-json\/wp\/v2\/comments?post=82490"}],"wp:featuredmedia":[{"embeddable":true,"href":"https:\/\/www.soanam.de\/ru\/wp-json\/wp\/v2\/media\/82538"}],"wp:attachment":[{"href":"https:\/\/www.soanam.de\/ru\/wp-json\/wp\/v2\/media?parent=82490"}],"wp:term":[{"taxonomy":"product_brand","embeddable":true,"href":"https:\/\/www.soanam.de\/ru\/wp-json\/wp\/v2\/product_brand?post=82490"},{"taxonomy":"product_cat","embeddable":true,"href":"https:\/\/www.soanam.de\/ru\/wp-json\/wp\/v2\/product_cat?post=82490"},{"taxonomy":"product_tag","embeddable":true,"href":"https:\/\/www.soanam.de\/ru\/wp-json\/wp\/v2\/product_tag?post=82490"}],"curies":[{"name":"wp","href":"https:\/\/api.w.org\/{rel}","templated":true}]}}