{"id":82375,"date":"2023-12-14T02:23:00","date_gmt":"2023-12-14T01:23:00","guid":{"rendered":"https:\/\/www.soanam.de\/?post_type=product&#038;p=82375"},"modified":"2023-12-14T02:25:04","modified_gmt":"2023-12-14T01:25:04","slug":"my-home-fertiggardine-cellino-2-stk-mit-oesen-weiss-groesse-140cmx145cm","status":"publish","type":"product","link":"https:\/\/www.soanam.de\/ru\/produkt\/my-home-fertiggardine-cellino-2-stk-mit-oesen-weiss-groesse-140cmx145cm\/","title":{"rendered":"my home Fertiggardine Cellino, 2 Stk, mit \u00d6sen, Wei\u00df, Gr\u00f6\u00dfe 140cmx145cm"},"content":{"rendered":"<p>Fertiggardine im 2-er Set<\/p>\n<p>\u041f\u0440\u043e\u0437\u0440\u0430\u0447\u043d\u0430\u044f \u0442\u043a\u0430\u043d\u044c<br \/>\nJacquard-Wirkgardine in Netzoptik<br \/>\n\u041b\u0435\u0433\u043a\u043e\u0435 \u043a\u0430\u0447\u0435\u0441\u0442\u0432\u043e<br \/>\nKlassische Maschenware<br \/>\nGrobe Struktur<\/p>\n<p>Die Gardine Cellino von my home ist eine moderne Jacquard-Wirkgardine in Netzoptik und leichter Qualit\u00e4t.<br \/>\nDie elegante Optik wird durch die leichte Qualit\u00e4t des Gardinenschals unterstrichen.<br \/>\nDurch die glatte Oberfl\u00e4che und die unifarbene leichte Transparenz mit dezentem Muster gibt die Gardine einen leichten Sicht- und Sonnenschutz und l\u00e4sst die dekorierten Fenster in jedem Wohnraum gr\u00f6\u00dfer wirken.<br \/>\nEin sch\u00f6nes Dekoelement aus glattem Microfaser-Gewebe, welches pflegeleicht in der Maschine gereinigt werden kann.<\/p>\n<p>\u041c\u0430\u0442\u0435\u0440\u0438\u0430\u043b: \u0412\u0435\u0440\u0445\u043d\u0438\u0439 \u043c\u0430\u0442\u0435\u0440\u0438\u0430\u043b: \u043f\u043e\u043b\u0438\u044d\u0441\u0442\u0435\u0440 100%<br \/>\n\u0420\u0435\u043a\u043e\u043c\u0435\u043d\u0434\u0430\u0446\u0438\u0438 \u043f\u043e \u0443\u0445\u043e\u0434\u0443: \u0411\u0435\u0440\u0435\u0436\u043d\u0430\u044f \u0441\u0442\u0438\u0440\u043a\u0430<\/p>\n<p>\u0426\u0432\u0435\u0442: \u0431\u0435\u043b\u044b\u0439<br \/>\nMuster: Ranken<br \/>\n\u0420\u0430\u0437\u043c\u0435\u0440: \u0448\u0438\u0440\u0438\u043d\u0430 140 \u0441\u043c x \u0434\u043b\u0438\u043d\u0430 145 \u0441\u043c<br \/>\n\u041f\u0440\u0438\u043c\u0435\u0447\u0430\u043d\u0438\u0435: \u0443\u043a\u0430\u0437\u0430\u043d\u043d\u044b\u0435 \u0440\u0430\u0437\u043c\u0435\u0440\u044b - \u044d\u0442\u043e \u0440\u0430\u0437\u043c\u0435\u0440\u044b \u0442\u043a\u0430\u043d\u0438. \u041f\u0440\u0438 \u043f\u043e\u043b\u043d\u043e\u043c \u0434\u0435\u043a\u043e\u0440\u0438\u0440\u043e\u0432\u0430\u043d\u0438\u0438 \u043e\u043a\u043d\u0430 \u0448\u0438\u0440\u0438\u043d\u0430 \u0443\u043c\u0435\u043d\u044c\u0448\u0430\u0435\u0442\u0441\u044f \u043f\u0440\u0438\u043c\u0435\u0440\u043d\u043e \u043d\u0430\u043f\u043e\u043b\u043e\u0432\u0438\u043d\u0443.<\/p>\n<p>\u041f\u043e\u0434\u0432\u0435\u0448\u0438\u0432\u0430\u0435\u0442\u0441\u044f \u0441 \u043f\u043e\u043c\u043e\u0449\u044c\u044e \u043b\u044e\u0432\u0435\u0440\u0441\u043e\u0432 (\u0434\u0438\u0430\u043c\u0435\u0442\u0440 \u043e\u043a. 35 \u043c\u043c) \u043d\u0430 \u043a\u0430\u0440\u043d\u0438\u0437\u0435.<\/p>","protected":false},"excerpt":{"rendered":"<table class=\"dv_characteristicsTable\">\n<tbody>\n<tr>\n<td class=\"left\">Gewicht<\/td>\n<td>70 g\/m\u00b2<\/td>\n<\/tr>\n<tr>\n<td class=\"left\">Breite<\/td>\n<td>140 cm<\/td>\n<\/tr>\n<tr>\n<td class=\"left\">H\u00f6he<\/td>\n<td>145 cm<\/td>\n<\/tr>\n<\/tbody>\n<\/table>\n<table class=\"dv_characteristicsTable\">\n<tbody>\n<tr>\n<td class=\"left\">Aufh\u00e4ngung<\/td>\n<td>\u00d6sen<\/td>\n<\/tr>\n<\/tbody>\n<\/table>\n<table class=\"dv_characteristicsTable\">\n<tbody>\n<tr>\n<td class=\"left\">\u0426\u0432\u0435\u0442<\/td>\n<td>wei\u00df<\/td>\n<\/tr>\n<tr>\n<td class=\"left\">Transparenz<\/td>\n<td>transparent<\/td>\n<\/tr>\n<tr>\n<td class=\"left\">Oberfl\u00e4chenstruktur<\/td>\n<td>strukturiert<\/td>\n<\/tr>\n<tr>\n<td class=\"left\">Design<\/td>\n<td>gemustert<br \/>\nunifarben<\/td>\n<\/tr>\n<tr>\n<td class=\"left\">Motiv<\/td>\n<td>Ranken<\/td>\n<\/tr>\n<\/tbody>\n<\/table>\n<table class=\"dv_characteristicsTable\">\n<tbody>\n<tr>\n<td class=\"left\">Materialart<\/td>\n<td>Jacquard<\/td>\n<\/tr>\n<tr>\n<td class=\"left\">\u0421\u043e\u0441\u0442\u0430\u0432 \u043c\u0430\u0442\u0435\u0440\u0438\u0430\u043b\u0430<\/td>\n<td>Obermaterial: 100% Polyester<\/td>\n<\/tr>\n<tr>\n<td class=\"left\">\u041c\u0430\u0442\u0435\u0440\u0438\u0430\u043b<\/td>\n<td>\u041f\u043e\u043b\u0438\u044d\u0441\u0442\u0435\u0440<\/td>\n<\/tr>\n<tr>\n<td class=\"left\">Material Aufh\u00e4ngung<\/td>\n<td>\u041c\u0435\u0442\u0430\u043b\u043b<\/td>\n<\/tr>\n<\/tbody>\n<\/table>\n<table class=\"dv_characteristicsTable\">\n<tbody>\n<tr>\n<td class=\"left\">Anzahl Teile<\/td>\n<td>2 St.<\/td>\n<\/tr>\n<\/tbody>\n<\/table>\n<table class=\"dv_characteristicsTable\">\n<tbody>\n<tr>\n<td class=\"left\">\u0420\u0435\u043a\u043e\u043c\u0435\u043d\u0434\u0430\u0446\u0438\u0438 \u043f\u043e \u0443\u0445\u043e\u0434\u0443<\/td>\n<td>30\u00b0C Schonw\u00e4sche<\/td>\n<\/tr>\n<\/tbody>\n<\/table>","protected":false},"featured_media":82465,"comment_status":"open","ping_status":"closed","template":"","meta":{"_seopress_robots_primary_cat":"","_seopress_titles_title":"","_seopress_titles_desc":"","_seopress_robots_index":""},"product_brand":[],"product_cat":[1400,1420],"product_tag":[],"class_list":{"0":"post-82375","1":"product","2":"type-product","3":"status-publish","4":"has-post-thumbnail","6":"product_cat-wohnzubehoer","7":"product_cat-wohndekoration","8":"product_shipping_class-standard-versand","10":"first","11":"instock","12":"taxable","13":"shipping-taxable","14":"purchasable","15":"product-type-simple"},"_links":{"self":[{"href":"https:\/\/www.soanam.de\/ru\/wp-json\/wp\/v2\/product\/82375","targetHints":{"allow":["GET"]}}],"collection":[{"href":"https:\/\/www.soanam.de\/ru\/wp-json\/wp\/v2\/product"}],"about":[{"href":"https:\/\/www.soanam.de\/ru\/wp-json\/wp\/v2\/types\/product"}],"replies":[{"embeddable":true,"href":"https:\/\/www.soanam.de\/ru\/wp-json\/wp\/v2\/comments?post=82375"}],"wp:featuredmedia":[{"embeddable":true,"href":"https:\/\/www.soanam.de\/ru\/wp-json\/wp\/v2\/media\/82465"}],"wp:attachment":[{"href":"https:\/\/www.soanam.de\/ru\/wp-json\/wp\/v2\/media?parent=82375"}],"wp:term":[{"taxonomy":"product_brand","embeddable":true,"href":"https:\/\/www.soanam.de\/ru\/wp-json\/wp\/v2\/product_brand?post=82375"},{"taxonomy":"product_cat","embeddable":true,"href":"https:\/\/www.soanam.de\/ru\/wp-json\/wp\/v2\/product_cat?post=82375"},{"taxonomy":"product_tag","embeddable":true,"href":"https:\/\/www.soanam.de\/ru\/wp-json\/wp\/v2\/product_tag?post=82375"}],"curies":[{"name":"wp","href":"https:\/\/api.w.org\/{rel}","templated":true}]}}