{"id":82276,"date":"2023-12-14T02:20:47","date_gmt":"2023-12-14T01:20:47","guid":{"rendered":"https:\/\/www.soanam.de\/?post_type=product&#038;p=82276"},"modified":"2023-12-14T02:23:36","modified_gmt":"2023-12-14T01:23:36","slug":"alpenblitz-wintermantel-slim-wai-in-olive-groesse-44","status":"publish","type":"product","link":"https:\/\/www.soanam.de\/ru\/produkt\/alpenblitz-wintermantel-slim-wai-in-olive-groesse-44\/","title":{"rendered":"ALPENBLITZ Wintermantel Slim Wai, in Olive, Gr\u00f6\u00dfe 44"},"content":{"rendered":"<p>Wintermantel mit abtrennbarer Kapuze von Alpenblitz<br \/>\nMit vielen Details, wie praktischem Doppelrei\u00dfverschluss, gro\u00dfe Rei\u00dfverschlusstaschen, eine Innentasche, eine elastische Raffung in der Taille, B\u00fcndchen an den \u00c4rmelenden die ebenfalls individuell einstellbar sind<br \/>\nMit Alpenblitz Logo auf dem \u00c4rmel<br \/>\nAus pflegeleichtem Material, leicht und w\u00e4rmend gef\u00fcttert<\/p>\n<p>Klassischer Wintermantel von ALPENBLITZ mit gro\u00dfer abnehmbarer Kapuze.<br \/>\nDer Parka ist in w\u00e4rmender, Po-bedeckender L\u00e4nge, mit regulierbarer Taillenpassform durch elastische Raffung, Figur schmeichelnd und edel geschnitten.<br \/>\nGro\u00dfe Rei\u00dfverschlusstaschen, Innentasche, B\u00fcndchen an den \u00c4rmelenden, die ebenfalls individuell einstellbar sind - das sind nur einige der vielen stylischen und praktischen Details.<br \/>\nDas Obermaterial ist aus leicht gl\u00e4nzendem pflegeleichten Material, w\u00e4rmend gef\u00fcttert.<\/p>\n<p>Material: Obermaterial: 100% Nylon<br \/>\n\u0420\u0435\u043a\u043e\u043c\u0435\u043d\u0434\u0430\u0446\u0438\u0438 \u043f\u043e \u0443\u0445\u043e\u0434\u0443: \u041c\u0430\u0448\u0438\u043d\u043d\u0430\u044f \u0441\u0442\u0438\u0440\u043a\u0430<\/p>\n<p>Farbe: olive<br \/>\n\u0423\u0437\u043e\u0440: \u0431\u0435\u0437<br \/>\n\u0420\u0430\u0437\u043c\u0435\u0440: 44<\/p>\n<p>\u0428\u0438\u0440\u0438\u043d\u0430 \u043f\u043b\u0435\u0447: 46 \u0441\u043c<br \/>\n\u0428\u0438\u0440\u0438\u043d\u0430 \u0433\u0440\u0443\u0434\u0438: 120 \u0441\u043c<br \/>\n\u0414\u043b\u0438\u043d\u0430 \u0440\u0443\u043a\u0430\u0432\u0430: 65 \u0441\u043c<br \/>\n\u041e\u0431\u0449\u0430\u044f \u0434\u043b\u0438\u043d\u0430: 107 \u0441\u043c<\/p>","protected":false},"excerpt":{"rendered":"<table class=\"dv_characteristicsTable\">\n<tbody>\n<tr>\n<td class=\"left\">\u0420\u0430\u0437\u043c\u0435\u0440<\/td>\n<td>44<\/td>\n<\/tr>\n<tr>\n<td class=\"left\">Gr\u00f6\u00dfentyp<\/td>\n<td>Normalgr\u00f6\u00dfen<\/td>\n<\/tr>\n<tr>\n<td class=\"left\">\u0421\u043e\u0441\u0442\u0430\u0432 \u043c\u0430\u0442\u0435\u0440\u0438\u0430\u043b\u0430<\/td>\n<td>Obermaterial: 100% Nylon. Futter: 100% Polyester.<\/td>\n<\/tr>\n<tr>\n<td class=\"left\">Materialart<\/td>\n<td>Web<\/td>\n<\/tr>\n<tr>\n<td class=\"left\">\u0420\u0435\u043a\u043e\u043c\u0435\u043d\u0434\u0430\u0446\u0438\u0438 \u043f\u043e \u0443\u0445\u043e\u0434\u0443<\/td>\n<td>\u041c\u0430\u0448\u0438\u043d\u043d\u0430\u044f \u0441\u0442\u0438\u0440\u043a\u0430<\/td>\n<\/tr>\n<tr>\n<td class=\"left\">Optik<\/td>\n<td>unifarben, leicht gl\u00e4nzend<\/td>\n<\/tr>\n<tr>\n<td class=\"left\">Stil<\/td>\n<td>casual<\/td>\n<\/tr>\n<tr>\n<td class=\"left\">\u0426\u0432\u0435\u0442<\/td>\n<td>olive<\/td>\n<\/tr>\n<tr>\n<td class=\"left\">Ausschnitt<\/td>\n<td>Kragen<\/td>\n<\/tr>\n<tr>\n<td class=\"left\">\u00c4rmel<\/td>\n<td>\u0414\u043b\u0438\u043d\u043d\u044b\u0439 \u0440\u0443\u043a\u0430\u0432<\/td>\n<\/tr>\n<tr>\n<td class=\"left\">\u00c4rmeldetails<\/td>\n<td>\u00c4rmel mit einstellbaren \u00c4rmelenden<\/td>\n<\/tr>\n<tr>\n<td class=\"left\">\u00c4rmelabschluss<\/td>\n<td>\u0420\u0435\u0431\u0440\u0438\u0441\u0442\u044b\u0435 \u043c\u0430\u043d\u0436\u0435\u0442\u044b<\/td>\n<\/tr>\n<tr>\n<td class=\"left\">\u041a\u0430\u043f\u044e\u0448\u043e\u043d<\/td>\n<td>mit Kapuze<\/td>\n<\/tr>\n<tr>\n<td class=\"left\">Fit<\/td>\n<td>figurumspielend<\/td>\n<\/tr>\n<tr>\n<td class=\"left\">Schnittform L\u00e4nge<\/td>\n<td>Po-bedeckend<\/td>\n<\/tr>\n<tr>\n<td class=\"left\">Applikationen<\/td>\n<td>Markenlabel<\/td>\n<\/tr>\n<tr>\n<td class=\"left\">Verschluss<\/td>\n<td>doppelter Rei\u00dfverschluss<\/td>\n<\/tr>\n<tr>\n<td class=\"left\"><\/td>\n<td><\/td>\n<\/tr>\n<tr>\n<td class=\"left\"><\/td>\n<td><\/td>\n<\/tr>\n<tr>\n<td class=\"left\"><\/td>\n<td><\/td>\n<\/tr>\n<tr>\n<td class=\"left\"><\/td>\n<td><\/td>\n<\/tr>\n<tr>\n<td class=\"left\"><\/td>\n<td><\/td>\n<\/tr>\n<tr>\n<td class=\"left\"><\/td>\n<td><\/td>\n<\/tr>\n<tr>\n<td class=\"left\"><\/td>\n<td><\/td>\n<\/tr>\n<tr>\n<td class=\"left\"><\/td>\n<td><\/td>\n<\/tr>\n<tr>\n<td class=\"left\"><\/td>\n<td><\/td>\n<\/tr>\n<\/tbody>\n<\/table>","protected":false},"featured_media":82401,"comment_status":"open","ping_status":"closed","template":"","meta":{"_seopress_robots_primary_cat":"","_seopress_titles_title":"","_seopress_titles_desc":"","_seopress_robots_index":""},"product_brand":[],"product_cat":[1348,1354,1375,1440],"product_tag":[],"class_list":{"0":"post-82276","1":"product","2":"type-product","3":"status-publish","4":"has-post-thumbnail","6":"product_cat-damen-mode","7":"product_cat-jacken-maentel","8":"product_cat-winterjacken","9":"product_cat-parkas-winterjacken","10":"product_shipping_class-standard-versand","12":"first","13":"instock","14":"sale","15":"taxable","16":"shipping-taxable","17":"purchasable","18":"product-type-simple"},"_links":{"self":[{"href":"https:\/\/www.soanam.de\/ru\/wp-json\/wp\/v2\/product\/82276","targetHints":{"allow":["GET"]}}],"collection":[{"href":"https:\/\/www.soanam.de\/ru\/wp-json\/wp\/v2\/product"}],"about":[{"href":"https:\/\/www.soanam.de\/ru\/wp-json\/wp\/v2\/types\/product"}],"replies":[{"embeddable":true,"href":"https:\/\/www.soanam.de\/ru\/wp-json\/wp\/v2\/comments?post=82276"}],"wp:featuredmedia":[{"embeddable":true,"href":"https:\/\/www.soanam.de\/ru\/wp-json\/wp\/v2\/media\/82401"}],"wp:attachment":[{"href":"https:\/\/www.soanam.de\/ru\/wp-json\/wp\/v2\/media?parent=82276"}],"wp:term":[{"taxonomy":"product_brand","embeddable":true,"href":"https:\/\/www.soanam.de\/ru\/wp-json\/wp\/v2\/product_brand?post=82276"},{"taxonomy":"product_cat","embeddable":true,"href":"https:\/\/www.soanam.de\/ru\/wp-json\/wp\/v2\/product_cat?post=82276"},{"taxonomy":"product_tag","embeddable":true,"href":"https:\/\/www.soanam.de\/ru\/wp-json\/wp\/v2\/product_tag?post=82276"}],"curies":[{"name":"wp","href":"https:\/\/api.w.org\/{rel}","templated":true}]}}