{"id":82190,"date":"2023-12-14T02:14:04","date_gmt":"2023-12-14T01:14:04","guid":{"rendered":"https:\/\/www.soanam.de\/?post_type=product&#038;p=82190"},"modified":"2023-12-14T02:21:32","modified_gmt":"2023-12-14T01:21:32","slug":"superdry-everest-parka-in-marine-groesse-2xl","status":"publish","type":"product","link":"https:\/\/www.soanam.de\/ru\/produkt\/superdry-everest-parka-in-marine-groesse-2xl\/","title":{"rendered":"Superdry Everest Parka, in Marine, Gr\u00f6\u00dfe 2XL"},"content":{"rendered":"<p>Parka von Superdry<br \/>\n\u041e\u0434\u043d\u043e\u0442\u043e\u043d\u043d\u044b\u0435 \u0446\u0432\u0435\u0442\u0430<br \/>\nKapuze mit Kunstfellbesatz<br \/>\n\u041f\u043b\u0430\u043d\u043a\u0430 \u043d\u0430 \u043f\u0443\u0433\u043e\u0432\u0438\u0446\u0430\u0445<br \/>\nMit Windschutzblende<br \/>\n\u041f\u043e\u0442\u0430\u0439\u043d\u0430\u044f \u0437\u0430\u0441\u0442\u0435\u0436\u043a\u0430 \u043d\u0430 \u043c\u043e\u043b\u043d\u0438\u0438<\/p>\n<p>Der Parka von Superdry verf\u00fcgt \u00fcber einen Hauptverschluss mit Rei\u00dfverschluss und einer Knopfleiste, einer Kapuze mit Kunstfellbesatz und 4 Taschen.<br \/>\nEr ist warm gef\u00fcttert, in normaler L\u00e4nge und im regular fit geschnitten.<\/p>\n<p>\u041c\u0430\u0442\u0435\u0440\u0438\u0430\u043b: \u0412\u0435\u0440\u0445\u043d\u0438\u0439 \u043c\u0430\u0442\u0435\u0440\u0438\u0430\u043b: \u043f\u043e\u043b\u0438\u044d\u0441\u0442\u0435\u0440 100%<br \/>\n\u041f\u043e\u0434\u043a\u043b\u0430\u0434\u043a\u0430: \u043d\u0435\u0439\u043b\u043e\u043d 100%<br \/>\nRippb\u00fcndchen: 99% Polyester, 1% Elasthan<br \/>\nKapuzenfutter: 97% Polyester, 3% Polyacryl<br \/>\n\u041d\u0430\u0431\u0438\u0432\u043a\u0430: \u043f\u043e\u043b\u0438\u044d\u0441\u0442\u0435\u0440 100%<br \/>\nWebpelzbesatz: 45% Polyacryl, 39% Modacryl, 16% Polyester<br \/>\n\u0420\u0435\u043a\u043e\u043c\u0435\u043d\u0434\u0430\u0446\u0438\u0438 \u043f\u043e \u0443\u0445\u043e\u0434\u0443: \u041c\u0430\u0448\u0438\u043d\u043d\u0430\u044f \u0441\u0442\u0438\u0440\u043a\u0430<\/p>\n<p>\u0426\u0432\u0435\u0442: \u043c\u043e\u0440\u0441\u043a\u043e\u0439<br \/>\n\u0423\u0437\u043e\u0440: \u0431\u0435\u0437<br \/>\nGr\u00f6\u00dfe: 2XL<\/p>\n<p>\u0428\u0438\u0440\u0438\u043d\u0430 \u043f\u043b\u0435\u0447: 54 \u0441\u043c<br \/>\n\u0428\u0438\u0440\u0438\u043d\u0430 \u0433\u0440\u0443\u0434\u0438: 130 \u0441\u043c<br \/>\n\u0414\u043b\u0438\u043d\u0430 \u0440\u0443\u043a\u0430\u0432\u0430: 72 \u0441\u043c<br \/>\n\u041e\u0431\u0449\u0430\u044f \u0434\u043b\u0438\u043d\u0430: 91 \u0441\u043c<\/p>\n<p>&nbsp;<\/p>\n<p>\u042d\u0442\u043e\u0442 \u043d\u043e\u0432\u044b\u0439 \u0442\u043e\u0432\u0430\u0440 \u044f\u0432\u043b\u044f\u0435\u0442\u0441\u044f \u0432\u043e\u0437\u0432\u0440\u0430\u0449\u0435\u043d\u043d\u044b\u043c \u043f\u043e\u043a\u0443\u043f\u0430\u0442\u0435\u043b\u0435\u043c \u0431\u0435\u0437 \u044d\u0442\u0438\u043a\u0435\u0442\u043a\u0438.<\/p>","protected":false},"excerpt":{"rendered":"<table class=\"dv_characteristicsTable\" style=\"height: 601px;\" width=\"420\">\n<tbody>\n<tr>\n<td class=\"left\">\u0420\u0430\u0437\u043c\u0435\u0440<\/td>\n<td>2XL<\/td>\n<\/tr>\n<tr>\n<td class=\"left\">Gr\u00f6\u00dfentyp<\/td>\n<td>Normalgr\u00f6\u00dfen<\/td>\n<\/tr>\n<tr>\n<td class=\"left\">\u0421\u043e\u0441\u0442\u0430\u0432 \u043c\u0430\u0442\u0435\u0440\u0438\u0430\u043b\u0430<\/td>\n<td>Obermaterial: 100% Polyester<\/td>\n<\/tr>\n<tr>\n<td class=\"left\">\u0420\u0435\u043a\u043e\u043c\u0435\u043d\u0434\u0430\u0446\u0438\u0438 \u043f\u043e \u0443\u0445\u043e\u0434\u0443<\/td>\n<td>\u041c\u0430\u0448\u0438\u043d\u043d\u0430\u044f \u0441\u0442\u0438\u0440\u043a\u0430<\/td>\n<\/tr>\n<tr>\n<td class=\"left\">Optik<\/td>\n<td>unifarben<\/td>\n<\/tr>\n<tr>\n<td class=\"left\">Stil<\/td>\n<td>casual<\/td>\n<\/tr>\n<tr>\n<td class=\"left\">\u0426\u0432\u0435\u0442<\/td>\n<td>\u043c\u043e\u0440\u0441\u043a\u0430\u044f<\/td>\n<\/tr>\n<tr>\n<td class=\"left\">Kragen<\/td>\n<td>mit Kapuze<\/td>\n<\/tr>\n<tr>\n<td class=\"left\">\u041d\u0430 \u043f\u043e\u0434\u043a\u043b\u0430\u0434\u043a\u0435<\/td>\n<td>ja<\/td>\n<\/tr>\n<tr>\n<td class=\"left\">\u00c4rmel<\/td>\n<td>\u0414\u043b\u0438\u043d\u043d\u044b\u0439 \u0440\u0443\u043a\u0430\u0432<\/td>\n<\/tr>\n<tr>\n<td class=\"left\">Ton in Ton N\u00e4hte<\/td>\n<td>ja<\/td>\n<\/tr>\n<tr>\n<td class=\"left\">L\u00e4nge<\/td>\n<td>Oberschenkel<\/td>\n<\/tr>\n<tr>\n<td class=\"left\">Schnitt<\/td>\n<td>regular fit<\/td>\n<\/tr>\n<tr>\n<td class=\"left\">Verschluss<\/td>\n<td>Rei\u00dfverschluss, Kn\u00f6pfe<\/td>\n<\/tr>\n<tr>\n<td class=\"left\"><\/td>\n<td><\/td>\n<\/tr>\n<tr>\n<td class=\"left\"><\/td>\n<td><\/td>\n<\/tr>\n<tr>\n<td class=\"left\"><\/td>\n<td><\/td>\n<\/tr>\n<tr>\n<td class=\"left\"><\/td>\n<td><\/td>\n<\/tr>\n<tr>\n<td class=\"left\"><\/td>\n<td><\/td>\n<\/tr>\n<tr>\n<td class=\"left\"><\/td>\n<td><\/td>\n<\/tr>\n<\/tbody>\n<\/table>","protected":false},"featured_media":82306,"comment_status":"open","ping_status":"closed","template":"","meta":{"_seopress_robots_primary_cat":"","_seopress_titles_title":"","_seopress_titles_desc":"","_seopress_robots_index":""},"product_brand":[],"product_cat":[1345,1363,1377,1389],"product_tag":[],"class_list":{"0":"post-82190","1":"product","2":"type-product","3":"status-publish","4":"has-post-thumbnail","6":"product_cat-herrenmode","7":"product_cat-jacken-maentel-herrenmode","8":"product_cat-winterjacken-jacken-maentel-herrenmode","9":"product_cat-parkas","10":"product_shipping_class-standard-versand","12":"first","13":"instock","14":"sale","15":"taxable","16":"shipping-taxable","17":"purchasable","18":"product-type-simple"},"_links":{"self":[{"href":"https:\/\/www.soanam.de\/ru\/wp-json\/wp\/v2\/product\/82190","targetHints":{"allow":["GET"]}}],"collection":[{"href":"https:\/\/www.soanam.de\/ru\/wp-json\/wp\/v2\/product"}],"about":[{"href":"https:\/\/www.soanam.de\/ru\/wp-json\/wp\/v2\/types\/product"}],"replies":[{"embeddable":true,"href":"https:\/\/www.soanam.de\/ru\/wp-json\/wp\/v2\/comments?post=82190"}],"wp:featuredmedia":[{"embeddable":true,"href":"https:\/\/www.soanam.de\/ru\/wp-json\/wp\/v2\/media\/82306"}],"wp:attachment":[{"href":"https:\/\/www.soanam.de\/ru\/wp-json\/wp\/v2\/media?parent=82190"}],"wp:term":[{"taxonomy":"product_brand","embeddable":true,"href":"https:\/\/www.soanam.de\/ru\/wp-json\/wp\/v2\/product_brand?post=82190"},{"taxonomy":"product_cat","embeddable":true,"href":"https:\/\/www.soanam.de\/ru\/wp-json\/wp\/v2\/product_cat?post=82190"},{"taxonomy":"product_tag","embeddable":true,"href":"https:\/\/www.soanam.de\/ru\/wp-json\/wp\/v2\/product_tag?post=82190"}],"curies":[{"name":"wp","href":"https:\/\/api.w.org\/{rel}","templated":true}]}}