{"id":81908,"date":"2023-12-14T02:08:26","date_gmt":"2023-12-14T01:08:26","guid":{"rendered":"https:\/\/www.soanam.de\/?post_type=product&#038;p=81908"},"modified":"2023-12-14T02:10:23","modified_gmt":"2023-12-14T01:10:23","slug":"ltb-feinstrickpullover-pihele-in-grau-melange-groesse-xxl","status":"publish","type":"product","link":"https:\/\/www.soanam.de\/ru\/produkt\/ltb-feinstrickpullover-pihele-in-grau-melange-groesse-xxl\/","title":{"rendered":"LTB Feinstrickpullover PIHELE , in Grau-Melange, Gr\u00f6\u00dfe XXL"},"content":{"rendered":"<p>Feinstrickpullover von LTB<br \/>\nMit tiefen V-Ausschnitt und Streifen<br \/>\n\u041e\u0431\u0440\u0435\u0437\u0430\u043d\u043d\u044b\u0435 \u043f\u043b\u0435\u0447\u0438<br \/>\n\u041d\u0430 \u0440\u0443\u043a\u0430\u0432\u0430\u0445 \u043c\u044f\u0433\u043a\u0438\u0435 \u0440\u0435\u0431\u0440\u0438\u0441\u0442\u044b\u0435 \u043c\u0430\u043d\u0436\u0435\u0442\u044b<br \/>\n\u0424\u0438\u0440\u043c\u0435\u043d\u043d\u044b\u0439 \u043b\u043e\u0433\u043e\u0442\u0438\u043f<br \/>\n\u041c\u044f\u0433\u043a\u0430\u044f \u0440\u0443\u043a\u043e\u044f\u0442\u043a\u0430<\/p>\n<p>Der Feinstrickpullover von LTB hat einen locker-l\u00e4ssigen Schnitt, \u00fcberschnittene Schultern und S\u00e4ume mit weichen Ripp-B\u00fcndchen.<br \/>\nDer V-Ausschnitt weist ein tiefes Dekollete auf, weiterhin gibt es 2 Streifen auf der Vorderseite und den \u00c4rmeln.<br \/>\nDer angenehm weiche Wollemix ist super bequem und w\u00e4rmt hervorragend.<\/p>\n<p>Material: 80% Polyacryl, 20% Polyester<br \/>\n\u0420\u0435\u043a\u043e\u043c\u0435\u043d\u0434\u0430\u0446\u0438\u0438 \u043f\u043e \u0443\u0445\u043e\u0434\u0443: \u041c\u0430\u0448\u0438\u043d\u043d\u0430\u044f \u0441\u0442\u0438\u0440\u043a\u0430<\/p>\n<p>Farbe: grau-melange<br \/>\n\u0423\u0437\u043e\u0440: \u043f\u043e\u043b\u043e\u0441\u043a\u0438<br \/>\n\u0420\u0430\u0437\u043c\u0435\u0440: XXL<\/p>\n<p>Schulterbreite: 67cm<br \/>\n\u0428\u0438\u0440\u0438\u043d\u0430 \u0433\u0440\u0443\u0434\u0438: 128 \u0441\u043c<br \/>\n\u0414\u043b\u0438\u043d\u0430 \u0440\u0443\u043a\u0430\u0432\u0430: 51 \u0441\u043c<br \/>\n\u041e\u0431\u0449\u0430\u044f \u0434\u043b\u0438\u043d\u0430: 70 \u0441\u043c<\/p>","protected":false},"excerpt":{"rendered":"<p>Material: 80% Polyacryl, 20% Polyester<br \/>\n\u0420\u0435\u043a\u043e\u043c\u0435\u043d\u0434\u0430\u0446\u0438\u0438 \u043f\u043e \u0443\u0445\u043e\u0434\u0443: \u041c\u0430\u0448\u0438\u043d\u043d\u0430\u044f \u0441\u0442\u0438\u0440\u043a\u0430<\/p>\n<p>Farbe: grau-melange<br \/>\n\u0423\u0437\u043e\u0440: \u043f\u043e\u043b\u043e\u0441\u043a\u0438<br \/>\n\u0420\u0430\u0437\u043c\u0435\u0440: XXL<\/p>\n<p>&nbsp;<\/p>","protected":false},"featured_media":82010,"comment_status":"open","ping_status":"closed","template":"","meta":{"_seopress_robots_primary_cat":"","_seopress_titles_title":"","_seopress_titles_desc":"","_seopress_robots_index":""},"product_brand":[],"product_cat":[1348,1456,1465],"product_tag":[],"class_list":{"0":"post-81908","1":"product","2":"type-product","3":"status-publish","4":"has-post-thumbnail","6":"product_cat-damen-mode","7":"product_cat-pullover-sweater","8":"product_cat-strickpullover","9":"product_shipping_class-standard-versand","11":"first","12":"instock","13":"taxable","14":"shipping-taxable","15":"purchasable","16":"product-type-simple"},"_links":{"self":[{"href":"https:\/\/www.soanam.de\/ru\/wp-json\/wp\/v2\/product\/81908","targetHints":{"allow":["GET"]}}],"collection":[{"href":"https:\/\/www.soanam.de\/ru\/wp-json\/wp\/v2\/product"}],"about":[{"href":"https:\/\/www.soanam.de\/ru\/wp-json\/wp\/v2\/types\/product"}],"replies":[{"embeddable":true,"href":"https:\/\/www.soanam.de\/ru\/wp-json\/wp\/v2\/comments?post=81908"}],"wp:featuredmedia":[{"embeddable":true,"href":"https:\/\/www.soanam.de\/ru\/wp-json\/wp\/v2\/media\/82010"}],"wp:attachment":[{"href":"https:\/\/www.soanam.de\/ru\/wp-json\/wp\/v2\/media?parent=81908"}],"wp:term":[{"taxonomy":"product_brand","embeddable":true,"href":"https:\/\/www.soanam.de\/ru\/wp-json\/wp\/v2\/product_brand?post=81908"},{"taxonomy":"product_cat","embeddable":true,"href":"https:\/\/www.soanam.de\/ru\/wp-json\/wp\/v2\/product_cat?post=81908"},{"taxonomy":"product_tag","embeddable":true,"href":"https:\/\/www.soanam.de\/ru\/wp-json\/wp\/v2\/product_tag?post=81908"}],"curies":[{"name":"wp","href":"https:\/\/api.w.org\/{rel}","templated":true}]}}