{"id":81797,"date":"2023-12-14T02:06:16","date_gmt":"2023-12-14T01:06:16","guid":{"rendered":"https:\/\/www.soanam.de\/?post_type=product&#038;p=81797"},"modified":"2023-12-14T02:08:21","modified_gmt":"2023-12-14T01:08:21","slug":"otto-products-fitted-sheet-neele-2-pieces-in-mint-90cm-x-200cm","status":"publish","type":"product","link":"https:\/\/www.soanam.de\/ru\/produkt\/otto-products-spannbettlaken-neele-2-stk-in-mint-90cm-x-200cm\/","title":{"rendered":"OTTO products fitted sheet Neele, 2 pcs., in mint, 90cm x 200cm"},"content":{"rendered":"<p>\u041f\u0440\u043e\u0434\u0443\u043a\u0446\u0438\u044f OTTO - 2 \u0448\u0442. \u0432\u0441\u0442\u0440\u043e\u0435\u043d\u043d\u044b\u0445 \u043f\u0440\u043e\u0441\u0442\u044b\u043d\u0435\u0439<br \/>\n\u0414\u043b\u044f \u043c\u0430\u0442\u0440\u0430\u0441\u043e\u0432 \u0432\u044b\u0441\u043e\u0442\u043e\u0439 \u0434\u043e 20 \u0441\u043c<br \/>\n\u0411\u0435\u0437\u043e\u043f\u0430\u0441\u0435\u043d \u0434\u043b\u044f \u043a\u043e\u0436\u0438 \u0438 \u043f\u0440\u043e\u0441\u0442 \u0432 \u0443\u0445\u043e\u0434\u0435<br \/>\n\u0441\u0435\u0440\u0442\u0438\u0444\u0438\u0446\u0438\u0440\u043e\u0432\u0430\u043d\u043d\u044b\u0439 GOTS<br \/>\n\u041c\u044f\u0433\u043a\u0430\u044f \u0442\u043a\u0430\u043d\u044c \u0434\u0436\u0435\u0440\u0441\u0438 \u0441 \u044d\u043b\u0430\u0441\u0442\u0438\u0447\u043d\u044b\u043c \u043f\u043e\u044f\u0441\u043e\u043c<\/p>\n<p>\u0412\u0435\u043b\u0438\u043a\u043e\u043b\u0435\u043f\u043d\u044b\u0435 \u0432\u0442\u0430\u0447\u043d\u044b\u0435 \u043f\u0440\u043e\u0441\u0442\u044b\u043d\u0438 Neele \u043e\u0442 \u0431\u0440\u0435\u043d\u0434\u0430 Otto Products - \u044d\u0442\u043e \u043f\u0440\u043e\u0441\u0442\u043e\u0439, \u043a\u043b\u0430\u0441\u0441\u0438\u0447\u0435\u0441\u043a\u0438\u0439 \u0434\u0438\u0437\u0430\u0439\u043d \u0438 \u044d\u043a\u043e\u043b\u043e\u0433\u0438\u0447\u043d\u043e\u0441\u0442\u044c.<br \/>\n\u041f\u0440\u0438\u0442\u0430\u043b\u0435\u043d\u043d\u0430\u044f \u043f\u0440\u043e\u0441\u0442\u044b\u043d\u044f \u043e\u0441\u043d\u0430\u0449\u0435\u043d\u0430 \u0440\u0435\u0437\u0438\u043d\u043a\u043e\u0439 \u043f\u043e \u0432\u0441\u0435\u043c\u0443 \u043f\u0435\u0440\u0438\u043c\u0435\u0442\u0440\u0443, \u0447\u0442\u043e \u043e\u0431\u043b\u0435\u0433\u0447\u0430\u0435\u0442 \u0435\u0435 \u043d\u0430\u043a\u0440\u044b\u0432\u0430\u043d\u0438\u0435 \u0438 \u043e\u0431\u0435\u0441\u043f\u0435\u0447\u0438\u0432\u0430\u0435\u0442 \u0445\u043e\u0440\u043e\u0448\u0435\u0435 \u043f\u0440\u0438\u043b\u0435\u0433\u0430\u043d\u0438\u0435.<br \/>\n\u0422\u043a\u0430\u043d\u044c \u0438\u0437\u0433\u043e\u0442\u043e\u0432\u043b\u0435\u043d\u0430 \u0438\u0437 \u043e\u0440\u0433\u0430\u043d\u0438\u0447\u0435\u0441\u043a\u043e\u0433\u043e \u0445\u043b\u043e\u043f\u043a\u0430 100%, \u043e\u0447\u0435\u043d\u044c \u043f\u0440\u0438\u044f\u0442\u043d\u0430 \u0434\u043b\u044f \u043a\u043e\u0436\u0438 \u0438 \u043f\u0440\u043e\u0441\u0442\u0430 \u0432 \u0443\u0445\u043e\u0434\u0435, \u0434\u043e\u043f\u0443\u0441\u043a\u0430\u0435\u0442 \u043c\u0430\u0448\u0438\u043d\u043d\u0443\u044e \u0441\u0442\u0438\u0440\u043a\u0443 \u043f\u0440\u0438 \u0442\u0435\u043c\u043f\u0435\u0440\u0430\u0442\u0443\u0440\u0435 \u0434\u043e 60\u00b0C \u0438 \u0441\u0443\u0448\u043a\u0443 \u0432 \u0431\u0430\u0440\u0430\u0431\u0430\u043d\u0435.<\/p>\n<p>\u041c\u0430\u0442\u0435\u0440\u0438\u0430\u043b: \u0445\u043b\u043e\u043f\u043e\u043a 100%<br \/>\n\u0420\u0435\u043a\u043e\u043c\u0435\u043d\u0434\u0430\u0446\u0438\u0438 \u043f\u043e \u0443\u0445\u043e\u0434\u0443: \u041c\u0430\u0448\u0438\u043d\u043d\u0430\u044f \u0441\u0442\u0438\u0440\u043a\u0430<\/p>\n<p>\u0426\u0432\u0435\u0442: \u043c\u044f\u0442\u043d\u044b\u0439<br \/>\n\u0423\u0437\u043e\u0440: \u0431\u0435\u0437<br \/>\n\u041a\u043e\u043b\u0438\u0447\u0435\u0441\u0442\u0432\u043e: 2 \u0448\u0442.<br \/>\n\u0420\u0430\u0437\u043c\u0435\u0440: 90 \u0441\u043c x 200 \u0441\u043c<\/p>","protected":false},"excerpt":{"rendered":"<table class=\"dv_characteristicsTable\">\n<tbody>\n<tr>\n<td class=\"left\">Anzahl Teile<\/td>\n<td>2 St.<\/td>\n<\/tr>\n<tr>\n<td class=\"left\">Gummizug<\/td>\n<td>rundum<\/td>\n<\/tr>\n<\/tbody>\n<\/table>\n<table class=\"dv_characteristicsTable\">\n<tbody>\n<tr>\n<td class=\"left\">Optik<\/td>\n<td>unifarben<\/td>\n<\/tr>\n<tr>\n<td class=\"left\">\u0426\u0432\u0435\u0442<\/td>\n<td>mint<\/td>\n<\/tr>\n<\/tbody>\n<\/table>\n<table class=\"dv_characteristicsTable\">\n<tbody>\n<tr>\n<td class=\"left\">Breite<\/td>\n<td>90 cm<\/td>\n<\/tr>\n<tr>\n<td class=\"left\">L\u00e4nge<\/td>\n<td>200 cm<\/td>\n<\/tr>\n<\/tbody>\n<\/table>\n<table class=\"dv_characteristicsTable\">\n<tbody>\n<tr>\n<td class=\"left\">Geeignet f\u00fcr Matratzenh\u00f6he<\/td>\n<td>20 cm<\/td>\n<\/tr>\n<tr>\n<td class=\"left\">Geeignet f\u00fcr Matratzengr\u00f6\u00dfe<\/td>\n<td>90x200 cm<\/td>\n<\/tr>\n<\/tbody>\n<\/table>\n<table class=\"dv_characteristicsTable\">\n<tbody>\n<tr>\n<td class=\"left\">Materialart<\/td>\n<td>Single-Jersey<\/td>\n<\/tr>\n<tr>\n<td class=\"left\">\u0421\u043e\u0441\u0442\u0430\u0432 \u043c\u0430\u0442\u0435\u0440\u0438\u0430\u043b\u0430<\/td>\n<td>Obermaterial: 100% Baumwolle<\/td>\n<\/tr>\n<tr>\n<td class=\"left\">Fl\u00e4chengewicht<\/td>\n<td>150 g\/m\u00b2<\/td>\n<\/tr>\n<\/tbody>\n<\/table>\n<table class=\"dv_characteristicsTable\">\n<tbody>\n<tr>\n<td class=\"left\">\u0420\u0435\u043a\u043e\u043c\u0435\u043d\u0434\u0430\u0446\u0438\u0438 \u043f\u043e \u0443\u0445\u043e\u0434\u0443<\/td>\n<td>60\u00b0C Maschinenw\u00e4sche<br \/>\npflegeleicht<br \/>\ntrocknergeeignet<\/td>\n<\/tr>\n<\/tbody>\n<\/table>","protected":false},"featured_media":81901,"comment_status":"open","ping_status":"closed","template":"","meta":{"_seopress_robots_primary_cat":"","_seopress_titles_title":"","_seopress_titles_desc":"","_seopress_robots_index":""},"product_brand":[],"product_cat":[1400,1420],"product_tag":[],"class_list":{"0":"post-81797","1":"product","2":"type-product","3":"status-publish","4":"has-post-thumbnail","6":"product_cat-wohnzubehoer","7":"product_cat-wohndekoration","8":"product_shipping_class-standard-versand","10":"first","11":"instock","12":"sale","13":"taxable","14":"shipping-taxable","15":"purchasable","16":"product-type-simple"},"_links":{"self":[{"href":"https:\/\/www.soanam.de\/ru\/wp-json\/wp\/v2\/product\/81797","targetHints":{"allow":["GET"]}}],"collection":[{"href":"https:\/\/www.soanam.de\/ru\/wp-json\/wp\/v2\/product"}],"about":[{"href":"https:\/\/www.soanam.de\/ru\/wp-json\/wp\/v2\/types\/product"}],"replies":[{"embeddable":true,"href":"https:\/\/www.soanam.de\/ru\/wp-json\/wp\/v2\/comments?post=81797"}],"wp:featuredmedia":[{"embeddable":true,"href":"https:\/\/www.soanam.de\/ru\/wp-json\/wp\/v2\/media\/81901"}],"wp:attachment":[{"href":"https:\/\/www.soanam.de\/ru\/wp-json\/wp\/v2\/media?parent=81797"}],"wp:term":[{"taxonomy":"product_brand","embeddable":true,"href":"https:\/\/www.soanam.de\/ru\/wp-json\/wp\/v2\/product_brand?post=81797"},{"taxonomy":"product_cat","embeddable":true,"href":"https:\/\/www.soanam.de\/ru\/wp-json\/wp\/v2\/product_cat?post=81797"},{"taxonomy":"product_tag","embeddable":true,"href":"https:\/\/www.soanam.de\/ru\/wp-json\/wp\/v2\/product_tag?post=81797"}],"curies":[{"name":"wp","href":"https:\/\/api.w.org\/{rel}","templated":true}]}}