{"id":81755,"date":"2023-12-14T02:05:26","date_gmt":"2023-12-14T01:05:26","guid":{"rendered":"https:\/\/www.soanam.de\/?post_type=product&#038;p=81755"},"modified":"2023-12-14T02:07:42","modified_gmt":"2023-12-14T01:07:42","slug":"%d0%b1%d0%b8%d0%ba%d0%b8%d0%bd%d0%b8%d1%82%d0%be%d0%bf-%d0%b1%d0%b5%d0%b7-%d0%b1%d1%80%d0%b5%d1%82%d0%b5%d0%bb%d0%b5%d0%ba-%d1%81-%d1%88%d0%b8%d1%80%d0%be%d0%ba%d0%b8%d0%bc%d0%b8-%d0%bb%d1%8f%d0%bc","status":"publish","type":"product","link":"https:\/\/www.soanam.de\/ru\/produkt\/bikinitop-buegellos-mit-breiten-traegern-und-metallschliesse-in-schwarz-groesse-40\/","title":{"rendered":"\u0411\u0438\u043a\u0438\u043d\u0438-\u0442\u043e\u043f, \u0441 \u0448\u0438\u0440\u043e\u043a\u0438\u043c\u0438 \u0431\u0440\u0435\u0442\u0435\u043b\u044f\u043c\u0438 \u0438 \u043c\u0435\u0442\u0430\u043b\u043b\u0438\u0447\u0435\u0441\u043a\u043e\u0439 \u0437\u0430\u0441\u0442\u0435\u0436\u043a\u043e\u0439, \u0447\u0435\u0440\u043d\u043e\u0433\u043e \u0446\u0432\u0435\u0442\u0430, \u0440\u0430\u0437\u043c\u0435\u0440 40"},"content":{"rendered":"<h3>\u041e\u043f\u0438\u0441\u0430\u043d\u0438\u0435 \u0442\u043e\u0432\u0430\u0440\u0430<\/h3>\n<p>\u0411\u0438\u043a\u0438\u043d\u0438 \u043d\u0430 \u043f\u043e\u0434\u043a\u043b\u0430\u0434\u043a\u0435, \u0441 \u0448\u0438\u0440\u043e\u043a\u0438\u043c\u0438 \u0431\u0440\u0435\u0442\u0435\u043b\u044f\u043c\u0438 \u0438 \u043f\u0435\u0440\u0435\u043a\u0440\u044b\u0432\u0430\u044e\u0449\u0438\u043c\u0438\u0441\u044f \u0432\u044b\u0440\u0435\u0437\u0430\u043c\u0438 \u0441\u043f\u0435\u0440\u0435\u0434\u0438.<br \/>\n\u0428\u0438\u0440\u043e\u043a\u0438\u0439 \u043d\u0438\u0437 \u0441 \u043c\u0435\u0442\u0430\u043b\u043b\u0438\u0447\u0435\u0441\u043a\u043e\u0439 \u0437\u0430\u0441\u0442\u0435\u0436\u043a\u043e\u0439 \u0441\u0437\u0430\u0434\u0438.<br \/>\n\u041f\u043e\u043b\u0438\u0430\u043c\u0438\u0434\u043d\u044b\u0435 \u0438 \u043f\u043e\u043b\u0438\u044d\u0444\u0438\u0440\u043d\u044b\u0435 \u043a\u043e\u043c\u043f\u043e\u043d\u0435\u043d\u0442\u044b \u0447\u0430\u0441\u0442\u0438\u0447\u043d\u043e \u043f\u0435\u0440\u0435\u0440\u0430\u0431\u0430\u0442\u044b\u0432\u0430\u044e\u0442\u0441\u044f.<\/p>\n<p><strong>\u0420\u0430\u0437\u043c\u0435\u0440<\/strong><br \/>\n\u0420\u043e\u0441\u0442 \u043c\u043e\u0434\u0435\u043b\u0438 174 \u0441\u043c\/5'9\", \u043d\u043e\u0441\u0438\u0442 \u0440\u0430\u0437\u043c\u0435\u0440 36<\/p>\n<p><strong>\u0421\u043e\u0441\u0442\u0430\u0432<\/strong><br \/>\n\u041f\u043e\u0434\u043a\u043b\u0430\u0434\u043a\u0430: \u043f\u043e\u043b\u0438\u044d\u0441\u0442\u0435\u0440 88%, \u044d\u043b\u0430\u0441\u0442\u0430\u043d 12%<br \/>\n\u0412\u043d\u0435\u0448\u043d\u0438\u0439 \u0441\u043b\u043e\u0439: \u043f\u043e\u043b\u0438\u0430\u043c\u0438\u0434 72%, \u044d\u043b\u0430\u0441\u0442\u0430\u043d 28%<\/p>\n<p><strong>\u043f\u043e\u0434\u0440\u043e\u0431\u043d\u043e\u0441\u0442\u0438<\/strong><br \/>\n\u0421\u0442\u0438\u043b\u044c: \u041e\u0431\u0442\u044f\u0433\u0438\u0432\u0430\u044e\u0449\u0438\u0439 \u043a\u0440\u043e\u0439, \u0431\u044e\u0441\u0442\u0433\u0430\u043b\u044c\u0442\u0435\u0440 \u0441 \u0437\u0430\u043d\u0438\u0436\u0435\u043d\u043d\u043e\u0439 \u0442\u0430\u043b\u0438\u0435\u0439<br \/>\n\u0421\u043e\u0441\u0442\u0430\u0432:<br \/>\n\u041f\u043e\u0434\u043a\u043b\u0430\u0434\u043a\u0430: \u043f\u043e\u043b\u0438\u044d\u0441\u0442\u0435\u0440 88%, \u044d\u043b\u0430\u0441\u0442\u0430\u043d 12%<br \/>\n\u0412\u043d\u0435\u0448\u043d\u0438\u0439 \u0441\u043b\u043e\u0439: \u043f\u043e\u043b\u0438\u0430\u043c\u0438\u0434 72%, \u044d\u043b\u0430\u0441\u0442\u0430\u043d 28%<br \/>\n\u0420\u0435\u043a\u043e\u043c\u0435\u043d\u0434\u0430\u0446\u0438\u0438 \u043f\u043e \u0443\u0445\u043e\u0434\u0443: \u041c\u0430\u0448\u0438\u043d\u043d\u0430\u044f \u0441\u0442\u0438\u0440\u043a\u0430 40\u00b0<br \/>\n\u041e\u043f\u0438\u0441\u0430\u043d\u0438\u0435: \u0447\u0435\u0440\u043d\u044b\u0439, \u043e\u0434\u043d\u043e\u0446\u0432\u0435\u0442\u043d\u044b\u0439<br \/>\n\u0421\u0442\u043e\u0438\u0442 \u0437\u043d\u0430\u0442\u044c: \u0441\u043e\u0437\u043d\u0430\u043d\u0438\u0435<\/p>","protected":false},"excerpt":{"rendered":"<h3>Artikelmerkmale<\/h3>\n<p>Artikelzustand: Neu mit Etikett - Neuer, unbenutzter und nicht getragener Artikel in der Originalverpackung<\/p>\n<table dir=\"ltr\" border=\"1\" cellspacing=\"0\" cellpadding=\"0\">\n<colgroup>\n<col width=\"194\" \/>\n<col width=\"223\" \/><\/colgroup>\n<tbody>\n<tr>\n<td data-sheets-value=\"{&quot;1&quot;:2,&quot;2&quot;:&quot;Abteilung:&quot;}\">Abteilung:<\/td>\n<td data-sheets-value=\"{&quot;1&quot;:2,&quot;2&quot;:&quot;Damen&quot;}\">Damen<\/td>\n<\/tr>\n<tr>\n<td data-sheets-value=\"{&quot;1&quot;:2,&quot;2&quot;:&quot;Besonderheiten:&quot;}\">Besonderheiten:<\/td>\n<td data-sheets-value=\"{&quot;1&quot;:2,&quot;2&quot;:&quot;Metallschlie\u00dfe&quot;}\">Metallschlie\u00dfe<\/td>\n<\/tr>\n<tr>\n<td data-sheets-value=\"{&quot;1&quot;:2,&quot;2&quot;:&quot;Farbe:&quot;}\">\u0426\u0432\u0435\u0442:<\/td>\n<td data-sheets-value=\"{&quot;1&quot;:2,&quot;2&quot;:&quot;Schwarz&quot;}\">\u0427\u0435\u0440\u043d\u044b\u0439<\/td>\n<\/tr>\n<tr>\n<td data-sheets-value=\"{&quot;1&quot;:2,&quot;2&quot;:&quot;Gr\u00f6\u00dfe:&quot;}\">Gr\u00f6\u00dfe:<\/td>\n<td data-sheets-value=\"{&quot;1&quot;:3,&quot;3&quot;:40}\">40<\/td>\n<\/tr>\n<tr>\n<td data-sheets-value=\"{&quot;1&quot;:2,&quot;2&quot;:&quot;Gr\u00f6\u00dfenkategorie:&quot;}\">Gr\u00f6\u00dfenkategorie:<\/td>\n<td data-sheets-value=\"{&quot;1&quot;:2,&quot;2&quot;:&quot;Normalgr\u00f6\u00dfe&quot;}\">Normalgr\u00f6\u00dfe<\/td>\n<\/tr>\n<tr>\n<td data-sheets-value=\"{&quot;1&quot;:2,&quot;2&quot;:&quot;K\u00f6rbchengr\u00f6\u00dfe:&quot;}\">K\u00f6rbchengr\u00f6\u00dfe:<\/td>\n<td data-sheets-value=\"{&quot;1&quot;:2,&quot;2&quot;:&quot;ohne Angabe&quot;}\">ohne Angabe<\/td>\n<\/tr>\n<tr>\n<td data-sheets-value=\"{&quot;1&quot;:2,&quot;2&quot;:&quot;Marke:&quot;}\">Marke:<\/td>\n<td data-sheets-value=\"{&quot;1&quot;:2,&quot;2&quot;:&quot;H&amp;M&quot;}\">H&amp;M<\/td>\n<\/tr>\n<tr>\n<td data-sheets-value=\"{&quot;1&quot;:2,&quot;2&quot;:&quot;Material:&quot;}\">\u041c\u0430\u0442\u0435\u0440\u0438\u0430\u043b:<\/td>\n<td data-sheets-value=\"{&quot;1&quot;:2,&quot;2&quot;:&quot;Polyamid&quot;}\">Polyamid<\/td>\n<\/tr>\n<tr>\n<td data-sheets-value=\"{&quot;1&quot;:2,&quot;2&quot;:&quot;Muster:&quot;}\">Muster:<\/td>\n<td data-sheets-value=\"{&quot;1&quot;:2,&quot;2&quot;:&quot;Ohne Muster&quot;}\">Ohne Muster<\/td>\n<\/tr>\n<tr>\n<td data-sheets-value=\"{&quot;1&quot;:2,&quot;2&quot;:&quot;Produktart:&quot;}\">Produktart:<\/td>\n<td data-sheets-value=\"{&quot;1&quot;:2,&quot;2&quot;:&quot;Top&quot;}\">Top<\/td>\n<\/tr>\n<tr>\n<td data-sheets-value=\"{&quot;1&quot;:2,&quot;2&quot;:&quot;Schwimmoberteil-Stil:&quot;}\">Schwimmoberteil-Stil:<\/td>\n<td data-sheets-value=\"{&quot;1&quot;:2,&quot;2&quot;:&quot;Bikini-Top&quot;}\">Bikini-Top<\/td>\n<\/tr>\n<tr>\n<td data-sheets-value=\"{&quot;1&quot;:2,&quot;2&quot;:&quot;Thema:&quot;}\">Thema:<\/td>\n<td data-sheets-value=\"{&quot;1&quot;:2,&quot;2&quot;:&quot;Strand&quot;}\">Strand<\/td>\n<\/tr>\n<tr>\n<td data-sheets-value=\"{&quot;1&quot;:2,&quot;2&quot;:&quot;Tr\u00e4ger-\/Riemenart:&quot;}\">Tr\u00e4ger-\/Riemenart:<\/td>\n<td data-sheets-value=\"{&quot;1&quot;:2,&quot;2&quot;:&quot;Breite Tr\u00e4ger&quot;}\">\u0428\u0438\u0440\u043e\u043a\u0438\u0435 \u0440\u0435\u043c\u043d\u0438<\/td>\n<\/tr>\n<tr>\n<td data-sheets-value=\"{&quot;1&quot;:2,&quot;2&quot;:&quot;Vintage:&quot;}\">Vintage:<\/td>\n<td data-sheets-value=\"{&quot;1&quot;:2,&quot;2&quot;:&quot;Nein&quot;}\">Nein<\/td>\n<\/tr>\n<\/tbody>\n<\/table>","protected":false},"featured_media":81870,"comment_status":"open","ping_status":"closed","template":"","meta":{"_seopress_robots_primary_cat":"","_seopress_titles_title":"","_seopress_titles_desc":"","_seopress_robots_index":""},"product_brand":[],"product_cat":[1348,1562,1563],"product_tag":[],"class_list":{"0":"post-81755","1":"product","2":"type-product","3":"status-publish","4":"has-post-thumbnail","6":"product_cat-damen-mode","7":"product_cat-bademode","8":"product_cat-einzelteile-bademode","9":"product_shipping_class-standard-versand","11":"first","12":"instock","13":"sale","14":"taxable","15":"shipping-taxable","16":"purchasable","17":"product-type-simple"},"_links":{"self":[{"href":"https:\/\/www.soanam.de\/ru\/wp-json\/wp\/v2\/product\/81755","targetHints":{"allow":["GET"]}}],"collection":[{"href":"https:\/\/www.soanam.de\/ru\/wp-json\/wp\/v2\/product"}],"about":[{"href":"https:\/\/www.soanam.de\/ru\/wp-json\/wp\/v2\/types\/product"}],"replies":[{"embeddable":true,"href":"https:\/\/www.soanam.de\/ru\/wp-json\/wp\/v2\/comments?post=81755"}],"wp:featuredmedia":[{"embeddable":true,"href":"https:\/\/www.soanam.de\/ru\/wp-json\/wp\/v2\/media\/81870"}],"wp:attachment":[{"href":"https:\/\/www.soanam.de\/ru\/wp-json\/wp\/v2\/media?parent=81755"}],"wp:term":[{"taxonomy":"product_brand","embeddable":true,"href":"https:\/\/www.soanam.de\/ru\/wp-json\/wp\/v2\/product_brand?post=81755"},{"taxonomy":"product_cat","embeddable":true,"href":"https:\/\/www.soanam.de\/ru\/wp-json\/wp\/v2\/product_cat?post=81755"},{"taxonomy":"product_tag","embeddable":true,"href":"https:\/\/www.soanam.de\/ru\/wp-json\/wp\/v2\/product_tag?post=81755"}],"curies":[{"name":"wp","href":"https:\/\/api.w.org\/{rel}","templated":true}]}}