{"id":81717,"date":"2023-12-14T02:04:32","date_gmt":"2023-12-14T01:04:32","guid":{"rendered":"https:\/\/www.soanam.de\/?post_type=product&#038;p=81717"},"modified":"2023-12-14T02:07:02","modified_gmt":"2023-12-14T01:07:02","slug":"%d0%bf%d0%be%d0%ba%d1%80%d1%8b%d0%b2%d0%b0%d0%bb%d0%be-amanda-%d0%b2-%d1%81%d0%b5%d1%80%d0%be-%d1%80%d0%be%d0%b7%d0%be%d0%b2%d0%be%d0%bc-%d1%86%d0%b2%d0%b5%d1%82%d0%b5-140-%d1%81%d0%bc-x-210-%d1%81","status":"publish","type":"product","link":"https:\/\/www.soanam.de\/ru\/produkt\/my-home-tagesdecke-amanda-in-grau-rosa-140cm-x-210cm\/","title":{"rendered":"\u041f\u043e\u043a\u0440\u044b\u0432\u0430\u043b\u043e My Home Amanda, \u0441\u0435\u0440\u043e-\u0440\u043e\u0437\u043e\u0432\u043e\u0435, 140 \u0441\u043c x 210 \u0441\u043c"},"content":{"rendered":"<p>Wendedecke von My Home<\/p>\n<p>Tagesdecke mit fein gesteppten Blumenmuster<br \/>\nAus 100% Microfaser hergestellt<br \/>\n\u0411\u0435\u0437\u043e\u043f\u0430\u0441\u0435\u043d \u0434\u043b\u044f \u043a\u043e\u0436\u0438 \u0438 \u043f\u0440\u043e\u0441\u0442 \u0432 \u0443\u0445\u043e\u0434\u0435<br \/>\nBis 30\u00b0C maschinenwaschbar<\/p>\n<p>Die unifarbene Tagesdecke Amanda der Marke my home sorgt mit ihrer Wendeoptik f\u00fcr eine gelungene Abwechslung.<br \/>\nDie sch\u00f6n miteinander abgestimmten Farben werden durch das fein gesteppte Blumenmuster noch super erg\u00e4nzt.<br \/>\nDer weiche Stoff ist aus 100% Polyester und kann bis 30\u00b0C in der Maschine gewaschen werden.<\/p>\n<p>\u041c\u0430\u0442\u0435\u0440\u0438\u0430\u043b: \u043f\u043e\u043b\u0438\u044d\u0441\u0442\u0435\u0440 100%<br \/>\n\u0420\u0435\u043a\u043e\u043c\u0435\u043d\u0434\u0430\u0446\u0438\u0438 \u043f\u043e \u0443\u0445\u043e\u0434\u0443: \u041c\u0430\u0448\u0438\u043d\u043d\u0430\u044f \u0441\u0442\u0438\u0440\u043a\u0430<\/p>\n<p>Farbe: grau-rosa<br \/>\n\u0423\u0437\u043e\u0440: \u0426\u0432\u0435\u0442\u044b<br \/>\nBreite: 140cm<br \/>\n\u0414\u043b\u0438\u043d\u0430: 210 \u0441\u043c<\/p>","protected":false},"excerpt":{"rendered":"<table class=\"dv_characteristicsTable\">\n<tbody>\n<tr>\n<td class=\"left\">\u0426\u0432\u0435\u0442<\/td>\n<td>grau<br \/>\nrosa<\/td>\n<\/tr>\n<tr>\n<td class=\"left\">Optik<\/td>\n<td>unifarben<\/td>\n<\/tr>\n<\/tbody>\n<\/table>\n<table class=\"dv_characteristicsTable\">\n<caption>\u00a0<\/caption>\n<tbody>\n<tr>\n<td class=\"left\">\u0421\u043e\u0441\u0442\u0430\u0432 \u043c\u0430\u0442\u0435\u0440\u0438\u0430\u043b\u0430<\/td>\n<td>Obermaterial: 100% Polyester. Futter: 100% Polyester<\/td>\n<\/tr>\n<tr>\n<td class=\"left\">\u041c\u0430\u0442\u0435\u0440\u0438\u0430\u043b<\/td>\n<td>Kunstfaser<\/td>\n<\/tr>\n<tr>\n<td class=\"left\">Fl\u00e4chengewicht<\/td>\n<td>70 g\/m\u00b2<\/td>\n<\/tr>\n<tr>\n<td class=\"left\">F\u00fcllung<\/td>\n<td>Mit F\u00fcllung<\/td>\n<\/tr>\n<\/tbody>\n<\/table>\n<table class=\"dv_characteristicsTable\">\n<caption>\u00a0<\/caption>\n<tbody>\n<tr>\n<td class=\"left\">Seitlicher \u00dcberhang<\/td>\n<td>2-seitig<\/td>\n<\/tr>\n<\/tbody>\n<\/table>\n<table class=\"dv_characteristicsTable\">\n<tbody>\n<tr>\n<td class=\"left\">Breite<\/td>\n<td>140 cm<\/td>\n<\/tr>\n<tr>\n<td class=\"left\">L\u00e4nge<\/td>\n<td>210 cm<\/td>\n<\/tr>\n<\/tbody>\n<\/table>\n<table class=\"dv_characteristicsTable\">\n<tbody>\n<tr>\n<td class=\"left\">Geeignet f\u00fcr Bettgr\u00f6\u00dfe<\/td>\n<td>90-100x200 cm<\/td>\n<\/tr>\n<\/tbody>\n<\/table>\n<table class=\"dv_characteristicsTable\">\n<tbody>\n<tr>\n<td class=\"left\">\u0420\u0435\u043a\u043e\u043c\u0435\u043d\u0434\u0430\u0446\u0438\u0438 \u043f\u043e \u0443\u0445\u043e\u0434\u0443<\/td>\n<td>30\u00b0C Maschinenw\u00e4sche<br \/>\nnicht trocknergeeignet<\/td>\n<\/tr>\n<\/tbody>\n<\/table>","protected":false},"featured_media":81836,"comment_status":"open","ping_status":"closed","template":"","meta":{"_seopress_robots_primary_cat":"","_seopress_titles_title":"","_seopress_titles_desc":"","_seopress_robots_index":""},"product_brand":[],"product_cat":[1400,1420],"product_tag":[],"class_list":{"0":"post-81717","1":"product","2":"type-product","3":"status-publish","4":"has-post-thumbnail","6":"product_cat-wohnzubehoer","7":"product_cat-wohndekoration","9":"first","10":"instock","11":"sale","12":"taxable","13":"shipping-taxable","14":"purchasable","15":"product-type-simple"},"_links":{"self":[{"href":"https:\/\/www.soanam.de\/ru\/wp-json\/wp\/v2\/product\/81717","targetHints":{"allow":["GET"]}}],"collection":[{"href":"https:\/\/www.soanam.de\/ru\/wp-json\/wp\/v2\/product"}],"about":[{"href":"https:\/\/www.soanam.de\/ru\/wp-json\/wp\/v2\/types\/product"}],"replies":[{"embeddable":true,"href":"https:\/\/www.soanam.de\/ru\/wp-json\/wp\/v2\/comments?post=81717"}],"wp:featuredmedia":[{"embeddable":true,"href":"https:\/\/www.soanam.de\/ru\/wp-json\/wp\/v2\/media\/81836"}],"wp:attachment":[{"href":"https:\/\/www.soanam.de\/ru\/wp-json\/wp\/v2\/media?parent=81717"}],"wp:term":[{"taxonomy":"product_brand","embeddable":true,"href":"https:\/\/www.soanam.de\/ru\/wp-json\/wp\/v2\/product_brand?post=81717"},{"taxonomy":"product_cat","embeddable":true,"href":"https:\/\/www.soanam.de\/ru\/wp-json\/wp\/v2\/product_cat?post=81717"},{"taxonomy":"product_tag","embeddable":true,"href":"https:\/\/www.soanam.de\/ru\/wp-json\/wp\/v2\/product_tag?post=81717"}],"curies":[{"name":"wp","href":"https:\/\/api.w.org\/{rel}","templated":true}]}}