{"id":81672,"date":"2023-12-14T02:03:40","date_gmt":"2023-12-14T01:03:40","guid":{"rendered":"https:\/\/www.soanam.de\/?post_type=product&#038;p=81672"},"modified":"2023-12-14T02:06:04","modified_gmt":"2023-12-14T01:06:04","slug":"%d0%b7%d0%b8%d0%bc%d0%bd%d0%b8%d0%b5-%d1%81%d0%b0%d0%bf%d0%be%d0%b3%d0%b8-s-oliver-%d1%81-%d1%82%d0%b5%d0%bf%d0%bb%d0%be%d0%b9-%d0%bf%d0%be%d0%b4%d0%ba%d0%bb%d0%b0%d0%b4%d0%ba%d0%be%d0%b9-%d0%b2","status":"publish","type":"product","link":"https:\/\/www.soanam.de\/ru\/produkt\/s-oliver-winterstiefel-mit-warmem-futter-in-rose-groesse-40\/","title":{"rendered":"\u0417\u0438\u043c\u043d\u0438\u0435 \u0441\u0430\u043f\u043e\u0433\u0438 S.Oliver \u0441 \u0442\u0435\u043f\u043b\u043e\u0439 \u043f\u043e\u0434\u043a\u043b\u0430\u0434\u043a\u043e\u0439, \u0440\u043e\u0437\u043e\u0432\u043e\u0433\u043e \u0446\u0432\u0435\u0442\u0430, \u0440\u0430\u0437\u043c\u0435\u0440 40"},"content":{"rendered":"<p>\u0422\u0435\u043f\u043b\u044b\u0435 \u0437\u0438\u043c\u043d\u0438\u0435 \u0441\u0430\u043f\u043e\u0433\u0438 \u043e\u0442 s.Oliver<br \/>\n\u0421\u0438\u043d\u0442\u0435\u0442\u0438\u0447\u0435\u0441\u043a\u0438\u0439 \u043c\u0430\u0442\u0435\u0440\u0438\u0430\u043b \u0432\u0435\u0440\u0445\u0430<br \/>\n\u041f\u043e\u0434\u043e\u0448\u0432\u0430 \u0441 \u043d\u0435\u0441\u043a\u043e\u043b\u044c\u0437\u044f\u0449\u0438\u043c \u043f\u0440\u043e\u0442\u0435\u043a\u0442\u043e\u0440\u043e\u043c<br \/>\n\u0412\u043d\u0443\u0442\u0440\u0435\u043d\u043d\u0438\u0439 \u0442\u0435\u043a\u0441\u0442\u0438\u043b\u044c\u043d\u044b\u0439 \u043c\u0430\u0442\u0435\u0440\u0438\u0430\u043b<br \/>\n\u041c\u044f\u0433\u043a\u0430\u044f \u0438 \u0442\u0435\u043f\u043b\u0430\u044f \u043f\u043e\u0434\u043a\u043b\u0430\u0434\u043a\u0430<\/p>\n<p>\u041a\u043e\u0440\u043e\u0442\u043a\u0438\u0435 \u0431\u043e\u0442\u0438\u043d\u043a\u0438 \u0441 \u043f\u043e\u0434\u043a\u043b\u0430\u0434\u043a\u043e\u0439 \u043e\u0442 s.Oliver - \u044d\u0442\u043e \u043d\u0435\u043f\u0440\u0438\u043d\u0443\u0436\u0434\u0435\u043d\u043d\u043e\u0441\u0442\u044c \u0438 \u043a\u043e\u043c\u0444\u043e\u0440\u0442.<br \/>\n\u041c\u044f\u0433\u043a\u0438\u0439 \u043c\u0430\u0442\u0435\u0440\u0438\u0430\u043b \u0432\u0435\u0440\u0445\u0430 \u0440\u043e\u0437\u043e\u0432\u043e\u0433\u043e \u0446\u0432\u0435\u0442\u0430 \u0438 \u0430\u043a\u0441\u0435\u0441\u0441\u0443\u0430\u0440\u044b \u043d\u0430 \u0433\u043e\u043b\u0435\u043d\u0438\u0449\u0435 \u0434\u0435\u043b\u0430\u044e\u0442 \u044d\u0442\u0438 \u043a\u043e\u0440\u043e\u0442\u043a\u0438\u0435 \u0441\u0430\u043f\u043e\u0433\u0438 \u0442\u0430\u043a\u0438\u043c\u0438 \u043f\u0440\u0438\u0432\u043b\u0435\u043a\u0430\u0442\u0435\u043b\u044c\u043d\u044b\u043c\u0438.<br \/>\n\u042d\u0442\u0438 \u043a\u043e\u0440\u043e\u0442\u043a\u0438\u0435 \u0441\u0430\u043f\u043e\u0433\u0438 \u0441 \u0432\u044b\u0441\u043e\u0442\u043e\u0439 \u0433\u043e\u043b\u0435\u043d\u0438\u0449\u0430 \u043e\u043a\u043e\u043b\u043e 13 \u0441\u043c \u043f\u0440\u0435\u043a\u0440\u0430\u0441\u043d\u043e \u0441\u043e\u0447\u0435\u0442\u0430\u044e\u0442\u0441\u044f \u0441 \u043b\u044e\u0431\u044b\u043c \u0433\u0430\u0440\u0434\u0435\u0440\u043e\u0431\u043e\u043c.<br \/>\n\u0423\u044e\u0442\u043d\u0430\u044f, \u0442\u0435\u043f\u043b\u0430\u044f \u0432\u043d\u0443\u0442\u0440\u0435\u043d\u043d\u044f\u044f \u043f\u043e\u0434\u043a\u043b\u0430\u0434\u043a\u0430 \u043e\u0431\u0435\u0441\u043f\u0435\u0447\u0438\u0432\u0430\u0435\u0442 \u043d\u043e\u0433\u0430\u043c \u0443\u0434\u0438\u0432\u0438\u0442\u0435\u043b\u044c\u043d\u044b\u0439 \u043a\u043e\u043c\u0444\u043e\u0440\u0442.<\/p>\n<p>\u041c\u0430\u0442\u0435\u0440\u0438\u0430\u043b: \u0421\u0438\u043d\u0442\u0435\u0442\u0438\u043a\u0430<br \/>\n\u041f\u043e\u0434\u043e\u0448\u0432\u0430: \u0440\u0435\u0437\u0438\u043d\u0430<\/p>\n<p>\u0426\u0432\u0435\u0442: \u0440\u043e\u0437\u043e\u0432\u044b\u0439<br \/>\n\u0428\u0430\u0431\u043b\u043e\u043d: 0hne<br \/>\n\u0420\u0430\u0437\u043c\u0435\u0440: 40<\/p>","protected":false},"excerpt":{"rendered":"<p>Schuhweite: normal<\/p>\n<p>Obermaterial: Synthetik<\/p>\n<p>\u0412\u043d\u0443\u0442\u0440\u0435\u043d\u043d\u0438\u0439 \u043c\u0430\u0442\u0435\u0440\u0438\u0430\u043b: \u0442\u0435\u043a\u0441\u0442\u0438\u043b\u044c<\/p>\n<p>Wechselfu\u00dfbett: nein<\/p>\n<p>Farbangabe des Herstellers: ROSE<\/p>\n<p>Marke: s.Oliver<\/p>\n<p>Gr\u00f6\u00dfenhinweis: f\u00e4llt normal aus<\/p>\n<p>Verschluss: Gummizug<\/p>\n<p>Material: IMIT SUEDE<\/p>\n<p>Schaftweite: normal<\/p>\n<p>Schafth\u00f6he: 13<\/p>","protected":false},"featured_media":81786,"comment_status":"open","ping_status":"closed","template":"","meta":{"_seopress_robots_primary_cat":"","_seopress_titles_title":"","_seopress_titles_desc":"","_seopress_robots_index":""},"product_brand":[],"product_cat":[1348,1360,1385,1386],"product_tag":[],"class_list":{"0":"post-81672","1":"product","2":"type-product","3":"status-publish","4":"has-post-thumbnail","6":"product_cat-damen-mode","7":"product_cat-schuhe","8":"product_cat-stiefel","9":"product_cat-schneestiefel","10":"product_shipping_class-standard-versand","12":"first","13":"instock","14":"sale","15":"taxable","16":"shipping-taxable","17":"purchasable","18":"product-type-simple"},"_links":{"self":[{"href":"https:\/\/www.soanam.de\/ru\/wp-json\/wp\/v2\/product\/81672","targetHints":{"allow":["GET"]}}],"collection":[{"href":"https:\/\/www.soanam.de\/ru\/wp-json\/wp\/v2\/product"}],"about":[{"href":"https:\/\/www.soanam.de\/ru\/wp-json\/wp\/v2\/types\/product"}],"replies":[{"embeddable":true,"href":"https:\/\/www.soanam.de\/ru\/wp-json\/wp\/v2\/comments?post=81672"}],"wp:featuredmedia":[{"embeddable":true,"href":"https:\/\/www.soanam.de\/ru\/wp-json\/wp\/v2\/media\/81786"}],"wp:attachment":[{"href":"https:\/\/www.soanam.de\/ru\/wp-json\/wp\/v2\/media?parent=81672"}],"wp:term":[{"taxonomy":"product_brand","embeddable":true,"href":"https:\/\/www.soanam.de\/ru\/wp-json\/wp\/v2\/product_brand?post=81672"},{"taxonomy":"product_cat","embeddable":true,"href":"https:\/\/www.soanam.de\/ru\/wp-json\/wp\/v2\/product_cat?post=81672"},{"taxonomy":"product_tag","embeddable":true,"href":"https:\/\/www.soanam.de\/ru\/wp-json\/wp\/v2\/product_tag?post=81672"}],"curies":[{"name":"wp","href":"https:\/\/api.w.org\/{rel}","templated":true}]}}