{"id":81605,"date":"2023-12-14T02:02:18","date_gmt":"2023-12-14T01:02:18","guid":{"rendered":"https:\/\/www.soanam.de\/?post_type=product&#038;p=81605"},"modified":"2023-12-14T02:04:28","modified_gmt":"2023-12-14T01:04:28","slug":"vivance-dreams-2-paar-pyjama-mit-tierprint-in-schwarz-weiss-pink-gr-48-50","status":"publish","type":"product","link":"https:\/\/www.soanam.de\/ru\/produkt\/vivance-dreams-2-paar-pyjama-mit-tierprint-in-schwarz-weiss-pink-gr-48-50\/","title":{"rendered":"Vivance Dreams 2 \u043f\u0430\u0440\u044b \u043f\u0438\u0436\u0430\u043c \u0441\u043e \u0437\u0432\u0435\u0440\u0438\u043d\u044b\u043c \u043f\u0440\u0438\u043d\u0442\u043e\u043c, \u0447\u0435\u0440\u043d\u0430\u044f, \u0431\u0435\u043b\u0430\u044f, \u0440\u043e\u0437\u043e\u0432\u0430\u044f, \u0440\u0430\u0437\u043c\u0435\u0440 48\/50"},"content":{"rendered":"<p>\u0414\u0432\u043e\u0439\u043d\u0430\u044f \u0443\u043f\u0430\u043a\u043e\u0432\u043a\u0430 \u043f\u0438\u0436\u0430\u043c \u043e\u0442 Vivance Dreams<br \/>\nEin Kurzarmshirt mit kontrastfarbenem Aufschlag und Frontprint<br \/>\nEin Shirt mit 3\/4 \u00c4rmel und aufgedruckter Brusttasche<br \/>\nKontrastfarbener Hosenbund<br \/>\nWeiche Qualit\u00e4t f\u00fcr angenehmes Tragegef\u00fchl<\/p>\n<p>Die Pyjamas von Vivance Dreams kommen im Doppelpack: 1x Kurzarmshirt mit kontrastfarbenem Aufschlag und Frontprint mit unifarbener Hose und 1x Shirt mit 3\/4-\u00c4rmeln und aufgedruckter Brusttasche, dazu eine bedruckte Hose mit kontrastfarbenem B\u00fcndchen.<br \/>\nDieses 2er-Pack Schlafanz\u00fcge verw\u00f6hnt dich mit weicher Baumwollqualit\u00e4t, die sich angenehm auf der Haut anf\u00fchlt.<\/p>\n<p>\u041c\u0430\u0442\u0435\u0440\u0438\u0430\u043b: \u0445\u043b\u043e\u043f\u043e\u043a 100%<br \/>\n\u0420\u0435\u043a\u043e\u043c\u0435\u043d\u0434\u0430\u0446\u0438\u0438 \u043f\u043e \u0443\u0445\u043e\u0434\u0443: \u041c\u0430\u0448\u0438\u043d\u043d\u0430\u044f \u0441\u0442\u0438\u0440\u043a\u0430<\/p>\n<p>Farbe: schwarz-wei\u00df, schwarz-pink<br \/>\nMuster: Tierprint<br \/>\n\u0420\u0430\u0437\u043c\u0435\u0440: 48\/50<\/p>\n<p>Oberteil 1\u00a0 \u00a0 \u00a0 \u00a0 \u00a0 \u00a0 \u00a0 \u00a0 \u00a0 \u00a0 \u00a0 \u00a0 \u00a0Oberteil 2\u00a0 \u00a0 \u00a0 \u00a0 \u00a0 \u00a0 \u00a0 \u00a0 \u00a0 \u00a0 \u00a0 \u00a0 Hose<br \/>\nBrustweite: 122cm\u00a0 \u00a0 \u00a0 \u00a0 Brustweite: 123cm\u00a0 \u00a0 \u00a0 \u00a0 \u00a0Schrittl\u00e4nge: 77cm<br \/>\nGesamtl\u00e4nge: 74cm\u00a0 \u00a0 \u00a0 Gesamtl\u00e4nge: 70cm\u00a0 \u00a0 \u00a0 Gesamtl\u00e4nge: 102cm<br \/>\n\u00c4rmell\u00e4nge: 44cm\u00a0 \u00a0 \u00a0 \u00a0 \u00c4rmell\u00e4nge: 11cm<\/p>\n<p>&nbsp;<\/p>","protected":false},"excerpt":{"rendered":"<div class=\"spec-holder\">\n<div class=\"row\">\n<div class=\"col-xs-5 spec-name\">\n<table class=\"dv_characteristicsTable\">\n<tbody>\n<tr>\n<td class=\"left\">\u0420\u0430\u0437\u043c\u0435\u0440<\/td>\n<td>48\/50<\/td>\n<\/tr>\n<tr>\n<td class=\"left\">Gr\u00f6\u00dfentyp<\/td>\n<td>Normalgr\u00f6\u00dfen<\/td>\n<\/tr>\n<tr>\n<td class=\"left\">\u0426\u0432\u0435\u0442<\/td>\n<td>schwarz, wei\u00df<\/td>\n<\/tr>\n<tr>\n<td class=\"left\">Farbe Packst\u00fcck 2<\/td>\n<td>schwarz, pink<\/td>\n<\/tr>\n<tr>\n<td class=\"left\">Applikationen<\/td>\n<td>Schriftzug, Allover-Druck<\/td>\n<\/tr>\n<tr>\n<td class=\"left\">\u0421\u043e\u0441\u0442\u0430\u0432 \u043c\u0430\u0442\u0435\u0440\u0438\u0430\u043b\u0430<\/td>\n<td>Obermaterial: 100% Baumwolle<\/td>\n<\/tr>\n<tr>\n<td class=\"left\">\u0420\u0435\u043a\u043e\u043c\u0435\u043d\u0434\u0430\u0446\u0438\u0438 \u043f\u043e \u0443\u0445\u043e\u0434\u0443<\/td>\n<td>\u041c\u0430\u0448\u0438\u043d\u043d\u0430\u044f \u0441\u0442\u0438\u0440\u043a\u0430<\/td>\n<\/tr>\n<tr>\n<td class=\"left\">Optik<\/td>\n<td>bedruckt, gemustert, kontrastfarbene Details<\/td>\n<\/tr>\n<tr>\n<td class=\"left\">Stil<\/td>\n<td>Basic<\/td>\n<\/tr>\n<tr>\n<td class=\"left\">Ausschnitt<\/td>\n<td>Rundhals<\/td>\n<\/tr>\n<tr>\n<td class=\"left\">Ausschnittdetails<\/td>\n<td>Blende<\/td>\n<\/tr>\n<tr>\n<td class=\"left\">\u00c4rmel<\/td>\n<td>Kurzarm + Langarm<\/td>\n<\/tr>\n<tr>\n<td class=\"left\">\u00c4rmelabschluss<\/td>\n<td>abgerundeter Saum<\/td>\n<\/tr>\n<tr>\n<td class=\"left\">Fit<\/td>\n<td>bequem<\/td>\n<\/tr>\n<tr>\n<td class=\"left\">Rumpfabschluss<\/td>\n<td>B\u00fcndchen<\/td>\n<\/tr>\n<tr>\n<td class=\"left\">Schnittform L\u00e4nge<\/td>\n<td>lang<\/td>\n<\/tr>\n<tr>\n<td class=\"left\">Beinform<\/td>\n<td>gerade<\/td>\n<\/tr>\n<tr>\n<td class=\"left\">Beinabschluss<\/td>\n<td>abgerundeter Saum<\/td>\n<\/tr>\n<tr>\n<td class=\"left\">Leibh\u00f6he<\/td>\n<td>normal<\/td>\n<\/tr>\n<tr>\n<td class=\"left\">Bundabschluss<\/td>\n<td>abgerundeter Saum<\/td>\n<\/tr>\n<\/tbody>\n<\/table>\n<\/div>\n<\/div>\n<\/div>","protected":false},"featured_media":81711,"comment_status":"open","ping_status":"closed","template":"","meta":{"_seopress_robots_primary_cat":"","_seopress_titles_title":"","_seopress_titles_desc":"","_seopress_robots_index":""},"product_brand":[],"product_cat":[1348,1520,1639],"product_tag":[],"class_list":{"0":"post-81605","1":"product","2":"type-product","3":"status-publish","4":"has-post-thumbnail","6":"product_cat-damen-mode","7":"product_cat-nachtwaesche","8":"product_cat-pyjama-lang","9":"product_shipping_class-standard-versand","11":"first","12":"instock","13":"taxable","14":"shipping-taxable","15":"purchasable","16":"product-type-simple"},"_links":{"self":[{"href":"https:\/\/www.soanam.de\/ru\/wp-json\/wp\/v2\/product\/81605","targetHints":{"allow":["GET"]}}],"collection":[{"href":"https:\/\/www.soanam.de\/ru\/wp-json\/wp\/v2\/product"}],"about":[{"href":"https:\/\/www.soanam.de\/ru\/wp-json\/wp\/v2\/types\/product"}],"replies":[{"embeddable":true,"href":"https:\/\/www.soanam.de\/ru\/wp-json\/wp\/v2\/comments?post=81605"}],"wp:featuredmedia":[{"embeddable":true,"href":"https:\/\/www.soanam.de\/ru\/wp-json\/wp\/v2\/media\/81711"}],"wp:attachment":[{"href":"https:\/\/www.soanam.de\/ru\/wp-json\/wp\/v2\/media?parent=81605"}],"wp:term":[{"taxonomy":"product_brand","embeddable":true,"href":"https:\/\/www.soanam.de\/ru\/wp-json\/wp\/v2\/product_brand?post=81605"},{"taxonomy":"product_cat","embeddable":true,"href":"https:\/\/www.soanam.de\/ru\/wp-json\/wp\/v2\/product_cat?post=81605"},{"taxonomy":"product_tag","embeddable":true,"href":"https:\/\/www.soanam.de\/ru\/wp-json\/wp\/v2\/product_tag?post=81605"}],"curies":[{"name":"wp","href":"https:\/\/api.w.org\/{rel}","templated":true}]}}