{"id":81547,"date":"2023-12-14T02:01:03","date_gmt":"2023-12-14T01:01:03","guid":{"rendered":"https:\/\/www.soanam.de\/?post_type=product&#038;p=81547"},"modified":"2023-12-14T02:03:17","modified_gmt":"2023-12-14T01:03:17","slug":"gregor-sakow-die-loge-gebundene-ausgabe-1999-deutsch-der-erste-frost-roman","status":"publish","type":"product","link":"https:\/\/www.soanam.de\/ru\/produkt\/gregor-sakow-die-loge-gebundene-ausgabe-1999-deutsch-der-erste-frost-roman\/","title":{"rendered":"\u0413\u0440\u0435\u0433\u043e\u0440 \u0421\u0430\u043a\u043e\u0432 \"\u041b\u043e\u0433\u043e\u0432\u043e\" \u0422\u0432\u0435\u0440\u0434\u044b\u0439 \u043f\u0435\u0440\u0435\u043f\u043b\u0435\u0442 1999 \u041d\u0435\u043c\u0435\u0446\u043a\u0438\u0439 \u044f\u0437\u044b\u043a (\u041f\u0435\u0440\u0432\u044b\u0439 \u0440\u043e\u043c\u0430\u043d \u043e \u0424\u0440\u043e\u0441\u0442\u0435)"},"content":{"rendered":"<h3>\u041e\u043f\u0438\u0441\u0430\u043d\u0438\u0435 \u0442\u043e\u0432\u0430\u0440\u0430<\/h3>\n<p>Die rothaarige Nichte einer Hamburger Senatorin verschwindet nach dem Besuch einer SM-Party. Ein Stammkunde der Telefonsex-Hotline Sexy Hexy tritt immer als Gro\u00dfinquisitor auf.<\/p>\n<p>Im Internet werden Videos angeboten \u00fcber eine Hexenverbrennung. Und eine anonyme Anruferin bittet: \u00aaSuche den Rauch, l\u00f6sche das Feuer.\u00b4<\/p>\n<p>Erste Puzzlest\u00fccke f\u00fcr Robert Frost, den Schei\u00df-Bullen, in einem Fall, der zur Reise in seine Vergangenheit wird und zur Begegnung mit den eigenen SM-Gel\u00fcsten.<\/p>\n<p>Frost, privat im Spagat zwischen einer vorlauten Studentin und seiner eleganten Oberstudienr\u00e4tin, st\u00f6\u00dft auf einen Kraken aus Hinterlist, Macht und Gewalt, dessen Fangarme bis in Politik und Wirtschaft reichen. Dabei wird der Bulle selbst Teil eines perfiden Kalk\u00fcls, das ihn in ein alptraumhaftes Bestiarium treibt. Sakows Frost, hart bis zur Brutalit\u00e4t und zerbrechlich zugleich, lebt, liebt und handelt jenseits von spie\u00dfb\u00fcrgerlicher Moral und einschleimender Political Correctness, stets nur seinen eigenen Ma\u00dfst\u00e4ben von Gerechtigkeit und Vergeltung verpflichtet.<\/p>\n<p>Die Loge st\u00fcrzt den Leser in ein d\u00fcsteres, apokalyptisches Szenarium, in dem es trotz allen Grauens eine Sturmlaterne gibt: die Sehnsucht nach Erl\u00f6sung und Liebe.<\/p>\n<p><strong>\u0414\u0435\u0442\u0430\u043b\u0438 \u043f\u0440\u043e\u0434\u0443\u043a\u0442\u0430<\/strong><br \/>\nHerausgeber \u200f : \u200e Charon Verlag Grimme KG<br \/>\nBuchreihe : Frost Romane, Band 1<br \/>\nErscheinungsjahr : 1999<br \/>\n\u042f\u0437\u044b\u043a : \u041d\u0435\u043c\u0435\u0446\u043a\u0438\u0439<br \/>\n\u041f\u0435\u0440\u0435\u043f\u043b\u0435\u0442 : \u0422\u0432\u0435\u0440\u0434\u044b\u0439 \u043f\u0435\u0440\u0435\u043f\u043b\u0435\u0442<br \/>\nSeitenzahl \u200f : \u200e 301 Seiten<br \/>\nISBN-10 \u200f : \u200e 3931406156<br \/>\nISBN-13 \u200f : \u200e 978-3931406158<\/p>","protected":false},"excerpt":{"rendered":"<h3>Artikelmerkmale<\/h3>\n<p>Artikelzustand: Neu - Neues, ungelesenes, ungebrauchtes Buch in makellosem Zustand<\/p>\n<table dir=\"ltr\" border=\"1\" cellspacing=\"0\" cellpadding=\"0\">\n<colgroup>\n<col width=\"194\" \/>\n<col width=\"223\" \/><\/colgroup>\n<tbody>\n<tr>\n<td data-sheets-value=\"{&quot;1&quot;:2,&quot;2&quot;:&quot;Autor:&quot;}\">Autor:<\/td>\n<td data-sheets-value=\"{&quot;1&quot;:2,&quot;2&quot;:&quot;Gregor Sakow&quot;}\">Gregor Sakow<\/td>\n<\/tr>\n<tr>\n<td data-sheets-value=\"{&quot;1&quot;:2,&quot;2&quot;:&quot;Besonderheiten:&quot;}\">Besonderheiten:<\/td>\n<td data-sheets-value=\"{&quot;1&quot;:2,&quot;2&quot;:&quot;Black Label&quot;}\">Black Label<\/td>\n<\/tr>\n<tr>\n<td data-sheets-value=\"{&quot;1&quot;:2,&quot;2&quot;:&quot;Buchreihe:&quot;}\">Buchreihe:<\/td>\n<td data-sheets-value=\"{&quot;1&quot;:2,&quot;2&quot;:&quot;Frost Romane&quot;}\">Frost Romane<\/td>\n<\/tr>\n<tr>\n<td data-sheets-value=\"{&quot;1&quot;:2,&quot;2&quot;:&quot;Buchtitel:&quot;}\">Buchtitel:<\/td>\n<td data-sheets-value=\"{&quot;1&quot;:2,&quot;2&quot;:&quot;Die Loge&quot;}\">Die Loge<\/td>\n<\/tr>\n<tr>\n<td data-sheets-value=\"{&quot;1&quot;:2,&quot;2&quot;:&quot;Erscheinungsjahr:&quot;}\">Erscheinungsjahr:<\/td>\n<td data-sheets-value=\"{&quot;1&quot;:3,&quot;3&quot;:1999}\">1999<\/td>\n<\/tr>\n<tr>\n<td data-sheets-value=\"{&quot;1&quot;:2,&quot;2&quot;:&quot;Format:&quot;}\">Format:<\/td>\n<td data-sheets-value=\"{&quot;1&quot;:2,&quot;2&quot;:&quot;Gebundene Ausgabe&quot;}\">Gebundene Ausgabe<\/td>\n<\/tr>\n<tr>\n<td data-sheets-value=\"{&quot;1&quot;:2,&quot;2&quot;:&quot;Genre:&quot;}\">Genre:<\/td>\n<td data-sheets-value=\"{&quot;1&quot;:2,&quot;2&quot;:&quot;Kriminalroman&quot;}\">Kriminalroman<\/td>\n<\/tr>\n<tr>\n<td data-sheets-value=\"{&quot;1&quot;:2,&quot;2&quot;:&quot;Herstellungsland und -region:&quot;}\">Herstellungsland und -region:<\/td>\n<td data-sheets-value=\"{&quot;1&quot;:2,&quot;2&quot;:&quot;Deutschland&quot;}\">\u0413\u0435\u0440\u043c\u0430\u043d\u0438\u044f<\/td>\n<\/tr>\n<tr>\n<td data-sheets-value=\"{&quot;1&quot;:2,&quot;2&quot;:&quot;ISBN:&quot;}\">ISBN:<\/td>\n<td data-sheets-value=\"{&quot;1&quot;:3,&quot;3&quot;:3931406156}\">3931406156<\/td>\n<\/tr>\n<tr>\n<td data-sheets-value=\"{&quot;1&quot;:2,&quot;2&quot;:&quot;Literarische Gattung:&quot;}\">Literarische Gattung:<\/td>\n<td data-sheets-value=\"{&quot;1&quot;:2,&quot;2&quot;:&quot;Belletristik&quot;}\">Belletristik<\/td>\n<\/tr>\n<tr>\n<td data-sheets-value=\"{&quot;1&quot;:2,&quot;2&quot;:&quot;Produktart:&quot;}\">Produktart:<\/td>\n<td data-sheets-value=\"{&quot;1&quot;:2,&quot;2&quot;:&quot;Roman&quot;}\">Roman<\/td>\n<\/tr>\n<tr>\n<td data-sheets-value=\"{&quot;1&quot;:2,&quot;2&quot;:&quot;Sprache:&quot;}\">Sprache:<\/td>\n<td data-sheets-value=\"{&quot;1&quot;:2,&quot;2&quot;:&quot;Deutsch&quot;}\">Deutsch<\/td>\n<\/tr>\n<tr>\n<td data-sheets-value=\"{&quot;1&quot;:2,&quot;2&quot;:&quot;Thematik:&quot;}\">Thematik:<\/td>\n<td data-sheets-value=\"{&quot;1&quot;:2,&quot;2&quot;:&quot;Thiller&quot;}\">Thiller<\/td>\n<\/tr>\n<tr>\n<td data-sheets-value=\"{&quot;1&quot;:2,&quot;2&quot;:&quot;Verlag:&quot;}\">Verlag:<\/td>\n<td data-sheets-value=\"{&quot;1&quot;:2,&quot;2&quot;:&quot;Charon Verlag Grimme KG&quot;}\">Charon Verlag Grimme KG<\/td>\n<\/tr>\n<tr>\n<td data-sheets-value=\"{&quot;1&quot;:2,&quot;2&quot;:&quot;Zielgruppe:&quot;}\">Zielgruppe:<\/td>\n<td data-sheets-value=\"{&quot;1&quot;:2,&quot;2&quot;:&quot;Jugendliche, Erwachsene&quot;}\">Jugendliche, Erwachsene<\/td>\n<\/tr>\n<\/tbody>\n<\/table>","protected":false},"featured_media":81653,"comment_status":"open","ping_status":"closed","template":"","meta":{"_seopress_robots_primary_cat":"","_seopress_titles_title":"","_seopress_titles_desc":"","_seopress_robots_index":""},"product_brand":[],"product_cat":[1428,1429,1434,1451,1452],"product_tag":[],"class_list":{"0":"post-81547","1":"product","2":"type-product","3":"status-publish","4":"has-post-thumbnail","6":"product_cat-buecher","7":"product_cat-jugend","8":"product_cat-erwachsene","9":"product_cat-romane","10":"product_cat-romane-jugend","11":"product_shipping_class-standard-versand","13":"first","14":"instock","15":"sale","16":"taxable","17":"shipping-taxable","18":"purchasable","19":"product-type-simple"},"_links":{"self":[{"href":"https:\/\/www.soanam.de\/ru\/wp-json\/wp\/v2\/product\/81547","targetHints":{"allow":["GET"]}}],"collection":[{"href":"https:\/\/www.soanam.de\/ru\/wp-json\/wp\/v2\/product"}],"about":[{"href":"https:\/\/www.soanam.de\/ru\/wp-json\/wp\/v2\/types\/product"}],"replies":[{"embeddable":true,"href":"https:\/\/www.soanam.de\/ru\/wp-json\/wp\/v2\/comments?post=81547"}],"wp:featuredmedia":[{"embeddable":true,"href":"https:\/\/www.soanam.de\/ru\/wp-json\/wp\/v2\/media\/81653"}],"wp:attachment":[{"href":"https:\/\/www.soanam.de\/ru\/wp-json\/wp\/v2\/media?parent=81547"}],"wp:term":[{"taxonomy":"product_brand","embeddable":true,"href":"https:\/\/www.soanam.de\/ru\/wp-json\/wp\/v2\/product_brand?post=81547"},{"taxonomy":"product_cat","embeddable":true,"href":"https:\/\/www.soanam.de\/ru\/wp-json\/wp\/v2\/product_cat?post=81547"},{"taxonomy":"product_tag","embeddable":true,"href":"https:\/\/www.soanam.de\/ru\/wp-json\/wp\/v2\/product_tag?post=81547"}],"curies":[{"name":"wp","href":"https:\/\/api.w.org\/{rel}","templated":true}]}}