{"id":81435,"date":"2023-12-14T01:58:53","date_gmt":"2023-12-14T00:58:53","guid":{"rendered":"https:\/\/www.soanam.de\/?post_type=product&#038;p=81435"},"modified":"2023-12-14T02:01:06","modified_gmt":"2023-12-14T01:01:06","slug":"lascana-neglige-mit-ethno-muster-in-braun-gemustert-groesse-40-42","status":"publish","type":"product","link":"https:\/\/www.soanam.de\/ru\/produkt\/lascana-neglige-mit-ethno-muster-in-braun-gemustert-groesse-40-42\/","title":{"rendered":"\u041f\u0435\u043d\u044c\u044e\u0430\u0440 LASCANA \u0441 \u044d\u0442\u043d\u0438\u0447\u0435\u0441\u043a\u0438\u043c \u0443\u0437\u043e\u0440\u043e\u043c, \u043a\u043e\u0440\u0438\u0447\u043d\u0435\u0432\u044b\u0439, \u0441 \u0440\u0438\u0441\u0443\u043d\u043a\u043e\u043c, \u0440\u0430\u0437\u043c\u0435\u0440 40\/42"},"content":{"rendered":"<p>Nachthemd mit Spaghettitr\u00e4gern von Lascana<br \/>\nMit gerafftem V-Ausschnitt und Ethno Muster<br \/>\nMit l\u00e4ngenverstellbaren Spaghettitr\u00e4gern<br \/>\nAus angenehmer Viskosequalit\u00e4t<\/p>\n<p>Das schlicht geschnittene Neglig\u00e9 von Lascana ist mit einem tollen Alloverprint im Ethno Look versehen.<br \/>\nDer geraffte V-Ausschnitt, l\u00e4ngenverstellbare Spaghettitr\u00e4ger und ein lockerer Schnitt machen das Design des Schlafkleides perfekt.<br \/>\nZuletzt noch das angenehm zu tragende Material sorgt daf\u00fcr, dass du dich darin absolut wohlf\u00fchlst, egal, ob tags\u00fcber oder nachts.<\/p>\n<p>\u041c\u0430\u0442\u0435\u0440\u0438\u0430\u043b: \u0432\u0438\u0441\u043a\u043e\u0437\u0430 100%<br \/>\n\u0420\u0435\u043a\u043e\u043c\u0435\u043d\u0434\u0430\u0446\u0438\u0438 \u043f\u043e \u0443\u0445\u043e\u0434\u0443: \u041c\u0430\u0448\u0438\u043d\u043d\u0430\u044f \u0441\u0442\u0438\u0440\u043a\u0430<\/p>\n<p>Farbe: braun, schwarz<br \/>\nMuster: Ethno Muster<br \/>\n\u0420\u0430\u0437\u043c\u0435\u0440: 40\/42<\/p>\n<p>\u0428\u0438\u0440\u0438\u043d\u0430 \u0433\u0440\u0443\u0434\u0438: 94 \u0441\u043c<br \/>\nGesamtl\u00e4nge ohne Tr\u00e4ger: 73cm<\/p>\n<p>\u042d\u0442\u043e\u0442 \u043d\u043e\u0432\u044b\u0439 \u0442\u043e\u0432\u0430\u0440 \u044f\u0432\u043b\u044f\u0435\u0442\u0441\u044f \u0432\u043e\u0437\u0432\u0440\u0430\u0449\u0435\u043d\u043d\u044b\u043c \u043f\u043e\u043a\u0443\u043f\u0430\u0442\u0435\u043b\u0435\u043c \u0431\u0435\u0437 \u044d\u0442\u0438\u043a\u0435\u0442\u043a\u0438.<\/p>\n<p>&nbsp;<\/p>","protected":false},"excerpt":{"rendered":"<table class=\"dv_characteristicsTable\">\n<tbody>\n<tr>\n<td class=\"left\">\u0420\u0430\u0437\u043c\u0435\u0440<\/td>\n<td>40\/42<\/td>\n<\/tr>\n<tr>\n<td class=\"left\">Gr\u00f6\u00dfentyp<\/td>\n<td>Normalgr\u00f6\u00dfen<\/td>\n<\/tr>\n<tr>\n<td class=\"left\">\u0421\u043e\u0441\u0442\u0430\u0432 \u043c\u0430\u0442\u0435\u0440\u0438\u0430\u043b\u0430<\/td>\n<td>Obermaterial: 100% Viskose<\/td>\n<\/tr>\n<tr>\n<td class=\"left\">\u0420\u0435\u043a\u043e\u043c\u0435\u043d\u0434\u0430\u0446\u0438\u0438 \u043f\u043e \u0443\u0445\u043e\u0434\u0443<\/td>\n<td>\u041c\u0430\u0448\u0438\u043d\u043d\u0430\u044f \u0441\u0442\u0438\u0440\u043a\u0430<\/td>\n<\/tr>\n<tr>\n<td class=\"left\">Optik<\/td>\n<td>kontrastfarbene Details<\/td>\n<\/tr>\n<tr>\n<td class=\"left\">Stil<\/td>\n<td>elegant<\/td>\n<\/tr>\n<tr>\n<td class=\"left\">Ausschnitt<\/td>\n<td>V-\u043e\u0431\u0440\u0430\u0437\u043d\u044b\u0439 \u0432\u044b\u0440\u0435\u0437<\/td>\n<\/tr>\n<tr>\n<td class=\"left\">Ausschnittdetails<\/td>\n<td>gerafft<\/td>\n<\/tr>\n<tr>\n<td class=\"left\">\u00c4rmel<\/td>\n<td>ohne \u00c4rmel<\/td>\n<\/tr>\n<tr>\n<td class=\"left\">Tr\u00e4ger<\/td>\n<td>\u0411\u0440\u0435\u0442\u0435\u043b\u044c\u043a\u0438<\/td>\n<\/tr>\n<tr>\n<td class=\"left\">Kleidersaumdetails<\/td>\n<td>kontrastfarben<\/td>\n<\/tr>\n<tr>\n<td class=\"left\">Tr\u00e4gerdetails<\/td>\n<td>verstellbar<\/td>\n<\/tr>\n<tr>\n<td class=\"left\">Schnittform L\u00e4nge<\/td>\n<td>ca. Mitte Oberschenkel<\/td>\n<\/tr>\n<tr>\n<td class=\"left\">\u0426\u0432\u0435\u0442<\/td>\n<td>gemustert-braun<\/td>\n<\/tr>\n<tr>\n<td class=\"left\">Applikationen<\/td>\n<td>Kontrastdetails<\/td>\n<\/tr>\n<tr>\n<td class=\"left\">Besondere Merkmale<\/td>\n<td>mit Ethno-Muster<\/td>\n<\/tr>\n<\/tbody>\n<\/table>\n<div class=\"spec-holder\">\n<div class=\"row\">\n<div class=\"col-xs-5 spec-name\"><\/div>\n<\/div>\n<\/div>","protected":false},"featured_media":81549,"comment_status":"open","ping_status":"closed","template":"","meta":{"_seopress_robots_primary_cat":"","_seopress_titles_title":"","_seopress_titles_desc":"","_seopress_robots_index":""},"product_brand":[],"product_cat":[1348,1520,1616],"product_tag":[],"class_list":{"0":"post-81435","1":"product","2":"type-product","3":"status-publish","4":"has-post-thumbnail","6":"product_cat-damen-mode","7":"product_cat-nachtwaesche","8":"product_cat-nachthemden","9":"product_shipping_class-standard-versand","11":"first","12":"instock","13":"sale","14":"taxable","15":"shipping-taxable","16":"purchasable","17":"product-type-simple"},"_links":{"self":[{"href":"https:\/\/www.soanam.de\/ru\/wp-json\/wp\/v2\/product\/81435","targetHints":{"allow":["GET"]}}],"collection":[{"href":"https:\/\/www.soanam.de\/ru\/wp-json\/wp\/v2\/product"}],"about":[{"href":"https:\/\/www.soanam.de\/ru\/wp-json\/wp\/v2\/types\/product"}],"replies":[{"embeddable":true,"href":"https:\/\/www.soanam.de\/ru\/wp-json\/wp\/v2\/comments?post=81435"}],"wp:featuredmedia":[{"embeddable":true,"href":"https:\/\/www.soanam.de\/ru\/wp-json\/wp\/v2\/media\/81549"}],"wp:attachment":[{"href":"https:\/\/www.soanam.de\/ru\/wp-json\/wp\/v2\/media?parent=81435"}],"wp:term":[{"taxonomy":"product_brand","embeddable":true,"href":"https:\/\/www.soanam.de\/ru\/wp-json\/wp\/v2\/product_brand?post=81435"},{"taxonomy":"product_cat","embeddable":true,"href":"https:\/\/www.soanam.de\/ru\/wp-json\/wp\/v2\/product_cat?post=81435"},{"taxonomy":"product_tag","embeddable":true,"href":"https:\/\/www.soanam.de\/ru\/wp-json\/wp\/v2\/product_tag?post=81435"}],"curies":[{"name":"wp","href":"https:\/\/api.w.org\/{rel}","templated":true}]}}