{"id":81238,"date":"2023-12-14T01:48:15","date_gmt":"2023-12-14T00:48:15","guid":{"rendered":"https:\/\/www.soanam.de\/?post_type=product&#038;p=81238"},"modified":"2023-12-14T01:57:11","modified_gmt":"2023-12-14T00:57:11","slug":"arizona-skaterkleid-mit-glitzerband-in-schwarz-groesse-176-182","status":"publish","type":"product","link":"https:\/\/www.soanam.de\/ru\/produkt\/arizona-skaterkleid-mit-glitzerband-in-schwarz-groesse-176-182\/","title":{"rendered":"\u041f\u043b\u0430\u0442\u044c\u0435-\u0444\u0443\u0442\u043b\u044f\u0440 ARIZONA \u0441 \u043b\u0435\u043d\u0442\u043e\u0439 \u0441 \u0431\u043b\u0435\u0441\u0442\u043a\u0430\u043c\u0438, \u0447\u0435\u0440\u043d\u043e\u0435, \u0440\u0430\u0437\u043c\u0435\u0440 176\/182"},"content":{"rendered":"<p>Skaterkleid f\u00fcr M\u00e4dchen von ARIZONA<br \/>\nModisch elastisches Glitzerband in der Taille<br \/>\n\u0420\u0443\u043a\u0430\u0432\u0430 \u0434\u043b\u0438\u043d\u043e\u0439 3\/4<br \/>\nWeit schwingender Rock<br \/>\n\u042d\u043b\u0430\u0441\u0442\u0438\u0447\u043d\u044b\u0439 \u0442\u0440\u0438\u043a\u043e\u0442\u0430\u0436<\/p>\n<p>Das modische und zugleich bequeme Skaterkleid von Arizona begeistert mit einer h\u00fcbschen Silhouette und feinen Details, wie dem kontrastierenden Glitzerband in der Taille.<br \/>\nDas Oberteil ist mit einem paspelierten Rundhalsausschnitt und 3\/4-\u00c4rmeln ausgestattet.<br \/>\nW\u00e4hrend es in anliegender Passform geschnitten ist, bezaubert das ausgestellte Rockteil mit seinem gro\u00dfz\u00fcgigen Faltenwurf.<\/p>\n<p>\u041c\u0430\u0442\u0435\u0440\u0438\u0430\u043b: 95% \u0445\u043b\u043e\u043f\u043e\u043a, 5% \u044d\u043b\u0430\u0441\u0442\u0430\u043d<br \/>\n\u0420\u0435\u043a\u043e\u043c\u0435\u043d\u0434\u0430\u0446\u0438\u0438 \u043f\u043e \u0443\u0445\u043e\u0434\u0443: \u041c\u0430\u0448\u0438\u043d\u043d\u0430\u044f \u0441\u0442\u0438\u0440\u043a\u0430<\/p>\n<p>\u0426\u0432\u0435\u0442: \u0447\u0435\u0440\u043d\u044b\u0439<br \/>\nMuster: Glitzerband<br \/>\nGr\u00f6\u00dfe: 176\/182<\/p>\n<p>\u0428\u0438\u0440\u0438\u043d\u0430 \u0433\u0440\u0443\u0434\u0438: 88 \u0441\u043c<br \/>\n\u0414\u043b\u0438\u043d\u0430 \u0440\u0443\u043a\u0430\u0432\u0430: 47 \u0441\u043c<br \/>\n\u041e\u0431\u0449\u0430\u044f \u0434\u043b\u0438\u043d\u0430: 92 \u0441\u043c<\/p>\n<p>&nbsp;<\/p>\n<p>\u042d\u0442\u043e\u0442 \u043d\u043e\u0432\u044b\u0439 \u0442\u043e\u0432\u0430\u0440 \u044f\u0432\u043b\u044f\u0435\u0442\u0441\u044f \u0432\u043e\u0437\u0432\u0440\u0430\u0449\u0435\u043d\u043d\u044b\u043c \u043f\u043e\u043a\u0443\u043f\u0430\u0442\u0435\u043b\u0435\u043c \u0431\u0435\u0437 \u044d\u0442\u0438\u043a\u0435\u0442\u043a\u0438.<\/p>","protected":false},"excerpt":{"rendered":"<table class=\"dv_characteristicsTable\">\n<tbody>\n<tr>\n<td class=\"left\">\u0420\u0430\u0437\u043c\u0435\u0440<\/td>\n<td>176\/182<\/td>\n<\/tr>\n<tr>\n<td class=\"left\">Gr\u00f6\u00dfentyp<\/td>\n<td>Normalgr\u00f6\u00dfen<\/td>\n<\/tr>\n<tr>\n<td class=\"left\">\u0421\u043e\u0441\u0442\u0430\u0432 \u043c\u0430\u0442\u0435\u0440\u0438\u0430\u043b\u0430<\/td>\n<td>Obermaterial: 95% Baumwolle, 5% Elasthan<\/td>\n<\/tr>\n<tr>\n<td class=\"left\">Materialart<\/td>\n<td>\u0414\u0436\u0435\u0440\u0441\u0438<\/td>\n<\/tr>\n<tr>\n<td class=\"left\">Materialeigenschaften<\/td>\n<td>elastisch<\/td>\n<\/tr>\n<tr>\n<td class=\"left\">\u0420\u0435\u043a\u043e\u043c\u0435\u043d\u0434\u0430\u0446\u0438\u0438 \u043f\u043e \u0443\u0445\u043e\u0434\u0443<\/td>\n<td>\u041c\u0430\u0448\u0438\u043d\u043d\u0430\u044f \u0441\u0442\u0438\u0440\u043a\u0430<\/td>\n<\/tr>\n<tr>\n<td class=\"left\">Optik<\/td>\n<td>unifarben mit Farbeinsatz<\/td>\n<\/tr>\n<tr>\n<td class=\"left\">Ausschnitt<\/td>\n<td>Rundhals<\/td>\n<\/tr>\n<tr>\n<td class=\"left\">\u00c4rmel<\/td>\n<td>3\/4-\u00c4rmel<\/td>\n<\/tr>\n<tr>\n<td class=\"left\">\u00c4rmelabschluss<\/td>\n<td>abgesteppte Kante<\/td>\n<\/tr>\n<tr>\n<td class=\"left\">Kleidersaum<\/td>\n<td>abgesteppte Kante<\/td>\n<\/tr>\n<tr>\n<td class=\"left\">Fit<\/td>\n<td>ausgestellt<\/td>\n<\/tr>\n<tr>\n<td class=\"left\">Schnittform L\u00e4nge<\/td>\n<td>kniefrei<\/td>\n<\/tr>\n<tr>\n<td class=\"left\">\u0426\u0432\u0435\u0442<\/td>\n<td>schwarz<\/td>\n<\/tr>\n<tr>\n<td class=\"left\">Applikationen<\/td>\n<td>Glitzerband<\/td>\n<\/tr>\n<tr>\n<td class=\"left\">Besondere Merkmale<\/td>\n<td>mit Glitzerband<\/td>\n<\/tr>\n<\/tbody>\n<\/table>\n<div class=\"spec-holder\">\n<div class=\"row\">\n<div class=\"col-xs-5 spec-name\"><\/div>\n<\/div>\n<\/div>","protected":false},"featured_media":81350,"comment_status":"open","ping_status":"closed","template":"","meta":{"_seopress_robots_primary_cat":"","_seopress_titles_title":"","_seopress_titles_desc":"","_seopress_robots_index":""},"product_brand":[],"product_cat":[1351,1379,1380,1622,1624],"product_tag":[],"class_list":{"0":"post-81238","1":"product","2":"type-product","3":"status-publish","4":"has-post-thumbnail","6":"product_cat-kindermode","7":"product_cat-kleider","8":"product_cat-abendkleider","9":"product_cat-kleider-kindermode","10":"product_cat-shirtkleider","11":"product_shipping_class-standard-versand","13":"first","14":"instock","15":"sale","16":"taxable","17":"shipping-taxable","18":"purchasable","19":"product-type-simple"},"_links":{"self":[{"href":"https:\/\/www.soanam.de\/ru\/wp-json\/wp\/v2\/product\/81238","targetHints":{"allow":["GET"]}}],"collection":[{"href":"https:\/\/www.soanam.de\/ru\/wp-json\/wp\/v2\/product"}],"about":[{"href":"https:\/\/www.soanam.de\/ru\/wp-json\/wp\/v2\/types\/product"}],"replies":[{"embeddable":true,"href":"https:\/\/www.soanam.de\/ru\/wp-json\/wp\/v2\/comments?post=81238"}],"wp:featuredmedia":[{"embeddable":true,"href":"https:\/\/www.soanam.de\/ru\/wp-json\/wp\/v2\/media\/81350"}],"wp:attachment":[{"href":"https:\/\/www.soanam.de\/ru\/wp-json\/wp\/v2\/media?parent=81238"}],"wp:term":[{"taxonomy":"product_brand","embeddable":true,"href":"https:\/\/www.soanam.de\/ru\/wp-json\/wp\/v2\/product_brand?post=81238"},{"taxonomy":"product_cat","embeddable":true,"href":"https:\/\/www.soanam.de\/ru\/wp-json\/wp\/v2\/product_cat?post=81238"},{"taxonomy":"product_tag","embeddable":true,"href":"https:\/\/www.soanam.de\/ru\/wp-json\/wp\/v2\/product_tag?post=81238"}],"curies":[{"name":"wp","href":"https:\/\/api.w.org\/{rel}","templated":true}]}}