{"id":81171,"date":"2023-12-14T01:46:56","date_gmt":"2023-12-14T00:46:56","guid":{"rendered":"https:\/\/www.soanam.de\/?post_type=product&#038;p=81171"},"modified":"2023-12-14T01:49:27","modified_gmt":"2023-12-14T00:49:27","slug":"led-flasche-mit-motiv-weil-engel-nicht-ueberall-sein-koennen-gibt-es-menschen-wie-dich","status":"publish","type":"product","link":"https:\/\/www.soanam.de\/ru\/produkt\/led-flasche-mit-motiv-weil-engel-nicht-ueberall-sein-koennen-gibt-es-menschen-wie-dich\/","title":{"rendered":"LED-Flasche mit Motiv, Weil Engel nicht \u00fcberall sein k\u00f6nnen, gibt es Menschen wie Dich!"},"content":{"rendered":"<h3>\u041e\u043f\u0438\u0441\u0430\u043d\u0438\u0435<\/h3>\n<p><strong>LED-Flaschenlicht mit integrierter Lichterkette und Hologramm-Effekt. Bedruckt mit einem Motiv von WB wohn trends\u00ae.<\/strong><\/p>\n<p>Als Deko-Artikel oder Geschenk. Diese beleuchtete Flasche sieht einfach wundersch\u00f6n aus - auch im ausgeschaltetem Zustand. Die Batterien und der Schalter sind unsichtbar im Flaschenboden integriert. Bei Bedarf schalten Sie die Beleuchtung einfach ein. Die Leucht-Flasche hat einen sehr sparsamen Verbrauch, so dass die handels\u00fcblichen Batterien lange halten.<\/p>\n<p>Die Flasche hat den folgenden Aufdruck: Weil Engel nicht \u00fcberall sein k\u00f6nnen, gibt es Menschen wie Dich! Druckfarbe: grau<\/p>\n<p>Jede LED-Flasche wird von uns liebevoll vor Ort bedruckt. Unsere ausgefallenen Motive und Texte machen jede Flasche besonders. Egal ob f\u00fcr Sie selbst als Dekoration oder als tolles Geschenk. Z.B. auch sehr sch\u00f6n f\u00fcr Hochzeit, Winterzeit, Adventzeit, Geburtstag, Weihnachten oder vielen anderen Anl\u00e4ssen. Als Weihnachts-Geschenk, Hochzeits-Geschenk oder Tisch-Deko.<\/p>\n<p>F\u00fcr den Betrieb sind 3 handels\u00fcbliche Batterien vom Typ AAA erforderlich. Die Batterien liegen der Lieferung nicht bei. Die Ma\u00dfe der Glitzer-Flasche sind ca 29cm H\u00f6he (inkl. Korken gemessen) und ca 7,5cm Durchmesser. Nur f\u00fcr den Innenbereich.<\/p>\n<p><strong>WB wohn trends<\/strong>\u00ae ist eine beim Deutschen Patent- und Markenamt (DPMA) eingetragene Marke.<\/p>\n<p>Rechtlicher Hinweis: Die LED-Flaschen werden durch WB wohn trends lediglich bedruckt. Die unbedruckten LED-Flaschen stammen von einem Deutschen Importeur und besitzen eine Kennzeichnung und eine g\u00fcltige WEEE-Registrierung.<\/p>","protected":false},"excerpt":{"rendered":"<h3>Artikelmerkmale<\/h3>\n<p>\u0421\u043e\u0441\u0442\u043e\u044f\u043d\u0438\u0435 \u0442\u043e\u0432\u0430\u0440\u0430: \u041d\u043e\u0432\u044b\u0439 \u0441 \u044d\u0442\u0438\u043a\u0435\u0442\u043a\u043e\u0439: \u041d\u043e\u0432\u044b\u0439, \u043d\u0435\u0438\u0441\u043f\u043e\u043b\u044c\u0437\u043e\u0432\u0430\u043d\u043d\u044b\u0439 \u0438 \u043d\u0435\u043d\u043e\u0448\u0435\u043d\u044b\u0439 \u0442\u043e\u0432\u0430\u0440 \u0432 \u043e\u0440\u0438\u0433\u0438\u043d\u0430\u043b\u044c\u043d\u043e\u0439 \u0443\u043f\u0430\u043a\u043e\u0432\u043a\u0435<\/p>\n<p>Hersteller : WB wohn trends<br \/>\nFarbe : Grau<br \/>\nBreite : 7,5 cm<br \/>\nH\u00f6he : 29 cm<br \/>\nEAN : 4250550963072<\/p>\n<p>&nbsp;<\/p>\n<p>&nbsp;<\/p>","protected":false},"featured_media":81288,"comment_status":"open","ping_status":"closed","template":"","meta":{"_seopress_robots_primary_cat":"","_seopress_titles_title":"","_seopress_titles_desc":"","_seopress_robots_index":""},"product_brand":[],"product_cat":[1400,1420],"product_tag":[],"class_list":{"0":"post-81171","1":"product","2":"type-product","3":"status-publish","4":"has-post-thumbnail","6":"product_cat-wohnzubehoer","7":"product_cat-wohndekoration","8":"product_shipping_class-standard-versand","10":"first","11":"instock","12":"sale","13":"taxable","14":"shipping-taxable","15":"purchasable","16":"product-type-simple"},"_links":{"self":[{"href":"https:\/\/www.soanam.de\/ru\/wp-json\/wp\/v2\/product\/81171","targetHints":{"allow":["GET"]}}],"collection":[{"href":"https:\/\/www.soanam.de\/ru\/wp-json\/wp\/v2\/product"}],"about":[{"href":"https:\/\/www.soanam.de\/ru\/wp-json\/wp\/v2\/types\/product"}],"replies":[{"embeddable":true,"href":"https:\/\/www.soanam.de\/ru\/wp-json\/wp\/v2\/comments?post=81171"}],"wp:featuredmedia":[{"embeddable":true,"href":"https:\/\/www.soanam.de\/ru\/wp-json\/wp\/v2\/media\/81288"}],"wp:attachment":[{"href":"https:\/\/www.soanam.de\/ru\/wp-json\/wp\/v2\/media?parent=81171"}],"wp:term":[{"taxonomy":"product_brand","embeddable":true,"href":"https:\/\/www.soanam.de\/ru\/wp-json\/wp\/v2\/product_brand?post=81171"},{"taxonomy":"product_cat","embeddable":true,"href":"https:\/\/www.soanam.de\/ru\/wp-json\/wp\/v2\/product_cat?post=81171"},{"taxonomy":"product_tag","embeddable":true,"href":"https:\/\/www.soanam.de\/ru\/wp-json\/wp\/v2\/product_tag?post=81171"}],"curies":[{"name":"wp","href":"https:\/\/api.w.org\/{rel}","templated":true}]}}