{"id":81147,"date":"2023-12-14T01:46:07","date_gmt":"2023-12-14T00:46:07","guid":{"rendered":"https:\/\/www.soanam.de\/?post_type=product&#038;p=81147"},"modified":"2023-12-14T01:48:50","modified_gmt":"2023-12-14T00:48:50","slug":"herren-slim-fit-chino-in-dunkelgrau-groesse-31-30","status":"publish","type":"product","link":"https:\/\/www.soanam.de\/ru\/produkt\/herren-slim-fit-chino-in-dunkelgrau-groesse-31-30\/","title":{"rendered":"\u041c\u0443\u0436\u0441\u043a\u0438\u0435 \u0437\u0430\u0443\u0436\u0435\u043d\u043d\u044b\u0435 \u0447\u0438\u043d\u043e\u0441\u044b \u0442\u0435\u043c\u043d\u043e-\u0441\u0435\u0440\u043e\u0433\u043e \u0446\u0432\u0435\u0442\u0430, \u0440\u0430\u0437\u043c\u0435\u0440 31\/30"},"content":{"rendered":"<h3>\u041e\u043f\u0438\u0441\u0430\u043d\u0438\u0435 \u0442\u043e\u0432\u0430\u0440\u0430<\/h3>\n<p>Chino aus einem besonders stretchigem Baumwolltwill. Modell mit Seitentaschen, einer M\u00fcnztasche und paspelierten Potaschen. Rei\u00dfverschluss vorn.<br \/>\nSlim Fit \u2013 die schmale Passform an Oberschenkeln, Knien und Kn\u00f6cheln sorgt f\u00fcr eine k\u00f6rpernahe Silhouette.<\/p>\n<p><strong>\u043f\u043e\u0434\u0440\u043e\u0431\u043d\u043e\u0441\u0442\u0438<\/strong><br \/>\nGr\u00f6\u00dfe: Das Model ist 190cm\/6'3\" gro\u00df und tr\u00e4gt Gr\u00f6\u00dfe 30\/32<br \/>\n\u0424\u0430\u0441\u043e\u043d: \u0437\u0430\u0443\u0436\u0435\u043d\u043d\u044b\u0439 \u043a\u0440\u043e\u0439<br \/>\nZusammensetzung: Taschenfutter: Baumwolle 100%, Baumwolle 98%, Elasthan 2%<\/p>","protected":false},"excerpt":{"rendered":"<p>Artikelmerkmale<\/p>\n<p>Artikelzustand: Neu mit Etikett - Neuer, unbenutzter und nicht getragener Artikel in der Originalverpackung<\/p>\n<table dir=\"ltr\" border=\"1\" cellspacing=\"0\" cellpadding=\"0\">\n<colgroup>\n<col width=\"194\" \/>\n<col width=\"223\" \/><\/colgroup>\n<tbody>\n<tr>\n<td data-sheets-value=\"{&quot;1&quot;:2,&quot;2&quot;:&quot;Abteilung:&quot;}\">Abteilung:<\/td>\n<td data-sheets-value=\"{&quot;1&quot;:2,&quot;2&quot;:&quot;Herren&quot;}\">Herren<\/td>\n<\/tr>\n<tr>\n<td data-sheets-value=\"{&quot;1&quot;:2,&quot;2&quot;:&quot;Anlass:&quot;}\">Anlass:<\/td>\n<td data-sheets-value=\"{&quot;1&quot;:2,&quot;2&quot;:&quot;Business, Freizeit&quot;}\">Business, Freizeit<\/td>\n<\/tr>\n<tr>\n<td data-sheets-value=\"{&quot;1&quot;:2,&quot;2&quot;:&quot;Besonderheiten:&quot;}\">Besonderheiten:<\/td>\n<td data-sheets-value=\"{&quot;1&quot;:2,&quot;2&quot;:&quot;Stretch&quot;}\">Stretch<\/td>\n<\/tr>\n<tr>\n<td data-sheets-value=\"{&quot;1&quot;:2,&quot;2&quot;:&quot;Farbe:&quot;}\">\u0426\u0432\u0435\u0442:<\/td>\n<td data-sheets-value=\"{&quot;1&quot;:2,&quot;2&quot;:&quot;Grau&quot;}\">\u0421\u0435\u0440\u044b\u0439<\/td>\n<\/tr>\n<tr>\n<td data-sheets-value=\"{&quot;1&quot;:2,&quot;2&quot;:&quot;Gewebeart:&quot;}\">Gewebeart:<\/td>\n<td data-sheets-value=\"{&quot;1&quot;:2,&quot;2&quot;:&quot;Twill&quot;}\">Twill<\/td>\n<\/tr>\n<tr>\n<td data-sheets-value=\"{&quot;1&quot;:2,&quot;2&quot;:&quot;Gr\u00f6\u00dfe:&quot;}\">Gr\u00f6\u00dfe:<\/td>\n<td data-sheets-value=\"{&quot;1&quot;:3,&quot;3&quot;:30}\">30<\/td>\n<\/tr>\n<tr>\n<td data-sheets-value=\"{&quot;1&quot;:2,&quot;2&quot;:&quot;Gr\u00f6\u00dfenkategorie:&quot;}\">Gr\u00f6\u00dfenkategorie:<\/td>\n<td data-sheets-value=\"{&quot;1&quot;:2,&quot;2&quot;:&quot;Normalgr\u00f6\u00dfe&quot;}\">Normalgr\u00f6\u00dfe<\/td>\n<\/tr>\n<tr>\n<td data-sheets-value=\"{&quot;1&quot;:2,&quot;2&quot;:&quot;Jahreszeit:&quot;}\">Jahreszeit:<\/td>\n<td data-sheets-value=\"{&quot;1&quot;:2,&quot;2&quot;:&quot;Fr\u00fchling, Herbst, Sommer, Winter&quot;}\">Fr\u00fchling, Herbst, Sommer, Winter<\/td>\n<\/tr>\n<tr>\n<td data-sheets-value=\"{&quot;1&quot;:2,&quot;2&quot;:&quot;Marke:&quot;}\">Marke:<\/td>\n<td data-sheets-value=\"{&quot;1&quot;:2,&quot;2&quot;:&quot;H&amp;M&quot;}\">H&amp;M<\/td>\n<\/tr>\n<tr>\n<td data-sheets-value=\"{&quot;1&quot;:2,&quot;2&quot;:&quot;Material:&quot;}\">\u041c\u0430\u0442\u0435\u0440\u0438\u0430\u043b:<\/td>\n<td data-sheets-value=\"{&quot;1&quot;:2,&quot;2&quot;:&quot;Baumwolle&quot;}\">\u0425\u043b\u043e\u043f\u043e\u043a<\/td>\n<\/tr>\n<tr>\n<td data-sheets-value=\"{&quot;1&quot;:2,&quot;2&quot;:&quot;Passform:&quot;}\">\u041f\u043e\u0434\u0445\u043e\u0434\u0438\u0442:<\/td>\n<td data-sheets-value=\"{&quot;1&quot;:2,&quot;2&quot;:&quot;Slim&quot;}\">Slim<\/td>\n<\/tr>\n<tr>\n<td data-sheets-value=\"{&quot;1&quot;:2,&quot;2&quot;:&quot;Produktart:&quot;}\">Produktart:<\/td>\n<td data-sheets-value=\"{&quot;1&quot;:2,&quot;2&quot;:&quot;Hosen&quot;}\">\u0411\u0440\u044e\u043a\u0438<\/td>\n<\/tr>\n<tr>\n<td data-sheets-value=\"{&quot;1&quot;:2,&quot;2&quot;:&quot;Schrittl\u00e4nge:&quot;}\">Schrittl\u00e4nge:<\/td>\n<td data-sheets-value=\"{&quot;1&quot;:2,&quot;2&quot;:&quot;30 in&quot;}\">30 in<\/td>\n<\/tr>\n<tr>\n<td data-sheets-value=\"{&quot;1&quot;:2,&quot;2&quot;:&quot;Stil:&quot;}\">Stil:<\/td>\n<td data-sheets-value=\"{&quot;1&quot;:2,&quot;2&quot;:&quot;Chino&quot;}\">Chino<\/td>\n<\/tr>\n<tr>\n<td data-sheets-value=\"{&quot;1&quot;:2,&quot;2&quot;:&quot;Taillenumfang:&quot;}\">Taillenumfang:<\/td>\n<td data-sheets-value=\"{&quot;1&quot;:2,&quot;2&quot;:&quot;31 in&quot;}\">31 in<\/td>\n<\/tr>\n<tr>\n<td data-sheets-value=\"{&quot;1&quot;:2,&quot;2&quot;:&quot;Thema:&quot;}\">Thema:<\/td>\n<td data-sheets-value=\"{&quot;1&quot;:2,&quot;2&quot;:&quot;Adrett&quot;}\">Adrett<\/td>\n<\/tr>\n<tr>\n<td data-sheets-value=\"{&quot;1&quot;:2,&quot;2&quot;:&quot;Verschluss:&quot;}\">Verschluss:<\/td>\n<td data-sheets-value=\"{&quot;1&quot;:2,&quot;2&quot;:&quot;Knopf&quot;}\">Knopf<\/td>\n<\/tr>\n<tr>\n<td data-sheets-value=\"{&quot;1&quot;:2,&quot;2&quot;:&quot;Vintage:&quot;}\">Vintage:<\/td>\n<td data-sheets-value=\"{&quot;1&quot;:2,&quot;2&quot;:&quot;Nein&quot;}\">Nein<\/td>\n<\/tr>\n<\/tbody>\n<\/table>","protected":false},"featured_media":81263,"comment_status":"open","ping_status":"closed","template":"","meta":{"_seopress_robots_primary_cat":"","_seopress_titles_title":"","_seopress_titles_desc":"","_seopress_robots_index":""},"product_brand":[],"product_cat":[1345,1346,1464],"product_tag":[],"class_list":{"0":"post-81147","1":"product","2":"type-product","3":"status-publish","4":"has-post-thumbnail","6":"product_cat-herrenmode","7":"product_cat-hosen","8":"product_cat-chinohosen","9":"product_shipping_class-standard-versand","11":"first","12":"instock","13":"sale","14":"taxable","15":"shipping-taxable","16":"purchasable","17":"product-type-simple"},"_links":{"self":[{"href":"https:\/\/www.soanam.de\/ru\/wp-json\/wp\/v2\/product\/81147","targetHints":{"allow":["GET"]}}],"collection":[{"href":"https:\/\/www.soanam.de\/ru\/wp-json\/wp\/v2\/product"}],"about":[{"href":"https:\/\/www.soanam.de\/ru\/wp-json\/wp\/v2\/types\/product"}],"replies":[{"embeddable":true,"href":"https:\/\/www.soanam.de\/ru\/wp-json\/wp\/v2\/comments?post=81147"}],"wp:featuredmedia":[{"embeddable":true,"href":"https:\/\/www.soanam.de\/ru\/wp-json\/wp\/v2\/media\/81263"}],"wp:attachment":[{"href":"https:\/\/www.soanam.de\/ru\/wp-json\/wp\/v2\/media?parent=81147"}],"wp:term":[{"taxonomy":"product_brand","embeddable":true,"href":"https:\/\/www.soanam.de\/ru\/wp-json\/wp\/v2\/product_brand?post=81147"},{"taxonomy":"product_cat","embeddable":true,"href":"https:\/\/www.soanam.de\/ru\/wp-json\/wp\/v2\/product_cat?post=81147"},{"taxonomy":"product_tag","embeddable":true,"href":"https:\/\/www.soanam.de\/ru\/wp-json\/wp\/v2\/product_tag?post=81147"}],"curies":[{"name":"wp","href":"https:\/\/api.w.org\/{rel}","templated":true}]}}