{"id":81089,"date":"2023-12-14T01:44:45","date_gmt":"2023-12-14T00:44:45","guid":{"rendered":"https:\/\/www.soanam.de\/?post_type=product&#038;p=81089"},"modified":"2023-12-14T01:47:34","modified_gmt":"2023-12-14T00:47:34","slug":"%d1%82%d1%80%d0%b8%d0%ba%d0%be%d1%82%d0%b0%d0%b6%d0%bd%d0%be%d0%b5-%d0%bf%d0%bb%d0%b0%d1%82%d1%8c%d0%b5-melrose-%d1%81-%d0%b4%d0%b5%d0%ba%d0%be%d1%80%d0%b0%d1%82%d0%b8%d0%b2%d0%bd%d1%8b%d0%bc-%d0%bf","status":"publish","type":"product","link":"https:\/\/www.soanam.de\/ru\/produkt\/melrose-strickkleid-mit-zierguertel-in-schwarz-weiss-groesse-36\/","title":{"rendered":"Melrose Strickkleid mit Zierg\u00fcrtel, in Schwarz-Wei\u00df, Gr\u00f6\u00dfe 36"},"content":{"rendered":"<p>Strickkleid von MELROSE<br \/>\nMit Rollkragen und gemustertem Rockteil<br \/>\nG\u00fcrtelschlaufen und Zierg\u00fcrtel<br \/>\n\u041e\u0431\u043b\u0435\u0433\u0430\u044e\u0449\u0438\u0439 \u0434\u0438\u0437\u0430\u0439\u043d<\/p>\n<p>Das lang\u00e4rmelige Kleid von Melrose schmiegt sich dank des superweichen Materials und der figurnahen Passform angenehm an den K\u00f6rper.<br \/>\nSas h\u00fcbsche Strickkleid von mit gemustertem Rockteil pr\u00e4sentiert sich mit geripptem Rollkragen und einem stilvollen Strickg\u00fcrtel mit ringf\u00f6rmiger Schnalle.<\/p>\n<p>Material: 95% Polyacryl, 5% Polyamid<br \/>\n\u0420\u0435\u043a\u043e\u043c\u0435\u043d\u0434\u0430\u0446\u0438\u0438 \u043f\u043e \u0443\u0445\u043e\u0434\u0443: \u041c\u0430\u0448\u0438\u043d\u043d\u0430\u044f \u0441\u0442\u0438\u0440\u043a\u0430<\/p>\n<p>\u0426\u0432\u0435\u0442: \u0447\u0435\u0440\u043d\u044b\u0439 \u0438 \u0431\u0435\u043b\u044b\u0439<br \/>\nMuster: Blumenmuster<br \/>\n\u0420\u0430\u0437\u043c\u0435\u0440: 36<\/p>\n<p>\u0428\u0438\u0440\u0438\u043d\u0430 \u0433\u0440\u0443\u0434\u0438: 81 \u0441\u043c<br \/>\n\u0414\u043b\u0438\u043d\u0430 \u0440\u0443\u043a\u0430\u0432\u0430: 63 \u0441\u043c<br \/>\n\u041e\u0431\u0449\u0430\u044f \u0434\u043b\u0438\u043d\u0430: 87 \u0441\u043c<\/p>\n<p>&nbsp;<\/p>","protected":false},"excerpt":{"rendered":"<div class=\"spec-holder\">\n<div class=\"row\">\n<div class=\"col-xs-5 spec-name\">\n<table class=\"dv_characteristicsTable\">\n<tbody>\n<tr>\n<td class=\"left\">\u0420\u0430\u0437\u043c\u0435\u0440<\/td>\n<td>36<\/td>\n<\/tr>\n<tr>\n<td class=\"left\">Gr\u00f6\u00dfentyp<\/td>\n<td>Normalgr\u00f6\u00dfen<\/td>\n<\/tr>\n<tr>\n<td class=\"left\">\u0421\u043e\u0441\u0442\u0430\u0432 \u043c\u0430\u0442\u0435\u0440\u0438\u0430\u043b\u0430<\/td>\n<td>Obermaterial: 95% Polyacryl, 5% Polyamid<\/td>\n<\/tr>\n<tr>\n<td class=\"left\">Materialart<\/td>\n<td>Strick<\/td>\n<\/tr>\n<tr>\n<td class=\"left\">Materialeigenschaften<\/td>\n<td>elastisch<\/td>\n<\/tr>\n<tr>\n<td class=\"left\">\u0420\u0435\u043a\u043e\u043c\u0435\u043d\u0434\u0430\u0446\u0438\u0438 \u043f\u043e \u0443\u0445\u043e\u0434\u0443<\/td>\n<td>\u041c\u0430\u0448\u0438\u043d\u043d\u0430\u044f \u0441\u0442\u0438\u0440\u043a\u0430<\/td>\n<\/tr>\n<tr>\n<td class=\"left\">Optik<\/td>\n<td>gemustert<\/td>\n<\/tr>\n<tr>\n<td class=\"left\">Stil<\/td>\n<td>feminin<\/td>\n<\/tr>\n<tr>\n<td class=\"left\">Kragen<\/td>\n<td>Rollkragen<\/td>\n<\/tr>\n<tr>\n<td class=\"left\">\u00c4rmel<\/td>\n<td>\u0414\u043b\u0438\u043d\u043d\u044b\u0439 \u0440\u0443\u043a\u0430\u0432<\/td>\n<\/tr>\n<tr>\n<td class=\"left\">\u00c4rmeldetails<\/td>\n<td>eng<\/td>\n<\/tr>\n<tr>\n<td class=\"left\">\u00c4rmelabschluss<\/td>\n<td>\u0420\u0435\u0431\u0440\u0438\u0441\u0442\u044b\u0435 \u043c\u0430\u043d\u0436\u0435\u0442\u044b<\/td>\n<\/tr>\n<tr>\n<td class=\"left\">Kleidersaum<\/td>\n<td>\u0420\u0435\u0431\u0440\u0438\u0441\u0442\u044b\u0435 \u043c\u0430\u043d\u0436\u0435\u0442\u044b<\/td>\n<\/tr>\n<tr>\n<td class=\"left\">Fit<\/td>\n<td>sehr figurbetont<\/td>\n<\/tr>\n<tr>\n<td class=\"left\">Schnittform L\u00e4nge<\/td>\n<td>mini<\/td>\n<\/tr>\n<tr>\n<td class=\"left\">\u0426\u0432\u0435\u0442<\/td>\n<td>\u0447\u0451\u0440\u043d\u043e-\u0431\u0435\u043b\u044b\u0439<\/td>\n<\/tr>\n<tr>\n<td class=\"left\">Verschluss<\/td>\n<td>\u0420\u0435\u043c\u0435\u043d\u044c<\/td>\n<\/tr>\n<tr>\n<td class=\"left\">Besondere Merkmale<\/td>\n<td>mit Zierg\u00fcrtel<\/td>\n<\/tr>\n<\/tbody>\n<\/table>\n<\/div>\n<\/div>\n<\/div>","protected":false},"featured_media":81200,"comment_status":"open","ping_status":"closed","template":"","meta":{"_seopress_robots_primary_cat":"","_seopress_titles_title":"","_seopress_titles_desc":"","_seopress_robots_index":""},"product_brand":[],"product_cat":[1348,1379,1618],"product_tag":[],"class_list":{"0":"post-81089","1":"product","2":"type-product","3":"status-publish","4":"has-post-thumbnail","6":"product_cat-damen-mode","7":"product_cat-kleider","8":"product_cat-strickkleider","9":"product_shipping_class-standard-versand","11":"first","12":"instock","13":"sale","14":"taxable","15":"shipping-taxable","16":"purchasable","17":"product-type-simple"},"_links":{"self":[{"href":"https:\/\/www.soanam.de\/ru\/wp-json\/wp\/v2\/product\/81089","targetHints":{"allow":["GET"]}}],"collection":[{"href":"https:\/\/www.soanam.de\/ru\/wp-json\/wp\/v2\/product"}],"about":[{"href":"https:\/\/www.soanam.de\/ru\/wp-json\/wp\/v2\/types\/product"}],"replies":[{"embeddable":true,"href":"https:\/\/www.soanam.de\/ru\/wp-json\/wp\/v2\/comments?post=81089"}],"wp:featuredmedia":[{"embeddable":true,"href":"https:\/\/www.soanam.de\/ru\/wp-json\/wp\/v2\/media\/81200"}],"wp:attachment":[{"href":"https:\/\/www.soanam.de\/ru\/wp-json\/wp\/v2\/media?parent=81089"}],"wp:term":[{"taxonomy":"product_brand","embeddable":true,"href":"https:\/\/www.soanam.de\/ru\/wp-json\/wp\/v2\/product_brand?post=81089"},{"taxonomy":"product_cat","embeddable":true,"href":"https:\/\/www.soanam.de\/ru\/wp-json\/wp\/v2\/product_cat?post=81089"},{"taxonomy":"product_tag","embeddable":true,"href":"https:\/\/www.soanam.de\/ru\/wp-json\/wp\/v2\/product_tag?post=81089"}],"curies":[{"name":"wp","href":"https:\/\/api.w.org\/{rel}","templated":true}]}}