{"id":81026,"date":"2023-12-14T01:43:30","date_gmt":"2023-12-14T00:43:30","guid":{"rendered":"https:\/\/www.soanam.de\/?post_type=product&#038;p=81026"},"modified":"2023-12-14T01:46:05","modified_gmt":"2023-12-14T00:46:05","slug":"triggerbow-triggerpunkt-massagegeraet-fuer-ruecken-nacken-schulter-aus-holz","status":"publish","type":"product","link":"https:\/\/www.soanam.de\/ru\/produkt\/triggerbow-triggerpunkt-massagegeraet-fuer-ruecken-nacken-schulter-aus-holz\/","title":{"rendered":"TRIGGERBOW Triggerpunkt Massageger\u00e4t f\u00fcr R\u00fccken Nacken Schulter, aus Holz"},"content":{"rendered":"<h3>\u041e\u043f\u0438\u0441\u0430\u043d\u0438\u0435<\/h3>\n<p><strong>\u0418\u043d\u0444\u043e\u0440\u043c\u0430\u0446\u0438\u044f \u043e\u0431 \u044d\u0442\u043e\u0439 \u0441\u0442\u0430\u0442\u044c\u0435<\/strong><\/p>\n<ul>\n<li>EFFEKTIVE SELBSTBEHANDLUNG \u2013 Massageger\u00e4t zur Triggerpunkt-Therapie: Mit dem Triggerbow Massageroller aus Holz kannst du Kopf-, R\u00fccken- und Nackenschmerzen selbst behandeln. Finde jetzt deine Triggerpunkte und l\u00f6se deine Verspannungen!<\/li>\n<li>SCHNELLE ENTSPANNUNG \u2013 Triggerpunkt Massageger\u00e4t f\u00fcr die Roll- und Druckmassage: Die integrierte Edelstahlkugel im Triggerbow fungiert als Triggerpunkt Dr\u00fccker und als Massage Roller. Auf diese Weise kannst du R\u00fccken- und Nackenschmerzen lindern.<\/li>\n<li>VON EXPERTEN EMPFOHLEN \u2013 ergonomisches R\u00fcckenschmerzen Ger\u00e4t: Mit dem Triggerbow Massage Tool kannst du Schmerzen und Verspannungen professionell l\u00f6sen. Der Massage Stab f\u00fcr den R\u00fccken l\u00e4sst sich dabei leicht anwenden \u2013 probiere es aus!<\/li>\n<li>VON PHYSIOTHERAPEUTEN ENTWICKELT \u2013 Massageger\u00e4t f\u00fcr R\u00fccken und Nacken: Erlebe R\u00fccken Wellness sowie eine Triggerpunkt Behandlung nach neuesten medizinischen Erkenntnissen und mit jahrzehntelanger Erfahrung aus der Physiotherapie.<\/li>\n<\/ul>","protected":false},"excerpt":{"rendered":"<h3>Artikelmerkmale<\/h3>\n<p>\u0421\u043e\u0441\u0442\u043e\u044f\u043d\u0438\u0435 \u0442\u043e\u0432\u0430\u0440\u0430: \u041d\u043e\u0432\u044b\u0439 \u0441 \u044d\u0442\u0438\u043a\u0435\u0442\u043a\u043e\u0439: \u041d\u043e\u0432\u044b\u0439, \u043d\u0435\u0438\u0441\u043f\u043e\u043b\u044c\u0437\u043e\u0432\u0430\u043d\u043d\u044b\u0439 \u0438 \u043d\u0435\u043d\u043e\u0448\u0435\u043d\u044b\u0439 \u0442\u043e\u0432\u0430\u0440 \u0432 \u043e\u0440\u0438\u0433\u0438\u043d\u0430\u043b\u044c\u043d\u043e\u0439 \u0443\u043f\u0430\u043a\u043e\u0432\u043a\u0435<\/p>\n<p>Marke TRIGGERBOW<br \/>\nMaterial Holz<br \/>\nFarbe Braun<br \/>\nProduktvorteile Muskel-Therapie<br \/>\nArtikelma\u00dfe L x B x H 93 x 31.5 x 2.4 cm<br \/>\nProduktabmessungen 93L x 31.5W x 2.4H cm<\/p>","protected":false},"featured_media":81138,"comment_status":"open","ping_status":"closed","template":"","meta":{"_seopress_robots_primary_cat":"","_seopress_titles_title":"","_seopress_titles_desc":"","_seopress_robots_index":""},"product_brand":[],"product_cat":[1730],"product_tag":[],"class_list":{"0":"post-81026","1":"product","2":"type-product","3":"status-publish","4":"has-post-thumbnail","6":"product_cat-sonstiges-2","8":"first","9":"instock","10":"sale","11":"taxable","12":"shipping-taxable","13":"purchasable","14":"product-type-simple"},"_links":{"self":[{"href":"https:\/\/www.soanam.de\/ru\/wp-json\/wp\/v2\/product\/81026","targetHints":{"allow":["GET"]}}],"collection":[{"href":"https:\/\/www.soanam.de\/ru\/wp-json\/wp\/v2\/product"}],"about":[{"href":"https:\/\/www.soanam.de\/ru\/wp-json\/wp\/v2\/types\/product"}],"replies":[{"embeddable":true,"href":"https:\/\/www.soanam.de\/ru\/wp-json\/wp\/v2\/comments?post=81026"}],"wp:featuredmedia":[{"embeddable":true,"href":"https:\/\/www.soanam.de\/ru\/wp-json\/wp\/v2\/media\/81138"}],"wp:attachment":[{"href":"https:\/\/www.soanam.de\/ru\/wp-json\/wp\/v2\/media?parent=81026"}],"wp:term":[{"taxonomy":"product_brand","embeddable":true,"href":"https:\/\/www.soanam.de\/ru\/wp-json\/wp\/v2\/product_brand?post=81026"},{"taxonomy":"product_cat","embeddable":true,"href":"https:\/\/www.soanam.de\/ru\/wp-json\/wp\/v2\/product_cat?post=81026"},{"taxonomy":"product_tag","embeddable":true,"href":"https:\/\/www.soanam.de\/ru\/wp-json\/wp\/v2\/product_tag?post=81026"}],"curies":[{"name":"wp","href":"https:\/\/api.w.org\/{rel}","templated":true}]}}