{"id":80946,"date":"2023-12-14T01:41:45","date_gmt":"2023-12-14T00:41:45","guid":{"rendered":"https:\/\/www.soanam.de\/?post_type=product&#038;p=80946"},"modified":"2023-12-14T01:43:59","modified_gmt":"2023-12-14T00:43:59","slug":"beachtime-sommerkleid-mit-rueckenausschnitt-in-schwarz-bunt-groesse-38","status":"publish","type":"product","link":"https:\/\/www.soanam.de\/ru\/produkt\/beachtime-sommerkleid-mit-rueckenausschnitt-in-schwarz-bunt-groesse-38\/","title":{"rendered":"\u041b\u0435\u0442\u043d\u0435\u0435 \u043f\u043b\u0430\u0442\u044c\u0435 Beachtime \u0441 \u0432\u044b\u0440\u0435\u0437\u043e\u043c \u043d\u0430 \u0441\u043f\u0438\u043d\u0435, \u0447\u0435\u0440\u043d\u043e\u0435\/\u0446\u0432\u0435\u0442\u043d\u043e\u0435, \u0440\u0430\u0437\u043c\u0435\u0440 38"},"content":{"rendered":"<p>\u041f\u043b\u044f\u0436\u043d\u043e\u0435 \u043f\u043b\u0430\u0442\u044c\u0435 \u0441\u043e \u0441\u0432\u0438\u0442\u0448\u043e\u0442\u043e\u043c \u043e\u0442 Beachtime<br \/>\nWickeloptik vorne<br \/>\nCut-out-Detail im R\u00fccken<br \/>\n\u041a\u043e\u0440\u043e\u0442\u043a\u0438\u0435 \u0440\u0443\u043a\u0430\u0432\u0430<br \/>\nRockteil bedruckt<br \/>\n\u041c\u044f\u0433\u043a\u0430\u044f \u0432\u0438\u0441\u043a\u043e\u0437\u043d\u0430\u044f \u0442\u043a\u0430\u043d\u044c<\/p>\n<p>Das Sommerkleid in Wickeloptik f\u00e4llt mit den Mandala-Prints auf dem Rockteil besonders ins Auge.<br \/>\nGanz kurze \u00c4rmel und Raffungen am Oberteil zaubern dir eine sch\u00f6ne Silhouette und lenken den Blick gekonnt auf dein Dekollet\u00e9.<br \/>\nAber auch der R\u00fccken entz\u00fcckt. Ein verspieltes Cut-out-Detail sorgt hier f\u00fcr Aufmerksamkeit.<\/p>\n<p>\u041c\u0430\u0442\u0435\u0440\u0438\u0430\u043b: 95% \u0432\u0438\u0441\u043a\u043e\u0437\u0430, 5% \u044d\u043b\u0430\u0441\u0442\u0430\u043d<br \/>\n\u0420\u0435\u043a\u043e\u043c\u0435\u043d\u0434\u0430\u0446\u0438\u0438 \u043f\u043e \u0443\u0445\u043e\u0434\u0443: \u041c\u0430\u0448\u0438\u043d\u043d\u0430\u044f \u0441\u0442\u0438\u0440\u043a\u0430<\/p>\n<p>\u0426\u0432\u0435\u0442: \u0447\u0435\u0440\u043d\u044b\u0439<br \/>\nMuster: Mandala Prints<br \/>\n\u0420\u0430\u0437\u043c\u0435\u0440: 36\/38<\/p>\n<p>\u0428\u0438\u0440\u0438\u043d\u0430 \u0433\u0440\u0443\u0434\u0438: 84 \u0441\u043c<br \/>\n\u00c4rmell\u00e4nge: 9cm<br \/>\n\u041e\u0431\u0449\u0430\u044f \u0434\u043b\u0438\u043d\u0430: 95 \u0441\u043c<\/p>\n<p>&nbsp;<\/p>\n<p>\u042d\u0442\u043e\u0442 \u043d\u043e\u0432\u044b\u0439 \u0442\u043e\u0432\u0430\u0440 \u044f\u0432\u043b\u044f\u0435\u0442\u0441\u044f \u0432\u043e\u0437\u0432\u0440\u0430\u0449\u0435\u043d\u043d\u044b\u043c \u043f\u043e\u043a\u0443\u043f\u0430\u0442\u0435\u043b\u0435\u043c \u0431\u0435\u0437 \u044d\u0442\u0438\u043a\u0435\u0442\u043a\u0438.<\/p>","protected":false},"excerpt":{"rendered":"<div class=\"spec-holder\">\n<div class=\"row\">\n<div class=\"col-xs-5 spec-name\">\n<table class=\"dv_characteristicsTable\">\n<tbody>\n<tr>\n<td class=\"left\">\u0420\u0430\u0437\u043c\u0435\u0440<\/td>\n<td>38<\/td>\n<\/tr>\n<tr>\n<td class=\"left\">Gr\u00f6\u00dfentyp<\/td>\n<td>Normalgr\u00f6\u00dfen<\/td>\n<\/tr>\n<tr>\n<td class=\"left\">\u0421\u043e\u0441\u0442\u0430\u0432 \u043c\u0430\u0442\u0435\u0440\u0438\u0430\u043b\u0430<\/td>\n<td>Obermaterial: 95% Viskose, 5% Elasthan<\/td>\n<\/tr>\n<tr>\n<td class=\"left\">Materialart<\/td>\n<td>\u0414\u0436\u0435\u0440\u0441\u0438<\/td>\n<\/tr>\n<tr>\n<td class=\"left\">Materialeigenschaften<\/td>\n<td>Stretch<\/td>\n<\/tr>\n<tr>\n<td class=\"left\">\u0420\u0435\u043a\u043e\u043c\u0435\u043d\u0434\u0430\u0446\u0438\u0438 \u043f\u043e \u0443\u0445\u043e\u0434\u0443<\/td>\n<td>\u041c\u0430\u0448\u0438\u043d\u043d\u0430\u044f \u0441\u0442\u0438\u0440\u043a\u0430<\/td>\n<\/tr>\n<tr>\n<td class=\"left\">Stil<\/td>\n<td>casual<\/td>\n<\/tr>\n<tr>\n<td class=\"left\">Ausschnitt<\/td>\n<td>V-\u043e\u0431\u0440\u0430\u0437\u043d\u044b\u0439 \u0432\u044b\u0440\u0435\u0437<\/td>\n<\/tr>\n<tr>\n<td class=\"left\">Ausschnittdetails<\/td>\n<td>gerafft<\/td>\n<\/tr>\n<tr>\n<td class=\"left\">\u00c4rmel<\/td>\n<td>\u041a\u043e\u0440\u043e\u0442\u043a\u0438\u0439 \u0440\u0443\u043a\u0430\u0432<\/td>\n<\/tr>\n<tr>\n<td class=\"left\">Kleidersaum<\/td>\n<td>gerader Abschluss<\/td>\n<\/tr>\n<tr>\n<td class=\"left\">Fit<\/td>\n<td>figurumspielend<\/td>\n<\/tr>\n<tr>\n<td class=\"left\">Schnittdetails<\/td>\n<td>Raffung an der Unterbrustnaht<\/td>\n<\/tr>\n<tr>\n<td class=\"left\">Schnittform L\u00e4nge<\/td>\n<td>kniefrei<\/td>\n<\/tr>\n<tr>\n<td class=\"left\">\u0426\u0432\u0435\u0442<\/td>\n<td>schwarz-bedruckt<\/td>\n<\/tr>\n<tr>\n<td class=\"left\">Besondere Merkmale<\/td>\n<td>mit R\u00fcckenausschnitt<\/td>\n<\/tr>\n<\/tbody>\n<\/table>\n<\/div>\n<\/div>\n<\/div>","protected":false},"featured_media":81053,"comment_status":"open","ping_status":"closed","template":"","meta":{"_seopress_robots_primary_cat":"","_seopress_titles_title":"","_seopress_titles_desc":"","_seopress_robots_index":""},"product_brand":[],"product_cat":[1348,1379,1620],"product_tag":[],"class_list":{"0":"post-80946","1":"product","2":"type-product","3":"status-publish","4":"has-post-thumbnail","6":"product_cat-damen-mode","7":"product_cat-kleider","8":"product_cat-jerseykleider","9":"product_shipping_class-standard-versand","11":"first","12":"instock","13":"sale","14":"taxable","15":"shipping-taxable","16":"purchasable","17":"product-type-simple"},"_links":{"self":[{"href":"https:\/\/www.soanam.de\/ru\/wp-json\/wp\/v2\/product\/80946","targetHints":{"allow":["GET"]}}],"collection":[{"href":"https:\/\/www.soanam.de\/ru\/wp-json\/wp\/v2\/product"}],"about":[{"href":"https:\/\/www.soanam.de\/ru\/wp-json\/wp\/v2\/types\/product"}],"replies":[{"embeddable":true,"href":"https:\/\/www.soanam.de\/ru\/wp-json\/wp\/v2\/comments?post=80946"}],"wp:featuredmedia":[{"embeddable":true,"href":"https:\/\/www.soanam.de\/ru\/wp-json\/wp\/v2\/media\/81053"}],"wp:attachment":[{"href":"https:\/\/www.soanam.de\/ru\/wp-json\/wp\/v2\/media?parent=80946"}],"wp:term":[{"taxonomy":"product_brand","embeddable":true,"href":"https:\/\/www.soanam.de\/ru\/wp-json\/wp\/v2\/product_brand?post=80946"},{"taxonomy":"product_cat","embeddable":true,"href":"https:\/\/www.soanam.de\/ru\/wp-json\/wp\/v2\/product_cat?post=80946"},{"taxonomy":"product_tag","embeddable":true,"href":"https:\/\/www.soanam.de\/ru\/wp-json\/wp\/v2\/product_tag?post=80946"}],"curies":[{"name":"wp","href":"https:\/\/api.w.org\/{rel}","templated":true}]}}