{"id":80927,"date":"2023-12-14T01:41:21","date_gmt":"2023-12-14T00:41:21","guid":{"rendered":"https:\/\/www.soanam.de\/?post_type=product&#038;p=80927"},"modified":"2023-12-14T01:43:38","modified_gmt":"2023-12-14T00:43:38","slug":"%d0%bf%d0%bb%d0%b0%d1%82%d1%8c%d0%b5-%d0%b1%d0%bb%d1%83%d0%b7%d0%ba%d0%b0-esprit-%d1%82%d0%b5%d0%bc%d0%bd%d0%be-%d1%81%d0%b8%d0%bd%d0%b5%d0%b3%d0%be-%d1%86%d0%b2%d0%b5%d1%82%d0%b0-%d1%80%d0%b0%d0%b7","status":"publish","type":"product","link":"https:\/\/www.soanam.de\/ru\/produkt\/esprit-blusenkleid-in-marineblau-groesse-40\/","title":{"rendered":"\u041f\u043b\u0430\u0442\u044c\u0435-\u0431\u043b\u0443\u0437\u043a\u0430 Esprit \u0442\u0435\u043c\u043d\u043e-\u0441\u0438\u043d\u0435\u0433\u043e \u0446\u0432\u0435\u0442\u0430, \u0440\u0430\u0437\u043c\u0435\u0440 40"},"content":{"rendered":"<p>Blusenkleid von Esprit<br \/>\n\u0414\u043b\u0438\u043d\u043d\u044b\u0435 \u0440\u0443\u043a\u0430\u0432\u0430<br \/>\ndrapierter Hals<br \/>\nMit angesetztem Volant<br \/>\n\u0418\u0437 \u043b\u0435\u0433\u043a\u043e\u0439 \u0432\u0438\u0441\u043a\u043e\u0437\u044b<\/p>\n<p>Kurzes Kleid mir langem Arm von Esprit.<br \/>\nDas Kleid weist einen Rundhalsausschnitt auf, ist auf der Vorderseite drapiert und hat einen angesetzten Volant.<br \/>\nIm R\u00fccken wird es per Knopf geschlossen, ebenso gibt es Kn\u00f6pfe an den \u00c4rmelabschl\u00fcssen.<br \/>\nDie superleichte Viskosequalit\u00e4t macht es auch an k\u00fchlen Sommertagen angenehm zu tragen.<\/p>\n<p>\u041c\u0430\u0442\u0435\u0440\u0438\u0430\u043b: \u0432\u0438\u0441\u043a\u043e\u0437\u0430 100%<br \/>\n\u0420\u0435\u043a\u043e\u043c\u0435\u043d\u0434\u0430\u0446\u0438\u0438 \u043f\u043e \u0443\u0445\u043e\u0434\u0443: \u041c\u0430\u0448\u0438\u043d\u043d\u0430\u044f \u0441\u0442\u0438\u0440\u043a\u0430<\/p>\n<p>\u0426\u0432\u0435\u0442: \u0442\u0435\u043c\u043d\u043e-\u0441\u0438\u043d\u0438\u0439<br \/>\n\u0423\u0437\u043e\u0440: \u0431\u0435\u0437<br \/>\n\u0420\u0430\u0437\u043c\u0435\u0440: 40<\/p>\n<p>\u0428\u0438\u0440\u0438\u043d\u0430 \u0433\u0440\u0443\u0434\u0438: 108 \u0441\u043c<br \/>\n\u0414\u043b\u0438\u043d\u0430 \u0440\u0443\u043a\u0430\u0432\u0430: 60 \u0441\u043c<br \/>\n\u041e\u0431\u0449\u0430\u044f \u0434\u043b\u0438\u043d\u0430: 92 \u0441\u043c<\/p>","protected":false},"excerpt":{"rendered":"<div class=\"spec-holder\">\n<div class=\"row\">\n<div class=\"col-xs-5 spec-name\">EAN-Code<\/div>\n<div class=\"col-xs-7 spec-value\">4063702258496<\/div>\n<\/div>\n<\/div>\n<div class=\"spec-holder\">\n<div class=\"row\">\n<div class=\"col-xs-5 spec-name\">Waschen<\/div>\n<div class=\"col-xs-7 spec-value\">Bei 30\u00b0C Schonwaschgang waschen<\/div>\n<\/div>\n<\/div>\n<div class=\"spec-holder\">\n<div class=\"row\">\n<div class=\"col-xs-5 spec-name\">Zum Trocknen<\/div>\n<div class=\"col-xs-7 spec-value\">Nicht maschinell trocknen<\/div>\n<\/div>\n<\/div>\n<div class=\"spec-holder\">\n<div class=\"row\">\n<div class=\"col-xs-5 spec-name\">Zu gl\u00e4tten<\/div>\n<div class=\"col-xs-7 spec-value\">Durchschnittstemperatur (150\u00b0C)<\/div>\n<\/div>\n<\/div>\n<div class=\"spec-holder\">\n<div class=\"row\">\n<div class=\"col-xs-5 spec-name\">Komposition<\/div>\n<div class=\"col-xs-7 spec-value\">100 % Viskose<\/div>\n<\/div>\n<\/div>\n<div class=\"spec-holder\">\n<div class=\"row\">\n<div class=\"col-xs-5 spec-name\">\u0426\u0432\u0435\u0442<\/div>\n<div class=\"col-xs-7 spec-value\">\u0422\u0435\u043c\u043d\u043e-\u0441\u0438\u043d\u0438\u0439<\/div>\n<\/div>\n<\/div>","protected":false},"featured_media":81032,"comment_status":"open","ping_status":"closed","template":"","meta":{"_seopress_robots_primary_cat":"","_seopress_titles_title":"","_seopress_titles_desc":"","_seopress_robots_index":""},"product_brand":[],"product_cat":[1348,1379,1541],"product_tag":[],"class_list":{"0":"post-80927","1":"product","2":"type-product","3":"status-publish","4":"has-post-thumbnail","6":"product_cat-damen-mode","7":"product_cat-kleider","8":"product_cat-freizeitkleider","9":"product_shipping_class-standard-versand","11":"first","12":"instock","13":"sale","14":"taxable","15":"shipping-taxable","16":"purchasable","17":"product-type-simple"},"_links":{"self":[{"href":"https:\/\/www.soanam.de\/ru\/wp-json\/wp\/v2\/product\/80927","targetHints":{"allow":["GET"]}}],"collection":[{"href":"https:\/\/www.soanam.de\/ru\/wp-json\/wp\/v2\/product"}],"about":[{"href":"https:\/\/www.soanam.de\/ru\/wp-json\/wp\/v2\/types\/product"}],"replies":[{"embeddable":true,"href":"https:\/\/www.soanam.de\/ru\/wp-json\/wp\/v2\/comments?post=80927"}],"wp:featuredmedia":[{"embeddable":true,"href":"https:\/\/www.soanam.de\/ru\/wp-json\/wp\/v2\/media\/81032"}],"wp:attachment":[{"href":"https:\/\/www.soanam.de\/ru\/wp-json\/wp\/v2\/media?parent=80927"}],"wp:term":[{"taxonomy":"product_brand","embeddable":true,"href":"https:\/\/www.soanam.de\/ru\/wp-json\/wp\/v2\/product_brand?post=80927"},{"taxonomy":"product_cat","embeddable":true,"href":"https:\/\/www.soanam.de\/ru\/wp-json\/wp\/v2\/product_cat?post=80927"},{"taxonomy":"product_tag","embeddable":true,"href":"https:\/\/www.soanam.de\/ru\/wp-json\/wp\/v2\/product_tag?post=80927"}],"curies":[{"name":"wp","href":"https:\/\/api.w.org\/{rel}","templated":true}]}}