{"id":80836,"date":"2023-12-14T01:39:17","date_gmt":"2023-12-14T00:39:17","guid":{"rendered":"https:\/\/www.soanam.de\/?post_type=product&#038;p=80836"},"modified":"2023-12-14T01:41:37","modified_gmt":"2023-12-14T00:41:37","slug":"kurzes-umstandskleid-mit-pattentaschen-und-puffaermeln-in-armeegruen-groesse-s","status":"publish","type":"product","link":"https:\/\/www.soanam.de\/ru\/produkt\/kurzes-umstandskleid-mit-pattentaschen-und-puffaermeln-in-armeegruen-groesse-s\/","title":{"rendered":"Kurzes Umstandskleid mit Pattentaschen und Puff\u00e4rmeln, in Armeegr\u00fcn, Gr\u00f6\u00dfe S"},"content":{"rendered":"<h3>\u041e\u043f\u0438\u0441\u0430\u043d\u0438\u0435 \u0442\u043e\u0432\u0430\u0440\u0430<\/h3>\n<p><strong>\u043f\u043e\u0434\u0440\u043e\u0431\u043d\u043e\u0441\u0442\u0438<\/strong><br \/>\n\u0421\u0442\u0438\u043b\u044c: \u041f\u043e\u0432\u0441\u0435\u0434\u043d\u0435\u0432\u043d\u044b\u0439<br \/>\nFarbe: Armeegr\u00fcn<br \/>\n\u0423\u0437\u043e\u0440: \u041e\u0434\u043d\u043e\u0446\u0432\u0435\u0442\u043d\u044b\u0439<br \/>\n\u0414\u043b\u0438\u043d\u0430: \u043a\u043e\u0440\u043e\u0442\u043a\u0430\u044f<br \/>\n\u0421\u0435\u0437\u043e\u043d: \u0432\u0435\u0441\u043d\u0430\/\u043b\u0435\u0442\u043e<br \/>\n\u0422\u0438\u043f: \u0420\u0443\u0431\u0430\u0448\u043a\u0430<br \/>\nDetails: Taschen, Kn\u00f6pfe vorn<br \/>\n\u0422\u0438\u043f \u043f\u043e\u0441\u0430\u0434\u043a\u0438: Regular fit<br \/>\nAusschnitt: Kragen<br \/>\n\u00c4rmell\u00e4nge: Halblange \u00c4rmel<br \/>\n\u00c4rmeltyp: Puff\u00e4rmel, Sehr tief angesetzte Schulterpartie<br \/>\n\u0422\u0430\u043b\u0438\u044f: \u0412\u044b\u0441\u043e\u043a\u0430\u044f \u0442\u0430\u043b\u0438\u044f<br \/>\n\u041f\u0440\u043e\u0437\u0440\u0430\u0447\u043d\u044b\u0439: \u043d\u0435\u0442<br \/>\ngeformter Saum: Ausgestellt<\/p>\n<p><strong>\u0421\u043e\u0441\u0442\u0430\u0432 \u043c\u0430\u0442\u0435\u0440\u0438\u0430\u043b\u0430<\/strong>:<br \/>\n100% \u041f\u043e\u043b\u0438\u044d\u0441\u0442\u0435\u0440<br \/>\nUndehnbar<\/p>\n<p><strong>\u0423\u0445\u043e\u0434<\/strong>:<br \/>\n\u041c\u0430\u0448\u0438\u043d\u043d\u0430\u044f \u0441\u0442\u0438\u0440\u043a\u0430<\/p>","protected":false},"excerpt":{"rendered":"<h3>Artikelmerkmale<\/h3>\n<p>Artikelzustand: Neu ohne Etikett<\/p>\n<table dir=\"ltr\" border=\"1\" cellspacing=\"0\" cellpadding=\"0\">\n<colgroup>\n<col width=\"194\" \/>\n<col width=\"223\" \/><\/colgroup>\n<tbody>\n<tr>\n<td data-sheets-value=\"{&quot;1&quot;:2,&quot;2&quot;:&quot;Abteilung:&quot;}\">Abteilung:<\/td>\n<td data-sheets-value=\"{&quot;1&quot;:2,&quot;2&quot;:&quot;Damen&quot;}\">Damen<\/td>\n<\/tr>\n<tr>\n<td data-sheets-value=\"{&quot;1&quot;:2,&quot;2&quot;:&quot;Anlass:&quot;}\">Anlass:<\/td>\n<td data-sheets-value=\"{&quot;1&quot;:2,&quot;2&quot;:&quot;Freizeit&quot;}\">Freizeit<\/td>\n<\/tr>\n<tr>\n<td data-sheets-value=\"{&quot;1&quot;:2,&quot;2&quot;:&quot;\u00c4rmelart:&quot;}\">\u00c4rmelart:<\/td>\n<td data-sheets-value=\"{&quot;1&quot;:2,&quot;2&quot;:&quot;Puff&quot;}\">Puff<\/td>\n<\/tr>\n<tr>\n<td data-sheets-value=\"{&quot;1&quot;:2,&quot;2&quot;:&quot;\u00c4rmell\u00e4nge:&quot;}\">\u00c4rmell\u00e4nge:<\/td>\n<td data-sheets-value=\"{&quot;1&quot;:2,&quot;2&quot;:&quot;Halbarm&quot;}\">Halbarm<\/td>\n<\/tr>\n<tr>\n<td data-sheets-value=\"{&quot;1&quot;:2,&quot;2&quot;:&quot;Ausschnitt:&quot;}\">Ausschnitt:<\/td>\n<td data-sheets-value=\"{&quot;1&quot;:2,&quot;2&quot;:&quot;Kragen&quot;}\">Kragen<\/td>\n<\/tr>\n<tr>\n<td data-sheets-value=\"{&quot;1&quot;:2,&quot;2&quot;:&quot;Charakter:&quot;}\">Charakter:<\/td>\n<td data-sheets-value=\"{&quot;1&quot;:2,&quot;2&quot;:&quot;ohne&quot;}\">ohne<\/td>\n<\/tr>\n<tr>\n<td data-sheets-value=\"{&quot;1&quot;:2,&quot;2&quot;:&quot;Farbe:&quot;}\">\u0426\u0432\u0435\u0442:<\/td>\n<td data-sheets-value=\"{&quot;1&quot;:2,&quot;2&quot;:&quot;Gr\u00fcn&quot;}\">\u0417\u0435\u043b\u0435\u043d\u044b\u0439<\/td>\n<\/tr>\n<tr>\n<td data-sheets-value=\"{&quot;1&quot;:2,&quot;2&quot;:&quot;Gewebeart:&quot;}\">Gewebeart:<\/td>\n<td data-sheets-value=\"{&quot;1&quot;:2,&quot;2&quot;:&quot;Chiffon&quot;}\">Chiffon<\/td>\n<\/tr>\n<tr>\n<td data-sheets-value=\"{&quot;1&quot;:2,&quot;2&quot;:&quot;Gr\u00f6\u00dfe:&quot;}\">Gr\u00f6\u00dfe:<\/td>\n<td data-sheets-value=\"{&quot;1&quot;:2,&quot;2&quot;:&quot;S&quot;}\">S<\/td>\n<\/tr>\n<tr>\n<td data-sheets-value=\"{&quot;1&quot;:2,&quot;2&quot;:&quot;Gr\u00f6\u00dfenkategorie:&quot;}\">Gr\u00f6\u00dfenkategorie:<\/td>\n<td data-sheets-value=\"{&quot;1&quot;:2,&quot;2&quot;:&quot;Umstandsgr\u00f6\u00dfe&quot;}\">Umstandsgr\u00f6\u00dfe<\/td>\n<\/tr>\n<tr>\n<td data-sheets-value=\"{&quot;1&quot;:2,&quot;2&quot;:&quot;Jahreszeit:&quot;}\">Jahreszeit:<\/td>\n<td data-sheets-value=\"{&quot;1&quot;:2,&quot;2&quot;:&quot;Fr\u00fchling, Sommer&quot;}\">Fr\u00fchling, Sommer<\/td>\n<\/tr>\n<tr>\n<td data-sheets-value=\"{&quot;1&quot;:2,&quot;2&quot;:&quot;Kleiderl\u00e4nge:&quot;}\">Kleiderl\u00e4nge:<\/td>\n<td data-sheets-value=\"{&quot;1&quot;:2,&quot;2&quot;:&quot;Kurz&quot;}\">\u041a\u043e\u0440\u043e\u0442\u043a\u0438\u0435<\/td>\n<\/tr>\n<tr>\n<td data-sheets-value=\"{&quot;1&quot;:2,&quot;2&quot;:&quot;Marke:&quot;}\">Marke:<\/td>\n<td data-sheets-value=\"{&quot;1&quot;:2,&quot;2&quot;:&quot;SheIn&quot;}\">SheIn<\/td>\n<\/tr>\n<tr>\n<td data-sheets-value=\"{&quot;1&quot;:2,&quot;2&quot;:&quot;Material:&quot;}\">\u041c\u0430\u0442\u0435\u0440\u0438\u0430\u043b:<\/td>\n<td data-sheets-value=\"{&quot;1&quot;:2,&quot;2&quot;:&quot;Polyester&quot;}\">\u041f\u043e\u043b\u0438\u044d\u0441\u0442\u0435\u0440<\/td>\n<\/tr>\n<tr>\n<td data-sheets-value=\"{&quot;1&quot;:2,&quot;2&quot;:&quot;Muster:&quot;}\">Muster:<\/td>\n<td data-sheets-value=\"{&quot;1&quot;:2,&quot;2&quot;:&quot;Ohne Muster&quot;}\">Ohne Muster<\/td>\n<\/tr>\n<tr>\n<td data-sheets-value=\"{&quot;1&quot;:2,&quot;2&quot;:&quot;Stil:&quot;}\">Stil:<\/td>\n<td data-sheets-value=\"{&quot;1&quot;:2,&quot;2&quot;:&quot;Umstandskleid&quot;}\">Umstandskleid<\/td>\n<\/tr>\n<tr>\n<td data-sheets-value=\"{&quot;1&quot;:2,&quot;2&quot;:&quot;Verschluss:&quot;}\">Verschluss:<\/td>\n<td data-sheets-value=\"{&quot;1&quot;:2,&quot;2&quot;:&quot;Kn\u00f6pfe&quot;}\">Kn\u00f6pfe<\/td>\n<\/tr>\n<tr>\n<td data-sheets-value=\"{&quot;1&quot;:2,&quot;2&quot;:&quot;Vintage:&quot;}\">Vintage:<\/td>\n<td data-sheets-value=\"{&quot;1&quot;:2,&quot;2&quot;:&quot;Nein&quot;}\">Nein<\/td>\n<\/tr>\n<\/tbody>\n<\/table>","protected":false},"featured_media":80938,"comment_status":"open","ping_status":"closed","template":"","meta":{"_seopress_robots_primary_cat":"","_seopress_titles_title":"","_seopress_titles_desc":"","_seopress_robots_index":""},"product_brand":[],"product_cat":[1348,1518,1519],"product_tag":[],"class_list":{"0":"post-80836","1":"product","2":"type-product","3":"status-publish","4":"has-post-thumbnail","6":"product_cat-damen-mode","7":"product_cat-umstandsmode","8":"product_cat-kleider-umstandsmode","9":"product_shipping_class-standard-versand","11":"first","12":"instock","13":"sale","14":"taxable","15":"shipping-taxable","16":"purchasable","17":"product-type-simple"},"_links":{"self":[{"href":"https:\/\/www.soanam.de\/ru\/wp-json\/wp\/v2\/product\/80836","targetHints":{"allow":["GET"]}}],"collection":[{"href":"https:\/\/www.soanam.de\/ru\/wp-json\/wp\/v2\/product"}],"about":[{"href":"https:\/\/www.soanam.de\/ru\/wp-json\/wp\/v2\/types\/product"}],"replies":[{"embeddable":true,"href":"https:\/\/www.soanam.de\/ru\/wp-json\/wp\/v2\/comments?post=80836"}],"wp:featuredmedia":[{"embeddable":true,"href":"https:\/\/www.soanam.de\/ru\/wp-json\/wp\/v2\/media\/80938"}],"wp:attachment":[{"href":"https:\/\/www.soanam.de\/ru\/wp-json\/wp\/v2\/media?parent=80836"}],"wp:term":[{"taxonomy":"product_brand","embeddable":true,"href":"https:\/\/www.soanam.de\/ru\/wp-json\/wp\/v2\/product_brand?post=80836"},{"taxonomy":"product_cat","embeddable":true,"href":"https:\/\/www.soanam.de\/ru\/wp-json\/wp\/v2\/product_cat?post=80836"},{"taxonomy":"product_tag","embeddable":true,"href":"https:\/\/www.soanam.de\/ru\/wp-json\/wp\/v2\/product_tag?post=80836"}],"curies":[{"name":"wp","href":"https:\/\/api.w.org\/{rel}","templated":true}]}}