{"id":80695,"date":"2023-12-14T01:36:17","date_gmt":"2023-12-14T00:36:17","guid":{"rendered":"https:\/\/www.soanam.de\/?post_type=product&#038;p=80695"},"modified":"2023-12-14T01:38:39","modified_gmt":"2023-12-14T00:38:39","slug":"io-instruments-pasiphae-pasiphae-%d1%8d%d0%ba%d1%81%d0%bf%d0%b5%d1%80%d0%b8%d0%bc%d0%b5%d0%bd%d1%82%d0%b0%d0%bb%d1%8c%d0%bd%d1%8b%d0%b9-%d0%ba%d0%be%d0%bb%d1%8c%d1%86%d0%b5%d0%b2%d0%be%d0%b9-%d0%bc","status":"publish","type":"product","link":"https:\/\/www.soanam.de\/ru\/produkt\/io-instruments-pasiphae-pasiphae-experimental-ring-modulator\/","title":{"rendered":"IO-Instruments - Pasiphae \/ PASIPHAE Experimental RING MODULATOR"},"content":{"rendered":"<div><span style=\"color: #000000; font-family: Arial;\"><b>\u041e\u043f\u0438\u0441\u0430\u043d\u0438\u0435<\/b><\/span><\/div>\n<div><span style=\"font-family: Arial;\">\u00a0<\/span><\/div>\n<div><span style=\"font-family: Arial;\">\"IO-Instruments - Pasiphae\"<\/span><\/div>\n<div>\n<ul>\n<li><span style=\"font-family: Arial;\">Pasiphae \u043e\u0442 IO Instruments - \u044d\u0442\u043e \u0438\u043d\u043d\u043e\u0432\u0430\u0446\u0438\u043e\u043d\u043d\u044b\u0439 \u0447\u0435\u0442\u044b\u0440\u0435\u0445\u043a\u0432\u0430\u0434\u0440\u0430\u043d\u0442\u043d\u044b\u0439 \u043a\u043e\u043b\u044c\u0446\u0435\u0432\u043e\u0439 \u043c\u043e\u0434\u0443\u043b\u044f\u0442\u043e\u0440.\u00a0<\/span><\/li>\n<li><span style=\"font-family: Arial;\">\u0411\u043b\u0430\u0433\u043e\u0434\u0430\u0440\u044f \u043a\u043e\u043d\u0441\u0442\u0440\u0443\u043a\u0446\u0438\u0438 \u0441 \u043d\u0438\u0437\u043a\u0438\u043c \u0443\u0440\u043e\u0432\u043d\u0435\u043c \u0438\u0441\u043a\u0430\u0436\u0435\u043d\u0438\u0439 \u0438 \u0448\u0443\u043c\u043e\u0432 \u043c\u043e\u0434\u0443\u043b\u044c \u043e\u0431\u0435\u0441\u043f\u0435\u0447\u0438\u0432\u0430\u0435\u0442 \u0447\u0438\u0441\u0442\u043e\u0435 \u0437\u0432\u0443\u0447\u0430\u043d\u0438\u0435 \u0441 \u0431\u043e\u043b\u044c\u0448\u0438\u043c \u0437\u0430\u043f\u0430\u0441\u043e\u043c \u0432\u044b\u0441\u043e\u0442\u044b.\u00a0<\/span><\/li>\n<li><span style=\"font-family: Arial;\">\u041e\u043d \u043f\u0440\u0435\u0434\u043b\u0430\u0433\u0430\u0435\u0442 \u0432\u0445\u043e\u0434\u044b \u043f\u0435\u0440\u0435\u043c\u0435\u043d\u043d\u043e\u0433\u043e \u0438 \u043f\u043e\u0441\u0442\u043e\u044f\u043d\u043d\u043e\u0433\u043e \u0442\u043e\u043a\u0430 \u0434\u043b\u044f X \u0438 Y \u0441\u043e \u0441\u043f\u0435\u0446\u0438\u0430\u043b\u044c\u043d\u044b\u043c\u0438 \u0430\u0442\u0442\u0435\u043d\u044e\u0430\u0442\u043e\u0440\u0430\u043c\u0438.\u00a0<\/span><\/li>\n<li><span style=\"font-family: Arial;\">\u041f\u043e\u043b\u0443\u0447\u0435\u043d\u043d\u044b\u0435 \u0437\u0432\u0443\u043a\u0438 \u043c\u043e\u0436\u043d\u043e \u043f\u0440\u043e\u0441\u043b\u0443\u0448\u0438\u0432\u0430\u0442\u044c \u043d\u0430 \u043f\u043e\u043b\u043e\u0436\u0438\u0442\u0435\u043b\u044c\u043d\u043e\u043c \u0438\u043b\u0438 \u043e\u0442\u0440\u0438\u0446\u0430\u0442\u0435\u043b\u044c\u043d\u043e\u043c \u0432\u044b\u0445\u043e\u0434\u0435.\u00a0<\/span><\/li>\n<li><span style=\"font-family: Arial;\">\u0412\u0445\u043e\u0434\u044b \u043f\u043e\u0441\u0442\u043e\u044f\u043d\u043d\u043e\u0433\u043e \u0442\u043e\u043a\u0430 \u043c\u043e\u0436\u043d\u043e \u043e\u0442\u043a\u043b\u044e\u0447\u0438\u0442\u044c \u0441 \u043f\u043e\u043c\u043e\u0449\u044c\u044e \u043f\u0435\u0440\u0435\u043a\u043b\u044e\u0447\u0430\u0442\u0435\u043b\u044f \u0438\u043b\u0438 \u0443\u043f\u0440\u0430\u0432\u043b\u044f\u044e\u0449\u0435\u0433\u043e \u043d\u0430\u043f\u0440\u044f\u0436\u0435\u043d\u0438\u044f.\u00a0<\/span><\/li>\n<li><span style=\"font-family: Arial;\">Pasiphae \u043f\u043e\u0437\u0432\u043e\u043b\u044f\u0435\u0442 \u0441\u043e\u0437\u0434\u0430\u0432\u0430\u0442\u044c \u0442\u0440\u0435\u043c\u043e\u043b\u043e \u0438\u043b\u0438 \u043c\u0435\u0442\u0430\u043b\u043b\u0438\u0447\u0435\u0441\u043a\u0438\u0435 \u0442\u043e\u043d\u0430 \u0432 \u043e\u0447\u0435\u043d\u044c \u043a\u043e\u043d\u0442\u0440\u043e\u043b\u0438\u0440\u0443\u0435\u043c\u043e\u0439 \u043c\u0430\u043d\u0435\u0440\u0435.<\/span><\/li>\n<\/ul>\n<\/div>\n<div><span style=\"color: #000000; font-family: Arial;\"><b>\u0421\u0432\u043e\u0439\u0441\u0442\u0432\u0430:<\/b><\/span><\/div>\n<div>\n<ul>\n<li><span style=\"font-family: Arial;\">\u0427\u0435\u0442\u044b\u0440\u0435\u0445\u043a\u0432\u0430\u0434\u0440\u0430\u043d\u0442\u043d\u044b\u0439 \u043a\u043e\u043b\u044c\u0446\u0435\u0432\u043e\u0439 \u043c\u043e\u0434\u0443\u043b\u044f\u0442\u043e\u0440<\/span><\/li>\n<li><span style=\"font-family: Arial;\">\u041d\u0438\u0437\u043a\u0438\u0439 \u0443\u0440\u043e\u0432\u0435\u043d\u044c \u0438\u0441\u043a\u0430\u0436\u0435\u043d\u0438\u0439, \u043d\u0438\u0437\u043a\u0438\u0439 \u0443\u0440\u043e\u0432\u0435\u043d\u044c \u0448\u0443\u043c\u0430, \u0431\u043e\u043b\u044c\u0448\u043e\u0439 \u0437\u0430\u043f\u0430\u0441 \u0445\u043e\u0434\u0430<\/span><\/li>\n<li><span style=\"font-family: Arial;\">\u041d\u0438\u0437\u043a\u0430\u044f \u043f\u0440\u043e\u0432\u043e\u0434\u0438\u043c\u043e\u0441\u0442\u044c \u043f\u043e \u043e\u0441\u044f\u043c X \u0438 Y<\/span><\/li>\n<li><span style=\"font-family: Arial;\">\u0421\u0442\u0440\u0443\u043a\u0442\u0443\u0440\u0430 \u043f\u043e\u0437\u0432\u043e\u043b\u044f\u0435\u0442 \u043f\u043e\u043b\u0443\u0447\u0438\u0442\u044c \u0434\u043e\u0441\u0442\u0443\u043f \u043a \u043a\u0430\u0436\u0434\u043e\u043c\u0443 \u0432\u0445\u043e\u0434\u0443<\/span><\/li>\n<li><span style=\"font-family: Arial;\">\u0412\u0445\u043e\u0434\u044b \u043f\u043e\u0441\u0442\u043e\u044f\u043d\u043d\u043e\u0433\u043e \u0438 \u043f\u0435\u0440\u0435\u043c\u0435\u043d\u043d\u043e\u0433\u043e \u0442\u043e\u043a\u0430 \u0441 \u0430\u0442\u0442\u0435\u043d\u044e\u0430\u0442\u043e\u0440\u0430\u043c\u0438<\/span><\/li>\n<li><span style=\"font-family: Arial;\">\u041f\u0440\u0438\u0433\u043b\u0443\u0448\u0435\u043d\u0438\u0435 \u0437\u0432\u0443\u043a\u0430 CV \u0438 \u043f\u0435\u0440\u0435\u043a\u043b\u044e\u0447\u0430\u0442\u0435\u043b\u044c \u0434\u043b\u044f \u0432\u0445\u043e\u0434\u043e\u0432 \u043f\u043e\u0441\u0442\u043e\u044f\u043d\u043d\u043e\u0433\u043e \u0442\u043e\u043a\u0430 \u0441\u043e \u0441\u0432\u0435\u0442\u043e\u0434\u0438\u043e\u0434\u043d\u044b\u043c \u0434\u0438\u0441\u043f\u043b\u0435\u0435\u043c<\/span><\/li>\n<li><span style=\"font-family: Arial;\">\u041f\u043e\u043b\u043e\u0436\u0438\u0442\u0435\u043b\u044c\u043d\u044b\u0435 \u0438 \u043e\u0442\u0440\u0438\u0446\u0430\u0442\u0435\u043b\u044c\u043d\u044b\u0435 \u0432\u044b\u0445\u043e\u0434\u044b<\/span><\/li>\n<li><span style=\"font-family: Arial;\">\u0411\u043e\u043b\u044c\u0448\u043e\u0439 \u0432\u044b\u0431\u043e\u0440 \u0437\u0432\u0443\u043a\u043e\u0432 (\u0442\u0440\u0435\u043c\u043e\u043b\u043e, \u043c\u0435\u0442\u0430\u043b\u043b\u0438\u0447\u0435\u0441\u043a\u0438\u0439, \u0444\u043e\u0440\u043c\u0430 \u0432\u043e\u043b\u043d\u044b)<\/span><\/li>\n<li><span style=\"font-family: Arial;\">\u041e\u041d: 3<\/span><\/li>\n<li><span style=\"font-family: Arial;\">TE: 12<\/span><\/li>\n<\/ul>\n<div><\/div>\n<\/div>","protected":false},"excerpt":{"rendered":"<div>Artikelmerkmale<\/div>\n<div><\/div>\n<div>Artikelzustand: Neuer, unbenutzter und nicht getragener Artikel in der Originalverpackung<\/div>\n<div><\/div>\n<div>* experimenteller Ring Modulator<\/div>\n<div>* X- und Y-Audioeing\u00e4nge, jeweils mit Abschw\u00e4cher<\/div>\n<div>* CV-Eing\u00e4nge (DC-gekoppelt) f\u00fcr X- und Y-Pegel mit Abschw\u00e4chern<\/div>\n<div>* DC-Offset-Regler f\u00fcr X- und Y-Kan\u00e4le<\/div>\n<div>* Mute-Schalter pro Kanal mit CV-Eingang<\/div>\n<div>* positiver und invertierter Signalausgang<\/div>\n<div>* Peak-LED<\/div>\n<div>* verzerrungsarmes Schaltungsdesign mit hohem Headroom<\/div>\n<div>* geringes \u00dcbersprechen zwischen X-\/Y-Kan\u00e4len<\/div>\n<div>* Strombedarf: 60mA (+12V) \/ 60mA (-12V)<\/div>\n<div>* Breite: 12 TE<\/div>\n<div>* Tiefe: 25 mm<\/div>\n<div><\/div>\n<div>\u041e\u0441\u043e\u0431\u0435\u043d\u043d\u043e\u0441\u0442\u0438:<br \/>\nHersteller: IO Instruments<br \/>\nTE \/ HP: 12<br \/>\nTiefe (mm): 25<br \/>\n+ 12 V (mA): 60<br \/>\n- 12 V (mA): 60<br \/>\nModulation: Ja<br \/>\nWeitere Effekte: Ja<\/div>","protected":false},"featured_media":80809,"comment_status":"open","ping_status":"closed","template":"","meta":{"_seopress_robots_primary_cat":"","_seopress_titles_title":"","_seopress_titles_desc":"","_seopress_robots_index":""},"product_brand":[],"product_cat":[1730],"product_tag":[],"class_list":{"0":"post-80695","1":"product","2":"type-product","3":"status-publish","4":"has-post-thumbnail","6":"product_cat-sonstiges-2","7":"product_shipping_class-standard-versand","9":"first","10":"instock","11":"sale","12":"taxable","13":"shipping-taxable","14":"purchasable","15":"product-type-simple"},"_links":{"self":[{"href":"https:\/\/www.soanam.de\/ru\/wp-json\/wp\/v2\/product\/80695","targetHints":{"allow":["GET"]}}],"collection":[{"href":"https:\/\/www.soanam.de\/ru\/wp-json\/wp\/v2\/product"}],"about":[{"href":"https:\/\/www.soanam.de\/ru\/wp-json\/wp\/v2\/types\/product"}],"replies":[{"embeddable":true,"href":"https:\/\/www.soanam.de\/ru\/wp-json\/wp\/v2\/comments?post=80695"}],"wp:featuredmedia":[{"embeddable":true,"href":"https:\/\/www.soanam.de\/ru\/wp-json\/wp\/v2\/media\/80809"}],"wp:attachment":[{"href":"https:\/\/www.soanam.de\/ru\/wp-json\/wp\/v2\/media?parent=80695"}],"wp:term":[{"taxonomy":"product_brand","embeddable":true,"href":"https:\/\/www.soanam.de\/ru\/wp-json\/wp\/v2\/product_brand?post=80695"},{"taxonomy":"product_cat","embeddable":true,"href":"https:\/\/www.soanam.de\/ru\/wp-json\/wp\/v2\/product_cat?post=80695"},{"taxonomy":"product_tag","embeddable":true,"href":"https:\/\/www.soanam.de\/ru\/wp-json\/wp\/v2\/product_tag?post=80695"}],"curies":[{"name":"wp","href":"https:\/\/api.w.org\/{rel}","templated":true}]}}