{"id":80673,"date":"2023-12-14T01:35:52","date_gmt":"2023-12-14T00:35:52","guid":{"rendered":"https:\/\/www.soanam.de\/?post_type=product&#038;p=80673"},"modified":"2023-12-14T01:38:18","modified_gmt":"2023-12-14T00:38:18","slug":"%d0%ba%d1%83%d1%80%d1%82%d0%ba%d0%b0-%d1%81-%d0%bb%d0%be%d0%b3%d0%be%d1%82%d0%b8%d0%bf%d0%be%d0%bc-%d0%b2-%d0%bc%d0%be%d1%80%d1%81%d0%ba%d0%be%d0%bc-%d1%86%d0%b2%d0%b5%d1%82%d0%b5-%d0%be%d1%82-tommy-j","status":"publish","type":"product","link":"https:\/\/www.soanam.de\/ru\/produkt\/tommy-jeans-sweatjacke-mit-logo-detail-in-marine-groesse-l\/","title":{"rendered":"\u041a\u043e\u0444\u0442\u0430 Tommy Jeans \u0441 \u0434\u0435\u0442\u0430\u043b\u044f\u043c\u0438 \u043b\u043e\u0433\u043e\u0442\u0438\u043f\u0430, \u0446\u0432\u0435\u0442 \u043c\u043e\u0440\u0441\u043a\u043e\u0439, \u0440\u0430\u0437\u043c\u0435\u0440 L"},"content":{"rendered":"<p>Sweatjacke von Tommy Jeans<br \/>\n\u041f\u0440\u044f\u043c\u043e\u0439 \u0441\u0440\u0435\u0437<br \/>\n\u0412\u043e\u0440\u043e\u0442\u043d\u0438\u043a-\u0441\u0442\u043e\u0439\u043a\u0430<br \/>\n\u0417\u0430\u0441\u0442\u0435\u0436\u043a\u0430 \u043d\u0430 \u043c\u043e\u043b\u043d\u0438\u0438<br \/>\nGerippte Bundabschl\u00fcsse<br \/>\nLeistentaschen<br \/>\n\u0414\u0435\u0442\u0430\u043b\u044c \u0441 \u043b\u043e\u0433\u043e\u0442\u0438\u043f\u043e\u043c<br \/>\n\u0427\u0438\u0441\u0442\u044b\u0439 \u0445\u043b\u043e\u043f\u043e\u043a<\/p>\n<p>Die Sweatjacke von Tommy Jeans ist aus reiner Baumwolle gefertigt und gerade geschnitten.<br \/>\nSie kommt mit Stehkragen, Rei\u00dfverschluss und Logo-Detail.<br \/>\nEine Basic Jacke nicht nur f\u00fcr k\u00fchle Sommern\u00e4chte.<\/p>\n<p>Material: Obermaterial: 100% Baumwolle<br \/>\n\u0420\u0435\u043a\u043e\u043c\u0435\u043d\u0434\u0430\u0446\u0438\u0438 \u043f\u043e \u0443\u0445\u043e\u0434\u0443: \u041c\u0430\u0448\u0438\u043d\u043d\u0430\u044f \u0441\u0442\u0438\u0440\u043a\u0430<\/p>\n<p>\u0426\u0432\u0435\u0442: \u043c\u043e\u0440\u0441\u043a\u043e\u0439<br \/>\nMuster: Markenlogo<br \/>\n\u0420\u0430\u0437\u043c\u0435\u0440: L<\/p>\n<p>\u0428\u0438\u0440\u0438\u043d\u0430 \u043f\u043b\u0435\u0447: 45 \u0441\u043c<br \/>\n\u0428\u0438\u0440\u0438\u043d\u0430 \u0433\u0440\u0443\u0434\u0438: 114 \u0441\u043c<br \/>\n\u0414\u043b\u0438\u043d\u0430 \u0440\u0443\u043a\u0430\u0432\u0430: 68 \u0441\u043c<br \/>\n\u041e\u0431\u0449\u0430\u044f \u0434\u043b\u0438\u043d\u0430: 76 \u0441\u043c<\/p>\n<p>\u042d\u0442\u043e\u0442 \u043d\u043e\u0432\u044b\u0439 \u0442\u043e\u0432\u0430\u0440 \u044f\u0432\u043b\u044f\u0435\u0442\u0441\u044f \u0432\u043e\u0437\u0432\u0440\u0430\u0449\u0435\u043d\u043d\u044b\u043c \u043f\u043e\u043a\u0443\u043f\u0430\u0442\u0435\u043b\u0435\u043c \u0431\u0435\u0437 \u044d\u0442\u0438\u043a\u0435\u0442\u043a\u0438.<\/p>","protected":false},"excerpt":{"rendered":"<table class=\"dv_characteristicsTable\">\n<tbody>\n<tr>\n<td class=\"left\">\u0420\u0430\u0437\u043c\u0435\u0440<\/td>\n<td>L<\/td>\n<\/tr>\n<tr>\n<td class=\"left\">Gr\u00f6\u00dfentyp<\/td>\n<td>Normalgr\u00f6\u00dfen<\/td>\n<\/tr>\n<tr>\n<td class=\"left\">\u0421\u043e\u0441\u0442\u0430\u0432 \u043c\u0430\u0442\u0435\u0440\u0438\u0430\u043b\u0430<\/td>\n<td>Obermaterial: 100% Baumwolle<\/td>\n<\/tr>\n<tr>\n<td class=\"left\">Materialart<\/td>\n<td>Sweatware<\/td>\n<\/tr>\n<tr>\n<td class=\"left\">\u0420\u0435\u043a\u043e\u043c\u0435\u043d\u0434\u0430\u0446\u0438\u0438 \u043f\u043e \u0443\u0445\u043e\u0434\u0443<\/td>\n<td>\u041c\u0430\u0448\u0438\u043d\u043d\u0430\u044f \u0441\u0442\u0438\u0440\u043a\u0430<\/td>\n<\/tr>\n<tr>\n<td class=\"left\">Stil<\/td>\n<td>casual<\/td>\n<\/tr>\n<tr>\n<td class=\"left\">Herstellerfarbbezeichnung<\/td>\n<td>desert sky<\/td>\n<\/tr>\n<tr>\n<td class=\"left\">\u0426\u0432\u0435\u0442<\/td>\n<td>\u043c\u043e\u0440\u0441\u043a\u0430\u044f<\/td>\n<\/tr>\n<tr>\n<td class=\"left\">\u00c4rmel<\/td>\n<td>\u0414\u043b\u0438\u043d\u043d\u044b\u0439 \u0440\u0443\u043a\u0430\u0432<\/td>\n<\/tr>\n<tr>\n<td class=\"left\">Fit<\/td>\n<td>normal<\/td>\n<\/tr>\n<tr>\n<td class=\"left\">\u041a\u0430\u043f\u044e\u0448\u043e\u043d<\/td>\n<td>ohne Kapuze<\/td>\n<\/tr>\n<tr>\n<td class=\"left\">\u043f\u043e\u0434\u0440\u043e\u0431\u043d\u043e\u0441\u0442\u0438<\/td>\n<td>\u0412\u043e\u0440\u043e\u0442\u043d\u0438\u043a-\u0441\u0442\u043e\u0439\u043a\u0430<\/td>\n<\/tr>\n<tr>\n<td class=\"left\">F\u00fctterung<\/td>\n<td>ohne<\/td>\n<\/tr>\n<tr>\n<td class=\"left\">\u0421\u0443\u043c\u043a\u0438<\/td>\n<td>\u041a\u0430\u0440\u043c\u0430\u043d\u044b<\/td>\n<\/tr>\n<tr>\n<td class=\"left\">Verschluss<\/td>\n<td>\u0417\u0430\u0441\u0442\u0435\u0436\u043a\u0430 \u043d\u0430 \u043c\u043e\u043b\u043d\u0438\u0438<\/td>\n<\/tr>\n<\/tbody>\n<\/table>","protected":false},"featured_media":80791,"comment_status":"open","ping_status":"closed","template":"","meta":{"_seopress_robots_primary_cat":"","_seopress_titles_title":"","_seopress_titles_desc":"","_seopress_robots_index":""},"product_brand":[],"product_cat":[1345,1363,1365,1371,1572],"product_tag":[],"class_list":{"0":"post-80673","1":"product","2":"type-product","3":"status-publish","4":"has-post-thumbnail","6":"product_cat-herrenmode","7":"product_cat-jacken-maentel-herrenmode","8":"product_cat-sportbekleidung","9":"product_cat-jacken","10":"product_cat-blousons-sommerjacken","11":"product_shipping_class-standard-versand","13":"first","14":"instock","15":"sale","16":"taxable","17":"shipping-taxable","18":"purchasable","19":"product-type-simple"},"_links":{"self":[{"href":"https:\/\/www.soanam.de\/ru\/wp-json\/wp\/v2\/product\/80673","targetHints":{"allow":["GET"]}}],"collection":[{"href":"https:\/\/www.soanam.de\/ru\/wp-json\/wp\/v2\/product"}],"about":[{"href":"https:\/\/www.soanam.de\/ru\/wp-json\/wp\/v2\/types\/product"}],"replies":[{"embeddable":true,"href":"https:\/\/www.soanam.de\/ru\/wp-json\/wp\/v2\/comments?post=80673"}],"wp:featuredmedia":[{"embeddable":true,"href":"https:\/\/www.soanam.de\/ru\/wp-json\/wp\/v2\/media\/80791"}],"wp:attachment":[{"href":"https:\/\/www.soanam.de\/ru\/wp-json\/wp\/v2\/media?parent=80673"}],"wp:term":[{"taxonomy":"product_brand","embeddable":true,"href":"https:\/\/www.soanam.de\/ru\/wp-json\/wp\/v2\/product_brand?post=80673"},{"taxonomy":"product_cat","embeddable":true,"href":"https:\/\/www.soanam.de\/ru\/wp-json\/wp\/v2\/product_cat?post=80673"},{"taxonomy":"product_tag","embeddable":true,"href":"https:\/\/www.soanam.de\/ru\/wp-json\/wp\/v2\/product_tag?post=80673"}],"curies":[{"name":"wp","href":"https:\/\/api.w.org\/{rel}","templated":true}]}}