{"id":80655,"date":"2023-12-14T01:35:19","date_gmt":"2023-12-14T00:35:19","guid":{"rendered":"https:\/\/www.soanam.de\/?post_type=product&#038;p=80655"},"modified":"2023-12-14T01:38:06","modified_gmt":"2023-12-14T00:38:06","slug":"tommy-hilfiger-kapuzensweatjacke-basic-fur-lined-hoodie-in-marine-groesse-xl","status":"publish","type":"product","link":"https:\/\/www.soanam.de\/ru\/produkt\/tommy-hilfiger-kapuzensweatjacke-basic-fur-lined-hoodie-in-marine-groesse-xl\/","title":{"rendered":"\u041a\u0443\u0440\u0442\u043a\u0430 \u0441 \u043a\u0430\u043f\u044e\u0448\u043e\u043d\u043e\u043c Tommy Hilfiger BASIC FUR LINED HOODIE, \u0446\u0432\u0435\u0442 \u0442\u0435\u043c\u043d\u043e-\u0441\u0438\u043d\u0438\u0439, \u0440\u0430\u0437\u043c\u0435\u0440 XL"},"content":{"rendered":"<p>Gef\u00fctterte Kapuzenjacke von Tommy Hilfiger<br \/>\nSchlichtes Design<br \/>\n\u041e\u0431\u044b\u0447\u043d\u044b\u0439 \u043a\u0440\u043e\u0439\/\u043d\u043e\u0440\u043c\u0430\u043b\u044c\u043d\u0430\u044f \u0444\u043e\u0440\u043c\u0430<br \/>\nKapuze mit Tunnelzug und Kunstpelz<br \/>\nZwei seitliche Leistentaschen<br \/>\nLogo Flag Stickerei<br \/>\nAus reiner Bio-Baumwolle<br \/>\nAbschluss an \u00c4rmeln, Bund, Taschen und Kapuze in den typischen Hilfiger Farben<\/p>\n<p>Die Tommy Hilfiger Kapuzensweatjacke ist ein Basic, das in keinem Kleiderschrank fehlen sollte.<br \/>\nDie Kapuze kannst du mit einem Kordelzug in der Weite verstellen. Dank der F\u00fctterung aus Fellimitat h\u00e4lt sie deinen Kopf und die Ohren sch\u00f6n warm.<br \/>\nAuch der Rest ist kuschelig weich gef\u00fcttert und mit den Eingrifftaschen sind das Smartphone oder Kleingeld sicher verstaut.<br \/>\nDie Sweatjacke ist durch die Baumwolle leicht, schnelltrocknend und temperaturregulierend.<\/p>\n<p>Material: Obermaterial: 100% Baumwolle, Pelzimitat: 100% Polyester<br \/>\n\u0420\u0435\u043a\u043e\u043c\u0435\u043d\u0434\u0430\u0446\u0438\u0438 \u043f\u043e \u0443\u0445\u043e\u0434\u0443: \u041c\u0430\u0448\u0438\u043d\u043d\u0430\u044f \u0441\u0442\u0438\u0440\u043a\u0430<\/p>\n<p>Farbe: desert sky<br \/>\n\u0423\u0437\u043e\u0440: \u0431\u0435\u0437<br \/>\n\u0420\u0430\u0437\u043c\u0435\u0440: XL<\/p>\n<p>\u0428\u0438\u0440\u0438\u043d\u0430 \u043f\u043b\u0435\u0447: 53 \u0441\u043c<br \/>\n\u0428\u0438\u0440\u0438\u043d\u0430 \u0433\u0440\u0443\u0434\u0438: 122 \u0441\u043c<br \/>\n\u0414\u043b\u0438\u043d\u0430 \u0440\u0443\u043a\u0430\u0432\u0430: 66 \u0441\u043c<br \/>\n\u041e\u0431\u0449\u0430\u044f \u0434\u043b\u0438\u043d\u0430: 72 \u0441\u043c<\/p>","protected":false},"excerpt":{"rendered":"<table class=\"dv_characteristicsTable\">\n<tbody>\n<tr>\n<td class=\"left\">\u0420\u0430\u0437\u043c\u0435\u0440<\/td>\n<td>XL<\/td>\n<\/tr>\n<tr>\n<td class=\"left\">Gr\u00f6\u00dfentyp<\/td>\n<td>Normalgr\u00f6\u00dfen<\/td>\n<\/tr>\n<tr>\n<td class=\"left\">\u0421\u043e\u0441\u0442\u0430\u0432 \u043c\u0430\u0442\u0435\u0440\u0438\u0430\u043b\u0430<\/td>\n<td>Obermaterial: 100% Baumwolle, Pelzimitat: 100% Polyester<\/td>\n<\/tr>\n<tr>\n<td class=\"left\">Materialart<\/td>\n<td>Sweatware<\/td>\n<\/tr>\n<tr>\n<td class=\"left\">\u0420\u0435\u043a\u043e\u043c\u0435\u043d\u0434\u0430\u0446\u0438\u0438 \u043f\u043e \u0443\u0445\u043e\u0434\u0443<\/td>\n<td>\u041c\u0430\u0448\u0438\u043d\u043d\u0430\u044f \u0441\u0442\u0438\u0440\u043a\u0430<\/td>\n<\/tr>\n<tr>\n<td class=\"left\">Stil<\/td>\n<td>casual<\/td>\n<\/tr>\n<tr>\n<td class=\"left\">Herstellerfarbbezeichnung<\/td>\n<td>desert sky<\/td>\n<\/tr>\n<tr>\n<td class=\"left\">\u0426\u0432\u0435\u0442<\/td>\n<td>\u043c\u043e\u0440\u0441\u043a\u0430\u044f<\/td>\n<\/tr>\n<tr>\n<td class=\"left\">\u00c4rmel<\/td>\n<td>\u0414\u043b\u0438\u043d\u043d\u044b\u0439 \u0440\u0443\u043a\u0430\u0432<\/td>\n<\/tr>\n<tr>\n<td class=\"left\">Fit<\/td>\n<td>normal<\/td>\n<\/tr>\n<tr>\n<td class=\"left\">\u041a\u0430\u043f\u044e\u0448\u043e\u043d<\/td>\n<td>mit Kapuze<\/td>\n<\/tr>\n<tr>\n<td class=\"left\">Kapuzendetails<\/td>\n<td>mit Kordelzug<\/td>\n<\/tr>\n<tr>\n<td class=\"left\">F\u00fctterung<\/td>\n<td>Fellimitat<\/td>\n<\/tr>\n<tr>\n<td class=\"left\">\u0421\u0443\u043c\u043a\u0438<\/td>\n<td>\u041a\u0430\u0440\u043c\u0430\u043d\u044b<\/td>\n<\/tr>\n<tr>\n<td class=\"left\">Verschluss<\/td>\n<td>\u0417\u0430\u0441\u0442\u0435\u0436\u043a\u0430 \u043d\u0430 \u043c\u043e\u043b\u043d\u0438\u0438<\/td>\n<\/tr>\n<\/tbody>\n<\/table>","protected":false},"featured_media":80784,"comment_status":"open","ping_status":"closed","template":"","meta":{"_seopress_robots_primary_cat":"","_seopress_titles_title":"","_seopress_titles_desc":"","_seopress_robots_index":""},"product_brand":[],"product_cat":[1345,1363,1365,1371,1572],"product_tag":[],"class_list":{"0":"post-80655","1":"product","2":"type-product","3":"status-publish","4":"has-post-thumbnail","6":"product_cat-herrenmode","7":"product_cat-jacken-maentel-herrenmode","8":"product_cat-sportbekleidung","9":"product_cat-jacken","10":"product_cat-blousons-sommerjacken","11":"product_shipping_class-standard-versand","13":"first","14":"instock","15":"sale","16":"taxable","17":"shipping-taxable","18":"purchasable","19":"product-type-simple"},"_links":{"self":[{"href":"https:\/\/www.soanam.de\/ru\/wp-json\/wp\/v2\/product\/80655","targetHints":{"allow":["GET"]}}],"collection":[{"href":"https:\/\/www.soanam.de\/ru\/wp-json\/wp\/v2\/product"}],"about":[{"href":"https:\/\/www.soanam.de\/ru\/wp-json\/wp\/v2\/types\/product"}],"replies":[{"embeddable":true,"href":"https:\/\/www.soanam.de\/ru\/wp-json\/wp\/v2\/comments?post=80655"}],"wp:featuredmedia":[{"embeddable":true,"href":"https:\/\/www.soanam.de\/ru\/wp-json\/wp\/v2\/media\/80784"}],"wp:attachment":[{"href":"https:\/\/www.soanam.de\/ru\/wp-json\/wp\/v2\/media?parent=80655"}],"wp:term":[{"taxonomy":"product_brand","embeddable":true,"href":"https:\/\/www.soanam.de\/ru\/wp-json\/wp\/v2\/product_brand?post=80655"},{"taxonomy":"product_cat","embeddable":true,"href":"https:\/\/www.soanam.de\/ru\/wp-json\/wp\/v2\/product_cat?post=80655"},{"taxonomy":"product_tag","embeddable":true,"href":"https:\/\/www.soanam.de\/ru\/wp-json\/wp\/v2\/product_tag?post=80655"}],"curies":[{"name":"wp","href":"https:\/\/api.w.org\/{rel}","templated":true}]}}