{"id":80631,"date":"2023-12-14T01:34:53","date_gmt":"2023-12-14T00:34:53","guid":{"rendered":"https:\/\/www.soanam.de\/?post_type=product&#038;p=80631"},"modified":"2023-12-14T01:37:16","modified_gmt":"2023-12-14T00:37:16","slug":"strymon-el-capistan-dtape-delay-effektgeraet-fuer-gitarren","status":"publish","type":"product","link":"https:\/\/www.soanam.de\/ru\/produkt\/strymon-el-capistan-dtape-delay-effektgeraet-fuer-gitarren\/","title":{"rendered":"Strymon El Capistan dTape Delay - \u0431\u043b\u043e\u043a \u044d\u0444\u0444\u0435\u043a\u0442\u043e\u0432 \u0434\u043b\u044f \u0433\u0438\u0442\u0430\u0440"},"content":{"rendered":"<h3>\u041e\u043f\u0438\u0441\u0430\u043d\u0438\u0435<\/h3>\n<h5>Allgemeine Informationen<\/h5>\n<p>Strymon ist es gelungen einen nahezu echten Analog-Sound aus einem digitalen Effektpedal zu zaubern. Echter Vintage-Sound wird hier mit moderner und unanf\u00e4lliger Digitaltechnik zu einem Delay der Extraklasse verbunden. Dazu hat sich Strymon die Charakteristik echter Vintage Analog-Pedale genauestens angeschaut und sie digital in Kleinstarbeit nachgebildet sowie das El Capistan dTape Echo mit einem extrem leistungsstarken SHARC Prozessor, f\u00fcr eine detaillierte und nat\u00fcrliche Soundwiedergabe, ausgestattet.<\/p>\n<h6>Verschiedene Tape Delay Modi, hochaufl\u00f6send in einem Bodenpedal<\/h6>\n<p>Mittels des Tape Head Switchs wird zwischen den verschiedenen Delay-Typen hin- und hergeschaltet. \u201eFixed\u201c simuliert den Bandkopf in einer fixierten Position, wobei die Geschwindigkeit des Bands mittels des \u201eTime\u201c Reglers bestimmt werden kann. Der \u201eMode\u201c Switch dient zur Wahl zwischen schnellen und langsamen Echos ((1\/4, 1\/8 und 1\/16). Mit Multi werden zwei Tape Heads gleichzeitig simuliert und Single sorgt f\u00fcr den Sound eines fixierten Tapes mit variabler Kopf-Position. Hinter Mode C verbirgt sich zus\u00e4tzlich ein Looper. Sogar der Zustand des Tapes kann k\u00fcnstlich gealtert, verbessert oder verschlechtert werden.<\/p>\n<h4>Features<\/h4>\n<h6>Klangformung<\/h6>\n<ul>\n<li>Der handgefertigte dTape-Algorithmus liefert akribisch nuancierte Nachbildungen von Bandechosystemen.<\/li>\n<li>Drei Bandmaschinen in einer: Fixed (ein fester Wiedergabekopf), Multi (mehrere Wiedergabek\u00f6pfe) und Single (beweglicher Aufnahmekopf)<\/li>\n<li>Jede Bandmaschine hat drei Modi f\u00fcr extrem flexible Echo-Optionen<\/li>\n<li>F\u00fcnf Regler zur Bandeinstellung und Klangformung: Time, Mix, Tape Age, Repeats, Wow &amp; Flutter<\/li>\n<li>F\u00fcnf \"versteckte\" Drehregler f\u00fcr umfangreiche Klangver\u00e4nderungen: Tape Crinkle, Tape Bias, Low End Contour, Spring Reverb, +\/- 3dB Boost\/Cut<\/li>\n<li>Sound-on-Sound-Modus mit sofortigem Tape Splice und Bulk Erase. Eingebauter Looper im Tape-Stil!<\/li>\n<li>Dr\u00fccke und halte Tap f\u00fcr sofortige Endlos-Wiederholungen<\/li>\n<\/ul>\n<h6>Anschl\u00fcsse und Schalter<\/h6>\n<ul>\n<li>Hochohmiger Mono-Eingang (interner Jumper erm\u00f6glicht w\u00e4hlbaren TRS-Stereo-Eingang)<\/li>\n<li>Stereo-Ausgang<\/li>\n<li>Expression-Pedal-Eingang mit w\u00e4hlbarer Kontrolle \u00fcber jeden Reglerparameter<\/li>\n<li>Anschluss f\u00fcr optionalen Favorite-Schalters zum Speichern eines Presets<\/li>\n<li>Tap-Tempo- und Bypass-Fu\u00dfschalter<\/li>\n<\/ul>\n<h6>Klangqualit\u00e4t<\/h6>\n<ul>\n<li>Extrem rauscharme, leistungsstarke 24-Bit-96kHz-A\/D- und D\/A-Wandler<\/li>\n<li>115db typischer Rauschabstand<\/li>\n<li>Analoger Dry Path f\u00fcr ein latenzfreies Dry-Signal<\/li>\n<li>Hochwertiges analoges Frontend und Ausgangssektion<\/li>\n<li>Superhochleistungs-SHARC-DSP in einem kompakten Formfaktor<\/li>\n<\/ul>\n<h6>Weiteres<\/h6>\n<ul>\n<li>True Bypass (elektromechanische Relaisschaltung)<\/li>\n<li>W\u00e4hlbarer \"Trails\"-Modus mit hochwertigem Analog Buffered Bypass<\/li>\n<li>Stromversorgung \u00fcber ein standardm\u00e4\u00dfiges 9V DC-Netzteil (minus innen, mindestens 250 mA)<\/li>\n<li>Stabiles und leichtes grau eloxiertes Aluminiumgeh\u00e4use<\/li>\n<li>Liebevoll in den USA gefertigt<\/li>\n<\/ul>","protected":false},"excerpt":{"rendered":"<h5>\u0421\u043e\u0441\u0442\u043e\u044f\u043d\u0438\u0435 \u0442\u043e\u0432\u0430\u0440\u0430: \u041d\u043e\u0432\u044b\u0439 \u0441 \u044d\u0442\u0438\u043a\u0435\u0442\u043a\u043e\u0439: \u041d\u043e\u0432\u044b\u0439, \u043d\u0435\u0438\u0441\u043f\u043e\u043b\u044c\u0437\u043e\u0432\u0430\u043d\u043d\u044b\u0439 \u0438 \u043d\u0435\u043d\u043e\u0448\u0435\u043d\u044b\u0439 \u0442\u043e\u0432\u0430\u0440 \u0432 \u043e\u0440\u0438\u0433\u0438\u043d\u0430\u043b\u044c\u043d\u043e\u0439 \u0443\u043f\u0430\u043a\u043e\u0432\u043a\u0435<\/h5>\n<h5>Produkt Informationen<\/h5>\n<ul>\n<li>Type of reverb effect - Tape Delay<\/li>\n<li>Stereo output - Ja<\/li>\n<li>Tap tempo function - Ja<\/li>\n<li>True bypass - Ja<\/li>\n<li>Mini pedal - Nein<\/li>\n<li>Voltage - 9 V<\/li>\n<li>Can be powered by battery - Nein<\/li>\n<li>Centre positive\/negative - Center Negative (Mitte = Masse)<\/li>\n<li>Type of plug adapter - Hohlstecker, 2,1 mm<\/li>\n<li>Adapter included - Ja<\/li>\n<\/ul>\n<h5>Gewicht und Ma\u00dfe sind inklusive Verpackung<\/h5>\n<p>Gewicht (inkl. Verpackung) 500 gr<br \/>\nMa\u00dfe (inkl. Verpackung) 20,0 x 10,0 x 12,0 cm<\/p>\n<p><strong>\u041e\u0431\u044a\u0435\u043c \u043f\u043e\u0441\u0442\u0430\u0432\u043a\u0438<\/strong><\/p>\n<p>1 x Strymon El Capistan dTape Echo<\/p>","protected":false},"featured_media":80743,"comment_status":"open","ping_status":"closed","template":"","meta":{"_seopress_robots_primary_cat":"","_seopress_titles_title":"","_seopress_titles_desc":"","_seopress_robots_index":""},"product_brand":[],"product_cat":[1730],"product_tag":[],"class_list":{"0":"post-80631","1":"product","2":"type-product","3":"status-publish","4":"has-post-thumbnail","6":"product_cat-sonstiges-2","7":"product_shipping_class-standard-versand","9":"first","10":"instock","11":"sale","12":"taxable","13":"shipping-taxable","14":"purchasable","15":"product-type-simple"},"_links":{"self":[{"href":"https:\/\/www.soanam.de\/ru\/wp-json\/wp\/v2\/product\/80631","targetHints":{"allow":["GET"]}}],"collection":[{"href":"https:\/\/www.soanam.de\/ru\/wp-json\/wp\/v2\/product"}],"about":[{"href":"https:\/\/www.soanam.de\/ru\/wp-json\/wp\/v2\/types\/product"}],"replies":[{"embeddable":true,"href":"https:\/\/www.soanam.de\/ru\/wp-json\/wp\/v2\/comments?post=80631"}],"wp:featuredmedia":[{"embeddable":true,"href":"https:\/\/www.soanam.de\/ru\/wp-json\/wp\/v2\/media\/80743"}],"wp:attachment":[{"href":"https:\/\/www.soanam.de\/ru\/wp-json\/wp\/v2\/media?parent=80631"}],"wp:term":[{"taxonomy":"product_brand","embeddable":true,"href":"https:\/\/www.soanam.de\/ru\/wp-json\/wp\/v2\/product_brand?post=80631"},{"taxonomy":"product_cat","embeddable":true,"href":"https:\/\/www.soanam.de\/ru\/wp-json\/wp\/v2\/product_cat?post=80631"},{"taxonomy":"product_tag","embeddable":true,"href":"https:\/\/www.soanam.de\/ru\/wp-json\/wp\/v2\/product_tag?post=80631"}],"curies":[{"name":"wp","href":"https:\/\/api.w.org\/{rel}","templated":true}]}}