{"id":80616,"date":"2023-12-14T01:34:30","date_gmt":"2023-12-14T00:34:30","guid":{"rendered":"https:\/\/www.soanam.de\/?post_type=product&#038;p=80616"},"modified":"2023-12-14T01:37:12","modified_gmt":"2023-12-14T00:37:12","slug":"%d0%b4%d0%b5%d1%82%d1%81%d0%ba%d0%be%d0%b5-%d0%b1%d0%be%d0%b4%d0%b8-%d1%81-%d0%b4%d0%bb%d0%b8%d0%bd%d0%bd%d1%8b%d0%bc-%d1%80%d1%83%d0%ba%d0%b0%d0%b2%d0%be%d0%bc-2-%d1%88%d1%82-%d0%be%d1%80%d0%b3","status":"publish","type":"product","link":"https:\/\/www.soanam.de\/ru\/produkt\/baby-langarmbody-2er-pack-bio-baumwolle-unigestreift-aqua-blau-groesse-80-86\/","title":{"rendered":"\u0414\u0435\u0442\u0441\u043a\u0438\u0439 \u0431\u043e\u0434\u0438 \u0441 \u0434\u043b\u0438\u043d\u043d\u044b\u043c\u0438 \u0440\u0443\u043a\u0430\u0432\u0430\u043c\u0438 (2 \u0448\u0442.) \u0438\u0437 \u043e\u0440\u0433\u0430\u043d\u0438\u0447\u0435\u0441\u043a\u043e\u0433\u043e \u0445\u043b\u043e\u043f\u043a\u0430, \u0443\u043d\u0438+\u043f\u043e\u043b\u043e\u0441\u043a\u0430, \u0430\u043a\u0432\u0430-\u0441\u0438\u043d\u0438\u0439, \u0440\u0430\u0437\u043c\u0435\u0440 80\/86"},"content":{"rendered":"<h3>\u041e\u043f\u0438\u0441\u0430\u043d\u0438\u0435 \u0442\u043e\u0432\u0430\u0440\u0430<\/h3>\n<p>Davon kann man nie genug haben - dieser s\u00fc\u00dfe Baby Body aus der aktuellen Kollektion von bpc ist ein echtes Basic f\u00fcr den Alltag mit einem Baby.Der praktische Pack enth\u00e4lt einen unifarbenen sowie einen gestreiften Body mit platziertem Druck vorn. \u00dcberlappende Schultern\u00e4hte und eine Druckknopfleiste im Schritt erleichtern den Eltern das An- und Ausziehen.<\/p>\n<p><strong>\u043f\u043e\u0434\u0440\u043e\u0431\u043d\u043e\u0441\u0442\u0438<\/strong><br \/>\n\u041c\u0430\u0442\u0435\u0440\u0438\u0430\u043b: 100% \u0445\u043b\u043e\u043f\u043e\u043a (\u043e\u0440\u0433\u0430\u043d\u0438\u0447\u0435\u0441\u043a\u0438\u0439)<br \/>\n\u0426\u0432\u0435\u0442: \u0430\u043a\u0432\u0430\/\u0442\u0435\u043c\u043d\u043e-\u0441\u0438\u043d\u0438\u0439<br \/>\n\u0423\u0437\u043e\u0440: \u041e\u0434\u043d\u043e\u0446\u0432\u0435\u0442\u043d\u044b\u0439<br \/>\n\u041a\u0440\u0435\u043f\u043b\u0435\u043d\u0438\u0435: \u0448\u043f\u0438\u043b\u044c\u043a\u0438, \u043c\u043e\u0436\u043d\u043e \u0437\u0430\u043a\u0440\u044b\u0442\u044c \u0432 \u043f\u0440\u043e\u043c\u0435\u0436\u043d\u043e\u0441\u0442\u0438<br \/>\n\u042d\u043a\u043e\u043b\u043e\u0433\u0438\u0447\u043d\u043e\u0441\u0442\u044c: \u042d\u043a\u043e\u043b\u043e\u0433\u0438\u0447\u0435\u0441\u043a\u0438 \u0447\u0438\u0441\u0442\u044b\u0439 \u043f\u0440\u043e\u0434\u0443\u043a\u0442, \u043e\u0440\u0433\u0430\u043d\u0438\u0447\u0435\u0441\u043a\u0438\u0439 \u0445\u043b\u043e\u043f\u043e\u043a, \u0437\u0435\u043b\u0435\u043d\u0430\u044f \u043a\u043d\u043e\u043f\u043a\u0430<\/p>","protected":false},"excerpt":{"rendered":"<h3>Artikelmerkmale<\/h3>\n<p>Artikelzustand: Neu mit Etikett - Neuer, unbenutzter und nicht getragener Artikel, in der Originalverpackung<\/p>\n<table dir=\"ltr\" border=\"1\" cellspacing=\"0\" cellpadding=\"0\">\n<colgroup>\n<col width=\"194\" \/>\n<col width=\"227\" \/><\/colgroup>\n<tbody>\n<tr>\n<td data-sheets-value=\"{&quot;1&quot;:2,&quot;2&quot;:&quot;Abteilung:&quot;}\">Abteilung:<\/td>\n<td data-sheets-value=\"{&quot;1&quot;:2,&quot;2&quot;:&quot;Unisex&quot;}\">\u0423\u043d\u0438\u0441\u0435\u043a\u0441<\/td>\n<\/tr>\n<tr>\n<td data-sheets-value=\"{&quot;1&quot;:2,&quot;2&quot;:&quot;Anzahl pro Packung:&quot;}\">Anzahl pro Packung:<\/td>\n<td data-sheets-value=\"{&quot;1&quot;:2,&quot;2&quot;:&quot;2er Pack&quot;}\">2er Pack<\/td>\n<\/tr>\n<tr>\n<td data-sheets-value=\"{&quot;1&quot;:2,&quot;2&quot;:&quot;EAN:&quot;}\">EAN:<\/td>\n<td data-sheets-value=\"{&quot;1&quot;:3,&quot;3&quot;:8904337812669}\">8904337812669<\/td>\n<\/tr>\n<tr>\n<td data-sheets-value=\"{&quot;1&quot;:2,&quot;2&quot;:&quot;Farbe:&quot;}\">\u0426\u0432\u0435\u0442:<\/td>\n<td data-sheets-value=\"{&quot;1&quot;:2,&quot;2&quot;:&quot;Aqua, Blau&quot;}\">\u0410\u043a\u0432\u0430, \u0433\u043e\u043b\u0443\u0431\u043e\u0439<\/td>\n<\/tr>\n<tr>\n<td data-sheets-value=\"{&quot;1&quot;:2,&quot;2&quot;:&quot;Gr\u00f6\u00dfe:&quot;}\">Gr\u00f6\u00dfe:<\/td>\n<td data-sheets-value=\"{&quot;1&quot;:2,&quot;2&quot;:&quot;80\/86&quot;}\">80\/86<\/td>\n<\/tr>\n<tr>\n<td data-sheets-value=\"{&quot;1&quot;:2,&quot;2&quot;:&quot;Marke:&quot;}\">Marke:<\/td>\n<td data-sheets-value=\"{&quot;1&quot;:2,&quot;2&quot;:&quot;bpc&quot;}\">bpc<\/td>\n<\/tr>\n<tr>\n<td data-sheets-value=\"{&quot;1&quot;:2,&quot;2&quot;:&quot;Material:&quot;}\">\u041c\u0430\u0442\u0435\u0440\u0438\u0430\u043b:<\/td>\n<td data-sheets-value=\"{&quot;1&quot;:2,&quot;2&quot;:&quot;Bio-Baumwolle&quot;}\">Bio-Baumwolle<\/td>\n<\/tr>\n<tr>\n<td data-sheets-value=\"{&quot;1&quot;:2,&quot;2&quot;:&quot;Modifizierter Artikel:&quot;}\">Modifizierter Artikel:<\/td>\n<td data-sheets-value=\"{&quot;1&quot;:2,&quot;2&quot;:&quot;Nein&quot;}\">Nein<\/td>\n<\/tr>\n<tr>\n<td data-sheets-value=\"{&quot;1&quot;:2,&quot;2&quot;:&quot;Muster:&quot;}\">Muster:<\/td>\n<td data-sheets-value=\"{&quot;1&quot;:2,&quot;2&quot;:&quot;Uni+Gestreift&quot;}\">Uni+Gestreift<\/td>\n<\/tr>\n<tr>\n<td data-sheets-value=\"{&quot;1&quot;:2,&quot;2&quot;:&quot;Produktart:&quot;}\">Produktart:<\/td>\n<td data-sheets-value=\"{&quot;1&quot;:2,&quot;2&quot;:&quot;Body&quot;}\">Body<\/td>\n<\/tr>\n<tr>\n<td data-sheets-value=\"{&quot;1&quot;:2,&quot;2&quot;:&quot;Stil:&quot;}\">Stil:<\/td>\n<td data-sheets-value=\"{&quot;1&quot;:2,&quot;2&quot;:&quot;Einteiler&quot;}\">Einteiler<\/td>\n<\/tr>\n<\/tbody>\n<\/table>","protected":false},"featured_media":80741,"comment_status":"open","ping_status":"closed","template":"","meta":{"_seopress_robots_primary_cat":"","_seopress_titles_title":"","_seopress_titles_desc":"","_seopress_robots_index":""},"product_brand":[],"product_cat":[1351,1510,1604],"product_tag":[],"class_list":{"0":"post-80616","1":"product","2":"type-product","3":"status-publish","4":"has-post-thumbnail","6":"product_cat-kindermode","7":"product_cat-unterwaesche-kindermode","8":"product_cat-bodies-unterwaesche-kindermode","9":"product_shipping_class-standard-versand","11":"first","12":"instock","13":"sale","14":"taxable","15":"shipping-taxable","16":"purchasable","17":"product-type-simple"},"_links":{"self":[{"href":"https:\/\/www.soanam.de\/ru\/wp-json\/wp\/v2\/product\/80616","targetHints":{"allow":["GET"]}}],"collection":[{"href":"https:\/\/www.soanam.de\/ru\/wp-json\/wp\/v2\/product"}],"about":[{"href":"https:\/\/www.soanam.de\/ru\/wp-json\/wp\/v2\/types\/product"}],"replies":[{"embeddable":true,"href":"https:\/\/www.soanam.de\/ru\/wp-json\/wp\/v2\/comments?post=80616"}],"wp:featuredmedia":[{"embeddable":true,"href":"https:\/\/www.soanam.de\/ru\/wp-json\/wp\/v2\/media\/80741"}],"wp:attachment":[{"href":"https:\/\/www.soanam.de\/ru\/wp-json\/wp\/v2\/media?parent=80616"}],"wp:term":[{"taxonomy":"product_brand","embeddable":true,"href":"https:\/\/www.soanam.de\/ru\/wp-json\/wp\/v2\/product_brand?post=80616"},{"taxonomy":"product_cat","embeddable":true,"href":"https:\/\/www.soanam.de\/ru\/wp-json\/wp\/v2\/product_cat?post=80616"},{"taxonomy":"product_tag","embeddable":true,"href":"https:\/\/www.soanam.de\/ru\/wp-json\/wp\/v2\/product_tag?post=80616"}],"curies":[{"name":"wp","href":"https:\/\/api.w.org\/{rel}","templated":true}]}}