{"id":80560,"date":"2023-12-14T01:33:10","date_gmt":"2023-12-14T00:33:10","guid":{"rendered":"https:\/\/www.soanam.de\/?post_type=product&#038;p=80560"},"modified":"2023-12-14T01:35:50","modified_gmt":"2023-12-14T00:35:50","slug":"songmics-monitorstaender-aus-bambus-60-x-302-x-85-cm-natur-lld201","status":"publish","type":"product","link":"https:\/\/www.soanam.de\/ru\/produkt\/songmics-monitorstaender-aus-bambus-60-x-302-x-85-cm-natur-lld201\/","title":{"rendered":"SONGMICS \u041f\u043e\u0434\u0441\u0442\u0430\u0432\u043a\u0430 \u0434\u043b\u044f \u043c\u043e\u043d\u0438\u0442\u043e\u0440\u0430 \u0438\u0437 \u0431\u0430\u043c\u0431\u0443\u043a\u0430, 60 x 30,2 x 8,5 \u0441\u043c, \u043d\u0430\u0442\u0443\u0440\u0430\u043b\u044c\u043d\u0430\u044f LLD201"},"content":{"rendered":"<h3>\u041e\u043f\u0438\u0441\u0430\u043d\u0438\u0435<\/h3>\n<p>Der Songmics Monitorst\u00e4nder besteht aus Bambus, der aus bewusstem nachhaltigen Anbau ist; und alle Kanten sind sch\u00f6n abrundet. Eine umweltschonende und sichere Verwendung wird erm\u00f6glicht.<\/p>\n<p>Auflagefl\u00e4che f\u00fcr den Bildschirmfu\u00df hat er genug (60 cm breit und 30,2 cm tief). Machen Sie Ergonomie am Arbeitsplatz, vermeiden Sie Augen-, Kopf- und Halsschmerzen. Mit dieser Tischablage halten Sie Ihren Tisch auch sauber und ger\u00e4umig.<\/p>\n<p>Bei diesem Monitorst\u00e4nder verschmilzt das d\u00fcnne und moderne Design mit praktischer Funktionalit\u00e4t zu einem schicken Dekost\u00fcck, das nicht nur zu Hause oder im B\u00fcro f\u00fcr die Erh\u00f6hung des Bildschirms benutzt, sondern auch zum Display im Gesch\u00e4ft eingesetzt werden kann.<\/p>\n<h3>Produktdetails:<\/h3>\n<p>Ma\u00dfe: 60 x 8,5 x 30,2 cm (B x H x T)<br \/>\nMaterial: Bambus<br \/>\nVerpackungsma\u00dfe: 75 x 32 x 3,3 cm<br \/>\nNettogewicht: 2,35 kg<br \/>\nBruttogewicht: 2,65 kg<br \/>\n\u041e\u0431\u044a\u0435\u043c \u043f\u043e\u0441\u0442\u0430\u0432\u043a\u0438:<\/p>\n<p>1 x Monitorst\u00e4nder<br \/>\n1 x Anleitung<br \/>\n1 x Zubeh\u00f6rbeutel<\/p>","protected":false},"excerpt":{"rendered":"<p>\u0421\u043e\u0441\u0442\u043e\u044f\u043d\u0438\u0435 \u0442\u043e\u0432\u0430\u0440\u0430: \u041d\u043e\u0432\u044b\u0439 \u0441 \u044d\u0442\u0438\u043a\u0435\u0442\u043a\u043e\u0439: \u041d\u043e\u0432\u044b\u0439, \u043d\u0435\u0438\u0441\u043f\u043e\u043b\u044c\u0437\u043e\u0432\u0430\u043d\u043d\u044b\u0439 \u0438 \u043d\u0435\u043d\u043e\u0448\u0435\u043d\u044b\u0439 \u0442\u043e\u0432\u0430\u0440 \u0432 \u043e\u0440\u0438\u0433\u0438\u043d\u0430\u043b\u044c\u043d\u043e\u0439 \u0443\u043f\u0430\u043a\u043e\u0432\u043a\u0435<\/p>\n<table style=\"height: 156px;\" border=\"0\" width=\"397\" frame=\"VOID\" rules=\"NONE\" cellspacing=\"0\">\n<colgroup>\n<col width=\"242\" \/>\n<col width=\"87\" \/><\/colgroup>\n<tbody>\n<tr>\n<td align=\"LEFT\" width=\"242\" height=\"17\">\u0411\u0440\u0435\u043d\u0434<\/td>\n<td align=\"LEFT\" width=\"87\">SONGMICS<\/td>\n<\/tr>\n<tr>\n<td align=\"LEFT\" height=\"17\">Kompatible Ger\u00e4te<\/td>\n<td align=\"LEFT\">Drucker<\/td>\n<\/tr>\n<tr>\n<td align=\"LEFT\" height=\"17\">Empfohlene Anwendungen f\u00fcr Produkt<\/td>\n<td align=\"LEFT\">Schreibtisch<\/td>\n<\/tr>\n<tr>\n<td align=\"LEFT\" height=\"17\">\u0426\u0432\u0435\u0442<\/td>\n<td align=\"LEFT\">\u041f\u0440\u0438\u0440\u043e\u0434\u0430<\/td>\n<\/tr>\n<tr>\n<td align=\"LEFT\" height=\"17\">Befestigungsart<\/td>\n<td align=\"LEFT\">Tischplatte<\/td>\n<\/tr>\n<\/tbody>\n<\/table>","protected":false},"featured_media":80665,"comment_status":"open","ping_status":"closed","template":"","meta":{"_seopress_robots_primary_cat":"","_seopress_titles_title":"","_seopress_titles_desc":"","_seopress_robots_index":""},"product_brand":[],"product_cat":[1421],"product_tag":[],"class_list":{"0":"post-80560","1":"product","2":"type-product","3":"status-publish","4":"has-post-thumbnail","6":"product_cat-buerobedarf","7":"product_shipping_class-standard-versand","9":"first","10":"instock","11":"sale","12":"taxable","13":"shipping-taxable","14":"purchasable","15":"product-type-simple"},"_links":{"self":[{"href":"https:\/\/www.soanam.de\/ru\/wp-json\/wp\/v2\/product\/80560","targetHints":{"allow":["GET"]}}],"collection":[{"href":"https:\/\/www.soanam.de\/ru\/wp-json\/wp\/v2\/product"}],"about":[{"href":"https:\/\/www.soanam.de\/ru\/wp-json\/wp\/v2\/types\/product"}],"replies":[{"embeddable":true,"href":"https:\/\/www.soanam.de\/ru\/wp-json\/wp\/v2\/comments?post=80560"}],"wp:featuredmedia":[{"embeddable":true,"href":"https:\/\/www.soanam.de\/ru\/wp-json\/wp\/v2\/media\/80665"}],"wp:attachment":[{"href":"https:\/\/www.soanam.de\/ru\/wp-json\/wp\/v2\/media?parent=80560"}],"wp:term":[{"taxonomy":"product_brand","embeddable":true,"href":"https:\/\/www.soanam.de\/ru\/wp-json\/wp\/v2\/product_brand?post=80560"},{"taxonomy":"product_cat","embeddable":true,"href":"https:\/\/www.soanam.de\/ru\/wp-json\/wp\/v2\/product_cat?post=80560"},{"taxonomy":"product_tag","embeddable":true,"href":"https:\/\/www.soanam.de\/ru\/wp-json\/wp\/v2\/product_tag?post=80560"}],"curies":[{"name":"wp","href":"https:\/\/api.w.org\/{rel}","templated":true}]}}