{"id":80447,"date":"2023-12-14T01:30:56","date_gmt":"2023-12-14T00:30:56","guid":{"rendered":"https:\/\/www.soanam.de\/?post_type=product&#038;p=80447"},"modified":"2023-12-14T01:32:58","modified_gmt":"2023-12-14T00:32:58","slug":"pluto-engelspiel-karussell-kerzenhalter-goldener-engel-165-x-65-cm","status":"publish","type":"product","link":"https:\/\/www.soanam.de\/ru\/produkt\/pluto-engelspiel-karussell-kerzenhalter-goldener-engel-165-x-65-cm\/","title":{"rendered":"\u041f\u043b\u0443\u0442\u043e\u043d - \u0438\u0433\u0440\u0430 \u0430\u043d\u0433\u0435\u043b\u043e\u0432, \u043a\u0430\u0440\u0443\u0441\u0435\u043b\u044c, \u043f\u043e\u0434\u0441\u0432\u0435\u0447\u043d\u0438\u043a - \u0437\u043e\u043b\u043e\u0442\u043e\u0439 \u0430\u043d\u0433\u0435\u043b, 16,5 \u00d7 6,5 \u0441\u043c"},"content":{"rendered":"<h3>\u041e\u043f\u0438\u0441\u0430\u043d\u0438\u0435 \u0442\u043e\u0432\u0430\u0440\u0430<\/h3>\n<p>Engelspiel mit sch\u00f6nen Engeln in Gold.<br \/>\nKommt in einem sch\u00f6nen Paket und komplett mit Licht.<br \/>\nAbmessungen: 16,5 \u00d7 6,5 cm.<\/p>\n<p>Rotierender Kerzenhalter : Das Karussell \"Goldener Engel\" beginnt sich dank der Hitze der Kerze zu drehen und zieht alle Motive in einer endlosen Rotation mit.<br \/>\nIdeal als Tischdekoration f\u00fcr die Feiertage wie Weihnachten oder w\u00e4hrend eines sch\u00f6nen Abendessens.<br \/>\nDas Kerzenkarussell besteht aus einer Tasse, einer Teelichtkerze, einer Stange, einem Propeller und kleinen Figuren.<br \/>\nJeder mobile Kerzenhalter wird als Bausatz in einer h\u00fcbschen Schachtel geliefert und ist sehr einfach zusammenzubauen.<\/p>\n<p><strong>Anleitung:<\/strong><br \/>\n- Positionieren Sie den Mast auf der Basis des Karussells.<br \/>\n- Platzieren Sie den Propeller oben auf dem Mast.<br \/>\n- H\u00e4ngen Sie die Figuren mit den Haken an den Propeller.<br \/>\n- Z\u00fcnden Sie das Teelicht an und der Propeller dreht sich automatisch.<\/p>\n<p><strong>\u0421\u0432\u043e\u0439\u0441\u0442\u0432\u0430<\/strong><br \/>\nMarke: Pluto Products<br \/>\nEAN: 7350027569565<br \/>\nGewicht: 82 g<\/p>","protected":false},"excerpt":{"rendered":"<h3>Artikelmerkmale<\/h3>\n<p>Artikelzustand: Neu - Neuer, unbenutzter und unbesch\u00e4digter Artikel in nicht ge\u00f6ffneter Originalverpackung<\/p>\n<table dir=\"ltr\" border=\"1\" cellspacing=\"0\" cellpadding=\"0\">\n<colgroup>\n<col width=\"194\" \/>\n<col width=\"211\" \/><\/colgroup>\n<tbody>\n<tr>\n<td data-sheets-value=\"{&quot;1&quot;:2,&quot;2&quot;:&quot;Anlass:&quot;}\">Anlass:<\/td>\n<td data-sheets-value=\"{&quot;1&quot;:2,&quot;2&quot;:&quot;Alle Anl\u00e4sse&quot;}\">Alle Anl\u00e4sse<\/td>\n<\/tr>\n<tr>\n<td data-sheets-value=\"{&quot;1&quot;:2,&quot;2&quot;:&quot;Besonderheiten:&quot;}\">Besonderheiten:<\/td>\n<td data-sheets-value=\"{&quot;1&quot;:2,&quot;2&quot;:&quot;mit Kerze&quot;}\">mit Kerze<\/td>\n<\/tr>\n<tr>\n<td data-sheets-value=\"{&quot;1&quot;:2,&quot;2&quot;:&quot;Breite:&quot;}\">\u0428\u0438\u0440\u0438\u043d\u0430:<\/td>\n<td data-sheets-value=\"{&quot;1&quot;:2,&quot;2&quot;:&quot;6,5 cm&quot;}\">6,5 cm<\/td>\n<\/tr>\n<tr>\n<td data-sheets-value=\"{&quot;1&quot;:2,&quot;2&quot;:&quot;Charakter Familie:&quot;}\">Charakter Familie:<\/td>\n<td data-sheets-value=\"{&quot;1&quot;:2,&quot;2&quot;:&quot;Engel&quot;}\">Engel<\/td>\n<\/tr>\n<tr>\n<td data-sheets-value=\"{&quot;1&quot;:2,&quot;2&quot;:&quot;Charakter:&quot;}\">Charakter:<\/td>\n<td data-sheets-value=\"{&quot;1&quot;:2,&quot;2&quot;:&quot;Engel&quot;}\">Engel<\/td>\n<\/tr>\n<tr>\n<td data-sheets-value=\"{&quot;1&quot;:2,&quot;2&quot;:&quot;EAN:&quot;}\">EAN:<\/td>\n<td data-sheets-value=\"{&quot;1&quot;:3,&quot;3&quot;:7350027569565}\">7350027569565<\/td>\n<\/tr>\n<tr>\n<td data-sheets-value=\"{&quot;1&quot;:2,&quot;2&quot;:&quot;Farbe:&quot;}\">\u0426\u0432\u0435\u0442:<\/td>\n<td data-sheets-value=\"{&quot;1&quot;:2,&quot;2&quot;:&quot;Gold&quot;}\">\u0417\u043e\u043b\u043e\u0442\u043e<\/td>\n<\/tr>\n<tr>\n<td data-sheets-value=\"{&quot;1&quot;:2,&quot;2&quot;:&quot;Form:&quot;}\">Form:<\/td>\n<td data-sheets-value=\"{&quot;1&quot;:2,&quot;2&quot;:&quot;Kerzenhalter&quot;}\">Kerzenhalter<\/td>\n<\/tr>\n<tr>\n<td data-sheets-value=\"{&quot;1&quot;:2,&quot;2&quot;:&quot;Gr\u00f6\u00dfe:&quot;}\">Gr\u00f6\u00dfe:<\/td>\n<td data-sheets-value=\"{&quot;1&quot;:2,&quot;2&quot;:&quot;16,5 \u00d7 6,5 cm&quot;}\">16,5 \u00d7 6,5 cm<\/td>\n<\/tr>\n<tr>\n<td data-sheets-value=\"{&quot;1&quot;:2,&quot;2&quot;:&quot;Herstellungsjahr:&quot;}\">Herstellungsjahr:<\/td>\n<td data-sheets-value=\"{&quot;1&quot;:3,&quot;3&quot;:2020}\">2020<\/td>\n<\/tr>\n<tr>\n<td data-sheets-value=\"{&quot;1&quot;:2,&quot;2&quot;:&quot;Marke:&quot;}\">Marke:<\/td>\n<td data-sheets-value=\"{&quot;1&quot;:2,&quot;2&quot;:&quot;Pluto&quot;}\">Pluto<\/td>\n<\/tr>\n<tr>\n<td data-sheets-value=\"{&quot;1&quot;:2,&quot;2&quot;:&quot;Material:&quot;}\">\u041c\u0430\u0442\u0435\u0440\u0438\u0430\u043b:<\/td>\n<td data-sheets-value=\"{&quot;1&quot;:2,&quot;2&quot;:&quot;Metall&quot;}\">\u041c\u0435\u0442\u0430\u043b\u043b<\/td>\n<\/tr>\n<tr>\n<td data-sheets-value=\"{&quot;1&quot;:2,&quot;2&quot;:&quot;Produktart:&quot;}\">Produktart:<\/td>\n<td data-sheets-value=\"{&quot;1&quot;:2,&quot;2&quot;:&quot;Engelsspiel&quot;}\">Engelsspiel<\/td>\n<\/tr>\n<tr>\n<td data-sheets-value=\"{&quot;1&quot;:2,&quot;2&quot;:&quot;Stil:&quot;}\">Stil:<\/td>\n<td data-sheets-value=\"{&quot;1&quot;:2,&quot;2&quot;:&quot;Klassisch&quot;}\">Klassisch<\/td>\n<\/tr>\n<tr>\n<td data-sheets-value=\"{&quot;1&quot;:2,&quot;2&quot;:&quot;Thema:&quot;}\">Thema:<\/td>\n<td data-sheets-value=\"{&quot;1&quot;:2,&quot;2&quot;:&quot;Weihnachten&quot;}\">Weihnachten<\/td>\n<\/tr>\n<\/tbody>\n<\/table>","protected":false},"featured_media":80547,"comment_status":"open","ping_status":"closed","template":"","meta":{"_seopress_robots_primary_cat":"","_seopress_titles_title":"","_seopress_titles_desc":"","_seopress_robots_index":""},"product_brand":[],"product_cat":[1400,1420],"product_tag":[],"class_list":{"0":"post-80447","1":"product","2":"type-product","3":"status-publish","4":"has-post-thumbnail","6":"product_cat-wohnzubehoer","7":"product_cat-wohndekoration","8":"product_shipping_class-standard-versand","10":"first","11":"instock","12":"sale","13":"taxable","14":"shipping-taxable","15":"purchasable","16":"product-type-simple"},"_links":{"self":[{"href":"https:\/\/www.soanam.de\/ru\/wp-json\/wp\/v2\/product\/80447","targetHints":{"allow":["GET"]}}],"collection":[{"href":"https:\/\/www.soanam.de\/ru\/wp-json\/wp\/v2\/product"}],"about":[{"href":"https:\/\/www.soanam.de\/ru\/wp-json\/wp\/v2\/types\/product"}],"replies":[{"embeddable":true,"href":"https:\/\/www.soanam.de\/ru\/wp-json\/wp\/v2\/comments?post=80447"}],"wp:featuredmedia":[{"embeddable":true,"href":"https:\/\/www.soanam.de\/ru\/wp-json\/wp\/v2\/media\/80547"}],"wp:attachment":[{"href":"https:\/\/www.soanam.de\/ru\/wp-json\/wp\/v2\/media?parent=80447"}],"wp:term":[{"taxonomy":"product_brand","embeddable":true,"href":"https:\/\/www.soanam.de\/ru\/wp-json\/wp\/v2\/product_brand?post=80447"},{"taxonomy":"product_cat","embeddable":true,"href":"https:\/\/www.soanam.de\/ru\/wp-json\/wp\/v2\/product_cat?post=80447"},{"taxonomy":"product_tag","embeddable":true,"href":"https:\/\/www.soanam.de\/ru\/wp-json\/wp\/v2\/product_tag?post=80447"}],"curies":[{"name":"wp","href":"https:\/\/api.w.org\/{rel}","templated":true}]}}