{"id":80203,"date":"2023-12-14T00:01:46","date_gmt":"2023-12-13T23:01:46","guid":{"rendered":"https:\/\/www.soanam.de\/?post_type=product&#038;p=80203"},"modified":"2023-12-14T00:30:45","modified_gmt":"2023-12-13T23:30:45","slug":"tommy-jeans-longsleeve-mit-stehkragen-in-weiss-groesse-l","status":"publish","type":"product","link":"https:\/\/www.soanam.de\/ru\/produkt\/tommy-jeans-longsleeve-mit-stehkragen-in-weiss-groesse-l\/","title":{"rendered":"Tommy Jeans Longsleeve mit Stehkragen, in Wei\u00df, Gr\u00f6\u00dfe L"},"content":{"rendered":"<p>Herren Longsleeve von Tommy Jeans<br \/>\nStehkragen mit Logo-Stickerei<br \/>\nLogo-Stickerei auf Brusth\u00f6he<br \/>\n\u041f\u0440\u044f\u043c\u043e\u0439 \u0441\u0440\u0435\u0437<br \/>\nGerippte \u00c4rmelb\u00fcndchen<br \/>\nBaumwoll-Elasthan-Mix<\/p>\n<p>Das Longsleeve von Tommy Jeans ist aus einem Baumwoll-Elasthan-Mix gefertigt, was die Trageeigenschaften sehr positiv beeinflusst.<br \/>\nEs ist gerade geschnitten, kommt mit einem Stehkragen mit gro\u00dfer Logo-Stickerei und der typischen Hilfiger-Flag auf der Brust.<\/p>\n<p>\u041c\u0430\u0442\u0435\u0440\u0438\u0430\u043b: 95% \u0445\u043b\u043e\u043f\u043e\u043a, 5% \u044d\u043b\u0430\u0441\u0442\u0430\u043d<br \/>\n\u0420\u0435\u043a\u043e\u043c\u0435\u043d\u0434\u0430\u0446\u0438\u0438 \u043f\u043e \u0443\u0445\u043e\u0434\u0443: \u041c\u0430\u0448\u0438\u043d\u043d\u0430\u044f \u0441\u0442\u0438\u0440\u043a\u0430<\/p>\n<p>\u0426\u0432\u0435\u0442: \u0431\u0435\u043b\u044b\u0439<br \/>\n\u0423\u0437\u043e\u0440: \u0412\u044b\u0448\u0438\u0432\u043a\u0430 \u043b\u043e\u0433\u043e\u0442\u0438\u043f\u0430<br \/>\n\u0420\u0430\u0437\u043c\u0435\u0440: L<\/p>\n<p>\u0428\u0438\u0440\u0438\u043d\u0430 \u043f\u043b\u0435\u0447: 45 \u0441\u043c<br \/>\n\u0428\u0438\u0440\u0438\u043d\u0430 \u0433\u0440\u0443\u0434\u0438: 114 \u0441\u043c<br \/>\n\u0414\u043b\u0438\u043d\u0430 \u0440\u0443\u043a\u0430\u0432\u0430: 68 \u0441\u043c<br \/>\n\u041e\u0431\u0449\u0430\u044f \u0434\u043b\u0438\u043d\u0430: 74 \u0441\u043c<\/p>\n<p>\u042d\u0442\u043e\u0442 \u043d\u043e\u0432\u044b\u0439 \u0442\u043e\u0432\u0430\u0440 \u044f\u0432\u043b\u044f\u0435\u0442\u0441\u044f \u0432\u043e\u0437\u0432\u0440\u0430\u0449\u0435\u043d\u043d\u044b\u043c \u043f\u043e\u043a\u0443\u043f\u0430\u0442\u0435\u043b\u0435\u043c \u0431\u0435\u0437 \u044d\u0442\u0438\u043a\u0435\u0442\u043a\u0438.<\/p>","protected":false},"excerpt":{"rendered":"<p>\u041c\u0430\u0442\u0435\u0440\u0438\u0430\u043b: 95% \u0445\u043b\u043e\u043f\u043e\u043a, 5% \u044d\u043b\u0430\u0441\u0442\u0430\u043d<br \/>\n\u0420\u0435\u043a\u043e\u043c\u0435\u043d\u0434\u0430\u0446\u0438\u0438 \u043f\u043e \u0443\u0445\u043e\u0434\u0443: \u041c\u0430\u0448\u0438\u043d\u043d\u0430\u044f \u0441\u0442\u0438\u0440\u043a\u0430<\/p>\n<p>\u0426\u0432\u0435\u0442: \u0431\u0435\u043b\u044b\u0439<br \/>\n\u0423\u0437\u043e\u0440: \u0412\u044b\u0448\u0438\u0432\u043a\u0430 \u043b\u043e\u0433\u043e\u0442\u0438\u043f\u0430<br \/>\n\u0420\u0430\u0437\u043c\u0435\u0440: L<\/p>","protected":false},"featured_media":80312,"comment_status":"open","ping_status":"closed","template":"","meta":{"_seopress_robots_primary_cat":"","_seopress_titles_title":"","_seopress_titles_desc":"","_seopress_robots_index":""},"product_brand":[],"product_cat":[1345,1485,1486],"product_tag":[],"class_list":{"0":"post-80203","1":"product","2":"type-product","3":"status-publish","4":"has-post-thumbnail","6":"product_cat-herrenmode","7":"product_cat-pullover-sweater-herrenmode","8":"product_cat-langarmshirts-pullover-sweater-herrenmode","9":"product_shipping_class-standard-versand","11":"first","12":"instock","13":"sale","14":"taxable","15":"shipping-taxable","16":"purchasable","17":"product-type-simple"},"_links":{"self":[{"href":"https:\/\/www.soanam.de\/ru\/wp-json\/wp\/v2\/product\/80203","targetHints":{"allow":["GET"]}}],"collection":[{"href":"https:\/\/www.soanam.de\/ru\/wp-json\/wp\/v2\/product"}],"about":[{"href":"https:\/\/www.soanam.de\/ru\/wp-json\/wp\/v2\/types\/product"}],"replies":[{"embeddable":true,"href":"https:\/\/www.soanam.de\/ru\/wp-json\/wp\/v2\/comments?post=80203"}],"wp:featuredmedia":[{"embeddable":true,"href":"https:\/\/www.soanam.de\/ru\/wp-json\/wp\/v2\/media\/80312"}],"wp:attachment":[{"href":"https:\/\/www.soanam.de\/ru\/wp-json\/wp\/v2\/media?parent=80203"}],"wp:term":[{"taxonomy":"product_brand","embeddable":true,"href":"https:\/\/www.soanam.de\/ru\/wp-json\/wp\/v2\/product_brand?post=80203"},{"taxonomy":"product_cat","embeddable":true,"href":"https:\/\/www.soanam.de\/ru\/wp-json\/wp\/v2\/product_cat?post=80203"},{"taxonomy":"product_tag","embeddable":true,"href":"https:\/\/www.soanam.de\/ru\/wp-json\/wp\/v2\/product_tag?post=80203"}],"curies":[{"name":"wp","href":"https:\/\/api.w.org\/{rel}","templated":true}]}}