{"id":80104,"date":"2023-12-13T23:59:00","date_gmt":"2023-12-13T22:59:00","guid":{"rendered":"https:\/\/www.soanam.de\/?post_type=product&#038;p=80104"},"modified":"2023-12-14T00:02:34","modified_gmt":"2023-12-13T23:02:34","slug":"fussgut-venenfreund-kniestruempfe-im-2er-pack-in-schwarz-groesse-43-45","status":"publish","type":"product","link":"https:\/\/www.soanam.de\/ru\/produkt\/fussgut-venenfreund-kniestruempfe-im-2er-pack-in-schwarz-groesse-43-45\/","title":{"rendered":"\u041d\u043e\u0441\u043a\u0438 \u043d\u0430 \u043a\u043e\u043b\u0435\u043d\u043e Fu\u00dfgut Venenfreund \u0432 \u0443\u043f\u0430\u043a\u043e\u0432\u043a\u0435 2 \u0448\u0442\u0443\u043a\u0438, \u0447\u0435\u0440\u043d\u043e\u0433\u043e \u0446\u0432\u0435\u0442\u0430, \u0440\u0430\u0437\u043c\u0435\u0440 43-45"},"content":{"rendered":"<p>Diabetikersocken im Doppelpack<br \/>\nVenenfreundliche Dehnweite<br \/>\nDruckfreie, handgekettelte Spitze<br \/>\nAirchannel im Fu\u00dfr\u00fcckenbereich<br \/>\nVerst\u00e4rkte Polsterung im Laufbereich<\/p>\n<p>Bequeme Kniestr\u00fcmpfe f\u00fcr M\u00e4nner und Frauen mit einer venenfreundlichen Dehnweite im Bund und Schaft.<br \/>\nDie Str\u00fcmpfe liegen angenehm am Bein und schneiden nicht ein.<br \/>\nDie Spitze ist aufwendig handgekettelt und hat somit keine dr\u00fcckende Naht, auch f\u00fcr Diabetiker empfehlenswert. Langlebige und nachhaltige Qualit\u00e4t, da verbesserte Haltbarkeit durch verst\u00e4rkte Fersen, Spitzen und Laufbereich gew\u00e4hrleistet ist.<\/p>\n<p>\u041c\u0430\u0442\u0435\u0440\u0438\u0430\u043b: 98% \u0445\u043b\u043e\u043f\u043e\u043a, 2% \u044d\u043b\u0430\u0441\u0442\u0430\u043d<br \/>\n\u0420\u0435\u043a\u043e\u043c\u0435\u043d\u0434\u0430\u0446\u0438\u0438 \u043f\u043e \u0443\u0445\u043e\u0434\u0443: \u041c\u0430\u0448\u0438\u043d\u043d\u0430\u044f \u0441\u0442\u0438\u0440\u043a\u0430<\/p>\n<p>\u0426\u0432\u0435\u0442: \u0447\u0435\u0440\u043d\u044b\u0439<br \/>\n\u0423\u0437\u043e\u0440: \u0431\u0435\u0437<br \/>\nGr\u00f6\u00dfe: 43-45<\/p>","protected":false},"excerpt":{"rendered":"<table class=\"dv_characteristicsTable\">\n<caption>MASSANGABE<\/caption>\n<tbody>\n<tr>\n<td class=\"left\">\u0420\u0430\u0437\u043c\u0435\u0440<\/td>\n<td>3 (43\/44\/45)<\/td>\n<\/tr>\n<tr>\n<td class=\"left\">Gr\u00f6\u00dfentyp<\/td>\n<td>Sockengr\u00f6\u00dfe<\/td>\n<\/tr>\n<\/tbody>\n<\/table>\n<table class=\"dv_characteristicsTable\">\n<caption>PRODUKTDETAILS<\/caption>\n<tbody>\n<tr>\n<td class=\"left\">\u0420\u0435\u043a\u043e\u043c\u0435\u043d\u0434\u0430\u0446\u0438\u0438 \u043f\u043e \u0443\u0445\u043e\u0434\u0443<\/td>\n<td>\u041c\u0430\u0448\u0438\u043d\u043d\u0430\u044f \u0441\u0442\u0438\u0440\u043a\u0430<\/td>\n<\/tr>\n<\/tbody>\n<\/table>\n<table class=\"dv_characteristicsTable\">\n<caption>\u041c\u0410\u0422\u0415\u0420\u0418\u0410\u041b<\/caption>\n<tbody>\n<tr>\n<td class=\"left\">\u0421\u043e\u0441\u0442\u0430\u0432 \u043c\u0430\u0442\u0435\u0440\u0438\u0430\u043b\u0430<\/td>\n<td>Obermaterial: 98% Baumwolle, 2% Elasthan<\/td>\n<\/tr>\n<\/tbody>\n<\/table>\n<table class=\"dv_characteristicsTable\">\n<caption>\u0426\u0412\u0415\u0422<\/caption>\n<tbody>\n<tr>\n<td class=\"left\">\u0426\u0432\u0435\u0442<\/td>\n<td>schwarz<\/td>\n<\/tr>\n<\/tbody>\n<\/table>","protected":false},"featured_media":80237,"comment_status":"open","ping_status":"closed","template":"","meta":{"_seopress_robots_primary_cat":"","_seopress_titles_title":"","_seopress_titles_desc":"","_seopress_robots_index":""},"product_brand":[],"product_cat":[1345,1348,1444,1549,1590,1591],"product_tag":[],"class_list":{"0":"post-80104","1":"product","2":"type-product","3":"status-publish","4":"has-post-thumbnail","6":"product_cat-herrenmode","7":"product_cat-damen-mode","8":"product_cat-unterwaesche","9":"product_cat-unterwaesche-herrenmode","10":"product_cat-socken","11":"product_cat-socken-unterwaesche-herrenmode","12":"product_shipping_class-standard-versand","14":"first","15":"instock","16":"taxable","17":"shipping-taxable","18":"purchasable","19":"product-type-simple"},"_links":{"self":[{"href":"https:\/\/www.soanam.de\/ru\/wp-json\/wp\/v2\/product\/80104","targetHints":{"allow":["GET"]}}],"collection":[{"href":"https:\/\/www.soanam.de\/ru\/wp-json\/wp\/v2\/product"}],"about":[{"href":"https:\/\/www.soanam.de\/ru\/wp-json\/wp\/v2\/types\/product"}],"replies":[{"embeddable":true,"href":"https:\/\/www.soanam.de\/ru\/wp-json\/wp\/v2\/comments?post=80104"}],"wp:featuredmedia":[{"embeddable":true,"href":"https:\/\/www.soanam.de\/ru\/wp-json\/wp\/v2\/media\/80237"}],"wp:attachment":[{"href":"https:\/\/www.soanam.de\/ru\/wp-json\/wp\/v2\/media?parent=80104"}],"wp:term":[{"taxonomy":"product_brand","embeddable":true,"href":"https:\/\/www.soanam.de\/ru\/wp-json\/wp\/v2\/product_brand?post=80104"},{"taxonomy":"product_cat","embeddable":true,"href":"https:\/\/www.soanam.de\/ru\/wp-json\/wp\/v2\/product_cat?post=80104"},{"taxonomy":"product_tag","embeddable":true,"href":"https:\/\/www.soanam.de\/ru\/wp-json\/wp\/v2\/product_tag?post=80104"}],"curies":[{"name":"wp","href":"https:\/\/api.w.org\/{rel}","templated":true}]}}