{"id":80063,"date":"2023-12-13T23:57:06","date_gmt":"2023-12-13T22:57:06","guid":{"rendered":"https:\/\/www.soanam.de\/?post_type=product&#038;p=80063"},"modified":"2023-12-14T00:02:07","modified_gmt":"2023-12-13T23:02:07","slug":"petite-fleur-%d0%b7%d0%be%d0%bb%d0%be%d1%82%d1%8b%d0%b5-%d0%ba%d0%be%d0%bb%d0%b3%d0%be%d1%82%d0%ba%d0%b8-%d1%81-%d0%b6%d0%b8%d0%b2%d0%be%d1%82%d0%bd%d1%8b%d0%bc-%d0%bf%d1%80%d0%b8%d0%bd%d1%82%d0%be","status":"publish","type":"product","link":"https:\/\/www.soanam.de\/ru\/produkt\/petite-fleur-gold-feinstrumpfhose-im-animal-print-20-den-in-schwarz-groesse-36-38\/","title":{"rendered":"\u0417\u043e\u043b\u043e\u0442\u044b\u0435 \u043a\u043e\u043b\u0433\u043e\u0442\u043a\u0438 Petite Fleur \u0441\u043e \u0437\u0432\u0435\u0440\u0438\u043d\u044b\u043c \u043f\u0440\u0438\u043d\u0442\u043e\u043c, 20 DEN, \u0447\u0435\u0440\u043d\u044b\u0435, \u0440\u0430\u0437\u043c\u0435\u0440 36\/38"},"content":{"rendered":"<p>Feinstrumpfhose von petite fleur<br \/>\nIm Animal Print<br \/>\nVerst\u00e4rktes H\u00f6schenteil<br \/>\n\u0421 \u0445\u043b\u043e\u043f\u043a\u043e\u0432\u043e\u0439 \u043b\u0430\u0441\u0442\u043e\u0432\u0438\u0446\u0435\u0439<br \/>\n20DEN<\/p>\n<p>Besonders das aufwendige, feminine Webmuster in Form einer abstrakten Netzform mit k\u00fcnstlerischer Note sorgt bei den Tights f\u00fcr einen aufregenden, grafischen Effekt.<\/p>\n<p>Die matte transparente Optik des Strukturmusters gew\u00e4hrt sinnliche Einblicke und setzt deine Beine makellos in Szene.<\/p>\n<p>Rutschfester und sicherer Tragekomfort wird mit dem flexiblen Taillenbund und der stabilen Nahtverarbeitung des verst\u00e4rkten H\u00f6schens der Str\u00fcmpfe gesichert.<\/p>\n<p>Material: 93% Polyamid, 7% Elasthan<br \/>\n\u0420\u0435\u043a\u043e\u043c\u0435\u043d\u0434\u0430\u0446\u0438\u0438 \u043f\u043e \u0443\u0445\u043e\u0434\u0443: \u041c\u0430\u0448\u0438\u043d\u043d\u0430\u044f \u0441\u0442\u0438\u0440\u043a\u0430 (\u0440\u0435\u043a\u043e\u043c\u0435\u043d\u0434\u0443\u0435\u0442\u0441\u044f \u0441\u0442\u0438\u0440\u0430\u0442\u044c \u0432 \u043c\u0435\u0448\u043a\u0435 \u0434\u043b\u044f \u0441\u0442\u0438\u0440\u043a\u0438)<\/p>\n<p>\u0426\u0432\u0435\u0442: \u0447\u0435\u0440\u043d\u044b\u0439<br \/>\n\u0423\u0437\u043e\u0440: \u0417\u0432\u0435\u0440\u0438\u043d\u044b\u0439 \u043f\u0440\u0438\u043d\u0442<br \/>\n\u0420\u0430\u0437\u043c\u0435\u0440: 36\/38<\/p>","protected":false},"excerpt":{"rendered":"<table class=\"dv_characteristicsTable\">\n<tbody>\n<tr>\n<td class=\"left\">\u0420\u0430\u0437\u043c\u0435\u0440<\/td>\n<td>36\/38<\/td>\n<\/tr>\n<tr>\n<td class=\"left\">Gr\u00f6\u00dfentyp<\/td>\n<td>Normalgr\u00f6\u00dfen<\/td>\n<\/tr>\n<\/tbody>\n<\/table>\n<table class=\"dv_characteristicsTable\">\n<caption>\u0426\u0412\u0415\u0422<\/caption>\n<tbody>\n<tr>\n<td class=\"left\">\u0426\u0432\u0435\u0442<\/td>\n<td>schwarz<\/td>\n<\/tr>\n<\/tbody>\n<\/table>\n<table class=\"dv_characteristicsTable\">\n<caption>PRODUKTDETAILS<\/caption>\n<tbody>\n<tr>\n<td class=\"left\">Fit<\/td>\n<td>elastisch<\/td>\n<\/tr>\n<tr>\n<td class=\"left\">Art B\u00fcndchen<\/td>\n<td>druckfrei<br \/>\nweicher Abschluss<\/td>\n<\/tr>\n<tr>\n<td class=\"left\">\u0420\u0435\u043a\u043e\u043c\u0435\u043d\u0434\u0430\u0446\u0438\u0438 \u043f\u043e \u0443\u0445\u043e\u0434\u0443<\/td>\n<td>\u041c\u0430\u0448\u0438\u043d\u043d\u0430\u044f \u0441\u0442\u0438\u0440\u043a\u0430<br \/>\nWaschen im Waschbeutel empfohlen<\/td>\n<\/tr>\n<\/tbody>\n<\/table>\n<table class=\"dv_characteristicsTable\">\n<caption>\u041c\u0410\u0422\u0415\u0420\u0418\u0410\u041b<\/caption>\n<tbody>\n<tr>\n<td class=\"left\">\u0421\u043e\u0441\u0442\u0430\u0432 \u043c\u0430\u0442\u0435\u0440\u0438\u0430\u043b\u0430<\/td>\n<td>Obermaterial: 93% Polyamid, 7% Elasthan<\/td>\n<\/tr>\n<tr>\n<td class=\"left\">Materialst\u00e4rke (DEN)<\/td>\n<td>20 DEN<\/td>\n<\/tr>\n<tr>\n<td class=\"left\">Details Material<\/td>\n<td>weich<\/td>\n<\/tr>\n<tr>\n<td class=\"left\">Materialeigenschaften<\/td>\n<td>elastisch<\/td>\n<\/tr>\n<\/tbody>\n<\/table>\n<table class=\"dv_characteristicsTable\">\n<caption>OPTIK\/STIL<\/caption>\n<tbody>\n<tr>\n<td class=\"left\">Optik<\/td>\n<td>Animal-Print<\/td>\n<\/tr>\n<\/tbody>\n<\/table>","protected":false},"featured_media":80217,"comment_status":"open","ping_status":"closed","template":"","meta":{"_seopress_robots_primary_cat":"","_seopress_titles_title":"","_seopress_titles_desc":"","_seopress_robots_index":""},"product_brand":[],"product_cat":[1348,1444,1445],"product_tag":[],"class_list":{"0":"post-80063","1":"product","2":"type-product","3":"status-publish","4":"has-post-thumbnail","6":"product_cat-damen-mode","7":"product_cat-unterwaesche","8":"product_cat-strumpfhosen","9":"product_shipping_class-standard-versand","11":"first","12":"instock","13":"sale","14":"taxable","15":"shipping-taxable","16":"purchasable","17":"product-type-simple"},"_links":{"self":[{"href":"https:\/\/www.soanam.de\/ru\/wp-json\/wp\/v2\/product\/80063","targetHints":{"allow":["GET"]}}],"collection":[{"href":"https:\/\/www.soanam.de\/ru\/wp-json\/wp\/v2\/product"}],"about":[{"href":"https:\/\/www.soanam.de\/ru\/wp-json\/wp\/v2\/types\/product"}],"replies":[{"embeddable":true,"href":"https:\/\/www.soanam.de\/ru\/wp-json\/wp\/v2\/comments?post=80063"}],"wp:featuredmedia":[{"embeddable":true,"href":"https:\/\/www.soanam.de\/ru\/wp-json\/wp\/v2\/media\/80217"}],"wp:attachment":[{"href":"https:\/\/www.soanam.de\/ru\/wp-json\/wp\/v2\/media?parent=80063"}],"wp:term":[{"taxonomy":"product_brand","embeddable":true,"href":"https:\/\/www.soanam.de\/ru\/wp-json\/wp\/v2\/product_brand?post=80063"},{"taxonomy":"product_cat","embeddable":true,"href":"https:\/\/www.soanam.de\/ru\/wp-json\/wp\/v2\/product_cat?post=80063"},{"taxonomy":"product_tag","embeddable":true,"href":"https:\/\/www.soanam.de\/ru\/wp-json\/wp\/v2\/product_tag?post=80063"}],"curies":[{"name":"wp","href":"https:\/\/api.w.org\/{rel}","templated":true}]}}