{"id":79967,"date":"2023-12-13T23:55:04","date_gmt":"2023-12-13T22:55:04","guid":{"rendered":"https:\/\/www.soanam.de\/?post_type=product&#038;p=79967"},"modified":"2023-12-13T23:58:25","modified_gmt":"2023-12-13T22:58:25","slug":"adidas-originals-trefoil-snap-case-slim-cover-fuer-apple-iphone-11-6-1-schwarz","status":"publish","type":"product","link":"https:\/\/www.soanam.de\/ru\/produkt\/adidas-originals-trefoil-snap-case-slim-cover-fuer-apple-iphone-11-6-1-schwarz\/","title":{"rendered":"\u0427\u0435\u0445\u043e\u043b Adidas Originals Trefoil Snap Case Slim Cover \u0434\u043b\u044f Apple iPhone 11 (6.1\") \u0447\u0435\u0440\u043d\u044b\u0439"},"content":{"rendered":"<h3>\u041e\u043f\u0438\u0441\u0430\u043d\u0438\u0435<\/h3>\n<p>Mit dieser adidas Originals Schutzh\u00fclle verpasst du deinem Smartphone angesagten Streetstyle. Sie hat eine harte, robuste R\u00fcckseite und einen weichen, flexiblen TPU-Rahmen, um dein Handy vor Abnutzung und St\u00f6\u00dfen zu sch\u00fctzen. Ein aufgepr\u00e4gtes, aufgedrucktes Trefoil Logo auf der Vorderseite macht das Design komplett.<\/p>\n<p>Sch\u00fctzen Sie Ihr Telefon stilvoll mit unserer neuen schwarzen Handyh\u00fclle mit Druckknopfverschluss.<\/p>\n<p>Kompatibel mit iPhone 11<br \/>\n50 % TPU \/ 50 % Polyurethan<br \/>\nSnap-On-Design mit Polycarbonat-R\u00fcckseite<br \/>\nFlexibles, sto\u00dffestes TPU sch\u00fctzt vor St\u00fcrzen<br \/>\nErh\u00f6hte Kanten sch\u00fctzen den Bildschirm vor Kratzern; schwarze Einfassung an Kameraaussparung f\u00fcr optimale Ergebnisse beim Fotografieren mit Blitz<\/p>","protected":false},"excerpt":{"rendered":"<h3>Artikelmerkmale<\/h3>\n<p>\u0421\u043e\u0441\u0442\u043e\u044f\u043d\u0438\u0435 \u0442\u043e\u0432\u0430\u0440\u0430: \u041d\u043e\u0432\u044b\u0439 \u0441 \u044d\u0442\u0438\u043a\u0435\u0442\u043a\u043e\u0439: \u041d\u043e\u0432\u044b\u0439, \u043d\u0435\u0438\u0441\u043f\u043e\u043b\u044c\u0437\u043e\u0432\u0430\u043d\u043d\u044b\u0439 \u0438 \u043d\u0435\u043d\u043e\u0448\u0435\u043d\u044b\u0439 \u0442\u043e\u0432\u0430\u0440 \u0432 \u043e\u0440\u0438\u0433\u0438\u043d\u0430\u043b\u044c\u043d\u043e\u0439 \u0443\u043f\u0430\u043a\u043e\u0432\u043a\u0435<\/p>\n<p><strong>\u0422\u0435\u0445\u043d\u0438\u0447\u0435\u0441\u043a\u0438\u0435 \u0434\u0430\u043d\u043d\u044b\u0435<\/strong><\/p>\n<p>Material Polyurethan, Polykarbonat, Thermoplastisches Polyurethan<br \/>\nMarke Adidas<br \/>\nFormfaktor Abdeckung<br \/>\nFarbe Black\/White<br \/>\nKompatible Telefonmodelle IPhone 11<br \/>\nBesonderes Merkmal Magnetisch<br \/>\nEnthaltene Komponenten Cover<br \/>\nKompatible Ger\u00e4te Apple iPhone 11<br \/>\nPakettyp Standardverpackung<\/p>","protected":false},"featured_media":80084,"comment_status":"open","ping_status":"closed","template":"","meta":{"_seopress_robots_primary_cat":"","_seopress_titles_title":"","_seopress_titles_desc":"","_seopress_robots_index":""},"product_brand":[],"product_cat":[1730],"product_tag":[],"class_list":{"0":"post-79967","1":"product","2":"type-product","3":"status-publish","4":"has-post-thumbnail","6":"product_cat-sonstiges-2","7":"product_shipping_class-standard-versand","9":"first","10":"instock","11":"sale","12":"taxable","13":"shipping-taxable","14":"purchasable","15":"product-type-simple"},"_links":{"self":[{"href":"https:\/\/www.soanam.de\/ru\/wp-json\/wp\/v2\/product\/79967","targetHints":{"allow":["GET"]}}],"collection":[{"href":"https:\/\/www.soanam.de\/ru\/wp-json\/wp\/v2\/product"}],"about":[{"href":"https:\/\/www.soanam.de\/ru\/wp-json\/wp\/v2\/types\/product"}],"replies":[{"embeddable":true,"href":"https:\/\/www.soanam.de\/ru\/wp-json\/wp\/v2\/comments?post=79967"}],"wp:featuredmedia":[{"embeddable":true,"href":"https:\/\/www.soanam.de\/ru\/wp-json\/wp\/v2\/media\/80084"}],"wp:attachment":[{"href":"https:\/\/www.soanam.de\/ru\/wp-json\/wp\/v2\/media?parent=79967"}],"wp:term":[{"taxonomy":"product_brand","embeddable":true,"href":"https:\/\/www.soanam.de\/ru\/wp-json\/wp\/v2\/product_brand?post=79967"},{"taxonomy":"product_cat","embeddable":true,"href":"https:\/\/www.soanam.de\/ru\/wp-json\/wp\/v2\/product_cat?post=79967"},{"taxonomy":"product_tag","embeddable":true,"href":"https:\/\/www.soanam.de\/ru\/wp-json\/wp\/v2\/product_tag?post=79967"}],"curies":[{"name":"wp","href":"https:\/\/api.w.org\/{rel}","templated":true}]}}