{"id":79841,"date":"2023-12-13T23:20:18","date_gmt":"2023-12-13T22:20:18","guid":{"rendered":"https:\/\/www.soanam.de\/?post_type=product&#038;p=79841"},"modified":"2023-12-13T23:54:57","modified_gmt":"2023-12-13T22:54:57","slug":"%d0%ba%d1%83%d1%80%d1%82%d0%ba%d0%b0-%d1%81-%d0%ba%d0%b0%d0%bf%d1%8e%d1%88%d0%be%d0%bd%d0%be%d0%bc-%d1%87%d0%b5%d1%80%d0%bd%d0%be%d0%b3%d0%be-%d1%86%d0%b2%d0%b5%d1%82%d0%b0-%d1%80%d0%b0%d0%b7%d0%bc","status":"publish","type":"product","link":"https:\/\/www.soanam.de\/ru\/produkt\/bench-sweatjacke-mit-kapuze-in-schwarz-groesse-52-54\/","title":{"rendered":"\u0411\u0435\u043d\u0447. \u041a\u043e\u0444\u0442\u0430 \u0441 \u043a\u0430\u043f\u044e\u0448\u043e\u043d\u043e\u043c, \u0447\u0435\u0440\u043d\u0430\u044f, \u0440\u0430\u0437\u043c\u0435\u0440 52\/54"},"content":{"rendered":"<p>Loungejacke mit Rei\u00dfverschluss und Kapuze<br \/>\n\u0421\u043b\u0435\u0433\u043a\u0430 \u043f\u0440\u0438\u0442\u0430\u043b\u0435\u043d\u043d\u0430\u044f \u0444\u043e\u0440\u043c\u0430<br \/>\nMit seitlichen Eingrifftaschen<br \/>\n\u041d\u0430 \u0440\u0443\u043a\u0430\u0432\u0430\u0445 \u043c\u044f\u0433\u043a\u0438\u0435 \u0440\u0435\u0431\u0440\u0438\u0441\u0442\u044b\u0435 \u043c\u0430\u043d\u0436\u0435\u0442\u044b<br \/>\nWeiche Jerseyqualit\u00e4t mit Baumwolle<\/p>\n<p>F\u00fcr den coolen Hoodie-Look ist die Sweatjacke von Bench mit einer gro\u00dfen Kapuze und einem Kordelzug sowie breiten Rippb\u00fcndchen an den S\u00e4umen ausgestattet.<br \/>\nEin gl\u00e4nzender Logoprint am \u00c4rmel rundet das Design der figurumschmeichelnden Jacke stilsicher ab.<br \/>\nL\u00e4ssig und komfortabel, so sollte eine Loungejacke einfach sein.<\/p>\n<p>\u041c\u0430\u0442\u0435\u0440\u0438\u0430\u043b: 60% \u0445\u043b\u043e\u043f\u043e\u043a, 40% \u043f\u043e\u043b\u0438\u044d\u0441\u0442\u0435\u0440<br \/>\n\u0420\u0435\u043a\u043e\u043c\u0435\u043d\u0434\u0430\u0446\u0438\u0438 \u043f\u043e \u0443\u0445\u043e\u0434\u0443: \u041c\u0430\u0448\u0438\u043d\u043d\u0430\u044f \u0441\u0442\u0438\u0440\u043a\u0430<\/p>\n<p>\u0426\u0432\u0435\u0442: \u0447\u0435\u0440\u043d\u044b\u0439<br \/>\n\u0423\u0437\u043e\u0440: \u0431\u0435\u0437<br \/>\n\u0420\u0430\u0437\u043c\u0435\u0440: 52\/54<\/p>\n<p>\u0428\u0438\u0440\u0438\u043d\u0430 \u043f\u043b\u0435\u0447: 50 \u0441\u043c<br \/>\n\u0428\u0438\u0440\u0438\u043d\u0430 \u0433\u0440\u0443\u0434\u0438: 132 \u0441\u043c<br \/>\n\u0414\u043b\u0438\u043d\u0430 \u0440\u0443\u043a\u0430\u0432\u0430: 60 \u0441\u043c<br \/>\n\u041e\u0431\u0449\u0430\u044f \u0434\u043b\u0438\u043d\u0430: 72 \u0441\u043c<\/p>","protected":false},"excerpt":{"rendered":"<table class=\"dv_characteristicsTable\">\n<tbody>\n<tr>\n<td class=\"left\">\u0420\u0430\u0437\u043c\u0435\u0440<\/td>\n<td>52\/54<\/td>\n<\/tr>\n<tr>\n<td class=\"left\">Gr\u00f6\u00dfentyp<\/td>\n<td>Normalgr\u00f6\u00dfen<\/td>\n<\/tr>\n<tr>\n<td class=\"left\">\u0421\u043e\u0441\u0442\u0430\u0432 \u043c\u0430\u0442\u0435\u0440\u0438\u0430\u043b\u0430<\/td>\n<td>Obermaterial: 60% Baumwolle\u00a0, 40% Polyester<\/td>\n<\/tr>\n<tr>\n<td class=\"left\">Materialart<\/td>\n<td>Sweatware<\/td>\n<\/tr>\n<tr>\n<td class=\"left\">\u0420\u0435\u043a\u043e\u043c\u0435\u043d\u0434\u0430\u0446\u0438\u0438 \u043f\u043e \u0443\u0445\u043e\u0434\u0443<\/td>\n<td>\u041c\u0430\u0448\u0438\u043d\u043d\u0430\u044f \u0441\u0442\u0438\u0440\u043a\u0430<\/td>\n<\/tr>\n<tr>\n<td class=\"left\">Optik<\/td>\n<td>unifarben<\/td>\n<\/tr>\n<tr>\n<td class=\"left\">Stil<\/td>\n<td>Basic<\/td>\n<\/tr>\n<tr>\n<td class=\"left\">\u0426\u0432\u0435\u0442<\/td>\n<td>schwarz<\/td>\n<\/tr>\n<tr>\n<td class=\"left\">Kragen<\/td>\n<td>ohne Kragen<\/td>\n<\/tr>\n<tr>\n<td class=\"left\">Ausschnitt<\/td>\n<td>ohne Ausschnitt<\/td>\n<\/tr>\n<tr>\n<td class=\"left\">Ausschnittdetails<\/td>\n<td>mit Rei\u00dfverschluss<\/td>\n<\/tr>\n<tr>\n<td class=\"left\">\u00c4rmel<\/td>\n<td>\u0414\u043b\u0438\u043d\u043d\u044b\u0439 \u0440\u0443\u043a\u0430\u0432<\/td>\n<\/tr>\n<tr>\n<td class=\"left\">\u00c4rmelabschluss<\/td>\n<td>B\u00fcndchen<\/td>\n<\/tr>\n<tr>\n<td class=\"left\">Rumpfabschluss<\/td>\n<td>breiter Bund<\/td>\n<\/tr>\n<tr>\n<td class=\"left\">Fit<\/td>\n<td>bequem<\/td>\n<\/tr>\n<tr>\n<td class=\"left\">Schnittform L\u00e4nge<\/td>\n<td>h\u00fcftbedeckend<\/td>\n<\/tr>\n<tr>\n<td class=\"left\">\u041a\u0430\u043f\u044e\u0448\u043e\u043d<\/td>\n<td>mit Kapuze<\/td>\n<\/tr>\n<tr>\n<td class=\"left\">Kapuzendetails<\/td>\n<td>mit Kordelzug<\/td>\n<\/tr>\n<tr>\n<td class=\"left\">Applikationen<\/td>\n<td>Logodruck, Logoschriftzug<\/td>\n<\/tr>\n<tr>\n<td class=\"left\">\u0421\u0443\u043c\u043a\u0438<\/td>\n<td>\u041a\u0430\u0440\u043c\u0430\u043d\u044b<\/td>\n<\/tr>\n<tr>\n<td class=\"left\">Verschluss<\/td>\n<td>\u0417\u0430\u0441\u0442\u0435\u0436\u043a\u0430 \u043d\u0430 \u043c\u043e\u043b\u043d\u0438\u0438<\/td>\n<\/tr>\n<tr>\n<td class=\"left\">Verschlussdetails<\/td>\n<td>durchgehend, vorn<\/td>\n<\/tr>\n<tr>\n<td class=\"left\">Besondere Merkmale<\/td>\n<td>mit Taschen und Zipper<\/td>\n<\/tr>\n<\/tbody>\n<\/table>\n<p>&nbsp;<\/p>","protected":false},"featured_media":79959,"comment_status":"open","ping_status":"closed","template":"","meta":{"_seopress_robots_primary_cat":"","_seopress_titles_title":"","_seopress_titles_desc":"","_seopress_robots_index":""},"product_brand":[],"product_cat":[1348,1402,1585],"product_tag":[],"class_list":{"0":"post-79841","1":"product","2":"type-product","3":"status-publish","4":"has-post-thumbnail","6":"product_cat-damen-mode","7":"product_cat-sportbekleidung-damen-mode","8":"product_cat-jacken-sportbekleidung-damen-mode","9":"product_shipping_class-standard-versand","11":"first","12":"instock","13":"taxable","14":"shipping-taxable","15":"purchasable","16":"product-type-simple"},"_links":{"self":[{"href":"https:\/\/www.soanam.de\/ru\/wp-json\/wp\/v2\/product\/79841","targetHints":{"allow":["GET"]}}],"collection":[{"href":"https:\/\/www.soanam.de\/ru\/wp-json\/wp\/v2\/product"}],"about":[{"href":"https:\/\/www.soanam.de\/ru\/wp-json\/wp\/v2\/types\/product"}],"replies":[{"embeddable":true,"href":"https:\/\/www.soanam.de\/ru\/wp-json\/wp\/v2\/comments?post=79841"}],"wp:featuredmedia":[{"embeddable":true,"href":"https:\/\/www.soanam.de\/ru\/wp-json\/wp\/v2\/media\/79959"}],"wp:attachment":[{"href":"https:\/\/www.soanam.de\/ru\/wp-json\/wp\/v2\/media?parent=79841"}],"wp:term":[{"taxonomy":"product_brand","embeddable":true,"href":"https:\/\/www.soanam.de\/ru\/wp-json\/wp\/v2\/product_brand?post=79841"},{"taxonomy":"product_cat","embeddable":true,"href":"https:\/\/www.soanam.de\/ru\/wp-json\/wp\/v2\/product_cat?post=79841"},{"taxonomy":"product_tag","embeddable":true,"href":"https:\/\/www.soanam.de\/ru\/wp-json\/wp\/v2\/product_tag?post=79841"}],"curies":[{"name":"wp","href":"https:\/\/api.w.org\/{rel}","templated":true}]}}