{"id":79808,"date":"2023-12-13T23:19:23","date_gmt":"2023-12-13T22:19:23","guid":{"rendered":"https:\/\/www.soanam.de\/?post_type=product&#038;p=79808"},"modified":"2023-12-13T23:54:36","modified_gmt":"2023-12-13T22:54:36","slug":"h-i-s-jazzpants-%d0%b2-%d1%83%d0%bf%d0%b0%d0%ba%d0%be%d0%b2%d0%ba%d0%b5-%d0%b8%d0%b7-2-%d1%88%d1%82%d1%83%d0%ba-%d1%87%d0%b5%d1%80%d0%bd%d0%be%d0%b3%d0%be-%d1%86%d0%b2%d0%b5%d1%82%d0%b0-%d1%80%d0%b0","status":"publish","type":"product","link":"https:\/\/www.soanam.de\/ru\/produkt\/h-i-s-jazzpants-im-2er-pack-in-schwarz-groesse-100\/","title":{"rendered":"\u0414\u0436\u0430\u0437\u043e\u0432\u044b\u0435 \u0431\u0440\u044e\u043a\u0438 H.I.S. \u0432 \u0443\u043f\u0430\u043a\u043e\u0432\u043a\u0435 \u0438\u0437 2 \u0448\u0442\u0443\u043a, \u0447\u0435\u0440\u043d\u043e\u0433\u043e \u0446\u0432\u0435\u0442\u0430, \u0440\u0430\u0437\u043c\u0435\u0440 100"},"content":{"rendered":"<p>\u0411\u0440\u044e\u043a\u0438 Bootcut \u043e\u0442 H.I.S.<br \/>\n\u0412 \u043f\u0440\u0430\u043a\u0442\u0438\u0447\u043d\u043e\u0439 \u0434\u0432\u043e\u0439\u043d\u043e\u0439 \u0443\u043f\u0430\u043a\u043e\u0432\u043a\u0435<br \/>\n\u041f\u0440\u0438\u043d\u0442 \u043b\u043e\u0433\u043e\u0442\u0438\u043f\u0430 \u043f\u043e\u0434 \u043f\u043e\u044f\u0441\u043e\u043c<br \/>\n\u042d\u043b\u0430\u0441\u0442\u0438\u0447\u043d\u044b\u0435 \u043c\u0430\u043d\u0436\u0435\u0442\u044b<\/p>\n<p>\u0411\u0440\u044e\u043a\u0438 \u0434\u043b\u044f \u0434\u0436\u0430\u0437\u0430 \u043e\u0442 H.I.S \u043e\u0442\u043b\u0438\u0447\u0430\u044e\u0442\u0441\u044f \u0432\u044b\u0441\u043e\u043a\u0438\u043c \u0443\u0440\u043e\u0432\u043d\u0435\u043c \u043a\u043e\u043c\u0444\u043e\u0440\u0442\u0430, \u043a\u043e\u0442\u043e\u0440\u044b\u0439 \u043e\u043f\u0440\u0435\u0434\u0435\u043b\u044f\u0435\u0442\u0441\u044f \u0442\u0438\u043f\u0438\u0447\u043d\u043e\u0439 \u0444\u043e\u0440\u043c\u043e\u0439 \u043d\u043e\u0433 \u0441 \u043c\u0438\u043d\u0438\u043c\u0430\u043b\u044c\u043d\u043e \u0440\u0430\u0441\u043a\u043b\u0435\u0448\u0435\u043d\u043d\u044b\u043c\u0438 \u043a\u043e\u043d\u0446\u0430\u043c\u0438.<br \/>\n\u041d\u0435\u0431\u043e\u043b\u044c\u0448\u043e\u0439 \u043f\u0440\u0438\u043d\u0442 \u0441 \u043b\u043e\u0433\u043e\u0442\u0438\u043f\u043e\u043c \u043f\u043e\u0434 \u043f\u043e\u044f\u0441\u043e\u043c \u0434\u043e\u0431\u0430\u0432\u043b\u044f\u0435\u0442 \u043d\u0435\u0431\u043e\u043b\u044c\u0448\u043e\u0439 \u0430\u043a\u0446\u0435\u043d\u0442 \u043a \u043e\u0434\u043d\u043e\u0442\u043e\u043d\u043d\u043e\u0439 \u0445\u043b\u043e\u043f\u043a\u043e\u0432\u043e\u0439 \u0442\u043a\u0430\u043d\u0438.<\/p>\n<p>\u041c\u0430\u0442\u0435\u0440\u0438\u0430\u043b: 95% \u0445\u043b\u043e\u043f\u043e\u043a, 5% \u044d\u043b\u0430\u0441\u0442\u0430\u043d<br \/>\n\u0420\u0435\u043a\u043e\u043c\u0435\u043d\u0434\u0430\u0446\u0438\u0438 \u043f\u043e \u0443\u0445\u043e\u0434\u0443: \u041c\u0430\u0448\u0438\u043d\u043d\u0430\u044f \u0441\u0442\u0438\u0440\u043a\u0430<\/p>\n<p>\u0426\u0432\u0435\u0442: \u0447\u0435\u0440\u043d\u044b\u0439<br \/>\n\u0423\u0437\u043e\u0440: \u0431\u0435\u0437<br \/>\n\u0420\u0430\u0437\u043c\u0435\u0440: 100<\/p>\n<p>\u0420\u0430\u0437\u043c\u0435\u0440 \u0442\u0430\u043b\u0438\u0438: 102 \u0441\u043c<br \/>\n\u041e\u0431\u0445\u0432\u0430\u0442 \u0431\u0435\u0434\u0435\u0440: 118 \u0441\u043c<br \/>\n\u0414\u043b\u0438\u043d\u0430 \u0441\u0442\u0443\u043f\u0435\u043d\u044c\u043a\u0438: 90 \u0441\u043c<br \/>\n\u041e\u0431\u0449\u0430\u044f \u0434\u043b\u0438\u043d\u0430: 119 \u0441\u043c<\/p>","protected":false},"excerpt":{"rendered":"<table class=\"dv_characteristicsTable\">\n<tbody>\n<tr>\n<td class=\"left\">\u0420\u0430\u0437\u043c\u0435\u0440<\/td>\n<td>100<\/td>\n<\/tr>\n<tr>\n<td class=\"left\">Gr\u00f6\u00dfentyp<\/td>\n<td>Kurzgr\u00f6\u00dfen, Langgr\u00f6\u00dfen<\/td>\n<\/tr>\n<tr>\n<td class=\"left\">\u0421\u043e\u0441\u0442\u0430\u0432 \u043c\u0430\u0442\u0435\u0440\u0438\u0430\u043b\u0430<\/td>\n<td>Obermaterial: 95% Baumwolle\u00a0, 5% Elasthan<\/td>\n<\/tr>\n<tr>\n<td class=\"left\">Materialart<\/td>\n<td>Single Jersey<\/td>\n<\/tr>\n<tr>\n<td class=\"left\">\u0420\u0435\u043a\u043e\u043c\u0435\u043d\u0434\u0430\u0446\u0438\u0438 \u043f\u043e \u0443\u0445\u043e\u0434\u0443<\/td>\n<td>\u041c\u0430\u0448\u0438\u043d\u043d\u0430\u044f \u0441\u0442\u0438\u0440\u043a\u0430<\/td>\n<\/tr>\n<tr>\n<td class=\"left\">Optik<\/td>\n<td>unifarben<\/td>\n<\/tr>\n<tr>\n<td class=\"left\">Stil<\/td>\n<td>sportlich<\/td>\n<\/tr>\n<tr>\n<td class=\"left\">\u0426\u0432\u0435\u0442<\/td>\n<td>schwarz<\/td>\n<\/tr>\n<tr>\n<td class=\"left\">Leibh\u00f6he<\/td>\n<td>komfortabel<\/td>\n<\/tr>\n<tr>\n<td class=\"left\">Bundabschluss<\/td>\n<td>elastischer Bund<\/td>\n<\/tr>\n<tr>\n<td class=\"left\">Beinform<\/td>\n<td>ausgestellt<\/td>\n<\/tr>\n<tr>\n<td class=\"left\">Fit<\/td>\n<td>schmal<\/td>\n<\/tr>\n<tr>\n<td class=\"left\">Schnittform L\u00e4nge<\/td>\n<td>lang<\/td>\n<\/tr>\n<tr>\n<td class=\"left\">Applikationen<\/td>\n<td>\u041f\u0435\u0447\u0430\u0442\u044c \u043b\u043e\u0433\u043e\u0442\u0438\u043f\u0430<\/td>\n<\/tr>\n<tr>\n<td class=\"left\">Besondere Merkmale<\/td>\n<td>Gro\u00dfe Gr\u00f6\u00dfen<\/td>\n<\/tr>\n<\/tbody>\n<\/table>","protected":false},"featured_media":79939,"comment_status":"open","ping_status":"closed","template":"","meta":{"_seopress_robots_primary_cat":"","_seopress_titles_title":"","_seopress_titles_desc":"","_seopress_robots_index":""},"product_brand":[],"product_cat":[1348,1402,1589],"product_tag":[],"class_list":{"0":"post-79808","1":"product","2":"type-product","3":"status-publish","4":"has-post-thumbnail","6":"product_cat-damen-mode","7":"product_cat-sportbekleidung-damen-mode","8":"product_cat-leggings-sportbekleidung-damen-mode","9":"product_shipping_class-standard-versand","11":"first","12":"instock","13":"taxable","14":"shipping-taxable","15":"purchasable","16":"product-type-simple"},"_links":{"self":[{"href":"https:\/\/www.soanam.de\/ru\/wp-json\/wp\/v2\/product\/79808","targetHints":{"allow":["GET"]}}],"collection":[{"href":"https:\/\/www.soanam.de\/ru\/wp-json\/wp\/v2\/product"}],"about":[{"href":"https:\/\/www.soanam.de\/ru\/wp-json\/wp\/v2\/types\/product"}],"replies":[{"embeddable":true,"href":"https:\/\/www.soanam.de\/ru\/wp-json\/wp\/v2\/comments?post=79808"}],"wp:featuredmedia":[{"embeddable":true,"href":"https:\/\/www.soanam.de\/ru\/wp-json\/wp\/v2\/media\/79939"}],"wp:attachment":[{"href":"https:\/\/www.soanam.de\/ru\/wp-json\/wp\/v2\/media?parent=79808"}],"wp:term":[{"taxonomy":"product_brand","embeddable":true,"href":"https:\/\/www.soanam.de\/ru\/wp-json\/wp\/v2\/product_brand?post=79808"},{"taxonomy":"product_cat","embeddable":true,"href":"https:\/\/www.soanam.de\/ru\/wp-json\/wp\/v2\/product_cat?post=79808"},{"taxonomy":"product_tag","embeddable":true,"href":"https:\/\/www.soanam.de\/ru\/wp-json\/wp\/v2\/product_tag?post=79808"}],"curies":[{"name":"wp","href":"https:\/\/api.w.org\/{rel}","templated":true}]}}