{"id":79751,"date":"2023-12-13T23:17:57","date_gmt":"2023-12-13T22:17:57","guid":{"rendered":"https:\/\/www.soanam.de\/?post_type=product&#038;p=79751"},"modified":"2023-12-13T23:21:17","modified_gmt":"2023-12-13T22:21:17","slug":"seesucht-manufaktur-landeier-herz-schneidebrett","status":"publish","type":"product","link":"https:\/\/www.soanam.de\/ru\/produkt\/seesucht-manufaktur-landeier-herz-schneidebrett\/","title":{"rendered":"\u0420\u0430\u0437\u0434\u0435\u043b\u043e\u0447\u043d\u0430\u044f \u0434\u043e\u0441\u043a\u0430 Seesucht Manufaktur landeier heart"},"content":{"rendered":"<h3>\u041e\u043f\u0438\u0441\u0430\u043d\u0438\u0435<\/h3>\n<p>Ein Brett f\u00fcr jeden Einsatz: F\u00fcr scharfe Schnitte und frische Gen\u00fcsse. Das gute St\u00fcck h\u00e4lt so einiges aus. Und wer mit Zubereiten und Kochen so gar nichts am Hut hat, der nimmt es halt zum Brotschneiden, als Topfuntersetzer oder stellt es einfach dekorativ in seine K\u00fcche und zeigt so seine Liebe zu handwerklich sch\u00f6nen St\u00fccken. Also einfach ein St\u00fcck Holz f\u00fcr alle F\u00e4lle.<\/p>\n<p>Es wird in unserer kleinen Manufaktur am Bodensee in Handarbeit gefertigt \u2013 aus massiven Holzdielen geschnitten, gehobelt, feingeschliffen und von Hand mit reinem Natur\u00f6l veredelt. Jedes Brett ist ein Unikat und man sieht und f\u00fchlt die Perfektion in der Ausf\u00fchrung. Man h\u00e4lt also ein Produkt in der Hand, das nicht nur nat\u00fcrlich aussieht, sondern es auch wirklich ist.<\/p>","protected":false},"excerpt":{"rendered":"<h3>Artikelmerkmale<\/h3>\n<p>\u0421\u043e\u0441\u0442\u043e\u044f\u043d\u0438\u0435 \u0442\u043e\u0432\u0430\u0440\u0430: \u041d\u043e\u0432\u044b\u0439 \u0441 \u044d\u0442\u0438\u043a\u0435\u0442\u043a\u043e\u0439: \u041d\u043e\u0432\u044b\u0439, \u043d\u0435\u0438\u0441\u043f\u043e\u043b\u044c\u0437\u043e\u0432\u0430\u043d\u043d\u044b\u0439 \u0438 \u043d\u0435\u043d\u043e\u0448\u0435\u043d\u044b\u0439 \u0442\u043e\u0432\u0430\u0440 \u0432 \u043e\u0440\u0438\u0433\u0438\u043d\u0430\u043b\u044c\u043d\u043e\u0439 \u0443\u043f\u0430\u043a\u043e\u0432\u043a\u0435<\/p>\n<p>Ma\u00dfe: 27 x 16 x 1,1 cm<\/p>\n<p>Da es sich um ein Naturprodukt handelt, ist jedes Produkt in Form und Muster einzigartig! Die Ma\u00dfe, Musterung und Form k\u00f6nnen variieren.<\/p>\n<p><strong>Bitte von Hand sp\u00fclen!<\/strong><\/p>\n<p>Holzart: Eiche oder Nuss<\/p>\n<p>Stabiles, festes und hochwertiges Massivholz.<\/p>\n<p>Behandlung der Oberfl\u00e4che mit nat\u00fcrlichenm und speichelechtem \u00d6l.<\/p>","protected":false},"featured_media":79890,"comment_status":"open","ping_status":"closed","template":"","meta":{"_seopress_robots_primary_cat":"","_seopress_titles_title":"","_seopress_titles_desc":"","_seopress_robots_index":""},"product_brand":[],"product_cat":[1400,1401],"product_tag":[],"class_list":{"0":"post-79751","1":"product","2":"type-product","3":"status-publish","4":"has-post-thumbnail","6":"product_cat-wohnzubehoer","7":"product_cat-haushaltswaren","8":"product_shipping_class-standard-versand","10":"first","11":"instock","12":"sale","13":"taxable","14":"shipping-taxable","15":"purchasable","16":"product-type-simple"},"_links":{"self":[{"href":"https:\/\/www.soanam.de\/ru\/wp-json\/wp\/v2\/product\/79751","targetHints":{"allow":["GET"]}}],"collection":[{"href":"https:\/\/www.soanam.de\/ru\/wp-json\/wp\/v2\/product"}],"about":[{"href":"https:\/\/www.soanam.de\/ru\/wp-json\/wp\/v2\/types\/product"}],"replies":[{"embeddable":true,"href":"https:\/\/www.soanam.de\/ru\/wp-json\/wp\/v2\/comments?post=79751"}],"wp:featuredmedia":[{"embeddable":true,"href":"https:\/\/www.soanam.de\/ru\/wp-json\/wp\/v2\/media\/79890"}],"wp:attachment":[{"href":"https:\/\/www.soanam.de\/ru\/wp-json\/wp\/v2\/media?parent=79751"}],"wp:term":[{"taxonomy":"product_brand","embeddable":true,"href":"https:\/\/www.soanam.de\/ru\/wp-json\/wp\/v2\/product_brand?post=79751"},{"taxonomy":"product_cat","embeddable":true,"href":"https:\/\/www.soanam.de\/ru\/wp-json\/wp\/v2\/product_cat?post=79751"},{"taxonomy":"product_tag","embeddable":true,"href":"https:\/\/www.soanam.de\/ru\/wp-json\/wp\/v2\/product_tag?post=79751"}],"curies":[{"name":"wp","href":"https:\/\/api.w.org\/{rel}","templated":true}]}}