{"id":79691,"date":"2023-12-13T23:16:45","date_gmt":"2023-12-13T22:16:45","guid":{"rendered":"https:\/\/www.soanam.de\/?post_type=product&#038;p=79691"},"modified":"2023-12-13T23:19:57","modified_gmt":"2023-12-13T22:19:57","slug":"ocean-sportswear-jogginganzug-essentials-joggingsuit-in-schwarz-groesse-38","status":"publish","type":"product","link":"https:\/\/www.soanam.de\/ru\/produkt\/ocean-sportswear-jogginganzug-essentials-joggingsuit-in-schwarz-groesse-38\/","title":{"rendered":"Ocean Sportswear Jogginganzug Essentials Joggingsuit, in Schwarz, Gr\u00f6\u00dfe 38"},"content":{"rendered":"<p>Longsweatshirt und Leggings im Set von Ocean Sportswear<br \/>\nSweatshirt aus weicher Sweat-Qualit\u00e4t, innen warm angeraut<br \/>\nKapuzensweatshirt mit K\u00e4ngurutasche und Extra-L\u00e4nge<br \/>\nGef\u00fctterte Kapuze mit breitem Kordelzug<br \/>\nBequeme Leggings mit Logodruck in Single Jersey Qualit\u00e4t<\/p>\n<p>Bestehend aus einem extralang geschnittenen Kapuzensweatshirt und einer Leggings in Single-Jersey-Qualit\u00e4t, ist das bequeme Duo ein echter Hingucker.<br \/>\nDer l\u00e4ssige Hoodie aus weich angerauter Sweatware verf\u00fcgt \u00fcber eine gef\u00fctterte Kapuze, einen coolen Logoprint vorn und eine K\u00e4ngurutasche.<br \/>\nDie Leggings wird optisch von einem schimmernden Labelschriftzug seitlich am Bein akzentuiert.<\/p>\n<p>Material: Obermaterial: 60% Baumwolle, 40% Polyester. Unterteil: 95% Baumwolle, 5% Elasthan<br \/>\n\u0420\u0435\u043a\u043e\u043c\u0435\u043d\u0434\u0430\u0446\u0438\u0438 \u043f\u043e \u0443\u0445\u043e\u0434\u0443: \u041c\u0430\u0448\u0438\u043d\u043d\u0430\u044f \u0441\u0442\u0438\u0440\u043a\u0430<\/p>\n<p>\u0426\u0432\u0435\u0442: \u0447\u0435\u0440\u043d\u044b\u0439<br \/>\n\u0423\u0437\u043e\u0440: \u0431\u0435\u0437<br \/>\n\u0420\u0430\u0437\u043c\u0435\u0440: 38<\/p>\n<p>\u0420\u0430\u0437\u043c\u0435\u0440\u044b \u0432\u0435\u0440\u0445\u043d\u0435\u0439 \u0447\u0430\u0441\u0442\u0438<br \/>\n\u0428\u0438\u0440\u0438\u043d\u0430 \u043f\u043b\u0435\u0447: 53 \u0441\u043c<br \/>\n\u0428\u0438\u0440\u0438\u043d\u0430 \u0433\u0440\u0443\u0434\u0438: 106 \u0441\u043c<br \/>\n\u0414\u043b\u0438\u043d\u0430 \u0440\u0443\u043a\u0430\u0432\u0430: 69 \u0441\u043c<br \/>\n\u041e\u0431\u0449\u0430\u044f \u0434\u043b\u0438\u043d\u0430: 84 \u0441\u043c<\/p>\n<p>\u0420\u0430\u0437\u043c\u0435\u0440\u044b \u0431\u0440\u044e\u043a<br \/>\n\u0420\u0430\u0437\u043c\u0435\u0440 \u0442\u0430\u043b\u0438\u0438: 66 \u0441\u043c<br \/>\nH\u00fcftumfang: 85cm<br \/>\n\u0414\u043b\u0438\u043d\u0430 \u0441\u0442\u0443\u043f\u0435\u043d\u044c\u043a\u0438: 69 \u0441\u043c<br \/>\n\u041e\u0431\u0449\u0430\u044f \u0434\u043b\u0438\u043d\u0430: 98 \u0441\u043c<\/p>","protected":false},"excerpt":{"rendered":"<table class=\"dv_characteristicsTable\">\n<tbody>\n<tr>\n<td class=\"left\">\u0420\u0430\u0437\u043c\u0435\u0440<\/td>\n<td>38<\/td>\n<\/tr>\n<tr>\n<td class=\"left\">Gr\u00f6\u00dfentyp<\/td>\n<td>Normalgr\u00f6\u00dfen<\/td>\n<\/tr>\n<\/tbody>\n<\/table>\n<table class=\"dv_characteristicsTable\">\n<caption>\u041c\u0410\u0422\u0415\u0420\u0418\u0410\u041b<\/caption>\n<tbody>\n<tr>\n<td class=\"left\">\u0421\u043e\u0441\u0442\u0430\u0432 \u043c\u0430\u0442\u0435\u0440\u0438\u0430\u043b\u0430<\/td>\n<td>Obermaterial: 60% Baumwolle, 40% Polyester. Unterteil: 95% Baumwolle, 5% Elasthan<\/td>\n<\/tr>\n<tr>\n<td class=\"left\">Materialart<\/td>\n<td>angeraute Sweatware<br \/>\nSingle Jersey<\/td>\n<\/tr>\n<tr>\n<td class=\"left\">\u0420\u0435\u043a\u043e\u043c\u0435\u043d\u0434\u0430\u0446\u0438\u0438 \u043f\u043e \u0443\u0445\u043e\u0434\u0443<\/td>\n<td>\u041c\u0430\u0448\u0438\u043d\u043d\u0430\u044f \u0441\u0442\u0438\u0440\u043a\u0430<\/td>\n<\/tr>\n<\/tbody>\n<\/table>\n<table class=\"dv_characteristicsTable\">\n<caption>OPTIK\/STIL<\/caption>\n<tbody>\n<tr>\n<td class=\"left\">Stil<\/td>\n<td>sportlich<\/td>\n<\/tr>\n<\/tbody>\n<\/table>\n<table class=\"dv_characteristicsTable\">\n<caption>\u0426\u0412\u0415\u0422<\/caption>\n<tbody>\n<tr>\n<td class=\"left\">\u0426\u0432\u0435\u0442<\/td>\n<td>schwarz<\/td>\n<\/tr>\n<tr>\n<td class=\"left\">Herstellerfarbbezeichnung<\/td>\n<td>schwarz\/schwarz<\/td>\n<\/tr>\n<\/tbody>\n<\/table>\n<table class=\"dv_characteristicsTable\">\n<caption>PASSFORM\/SCHNITT OBERTEIL<\/caption>\n<tbody>\n<tr>\n<td class=\"left\">\u00c4rmel Oberteil<\/td>\n<td>\u0414\u043b\u0438\u043d\u043d\u044b\u0439 \u0440\u0443\u043a\u0430\u0432<\/td>\n<\/tr>\n<tr>\n<td class=\"left\">\u00c4rmeldetails Oberteil<\/td>\n<td>\u0420\u0443\u043a\u0430\u0432\u0430 \u0440\u0435\u0433\u043b\u0430\u043d<\/td>\n<\/tr>\n<tr>\n<td class=\"left\">\u00c4rmelabschluss Oberteil<\/td>\n<td>\u0420\u0435\u0431\u0440\u0438\u0441\u0442\u044b\u0435 \u043c\u0430\u043d\u0436\u0435\u0442\u044b<\/td>\n<\/tr>\n<tr>\n<td class=\"left\">Rumpfabschluss Oberteil<\/td>\n<td>\u0420\u0435\u0431\u0440\u0438\u0441\u0442\u044b\u0435 \u043c\u0430\u043d\u0436\u0435\u0442\u044b<\/td>\n<\/tr>\n<\/tbody>\n<\/table>\n<table class=\"dv_characteristicsTable\">\n<caption>PASSFORM\/SCHNITT UNTERTEIL<\/caption>\n<tbody>\n<tr>\n<td class=\"left\">Bundabschluss Unterteil<\/td>\n<td>elastischer Bund<\/td>\n<\/tr>\n<tr>\n<td class=\"left\">Bundabschlussdetails Unterteil<\/td>\n<td>mit Gummizug<\/td>\n<\/tr>\n<tr>\n<td class=\"left\">Beinabschluss Unterteil<\/td>\n<td>normaler Saum<\/td>\n<\/tr>\n<\/tbody>\n<\/table>\n<table class=\"dv_characteristicsTable\">\n<caption>DETAILS OBERTEIL<\/caption>\n<tbody>\n<tr>\n<td class=\"left\">Applikationen Oberteil<\/td>\n<td>\u041f\u0435\u0447\u0430\u0442\u044c \u043b\u043e\u0433\u043e\u0442\u0438\u043f\u0430<\/td>\n<\/tr>\n<tr>\n<td class=\"left\">Taschen Oberteil<\/td>\n<td>\u041a\u0430\u0440\u043c\u0430\u043d \u043a\u0435\u043d\u0433\u0443\u0440\u0443<\/td>\n<\/tr>\n<tr>\n<td class=\"left\">\u041a\u0430\u043f\u044e\u0448\u043e\u043d<\/td>\n<td>mit Kapuze<\/td>\n<\/tr>\n<tr>\n<td class=\"left\">Kapuzenf\u00fctterung<\/td>\n<td>Sweatware<\/td>\n<\/tr>\n<tr>\n<td class=\"left\">Kapuzendetails<\/td>\n<td>mit Kordelzug<\/td>\n<\/tr>\n<\/tbody>\n<\/table>\n<table class=\"dv_characteristicsTable\">\n<caption>DETAILS UNTERTEIL<\/caption>\n<tbody>\n<tr>\n<td class=\"left\">Applikationen Unterteil<\/td>\n<td>\u041f\u0435\u0447\u0430\u0442\u044c \u043b\u043e\u0433\u043e\u0442\u0438\u043f\u0430<\/td>\n<\/tr>\n<\/tbody>\n<\/table>","protected":false},"featured_media":79825,"comment_status":"open","ping_status":"closed","template":"","meta":{"_seopress_robots_primary_cat":"","_seopress_titles_title":"","_seopress_titles_desc":"","_seopress_robots_index":""},"product_brand":[],"product_cat":[1348,1402,1587],"product_tag":[],"class_list":{"0":"post-79691","1":"product","2":"type-product","3":"status-publish","4":"has-post-thumbnail","6":"product_cat-damen-mode","7":"product_cat-sportbekleidung-damen-mode","8":"product_cat-jogginganzuege","9":"product_shipping_class-standard-versand","11":"first","12":"instock","13":"sale","14":"taxable","15":"shipping-taxable","16":"purchasable","17":"product-type-simple"},"_links":{"self":[{"href":"https:\/\/www.soanam.de\/ru\/wp-json\/wp\/v2\/product\/79691","targetHints":{"allow":["GET"]}}],"collection":[{"href":"https:\/\/www.soanam.de\/ru\/wp-json\/wp\/v2\/product"}],"about":[{"href":"https:\/\/www.soanam.de\/ru\/wp-json\/wp\/v2\/types\/product"}],"replies":[{"embeddable":true,"href":"https:\/\/www.soanam.de\/ru\/wp-json\/wp\/v2\/comments?post=79691"}],"wp:featuredmedia":[{"embeddable":true,"href":"https:\/\/www.soanam.de\/ru\/wp-json\/wp\/v2\/media\/79825"}],"wp:attachment":[{"href":"https:\/\/www.soanam.de\/ru\/wp-json\/wp\/v2\/media?parent=79691"}],"wp:term":[{"taxonomy":"product_brand","embeddable":true,"href":"https:\/\/www.soanam.de\/ru\/wp-json\/wp\/v2\/product_brand?post=79691"},{"taxonomy":"product_cat","embeddable":true,"href":"https:\/\/www.soanam.de\/ru\/wp-json\/wp\/v2\/product_cat?post=79691"},{"taxonomy":"product_tag","embeddable":true,"href":"https:\/\/www.soanam.de\/ru\/wp-json\/wp\/v2\/product_tag?post=79691"}],"curies":[{"name":"wp","href":"https:\/\/api.w.org\/{rel}","templated":true}]}}