{"id":79672,"date":"2023-12-13T23:16:22","date_gmt":"2023-12-13T22:16:22","guid":{"rendered":"https:\/\/www.soanam.de\/?post_type=product&#038;p=79672"},"modified":"2023-12-13T23:19:19","modified_gmt":"2023-12-13T22:19:19","slug":"%d0%b1%d1%80%d1%8e%d0%ba%d0%b8-%d0%b4%d0%bb%d1%8f-%d1%82%d1%80%d0%b5%d0%ba%d0%ba%d0%b8%d0%bd%d0%b3%d0%b0-polarino-%d1%81-%d0%bc%d0%be%d0%bb%d0%bd%d0%b8%d0%b5%d0%b9-%d0%bd%d0%b0-%d0%bd%d0%be%d0%b3","status":"publish","type":"product","link":"https:\/\/www.soanam.de\/ru\/produkt\/polarino-trekkinghose-mit-abzippbaren-beinen-in-schwarz-groesse-40\/","title":{"rendered":"\u0422\u0440\u0435\u043a\u0438\u043d\u0433\u043e\u0432\u044b\u0435 \u0431\u0440\u044e\u043a\u0438 Polarino \u0441 \u043c\u043e\u043b\u043d\u0438\u0435\u0439 \u043d\u0430 \u043d\u043e\u0433\u0430\u0445, \u0447\u0435\u0440\u043d\u044b\u0435, \u0440\u0430\u0437\u043c\u0435\u0440 40"},"content":{"rendered":"<p>\u0424\u0443\u043d\u043a\u0446\u0438\u043e\u043d\u0430\u043b\u044c\u043d\u044b\u0435 \u0442\u0440\u0435\u043a\u043a\u0438\u043d\u0433\u043e\u0432\u044b\u0435 \u0431\u0440\u044e\u043a\u0438 \u043e\u0442 Polarino<br \/>\n\u041c\u043e\u0436\u043d\u043e \u043d\u043e\u0441\u0438\u0442\u044c \u043a\u0430\u043a \u0448\u043e\u0440\u0442\u044b-\u0431\u0435\u0440\u043c\u0443\u0434\u044b \u0438\u043b\u0438 \u0434\u043b\u0438\u043d\u043d\u044b\u0435 \u0431\u0440\u044e\u043a\u0438.<br \/>\n\u0421 \u043d\u043e\u0436\u043a\u0430\u043c\u0438 \u043d\u0430 \u043c\u043e\u043b\u043d\u0438\u0438<br \/>\n\u0420\u0435\u0433\u0443\u043b\u0438\u0440\u0443\u0435\u043c\u044b\u0439 \u043f\u043e\u0434\u043e\u043b<br \/>\n2 \u043a\u0430\u0440\u043c\u0430\u043d\u0430 \u043d\u0430 \u043c\u043e\u043b\u043d\u0438\u0438 \u0441\u043f\u0435\u0440\u0435\u0434\u0438 \u0438 \u0441\u0437\u0430\u0434\u0438<br \/>\n\u0414\u044b\u0448\u0430\u0449\u0438\u0439, \u0432\u043e\u0434\u043e- \u0438 \u0432\u0435\u0442\u0440\u043e\u043e\u0442\u0442\u0430\u043b\u043a\u0438\u0432\u0430\u044e\u0449\u0438\u0439 \u043c\u0430\u0442\u0435\u0440\u0438\u0430\u043b<\/p>\n<p>\u041a\u0430\u0447\u0435\u0441\u0442\u0432\u043e \u0438 \u0444\u0443\u043d\u043a\u0446\u0438\u043e\u043d\u0430\u043b\u044c\u043d\u043e\u0441\u0442\u044c - \u0443\u0431\u0435\u0434\u0438\u0442\u0435\u043b\u044c\u043d\u044b\u0435 \u0430\u0440\u0433\u0443\u043c\u0435\u043d\u0442\u044b \u0432 \u043f\u043e\u043b\u044c\u0437\u0443 Polarino Stretch Trekking Pants, \u0432\u0435\u0434\u044c 2 \u0432\u0430\u0440\u0438\u0430\u043d\u0442\u0430 \u043d\u043e\u0448\u0435\u043d\u0438\u044f \u0434\u0435\u043b\u0430\u044e\u0442 \u044d\u0442\u0438 \u0436\u0435\u043d\u0441\u043a\u0438\u0435 \u0431\u0440\u044e\u043a\u0438 \u0438\u0434\u0435\u0430\u043b\u044c\u043d\u044b\u043c \u0443\u043d\u0438\u0432\u0435\u0440\u0441\u0430\u043b\u044c\u043d\u044b\u043c \u0432\u0430\u0440\u0438\u0430\u043d\u0442\u043e\u043c \u0434\u043b\u044f \u0430\u043a\u0442\u0438\u0432\u043d\u043e\u0433\u043e \u043e\u0442\u0434\u044b\u0445\u0430.<br \/>\n\u0412\u044b\u0431\u0435\u0440\u0435\u0442\u0435 \u043b\u0438 \u0432\u044b \u0448\u043e\u0440\u0442\u044b-\u0431\u0435\u0440\u043c\u0443\u0434\u044b \u0438\u043b\u0438 \u043b\u043e\u043d\u0433\u0441\u043b\u0438\u0432\u044b, \u0437\u0430\u0432\u0438\u0441\u0438\u0442 \u043e\u0442 \u043f\u043e\u0433\u043e\u0434\u044b, \u043d\u043e \u0434\u044b\u0448\u0430\u0449\u0438\u0439 \u0438 \u0432\u043e\u0434\u043e\u043d\u0435\u043f\u0440\u043e\u043d\u0438\u0446\u0430\u0435\u043c\u044b\u0439\/\u0432\u0435\u0442\u0440\u043e\u0437\u0430\u0449\u0438\u0442\u043d\u044b\u0439 \u043c\u0430\u0442\u0435\u0440\u0438\u0430\u043b \u0434\u0435\u043b\u0430\u0435\u0442 \u044d\u0442\u0438 \u0431\u0440\u044e\u043a\u0438 \u0434\u043b\u044f \u0430\u043a\u0442\u0438\u0432\u043d\u043e\u0433\u043e \u043e\u0442\u0434\u044b\u0445\u0430 \u043d\u0430\u0434\u0435\u0436\u043d\u044b\u043c \u043f\u0430\u0440\u0442\u043d\u0435\u0440\u043e\u043c \u0432 \u043b\u044e\u0431\u0443\u044e \u043f\u043e\u0433\u043e\u0434\u0443.<br \/>\n\u041f\u043e\u0434\u043e\u043b \u0444\u0443\u043d\u043a\u0446\u0438\u043e\u043d\u0430\u043b\u044c\u043d\u044b\u0445 \u0431\u0440\u044e\u043a \u0440\u0435\u0433\u0443\u043b\u0438\u0440\u0443\u0435\u0442\u0441\u044f, \u0430 \u043f\u0435\u0442\u043b\u0438 \u0434\u043b\u044f \u0440\u0435\u043c\u043d\u044f \u0438 \u043a\u0430\u0440\u043c\u0430\u043d\u044b \u043d\u0430 \u043c\u043e\u043b\u043d\u0438\u0438 - \u043f\u0440\u043e\u0434\u0443\u043c\u0430\u043d\u043d\u044b\u0435 \u0434\u0435\u0442\u0430\u043b\u0438.<br \/>\n\u0411\u043b\u0430\u0433\u043e\u0434\u0430\u0440\u044f \u0432\u044b\u0441\u043e\u043a\u043e\u0439 \u044d\u043b\u0430\u0441\u0442\u0438\u0447\u043d\u043e\u0441\u0442\u0438 \u044d\u0442\u0438 \u0431\u0440\u044e\u043a\u0438 \u0438\u0434\u0435\u0430\u043b\u044c\u043d\u043e \u0430\u0434\u0430\u043f\u0442\u0438\u0440\u0443\u044e\u0442\u0441\u044f \u043a \u043b\u044e\u0431\u043e\u043c\u0443 \u0434\u0432\u0438\u0436\u0435\u043d\u0438\u044e, \u043e\u0431\u0435\u0441\u043f\u0435\u0447\u0438\u0432\u0430\u044f \u043a\u043e\u043c\u0444\u043e\u0440\u0442 \u0438 \u043f\u0440\u0438\u044f\u0442\u043d\u044b\u0435 \u043e\u0449\u0443\u0449\u0435\u043d\u0438\u044f.<\/p>\n<p>\u041c\u0430\u0442\u0435\u0440\u0438\u0430\u043b: 92% \u043f\u043e\u043b\u0438\u0430\u043c\u0438\u0434, 8% \u044d\u043b\u0430\u0441\u0442\u0430\u043d<br \/>\n\u0420\u0435\u043a\u043e\u043c\u0435\u043d\u0434\u0430\u0446\u0438\u0438 \u043f\u043e \u0443\u0445\u043e\u0434\u0443: \u041c\u0430\u0448\u0438\u043d\u043d\u0430\u044f \u0441\u0442\u0438\u0440\u043a\u0430<\/p>\n<p>\u0426\u0432\u0435\u0442: \u0447\u0435\u0440\u043d\u044b\u0439<br \/>\n\u0423\u0437\u043e\u0440: \u0431\u0435\u0437<br \/>\n\u0420\u0430\u0437\u043c\u0435\u0440: 40<\/p>\n<p>\u0420\u0430\u0437\u043c\u0435\u0440 \u0442\u0430\u043b\u0438\u0438: 82 \u0441\u043c<br \/>\n\u041e\u0431\u0445\u0432\u0430\u0442 \u0431\u0435\u0434\u0435\u0440: 104 \u0441\u043c<br \/>\n\u0414\u043b\u0438\u043d\u0430 \u0448\u0430\u0433\u0430: 81 \u0441\u043c<br \/>\n\u041e\u0431\u0449\u0430\u044f \u0434\u043b\u0438\u043d\u0430: 104 \u0441\u043c<\/p>","protected":false},"excerpt":{"rendered":"<table class=\"dv_characteristicsTable\" style=\"height: 624px;\" width=\"777\">\n<tbody>\n<tr>\n<td class=\"left\">\u0420\u0430\u0437\u043c\u0435\u0440<\/td>\n<td>40<\/td>\n<\/tr>\n<tr>\n<td class=\"left\">Gr\u00f6\u00dfentyp<\/td>\n<td>Normalgr\u00f6\u00dfen<\/td>\n<\/tr>\n<tr>\n<td class=\"left\">\u0421\u043e\u0441\u0442\u0430\u0432 \u043c\u0430\u0442\u0435\u0440\u0438\u0430\u043b\u0430<\/td>\n<td>Obermaterial: 92% Polyamid, 8% Elasthan<\/td>\n<\/tr>\n<tr>\n<td class=\"left\">Materialeigenschaften<\/td>\n<td>elastisch, wasserabweisend, schmutzabweisend, schnell trocknend, atmungsaktiv<\/td>\n<\/tr>\n<tr>\n<td class=\"left\">Herstellertechnologien<\/td>\n<td>PFC-FREIE PRODUKTE<\/td>\n<\/tr>\n<tr>\n<td class=\"left\">\u0420\u0435\u043a\u043e\u043c\u0435\u043d\u0434\u0430\u0446\u0438\u0438 \u043f\u043e \u0443\u0445\u043e\u0434\u0443<\/td>\n<td>\u041c\u0430\u0448\u0438\u043d\u043d\u0430\u044f \u0441\u0442\u0438\u0440\u043a\u0430<\/td>\n<\/tr>\n<tr>\n<td class=\"left\">Optik<\/td>\n<td>unifarben<\/td>\n<\/tr>\n<tr>\n<td class=\"left\">Stil<\/td>\n<td>sportlich<\/td>\n<\/tr>\n<tr>\n<td class=\"left\">\u0426\u0432\u0435\u0442<\/td>\n<td>schwarz<\/td>\n<\/tr>\n<tr>\n<td class=\"left\">Bundabschlussdetails<\/td>\n<td>mit Gummizug<\/td>\n<\/tr>\n<tr>\n<td class=\"left\">Beinabschlussdetails<\/td>\n<td>mit verstellbarem Gummizug<\/td>\n<\/tr>\n<tr>\n<td class=\"left\">Fit<\/td>\n<td>bequem<\/td>\n<\/tr>\n<tr>\n<td class=\"left\">Schnittform L\u00e4nge<\/td>\n<td>lang<\/td>\n<\/tr>\n<tr>\n<td class=\"left\">\u041f\u0435\u0442\u043b\u0438 \u0434\u043b\u044f \u0440\u0435\u043c\u043d\u044f<\/td>\n<td>ja<\/td>\n<\/tr>\n<tr>\n<td class=\"left\">L\u00e4nge der G\u00fcrtelschlaufe<\/td>\n<td>5 cm<\/td>\n<\/tr>\n<tr>\n<td class=\"left\">Applikationen<\/td>\n<td>Logoschriftzug<\/td>\n<\/tr>\n<tr>\n<td class=\"left\">\u0421\u0443\u043c\u043a\u0438<\/td>\n<td>Rei\u00dfverschlusstaschen, Ges\u00e4\u00dftaschen<\/td>\n<\/tr>\n<tr>\n<td class=\"left\">Verschluss<\/td>\n<td>\u0417\u0430\u0441\u0442\u0435\u0436\u043a\u0430 \u043d\u0430 \u043c\u043e\u043b\u043d\u0438\u0438<\/td>\n<\/tr>\n<tr>\n<td class=\"left\">Besondere Merkmale<\/td>\n<td>mit abzippbaren Beinen<\/td>\n<\/tr>\n<tr>\n<td class=\"left\">Sportart<\/td>\n<td>Wandern, Trekking<\/td>\n<\/tr>\n<tr>\n<td class=\"left\"><\/td>\n<td><\/td>\n<\/tr>\n<\/tbody>\n<\/table>","protected":false},"featured_media":79800,"comment_status":"open","ping_status":"closed","template":"","meta":{"_seopress_robots_primary_cat":"","_seopress_titles_title":"","_seopress_titles_desc":"","_seopress_robots_index":""},"product_brand":[],"product_cat":[1348,1397,1455],"product_tag":[],"class_list":{"0":"post-79672","1":"product","2":"type-product","3":"status-publish","4":"has-post-thumbnail","6":"product_cat-damen-mode","7":"product_cat-andere-hosen","8":"product_cat-regen-skihosen","9":"product_shipping_class-standard-versand","11":"first","12":"instock","13":"taxable","14":"shipping-taxable","15":"purchasable","16":"product-type-simple"},"_links":{"self":[{"href":"https:\/\/www.soanam.de\/ru\/wp-json\/wp\/v2\/product\/79672","targetHints":{"allow":["GET"]}}],"collection":[{"href":"https:\/\/www.soanam.de\/ru\/wp-json\/wp\/v2\/product"}],"about":[{"href":"https:\/\/www.soanam.de\/ru\/wp-json\/wp\/v2\/types\/product"}],"replies":[{"embeddable":true,"href":"https:\/\/www.soanam.de\/ru\/wp-json\/wp\/v2\/comments?post=79672"}],"wp:featuredmedia":[{"embeddable":true,"href":"https:\/\/www.soanam.de\/ru\/wp-json\/wp\/v2\/media\/79800"}],"wp:attachment":[{"href":"https:\/\/www.soanam.de\/ru\/wp-json\/wp\/v2\/media?parent=79672"}],"wp:term":[{"taxonomy":"product_brand","embeddable":true,"href":"https:\/\/www.soanam.de\/ru\/wp-json\/wp\/v2\/product_brand?post=79672"},{"taxonomy":"product_cat","embeddable":true,"href":"https:\/\/www.soanam.de\/ru\/wp-json\/wp\/v2\/product_cat?post=79672"},{"taxonomy":"product_tag","embeddable":true,"href":"https:\/\/www.soanam.de\/ru\/wp-json\/wp\/v2\/product_tag?post=79672"}],"curies":[{"name":"wp","href":"https:\/\/api.w.org\/{rel}","templated":true}]}}