{"id":79652,"date":"2023-12-13T23:15:55","date_gmt":"2023-12-13T22:15:55","guid":{"rendered":"https:\/\/www.soanam.de\/?post_type=product&#038;p=79652"},"modified":"2023-12-13T23:18:28","modified_gmt":"2023-12-13T22:18:28","slug":"nike-run-ecofill-running-top-fuer-herren-laufjacke-in-gelb-gr-m","status":"publish","type":"product","link":"https:\/\/www.soanam.de\/ru\/produkt\/nike-run-ecofill-running-top-fuer-herren-laufjacke-in-gelb-gr-m\/","title":{"rendered":"Nike Run Ecofill Running Top f\u00fcr Herren, Laufjacke, in Gelb, Gr. M"},"content":{"rendered":"<h3>\u041e\u043f\u0438\u0441\u0430\u043d\u0438\u0435<\/h3>\n<p>WASSERABWEISEND UND WARM. Die Nike Run Division Jacke bietet ein erstklassiges, wasserabweisendes Design f\u00fcr deinen Lauf bei nassem Wetter. Dank ihrer leichten Ausf\u00fchrung ist sie gut verstaubar, wenn du sie nicht brauchst. Ein W\u00e4rmesystem In dieser Saison begibt sich die Run Division in die Stadt, mit knackigen, praktischen Designs f\u00fcr jede Tageszeit. Dank reflektierendem Design am Rei\u00dfverschluss und an der linken Brustmitte genau das Richtige f\u00fcr L\u00e4ufe bei kaltem Wetter. Trage das Oberteil zusammen mit anderen Run Division-Styles, um das aufeinander abgestimmte W\u00e4rmesystem voll auszunutzen. Bleib warm Das leichte Nylon-Material ist wasserabweisend und h\u00e4lt dich trocken. Das weiche Strickfutter f\u00fchlt sich glatt auf der Haut an, w\u00e4hrend eine recycelte F\u00fcllung daf\u00fcr sorgt, dass dir auch bei K\u00e4lte angenehm warm ist. Stauraum f\u00fcr deine Ausr\u00fcstung Eine Tasche hinten bietet Platz f\u00fcr deine Essentials. Das Oberteil kann in der Tasche verstaut werden.<\/p>\n<p><strong>ZUSATZINFORMATION<\/strong><\/p>\n<p>Aktivit\u00e4t: Laufen, Fitness<br \/>\nFarbe: Gelb<br \/>\n\u041f\u043e\u043b: \u041c\u0443\u0436\u0441\u043a\u043e\u0439<br \/>\nModell: Run<br \/>\nObermaterial: Wasserabweisend<br \/>\nMarke: Nike<br \/>\n26-Grad-Run-Division-Steppung auf der Vorderseite<br \/>\nNicht zur Verwendung als pers\u00f6nliche Schutzausr\u00fcstung geeignet<br \/>\nBody: 100 % Nylon; Einsatz: 99 % Nylon\/1 % Elastan; Futter\/F\u00fcllung: 100 % Polyester<br \/>\n\u041c\u0430\u0448\u0438\u043d\u043d\u0430\u044f \u0441\u0442\u0438\u0440\u043a\u0430<\/p>","protected":false},"excerpt":{"rendered":"<h3>Artikelmerkmale<\/h3>\n<p>\u0421\u043e\u0441\u0442\u043e\u044f\u043d\u0438\u0435 \u0442\u043e\u0432\u0430\u0440\u0430: \u041d\u043e\u0432\u044b\u0439 \u0441 \u044d\u0442\u0438\u043a\u0435\u0442\u043a\u043e\u0439: \u041d\u043e\u0432\u044b\u0439, \u043d\u0435\u0438\u0441\u043f\u043e\u043b\u044c\u0437\u043e\u0432\u0430\u043d\u043d\u044b\u0439 \u0438 \u043d\u0435\u043d\u043e\u0448\u0435\u043d\u044b\u0439 \u0442\u043e\u0432\u0430\u0440 \u0432 \u043e\u0440\u0438\u0433\u0438\u043d\u0430\u043b\u044c\u043d\u043e\u0439 \u0443\u043f\u0430\u043a\u043e\u0432\u043a\u0435<\/p>\n<table border=\"0\" frame=\"VOID\" rules=\"NONE\" cellspacing=\"0\">\n<colgroup>\n<col width=\"141\" \/>\n<col width=\"182\" \/><\/colgroup>\n<tbody>\n<tr>\n<td align=\"LEFT\" width=\"141\" height=\"17\">Abteilung:<\/td>\n<td align=\"LEFT\" width=\"182\">Herren<\/td>\n<\/tr>\n<tr>\n<td align=\"LEFT\" height=\"17\">Aktivit\u00e4t:<\/td>\n<td align=\"LEFT\">Laufen &amp; Joggen<\/td>\n<\/tr>\n<tr>\n<td align=\"LEFT\" height=\"17\">Anlass:<\/td>\n<td align=\"LEFT\">Sport<\/td>\n<\/tr>\n<tr>\n<td align=\"LEFT\" height=\"17\">\u00c4rmell\u00e4nge:<\/td>\n<td align=\"LEFT\">\u0414\u043b\u0438\u043d\u043d\u044b\u0439 \u0440\u0443\u043a\u0430\u0432<\/td>\n<\/tr>\n<tr>\n<td align=\"LEFT\" height=\"17\">Ausschnitt:<\/td>\n<td align=\"LEFT\">\u041a\u0440\u0443\u0433\u043b\u044b\u0439 \u0432\u044b\u0440\u0435\u0437<\/td>\n<\/tr>\n<tr>\n<td align=\"LEFT\" height=\"17\">Besonderheiten:<\/td>\n<td align=\"LEFT\">wasserabweisend, w\u00e4rmend<\/td>\n<\/tr>\n<tr>\n<td align=\"LEFT\" height=\"17\">Charakter Familie:<\/td>\n<td align=\"LEFT\">Ohne<\/td>\n<\/tr>\n<tr>\n<td align=\"LEFT\" height=\"17\">Charakter:<\/td>\n<td align=\"LEFT\">ohne<\/td>\n<\/tr>\n<tr>\n<td align=\"LEFT\" height=\"17\">EAN:<\/td>\n<td align=\"LEFT\">194498412626<\/td>\n<\/tr>\n<tr>\n<td align=\"LEFT\" height=\"17\">\u0426\u0432\u0435\u0442:<\/td>\n<td align=\"LEFT\">\u0416\u0435\u043b\u0442\u044b\u0439<\/td>\n<\/tr>\n<tr>\n<td align=\"LEFT\" height=\"17\">Gr\u00f6\u00dfe:<\/td>\n<td align=\"LEFT\">M<\/td>\n<\/tr>\n<tr>\n<td align=\"LEFT\" height=\"17\">Gr\u00f6\u00dfenkategorie:<\/td>\n<td align=\"LEFT\">Normalgr\u00f6\u00dfe<\/td>\n<\/tr>\n<tr>\n<td align=\"LEFT\" height=\"17\">Kompressionsstufe:<\/td>\n<td align=\"LEFT\">nicht zutreffend<\/td>\n<\/tr>\n<tr>\n<td align=\"LEFT\" height=\"17\">Marke:<\/td>\n<td align=\"LEFT\">Nike<\/td>\n<\/tr>\n<tr>\n<td align=\"LEFT\" height=\"17\">\u041c\u0430\u0442\u0435\u0440\u0438\u0430\u043b:<\/td>\n<td align=\"LEFT\">\u041d\u0435\u0439\u043b\u043e\u043d<\/td>\n<\/tr>\n<tr>\n<td align=\"LEFT\" height=\"17\">Muster:<\/td>\n<td align=\"LEFT\">Ohne Muster<\/td>\n<\/tr>\n<tr>\n<td align=\"LEFT\" height=\"17\">\u041f\u043e\u0434\u0445\u043e\u0434\u0438\u0442:<\/td>\n<td align=\"LEFT\">Regular<\/td>\n<\/tr>\n<tr>\n<td align=\"LEFT\" height=\"17\">Produktart:<\/td>\n<td align=\"LEFT\">Laufshirt<\/td>\n<\/tr>\n<tr>\n<td align=\"LEFT\" height=\"17\">Stil:<\/td>\n<td align=\"LEFT\">Pullover<\/td>\n<\/tr>\n<tr>\n<td align=\"LEFT\" height=\"17\">Vintage:<\/td>\n<td align=\"LEFT\">Nein<\/td>\n<\/tr>\n<\/tbody>\n<\/table>","protected":false},"featured_media":79769,"comment_status":"open","ping_status":"closed","template":"","meta":{"_seopress_robots_primary_cat":"","_seopress_titles_title":"","_seopress_titles_desc":"","_seopress_robots_index":""},"product_brand":[],"product_cat":[1345,1365,1545,1546],"product_tag":[],"class_list":{"0":"post-79652","1":"product","2":"type-product","3":"status-publish","4":"has-post-thumbnail","6":"product_cat-herrenmode","7":"product_cat-sportbekleidung","8":"product_cat-shirts-sportbekleidung","9":"product_cat-langarm-shirts-sportbekleidung","10":"product_shipping_class-standard-versand","12":"first","13":"instock","14":"sale","15":"taxable","16":"shipping-taxable","17":"purchasable","18":"product-type-simple"},"_links":{"self":[{"href":"https:\/\/www.soanam.de\/ru\/wp-json\/wp\/v2\/product\/79652","targetHints":{"allow":["GET"]}}],"collection":[{"href":"https:\/\/www.soanam.de\/ru\/wp-json\/wp\/v2\/product"}],"about":[{"href":"https:\/\/www.soanam.de\/ru\/wp-json\/wp\/v2\/types\/product"}],"replies":[{"embeddable":true,"href":"https:\/\/www.soanam.de\/ru\/wp-json\/wp\/v2\/comments?post=79652"}],"wp:featuredmedia":[{"embeddable":true,"href":"https:\/\/www.soanam.de\/ru\/wp-json\/wp\/v2\/media\/79769"}],"wp:attachment":[{"href":"https:\/\/www.soanam.de\/ru\/wp-json\/wp\/v2\/media?parent=79652"}],"wp:term":[{"taxonomy":"product_brand","embeddable":true,"href":"https:\/\/www.soanam.de\/ru\/wp-json\/wp\/v2\/product_brand?post=79652"},{"taxonomy":"product_cat","embeddable":true,"href":"https:\/\/www.soanam.de\/ru\/wp-json\/wp\/v2\/product_cat?post=79652"},{"taxonomy":"product_tag","embeddable":true,"href":"https:\/\/www.soanam.de\/ru\/wp-json\/wp\/v2\/product_tag?post=79652"}],"curies":[{"name":"wp","href":"https:\/\/api.w.org\/{rel}","templated":true}]}}