{"id":79648,"date":"2023-12-13T23:15:53","date_gmt":"2023-12-13T22:15:53","guid":{"rendered":"https:\/\/www.soanam.de\/?post_type=product&#038;p=79648"},"modified":"2023-12-13T23:17:48","modified_gmt":"2023-12-13T22:17:48","slug":"officine-generale-benoit-cord-shirt-pigment-dyeed-in-navy-gr-l","status":"publish","type":"product","link":"https:\/\/www.soanam.de\/ru\/produkt\/officine-generale-benoit-cord-shirt-pigment-dyed-in-navy-gr-l\/","title":{"rendered":"Officine Generale - \u0428\u043d\u0443\u0440\u043e\u0432\u0430\u044f \u0440\u0443\u0431\u0430\u0448\u043a\u0430 Benoit \u043f\u0438\u0433\u043c\u0435\u043d\u0442\u043d\u043e\u0439 \u043e\u043a\u0440\u0430\u0441\u043a\u0438 \u0446\u0432\u0435\u0442\u0430 \u043c\u043e\u0440\u0441\u043a\u043e\u0439 \u0432\u043e\u043b\u043d\u044b, \u0440\u0430\u0437\u043c\u0435\u0440 L"},"content":{"rendered":"<h3>\u041e\u043f\u0438\u0441\u0430\u043d\u0438\u0435<\/h3>\n<p><strong>\u043f\u043e\u0434\u0440\u043e\u0431\u043d\u043e\u0441\u0442\u0438<\/strong><\/p>\n<p>\u041c\u043e\u0434\u0435\u043b\u044c: Benoit Cord Shirt<br \/>\n\u0424\u0430\u0441\u043e\u043d: \u041e\u0431\u044b\u0447\u043d\u044b\u0439 \u043a\u0440\u043e\u0439<br \/>\n\u0426\u0432\u0435\u0442: \u043c\u043e\u0440\u0441\u043a\u043e\u0439<br \/>\n\u041c\u0430\u0442\u0435\u0440\u0438\u0430\u043b: \u0445\u043b\u043e\u043f\u043e\u043a 100%<br \/>\n\u0418\u0437\u0433\u043e\u0442\u043e\u0432\u043b\u0435\u043d \u0438\u0437 \u0442\u043e\u043d\u043a\u043e\u0433\u043e \u0432\u0435\u043b\u044c\u0432\u0435\u0442\u0430<br \/>\n\u041c\u0430\u043d\u0436\u0435\u0442\u044b \u043d\u0430 \u043f\u0443\u0433\u043e\u0432\u0438\u0446\u0430\u0445<br \/>\n\u041f\u0435\u0440\u043b\u0430\u043c\u0443\u0442\u0440\u043e\u0432\u044b\u0435 \u043f\u0443\u0433\u043e\u0432\u0438\u0446\u044b<br \/>\n\u041a\u0443\u0441\u043e\u0447\u0435\u043a \u0446\u0432\u0435\u0442\u043d\u043e\u0439<br \/>\n\u0417\u0430\u043e\u0441\u0442\u0440\u0435\u043d\u043d\u044b\u0439 \u0432\u043e\u0440\u043e\u0442\u043d\u0438\u043a<br \/>\n\u0421\u0434\u0435\u043b\u0430\u043d\u043e \u0432 \u041f\u043e\u0440\u0442\u0443\u0433\u0430\u043b\u0438\u0438<\/p>","protected":false},"excerpt":{"rendered":"<p>Artikelmerkmale<\/p>\n<p>\u0421\u043e\u0441\u0442\u043e\u044f\u043d\u0438\u0435 \u0442\u043e\u0432\u0430\u0440\u0430: \u041d\u043e\u0432\u044b\u0439 \u0441 \u044d\u0442\u0438\u043a\u0435\u0442\u043a\u043e\u0439: \u041d\u043e\u0432\u044b\u0439, \u043d\u0435\u0438\u0441\u043f\u043e\u043b\u044c\u0437\u043e\u0432\u0430\u043d\u043d\u044b\u0439 \u0438 \u043d\u0435\u043d\u043e\u0448\u0435\u043d\u044b\u0439 \u0442\u043e\u0432\u0430\u0440 \u0432 \u043e\u0440\u0438\u0433\u0438\u043d\u0430\u043b\u044c\u043d\u043e\u0439 \u0443\u043f\u0430\u043a\u043e\u0432\u043a\u0435<\/p>\n<table border=\"0\" frame=\"VOID\" rules=\"NONE\" cellspacing=\"0\">\n<colgroup>\n<col width=\"110\" \/>\n<col width=\"156\" \/><\/colgroup>\n<tbody>\n<tr>\n<td align=\"LEFT\" width=\"110\" height=\"17\">Abteilung:<\/td>\n<td align=\"LEFT\" width=\"156\">Herren<\/td>\n<\/tr>\n<tr>\n<td align=\"LEFT\" height=\"17\">Anlass:<\/td>\n<td align=\"LEFT\">Business, Freizeit<\/td>\n<\/tr>\n<tr>\n<td align=\"LEFT\" height=\"17\">\u00c4rmell\u00e4nge:<\/td>\n<td align=\"LEFT\">\u0414\u043b\u0438\u043d\u043d\u044b\u0439 \u0440\u0443\u043a\u0430\u0432<\/td>\n<\/tr>\n<tr>\n<td align=\"LEFT\" height=\"17\">Ausschnitt:<\/td>\n<td align=\"LEFT\">Kragen<\/td>\n<\/tr>\n<tr>\n<td align=\"LEFT\" height=\"17\">Besonderheiten:<\/td>\n<td align=\"LEFT\">\u041c\u0430\u043d\u0436\u0435\u0442\u044b \u043d\u0430 \u043f\u0443\u0433\u043e\u0432\u0438\u0446\u0430\u0445<\/td>\n<\/tr>\n<tr>\n<td align=\"LEFT\" height=\"17\">Charakter:<\/td>\n<td align=\"LEFT\">ohne<\/td>\n<\/tr>\n<tr>\n<td align=\"LEFT\" height=\"17\">\u0426\u0432\u0435\u0442:<\/td>\n<td align=\"LEFT\">\u0413\u043e\u043b\u0443\u0431\u043e\u0439<\/td>\n<\/tr>\n<tr>\n<td align=\"LEFT\" height=\"17\">Gewebeart:<\/td>\n<td align=\"LEFT\">Cord<\/td>\n<\/tr>\n<tr>\n<td align=\"LEFT\" height=\"17\">Gr\u00f6\u00dfenkategorie:Normalgr\u00f6\u00dfe<\/td>\n<td align=\"LEFT\"><\/td>\n<\/tr>\n<tr>\n<td align=\"LEFT\" height=\"17\">Kragenart:<\/td>\n<td align=\"LEFT\">\u041a\u0435\u043d\u0442\u0441\u043a\u0438\u0439 \u0432\u043e\u0440\u043e\u0442\u043d\u0438\u043a<\/td>\n<\/tr>\n<tr>\n<td align=\"LEFT\" height=\"17\">Marke:<\/td>\n<td align=\"LEFT\">\u0413\u041b\u0410\u0412\u041d\u042b\u0419 \u041e\u0424\u0418\u0421<\/td>\n<\/tr>\n<tr>\n<td align=\"LEFT\" height=\"17\">\u041c\u0430\u0442\u0435\u0440\u0438\u0430\u043b:<\/td>\n<td align=\"LEFT\">\u0425\u043b\u043e\u043f\u043e\u043a<\/td>\n<\/tr>\n<tr>\n<td align=\"LEFT\" height=\"17\">Muster:<\/td>\n<td align=\"LEFT\">Ohne Muster<\/td>\n<\/tr>\n<tr>\n<td align=\"LEFT\" height=\"17\">\u041f\u043e\u0434\u0445\u043e\u0434\u0438\u0442:<\/td>\n<td align=\"LEFT\">Regular<\/td>\n<\/tr>\n<tr>\n<td align=\"LEFT\" height=\"17\">Produktart:<\/td>\n<td align=\"LEFT\">Gekn\u00f6pftes Hemd<\/td>\n<\/tr>\n<tr>\n<td align=\"LEFT\" height=\"17\">Thema:<\/td>\n<td align=\"LEFT\">Klassisch<\/td>\n<\/tr>\n<tr>\n<td align=\"LEFT\" height=\"17\">Vintage:<\/td>\n<td align=\"LEFT\">Nein<\/td>\n<\/tr>\n<\/tbody>\n<\/table>","protected":false},"featured_media":79741,"comment_status":"open","ping_status":"closed","template":"","meta":{"_seopress_robots_primary_cat":"","_seopress_titles_title":"","_seopress_titles_desc":"","_seopress_robots_index":""},"product_brand":[],"product_cat":[1345,1497,1532],"product_tag":[],"class_list":{"0":"post-79648","1":"product","2":"type-product","3":"status-publish","4":"has-post-thumbnail","6":"product_cat-herrenmode","7":"product_cat-hemden","8":"product_cat-langarm-hemden","9":"product_shipping_class-standard-versand","11":"first","12":"instock","13":"sale","14":"taxable","15":"shipping-taxable","16":"purchasable","17":"product-type-simple"},"_links":{"self":[{"href":"https:\/\/www.soanam.de\/ru\/wp-json\/wp\/v2\/product\/79648","targetHints":{"allow":["GET"]}}],"collection":[{"href":"https:\/\/www.soanam.de\/ru\/wp-json\/wp\/v2\/product"}],"about":[{"href":"https:\/\/www.soanam.de\/ru\/wp-json\/wp\/v2\/types\/product"}],"replies":[{"embeddable":true,"href":"https:\/\/www.soanam.de\/ru\/wp-json\/wp\/v2\/comments?post=79648"}],"wp:featuredmedia":[{"embeddable":true,"href":"https:\/\/www.soanam.de\/ru\/wp-json\/wp\/v2\/media\/79741"}],"wp:attachment":[{"href":"https:\/\/www.soanam.de\/ru\/wp-json\/wp\/v2\/media?parent=79648"}],"wp:term":[{"taxonomy":"product_brand","embeddable":true,"href":"https:\/\/www.soanam.de\/ru\/wp-json\/wp\/v2\/product_brand?post=79648"},{"taxonomy":"product_cat","embeddable":true,"href":"https:\/\/www.soanam.de\/ru\/wp-json\/wp\/v2\/product_cat?post=79648"},{"taxonomy":"product_tag","embeddable":true,"href":"https:\/\/www.soanam.de\/ru\/wp-json\/wp\/v2\/product_tag?post=79648"}],"curies":[{"name":"wp","href":"https:\/\/api.w.org\/{rel}","templated":true}]}}