{"id":79545,"date":"2023-12-13T22:41:52","date_gmt":"2023-12-13T21:41:52","guid":{"rendered":"https:\/\/www.soanam.de\/?post_type=product&#038;p=79545"},"modified":"2023-12-13T23:15:34","modified_gmt":"2023-12-13T22:15:34","slug":"petite-fleur-balconnet-bh-mit-spitze-in-schwarz-groesse-75b","status":"publish","type":"product","link":"https:\/\/www.soanam.de\/ru\/produkt\/petite-fleur-balconnet-bh-mit-spitze-in-schwarz-groesse-75b\/","title":{"rendered":"petite fleur Balconnet-BH mit Spitze, in Schwarz, Gr\u00f6\u00dfe 75B"},"content":{"rendered":"<p>Balconnet-BH von petite fleur<br \/>\nCups mit Schale auf Formb\u00fcgel gearbeitet<br \/>\nMit sch\u00f6ner Stickereispitze<br \/>\nSchleifenaccessoire in der vorderen Mitte<\/p>\n<p>Stickereispitze und eine Schleife zwischen den Cups machen den Balconnet-BH von petite fleur zum tollen Blickfang.<br \/>\nDas Netzmaterial am R\u00fccken rundet das feminine Design geschickt ab.<br \/>\nF\u00fcr den n\u00f6tigen Halt und ein umwerfendes Dekollet\u00e9 sorgen die Schalen-Cups mit Formb\u00fcgeln.<\/p>\n<p>\u041c\u0430\u0442\u0435\u0440\u0438\u0430\u043b: \u043f\u043e\u043b\u0438\u0430\u043c\u0438\u0434 90%, \u044d\u043b\u0430\u0441\u0442\u0430\u043d 10%<br \/>\n\u0420\u0435\u043a\u043e\u043c\u0435\u043d\u0434\u0430\u0446\u0438\u0438 \u043f\u043e \u0443\u0445\u043e\u0434\u0443: \u0420\u0443\u0447\u043d\u0430\u044f \u0441\u0442\u0438\u0440\u043a\u0430<\/p>\n<p>\u0426\u0432\u0435\u0442: \u0447\u0435\u0440\u043d\u044b\u0439<br \/>\n\u0423\u0437\u043e\u0440: \u0426\u0432\u0435\u0442\u044b<br \/>\n\u0420\u0430\u0437\u043c\u0435\u0440: 75B<\/p>\n<p>\u041e\u0431\u0445\u0432\u0430\u0442 \u0433\u0440\u0443\u0434\u0438: 75<br \/>\n\u0420\u0430\u0437\u043c\u0435\u0440 \u0447\u0430\u0448\u043a\u0438: \u0427\u0430\u0448\u043a\u0430 B<\/p>","protected":false},"excerpt":{"rendered":"<table class=\"dv_characteristicsTable\">\n<caption>MASSANGABE<\/caption>\n<tbody>\n<tr>\n<td class=\"left\">K\u00f6rbchengr\u00f6\u00dfe<\/td>\n<td>Cup B<\/td>\n<\/tr>\n<tr>\n<td class=\"left\">Unterbrustumfang<\/td>\n<td>75<\/td>\n<\/tr>\n<\/tbody>\n<\/table>\n<table class=\"dv_characteristicsTable\">\n<caption>\u041c\u0410\u0422\u0415\u0420\u0418\u0410\u041b<\/caption>\n<tbody>\n<tr>\n<td class=\"left\">\u0421\u043e\u0441\u0442\u0430\u0432 \u043c\u0430\u0442\u0435\u0440\u0438\u0430\u043b\u0430<\/td>\n<td>Obermaterial: 90% Polyamid, 10% Elasthan<\/td>\n<\/tr>\n<tr>\n<td class=\"left\">Materialart<\/td>\n<td>\u0422\u043e\u043f<br \/>\nMicrotouch<\/td>\n<\/tr>\n<tr>\n<td class=\"left\">\u0420\u0435\u043a\u043e\u043c\u0435\u043d\u0434\u0430\u0446\u0438\u0438 \u043f\u043e \u0443\u0445\u043e\u0434\u0443<\/td>\n<td>\u0420\u0443\u0447\u043d\u0430\u044f \u0441\u0442\u0438\u0440\u043a\u0430<\/td>\n<\/tr>\n<\/tbody>\n<\/table>\n<table class=\"dv_characteristicsTable\">\n<caption>OPTIK\/STIL<\/caption>\n<tbody>\n<tr>\n<td class=\"left\">Stil<\/td>\n<td>klassisch<\/td>\n<\/tr>\n<tr>\n<td class=\"left\">Applikationen<\/td>\n<td>Schleife<\/td>\n<\/tr>\n<\/tbody>\n<\/table>\n<table class=\"dv_characteristicsTable\">\n<caption>K\u00d6RBCHEN \/ CUP<\/caption>\n<tbody>\n<tr>\n<td class=\"left\">Cupdetails<\/td>\n<td>mit Schale<\/td>\n<\/tr>\n<tr>\n<td class=\"left\">B\u00fcgel<\/td>\n<td>mit B\u00fcgel<\/td>\n<\/tr>\n<\/tbody>\n<\/table>\n<table class=\"dv_characteristicsTable\">\n<caption>BH-TR\u00c4GER<\/caption>\n<tbody>\n<tr>\n<td class=\"left\">Tr\u00e4ger<\/td>\n<td>mit Tr\u00e4ger<\/td>\n<\/tr>\n<tr>\n<td class=\"left\">Tr\u00e4gerdetails<\/td>\n<td>verstellbar<\/td>\n<\/tr>\n<\/tbody>\n<\/table>\n<table class=\"dv_characteristicsTable\">\n<caption>VERSCHLUSS<\/caption>\n<tbody>\n<tr>\n<td class=\"left\">Verschluss<\/td>\n<td>Haken &amp; \u00d6sen<\/td>\n<\/tr>\n<tr>\n<td class=\"left\">Verschlussdetails<\/td>\n<td>hinten<\/td>\n<\/tr>\n<\/tbody>\n<\/table>\n<table class=\"dv_characteristicsTable\">\n<caption>PASSFORM\/SCHNITT<\/caption>\n<tbody>\n<tr>\n<td class=\"left\">Schnittform<\/td>\n<td>Balconette<\/td>\n<\/tr>\n<\/tbody>\n<\/table>","protected":false},"featured_media":79634,"comment_status":"open","ping_status":"closed","template":"","meta":{"_seopress_robots_primary_cat":"","_seopress_titles_title":"","_seopress_titles_desc":"","_seopress_robots_index":""},"product_brand":[],"product_cat":[1348,1444,1516],"product_tag":[],"class_list":{"0":"post-79545","1":"product","2":"type-product","3":"status-publish","4":"has-post-thumbnail","6":"product_cat-damen-mode","7":"product_cat-unterwaesche","8":"product_cat-bhs","9":"product_shipping_class-standard-versand","11":"first","12":"instock","13":"sale","14":"taxable","15":"shipping-taxable","16":"purchasable","17":"product-type-simple"},"_links":{"self":[{"href":"https:\/\/www.soanam.de\/ru\/wp-json\/wp\/v2\/product\/79545","targetHints":{"allow":["GET"]}}],"collection":[{"href":"https:\/\/www.soanam.de\/ru\/wp-json\/wp\/v2\/product"}],"about":[{"href":"https:\/\/www.soanam.de\/ru\/wp-json\/wp\/v2\/types\/product"}],"replies":[{"embeddable":true,"href":"https:\/\/www.soanam.de\/ru\/wp-json\/wp\/v2\/comments?post=79545"}],"wp:featuredmedia":[{"embeddable":true,"href":"https:\/\/www.soanam.de\/ru\/wp-json\/wp\/v2\/media\/79634"}],"wp:attachment":[{"href":"https:\/\/www.soanam.de\/ru\/wp-json\/wp\/v2\/media?parent=79545"}],"wp:term":[{"taxonomy":"product_brand","embeddable":true,"href":"https:\/\/www.soanam.de\/ru\/wp-json\/wp\/v2\/product_brand?post=79545"},{"taxonomy":"product_cat","embeddable":true,"href":"https:\/\/www.soanam.de\/ru\/wp-json\/wp\/v2\/product_cat?post=79545"},{"taxonomy":"product_tag","embeddable":true,"href":"https:\/\/www.soanam.de\/ru\/wp-json\/wp\/v2\/product_tag?post=79545"}],"curies":[{"name":"wp","href":"https:\/\/api.w.org\/{rel}","templated":true}]}}