{"id":79451,"date":"2023-12-13T22:39:48","date_gmt":"2023-12-13T21:39:48","guid":{"rendered":"https:\/\/www.soanam.de\/?post_type=product&#038;p=79451"},"modified":"2023-12-13T22:41:58","modified_gmt":"2023-12-13T21:41:58","slug":"petite-fleur-buegelloser-bh-aus-baumwolle-in-schwarz-groesse-100d","status":"publish","type":"product","link":"https:\/\/www.soanam.de\/ru\/produkt\/petite-fleur-buegelloser-bh-aus-baumwolle-in-schwarz-groesse-100d\/","title":{"rendered":"\u0411\u044e\u0441\u0442\u0433\u0430\u043b\u044c\u0442\u0435\u0440 Petite Fleur \u0438\u0437 \u0445\u043b\u043e\u043f\u043a\u0430 \u0441 \u0437\u0430\u043d\u0438\u0436\u0435\u043d\u043d\u043e\u0439 \u0442\u0430\u043b\u0438\u0435\u0439, \u0447\u0435\u0440\u043d\u044b\u0439, \u0440\u0430\u0437\u043c\u0435\u0440 100D"},"content":{"rendered":"<p>\u0411\u0430\u0437\u043e\u0432\u044b\u0439 \u0431\u044e\u0441\u0442\u0433\u0430\u043b\u044c\u0442\u0435\u0440 \u043e\u0442 Petite Fleur<br \/>\n\u0411\u0435\u0437 \u043f\u043e\u0434\u043a\u043b\u0430\u0434\u043e\u043a, \u043f\u043e\u044d\u0442\u043e\u043c\u0443 \u043e\u0441\u043e\u0431\u0435\u043d\u043d\u043e \u0443\u0434\u043e\u0431\u0435\u043d<br \/>\n\u041f\u0440\u043e\u0441\u0442\u043e\u0439 \u0432\u0438\u0434 \u0441 \u0442\u043e\u043d\u043a\u0438\u043c \u0442\u043e\u0447\u0435\u0447\u043d\u044b\u043c \u0440\u0438\u0441\u0443\u043d\u043a\u043e\u043c \u043d\u0430 \u043f\u043e\u0434\u043a\u043b\u0430\u0434\u043a\u0435 \u0438 \u043d\u0438\u0436\u043d\u0435\u0439 \u0447\u0430\u0441\u0442\u0438 \u0433\u0440\u0443\u0434\u0438<br \/>\n\u0418\u0434\u0435\u0430\u043b\u044c\u043d\u043e \u043f\u043e\u0434\u0445\u043e\u0434\u0438\u0442 \u0434\u043b\u044f \u0431\u043e\u043b\u044c\u0448\u0438\u0445 \u0440\u0430\u0437\u043c\u0435\u0440\u043e\u0432 \u0431\u043b\u0430\u0433\u043e\u0434\u0430\u0440\u044f \u043e\u0431\u043b\u0435\u0433\u0430\u044e\u0449\u0435\u043c\u0443 \u043a\u0440\u043e\u044e \u0438 \u0448\u0438\u0440\u043e\u043a\u0438\u043c \u0443\u0434\u043e\u0431\u043d\u044b\u043c \u043b\u044f\u043c\u043a\u0430\u043c<br \/>\n\u0418\u0437 \u043c\u044f\u0433\u043a\u043e\u0433\u043e \u0445\u043b\u043e\u043f\u043a\u0430<\/p>\n<p>\u0411\u0430\u0437\u043e\u0432\u044b\u0439 \u0431\u044e\u0441\u0442\u0433\u0430\u043b\u044c\u0442\u0435\u0440 \u0441 \u0437\u0430\u043d\u0438\u0436\u0435\u043d\u043d\u043e\u0439 \u0442\u0430\u043b\u0438\u0435\u0439 \u043e\u0442 Petite Fleur \u0432\u043f\u0435\u0447\u0430\u0442\u043b\u044f\u0435\u0442 \u0441\u0432\u043e\u0438\u043c \u0443\u043d\u0438\u043a\u0430\u043b\u044c\u043d\u044b\u043c \u043a\u043e\u043c\u0444\u043e\u0440\u0442\u043e\u043c \u043f\u0440\u0438 \u043d\u043e\u0448\u0435\u043d\u0438\u0438.<br \/>\n\u0411\u0435\u0441\u0448\u043e\u0432\u043d\u044b\u0435 \u0444\u043e\u0440\u043c\u043e\u0432\u0430\u043d\u043d\u044b\u0435 \u0447\u0430\u0448\u0435\u0447\u043a\u0438 \u0438\u0434\u0435\u0430\u043b\u044c\u043d\u043e \u043f\u043e\u0434\u0445\u043e\u0434\u044f\u0442 \u0434\u043b\u044f \u043e\u0431\u043b\u0435\u0433\u0430\u044e\u0449\u0435\u0439 \u043e\u0434\u0435\u0436\u0434\u044b, \u0448\u0438\u0440\u043e\u043a\u0438\u0435 \u043c\u044f\u0433\u043a\u0438\u0435 \u0431\u0440\u0435\u0442\u0435\u043b\u0438 \u0440\u0435\u0433\u0443\u043b\u0438\u0440\u0443\u044e\u0442\u0441\u044f \u043f\u043e \u0440\u0430\u0437\u043c\u0435\u0440\u0443, \u043a\u0430\u043a \u0438 \u0437\u0430\u0441\u0442\u0435\u0436\u043a\u0430 \u043d\u0430 \u0441\u043f\u0438\u043d\u0435, \u0430 \u043f\u043e\u044f\u0441 \u0438 \u0442\u0440\u0443\u0441\u0438\u043a\u0438 \u0443\u043a\u0440\u0430\u0448\u0435\u043d\u044b \u0441\u0438\u043c\u043f\u0430\u0442\u0438\u0447\u043d\u044b\u043c \u0442\u043e\u0447\u0435\u0447\u043d\u044b\u043c \u0440\u0438\u0441\u0443\u043d\u043a\u043e\u043c.<\/p>\n<p>\u041c\u0430\u0442\u0435\u0440\u0438\u0430\u043b: \u043f\u043e\u043b\u0438\u0430\u043c\u0438\u0434 90%, \u044d\u043b\u0430\u0441\u0442\u0430\u043d 10%<br \/>\n\u0420\u0435\u043a\u043e\u043c\u0435\u043d\u0434\u0430\u0446\u0438\u0438 \u043f\u043e \u0443\u0445\u043e\u0434\u0443: \u043c\u0430\u0448\u0438\u043d\u043d\u0430\u044f \u0441\u0442\u0438\u0440\u043a\u0430 \u043f\u0440\u0438 40\u00b0C<\/p>\n<p>\u0426\u0432\u0435\u0442: \u0447\u0435\u0440\u043d\u044b\u0439<br \/>\n\u0423\u0437\u043e\u0440: \u0442\u043e\u0447\u043a\u0438<br \/>\nGr\u00f6\u00dfe: 100D<\/p>\n<p>Unterbrustumfang: 100<br \/>\n\u0420\u0430\u0437\u043c\u0435\u0440 \u0447\u0430\u0448\u043a\u0438: \u0427\u0430\u0448\u043a\u0430 D<\/p>","protected":false},"excerpt":{"rendered":"<table class=\"dv_characteristicsTable\">\n<caption>MASSANGABE<\/caption>\n<tbody>\n<tr>\n<td class=\"left\">K\u00f6rbchengr\u00f6\u00dfe<\/td>\n<td>Cup D<\/td>\n<\/tr>\n<tr>\n<td class=\"left\">Unterbrustumfang<\/td>\n<td>100<\/td>\n<\/tr>\n<\/tbody>\n<\/table>\n<table class=\"dv_characteristicsTable\">\n<caption>\u041c\u0410\u0422\u0415\u0420\u0418\u0410\u041b<\/caption>\n<tbody>\n<tr>\n<td class=\"left\">\u0421\u043e\u0441\u0442\u0430\u0432 \u043c\u0430\u0442\u0435\u0440\u0438\u0430\u043b\u0430<\/td>\n<td>Obermaterial: 90% Baumwolle, 10% Elasthan<\/td>\n<\/tr>\n<tr>\n<td class=\"left\">Materialart<\/td>\n<td>\u0414\u0436\u0435\u0440\u0441\u0438<\/td>\n<\/tr>\n<tr>\n<td class=\"left\">\u0420\u0435\u043a\u043e\u043c\u0435\u043d\u0434\u0430\u0446\u0438\u0438 \u043f\u043e \u0443\u0445\u043e\u0434\u0443<\/td>\n<td>40\u00b0C Maschinenw\u00e4sche<\/td>\n<\/tr>\n<\/tbody>\n<\/table>\n<table class=\"dv_characteristicsTable\">\n<caption>OPTIK\/STIL<\/caption>\n<tbody>\n<tr>\n<td class=\"left\">Stil<\/td>\n<td>klassisch<\/td>\n<\/tr>\n<\/tbody>\n<\/table>\n<table class=\"dv_characteristicsTable\">\n<caption>K\u00d6RBCHEN \/ CUP<\/caption>\n<tbody>\n<tr>\n<td class=\"left\">Cupdetails<\/td>\n<td>nahtlos vorgeformt<\/td>\n<\/tr>\n<tr>\n<td class=\"left\">B\u00fcgel<\/td>\n<td>ohne B\u00fcgel<\/td>\n<\/tr>\n<\/tbody>\n<\/table>\n<table class=\"dv_characteristicsTable\">\n<caption>BH-TR\u00c4GER<\/caption>\n<tbody>\n<tr>\n<td class=\"left\">Tr\u00e4ger<\/td>\n<td>mit Tr\u00e4ger<\/td>\n<\/tr>\n<tr>\n<td class=\"left\">Tr\u00e4gerdetails<\/td>\n<td>breit<\/td>\n<\/tr>\n<\/tbody>\n<\/table>\n<table class=\"dv_characteristicsTable\">\n<caption>VERSCHLUSS<\/caption>\n<tbody>\n<tr>\n<td class=\"left\">Verschluss<\/td>\n<td>Haken &amp; \u00d6sen<\/td>\n<\/tr>\n<tr>\n<td class=\"left\">Verschlussdetails<\/td>\n<td>hinten<\/td>\n<\/tr>\n<\/tbody>\n<\/table>","protected":false},"featured_media":79550,"comment_status":"open","ping_status":"closed","template":"","meta":{"_seopress_robots_primary_cat":"","_seopress_titles_title":"","_seopress_titles_desc":"","_seopress_robots_index":""},"product_brand":[],"product_cat":[1348,1444,1516],"product_tag":[],"class_list":{"0":"post-79451","1":"product","2":"type-product","3":"status-publish","4":"has-post-thumbnail","6":"product_cat-damen-mode","7":"product_cat-unterwaesche","8":"product_cat-bhs","9":"product_shipping_class-standard-versand","11":"first","12":"instock","13":"sale","14":"taxable","15":"shipping-taxable","16":"purchasable","17":"product-type-simple"},"_links":{"self":[{"href":"https:\/\/www.soanam.de\/ru\/wp-json\/wp\/v2\/product\/79451","targetHints":{"allow":["GET"]}}],"collection":[{"href":"https:\/\/www.soanam.de\/ru\/wp-json\/wp\/v2\/product"}],"about":[{"href":"https:\/\/www.soanam.de\/ru\/wp-json\/wp\/v2\/types\/product"}],"replies":[{"embeddable":true,"href":"https:\/\/www.soanam.de\/ru\/wp-json\/wp\/v2\/comments?post=79451"}],"wp:featuredmedia":[{"embeddable":true,"href":"https:\/\/www.soanam.de\/ru\/wp-json\/wp\/v2\/media\/79550"}],"wp:attachment":[{"href":"https:\/\/www.soanam.de\/ru\/wp-json\/wp\/v2\/media?parent=79451"}],"wp:term":[{"taxonomy":"product_brand","embeddable":true,"href":"https:\/\/www.soanam.de\/ru\/wp-json\/wp\/v2\/product_brand?post=79451"},{"taxonomy":"product_cat","embeddable":true,"href":"https:\/\/www.soanam.de\/ru\/wp-json\/wp\/v2\/product_cat?post=79451"},{"taxonomy":"product_tag","embeddable":true,"href":"https:\/\/www.soanam.de\/ru\/wp-json\/wp\/v2\/product_tag?post=79451"}],"curies":[{"name":"wp","href":"https:\/\/api.w.org\/{rel}","templated":true}]}}