{"id":79426,"date":"2023-12-13T22:39:21","date_gmt":"2023-12-13T21:39:21","guid":{"rendered":"https:\/\/www.soanam.de\/?post_type=product&#038;p=79426"},"modified":"2023-12-13T22:41:42","modified_gmt":"2023-12-13T21:41:42","slug":"%d0%b1%d1%8e%d1%81%d1%82%d0%b3%d0%b0%d0%bb%d1%8c%d1%82%d0%b5%d1%80-nuance-t-shirt-%d1%81-%d0%bd%d0%b8%d0%b6%d0%bd%d0%b8%d0%bc-%d0%bf%d0%be%d1%8f%d1%81%d0%be%d0%bc-%d0%ba%d1%80%d0%b5%d0%bc%d0%be%d0%b2","status":"publish","type":"product","link":"https:\/\/www.soanam.de\/ru\/produkt\/nuance-t-shirt-bh-mit-buegel-in-creme-groesse-85c\/","title":{"rendered":"\u0411\u044e\u0441\u0442\u0433\u0430\u043b\u044c\u0442\u0435\u0440-\u0444\u0443\u0442\u0431\u043e\u043b\u043a\u0430 Nuance \u0441 \u0437\u0430\u043d\u0438\u0436\u0435\u043d\u043d\u043e\u0439 \u0442\u0430\u043b\u0438\u0435\u0439, \u043a\u0440\u0435\u043c\u043e\u0432\u044b\u0439, \u0440\u0430\u0437\u043c\u0435\u0440 85C"},"content":{"rendered":"<p>\u0411\u044e\u0441\u0442\u0433\u0430\u043b\u044c\u0442\u0435\u0440 \u043f\u043e\u0434 \u0433\u0440\u0443\u0434\u044c\u044e \u0441 \u0431\u0435\u0441\u0448\u043e\u0432\u043d\u044b\u043c\u0438 \u0444\u043e\u0440\u043c\u043e\u0432\u0430\u043d\u043d\u044b\u043c\u0438 \u0447\u0430\u0448\u0435\u0447\u043a\u0430\u043c\u0438 \u043e\u0442 Nuance<br \/>\n\u042d\u043b\u0435\u0433\u0430\u043d\u0442\u043d\u044b\u0439 \u0431\u0430\u0437\u043e\u0432\u044b\u0439 \u0431\u044e\u0441\u0442\u0433\u0430\u043b\u044c\u0442\u0435\u0440 \u0441 \u043e\u0441\u043e\u0431\u043e\u0439 \u0434\u0435\u0442\u0430\u043b\u044c\u044e<br \/>\n\u041f\u0440\u043e\u0437\u0440\u0430\u0447\u043d\u044b\u0435 \u0440\u0435\u043c\u0435\u0448\u043a\u0438 \u0441 \u0432\u044b\u0448\u0438\u0432\u043a\u043e\u0439 \u043f\u0440\u0438\u0432\u043b\u0435\u043a\u0430\u044e\u0442 \u0432\u043d\u0438\u043c\u0430\u043d\u0438\u0435.<br \/>\n\u0418\u0434\u0435\u0430\u043b\u044c\u043d\u0430\u044f \u043f\u043e\u0434\u0434\u0435\u0440\u0436\u043a\u0430 \u0431\u043b\u0430\u0433\u043e\u0434\u0430\u0440\u044f \u043e\u043f\u043e\u0440\u0435, \u0432\u0441\u0442\u0440\u043e\u0435\u043d\u043d\u043e\u0439 \u0432 \u0431\u043e\u043a\u043e\u0432\u0443\u044e \u0447\u0430\u0441\u0442\u044c \u0447\u0430\u0448\u043a\u0438<\/p>\n<p>\u0412\u044b\u0441\u043e\u043a\u043e\u043a\u0430\u0447\u0435\u0441\u0442\u0432\u0435\u043d\u043d\u044b\u0435 \u043a\u0440\u0443\u0436\u0435\u0432\u043d\u044b\u0435 \u0431\u0440\u0435\u0442\u0435\u043b\u0438 \u043f\u043e\u0434\u0447\u0435\u0440\u043a\u0438\u0432\u0430\u044e\u0442 \u043f\u0440\u043e\u0441\u0442\u043e\u0439 \u0431\u0430\u0437\u043e\u0432\u044b\u0439 \u0434\u0438\u0437\u0430\u0439\u043d \u0431\u044e\u0441\u0442\u0433\u0430\u043b\u044c\u0442\u0435\u0440\u0430-\u043c\u0430\u0435\u0447\u043a\u0438 Nuance \u0438 \u043f\u0440\u0438\u0434\u0430\u044e\u0442 \u0435\u043c\u0443 \u0438\u0437\u044b\u0441\u043a\u0430\u043d\u043d\u043e\u0441\u0442\u044c.<br \/>\n\u0411\u0435\u0441\u0448\u043e\u0432\u043d\u044b\u0435 \u0447\u0430\u0448\u0435\u0447\u043a\u0438 \u0431\u0435\u0437 \u043f\u043e\u0434\u043a\u043b\u0430\u0434\u043a\u0438 \u043c\u044f\u0433\u043a\u043e \u043e\u0431\u043b\u0435\u0433\u0430\u044e\u0442 \u0431\u044e\u0441\u0442 \u0438 \u043d\u0435 \u0432\u0438\u0434\u043d\u044b \u043f\u043e\u0434 \u043e\u0431\u043b\u0435\u0433\u0430\u044e\u0449\u0435\u0439 \u043e\u0434\u0435\u0436\u0434\u043e\u0439.<br \/>\n\u0418\u043d\u0442\u0435\u0433\u0440\u0438\u0440\u043e\u0432\u0430\u043d\u043d\u044b\u0435 \u0437\u0430\u043d\u0438\u0436\u0435\u043d\u043d\u044b\u0435 \u043a\u043e\u0440\u0441\u0435\u0442\u044b \u0432\u043c\u0435\u0441\u0442\u0435 \u0441 \u0444\u043e\u0440\u043c\u043e\u0432\u0430\u043d\u043d\u044b\u043c\u0438 \u0447\u0430\u0448\u0435\u0447\u043a\u0430\u043c\u0438 \u0441\u043e\u0437\u0434\u0430\u044e\u0442 \u043a\u0440\u0430\u0441\u0438\u0432\u0443\u044e \u0444\u043e\u0440\u043c\u0443 \u0438 \u043f\u0440\u0438\u043f\u043e\u0434\u043d\u0438\u043c\u0430\u044e\u0442 \u0434\u0435\u043a\u043e\u043b\u044c\u0442\u0435, \u043d\u0435 \u043f\u0435\u0440\u0435\u0436\u0438\u043c\u0430\u044f \u0435\u0433\u043e.<br \/>\n\u0417\u0430\u043d\u0438\u0436\u0435\u043d\u043d\u044b\u0435 \u043a\u043e\u0440\u0441\u0435\u0442\u044b \u0442\u0430\u043a\u0436\u0435 \u043e\u0431\u0435\u0441\u043f\u0435\u0447\u0438\u0432\u0430\u044e\u0442 \u043d\u0430\u0434\u0435\u0436\u043d\u0443\u044e \u0444\u0438\u043a\u0441\u0430\u0446\u0438\u044e, \u043a\u043e\u0442\u043e\u0440\u0443\u044e \u0443\u0441\u0438\u043b\u0438\u0432\u0430\u0435\u0442 \u0431\u043e\u043a\u043e\u0432\u0430\u044f \u043f\u043e\u0434\u0434\u0435\u0440\u0436\u043a\u0430 \u0447\u0430\u0448\u043a\u0438.<\/p>\n<p>\u041c\u0430\u0442\u0435\u0440\u0438\u0430\u043b: \u043f\u043e\u043b\u0438\u0430\u043c\u0438\u0434 70%, \u044d\u043b\u0430\u0441\u0442\u0430\u043d 20%, \u043f\u043e\u043b\u0438\u044d\u0441\u0442\u0435\u0440 10%<br \/>\n\u0420\u0435\u043a\u043e\u043c\u0435\u043d\u0434\u0430\u0446\u0438\u0438 \u043f\u043e \u0443\u0445\u043e\u0434\u0443: \u0420\u0443\u0447\u043d\u0430\u044f \u0441\u0442\u0438\u0440\u043a\u0430<\/p>\n<p>\u0426\u0432\u0435\u0442: \u043a\u0440\u0435\u043c\u043e\u0432\u044b\u0439<br \/>\n\u0423\u0437\u043e\u0440: \u0431\u0435\u0437<br \/>\n\u0420\u0430\u0437\u043c\u0435\u0440: 85C<\/p>\n<p>\u041e\u0431\u0445\u0432\u0430\u0442 \u0433\u0440\u0443\u0434\u0438: 85<br \/>\n\u0420\u0430\u0437\u043c\u0435\u0440 \u0447\u0430\u0448\u043a\u0438: \u0427\u0430\u0448\u043a\u0430 C<\/p>","protected":false},"excerpt":{"rendered":"<table class=\"dv_characteristicsTable\">\n<caption>MASSANGABE<\/caption>\n<tbody>\n<tr>\n<td class=\"left\">K\u00f6rbchengr\u00f6\u00dfe<\/td>\n<td>Cup C<\/td>\n<\/tr>\n<tr>\n<td class=\"left\">Unterbrustumfang<\/td>\n<td>85<\/td>\n<\/tr>\n<\/tbody>\n<\/table>\n<table class=\"dv_characteristicsTable\">\n<caption>\u0426\u0412\u0415\u0422<\/caption>\n<tbody>\n<tr>\n<td class=\"left\">\u0426\u0432\u0435\u0442<\/td>\n<td>creme<\/td>\n<\/tr>\n<\/tbody>\n<\/table>\n<table class=\"dv_characteristicsTable\">\n<caption>\u041c\u0410\u0422\u0415\u0420\u0418\u0410\u041b<\/caption>\n<tbody>\n<tr>\n<td class=\"left\">\u0421\u043e\u0441\u0442\u0430\u0432 \u043c\u0430\u0442\u0435\u0440\u0438\u0430\u043b\u0430<\/td>\n<td>Obermaterial: 70% Polyamid, 20% Elasthan, 10% Polyester<\/td>\n<\/tr>\n<tr>\n<td class=\"left\">Materialart<\/td>\n<td>Microtouch<\/td>\n<\/tr>\n<tr>\n<td class=\"left\">\u0420\u0435\u043a\u043e\u043c\u0435\u043d\u0434\u0430\u0446\u0438\u0438 \u043f\u043e \u0443\u0445\u043e\u0434\u0443<\/td>\n<td>\u0420\u0443\u0447\u043d\u0430\u044f \u0441\u0442\u0438\u0440\u043a\u0430<\/td>\n<\/tr>\n<\/tbody>\n<\/table>\n<table class=\"dv_characteristicsTable\">\n<caption>OPTIK\/STIL<\/caption>\n<tbody>\n<tr>\n<td class=\"left\">Stil<\/td>\n<td>klassisch<\/td>\n<\/tr>\n<\/tbody>\n<\/table>\n<table class=\"dv_characteristicsTable\">\n<caption>K\u00d6RBCHEN \/ CUP<\/caption>\n<tbody>\n<tr>\n<td class=\"left\">Cupdetails<\/td>\n<td>nahtlos vorgeformt<\/td>\n<\/tr>\n<tr>\n<td class=\"left\">B\u00fcgel<\/td>\n<td>mit B\u00fcgel<\/td>\n<\/tr>\n<\/tbody>\n<\/table>\n<table class=\"dv_characteristicsTable\">\n<caption>BH-TR\u00c4GER<\/caption>\n<tbody>\n<tr>\n<td class=\"left\">Tr\u00e4ger<\/td>\n<td>Schmucktr\u00e4ger<\/td>\n<\/tr>\n<tr>\n<td class=\"left\">Tr\u00e4gerdetails<\/td>\n<td>halb-transparent<\/td>\n<\/tr>\n<\/tbody>\n<\/table>\n<table class=\"dv_characteristicsTable\">\n<caption>VERSCHLUSS<\/caption>\n<tbody>\n<tr>\n<td class=\"left\">Verschluss<\/td>\n<td>Haken &amp; \u00d6sen<\/td>\n<\/tr>\n<tr>\n<td class=\"left\">Verschlussdetails<\/td>\n<td>hinten<\/td>\n<\/tr>\n<\/tbody>\n<\/table>","protected":false},"featured_media":79533,"comment_status":"open","ping_status":"closed","template":"","meta":{"_seopress_robots_primary_cat":"","_seopress_titles_title":"","_seopress_titles_desc":"","_seopress_robots_index":""},"product_brand":[],"product_cat":[1348,1444,1516],"product_tag":[],"class_list":{"0":"post-79426","1":"product","2":"type-product","3":"status-publish","4":"has-post-thumbnail","6":"product_cat-damen-mode","7":"product_cat-unterwaesche","8":"product_cat-bhs","9":"product_shipping_class-standard-versand","11":"first","12":"instock","13":"sale","14":"taxable","15":"shipping-taxable","16":"purchasable","17":"product-type-simple"},"_links":{"self":[{"href":"https:\/\/www.soanam.de\/ru\/wp-json\/wp\/v2\/product\/79426","targetHints":{"allow":["GET"]}}],"collection":[{"href":"https:\/\/www.soanam.de\/ru\/wp-json\/wp\/v2\/product"}],"about":[{"href":"https:\/\/www.soanam.de\/ru\/wp-json\/wp\/v2\/types\/product"}],"replies":[{"embeddable":true,"href":"https:\/\/www.soanam.de\/ru\/wp-json\/wp\/v2\/comments?post=79426"}],"wp:featuredmedia":[{"embeddable":true,"href":"https:\/\/www.soanam.de\/ru\/wp-json\/wp\/v2\/media\/79533"}],"wp:attachment":[{"href":"https:\/\/www.soanam.de\/ru\/wp-json\/wp\/v2\/media?parent=79426"}],"wp:term":[{"taxonomy":"product_brand","embeddable":true,"href":"https:\/\/www.soanam.de\/ru\/wp-json\/wp\/v2\/product_brand?post=79426"},{"taxonomy":"product_cat","embeddable":true,"href":"https:\/\/www.soanam.de\/ru\/wp-json\/wp\/v2\/product_cat?post=79426"},{"taxonomy":"product_tag","embeddable":true,"href":"https:\/\/www.soanam.de\/ru\/wp-json\/wp\/v2\/product_tag?post=79426"}],"curies":[{"name":"wp","href":"https:\/\/api.w.org\/{rel}","templated":true}]}}